{"id":9858,"date":"2022-07-17T09:37:28","date_gmt":"2022-07-17T07:37:28","guid":{"rendered":"https:\/\/johanneum-lueneburg.de\/wordpress\/?page_id=9858"},"modified":"2026-02-12T10:23:52","modified_gmt":"2026-02-12T09:23:52","slug":"spanisch","status":"publish","type":"page","link":"https:\/\/johanneum-lueneburg.de\/wordpress\/spanisch\/","title":{"rendered":"Spanisch"},"content":{"rendered":"<section class=\"l-section wpb_row height_auto\"><div class=\"l-section-h i-cf\"><div class=\"g-cols vc_row via_flex valign_top type_default stacking_default\"><div class=\"vc_col-sm-12 wpb_column vc_column_container\"><div class=\"vc_column-inner\"><div class=\"wpb_wrapper\"><div class=\"w-vwrapper us_custom_b4ecdb3f align_none valign_top\"><div class=\"wpb_text_column\"><div class=\"wpb_wrapper\"><ul>\n<li class=\"tiny_p\">\n<p class=\"tiny_p\">als 2. Fremdsprache: ab Jahrgang 6<\/p>\n<\/li>\n<li class=\"tiny_p\">\n<p class=\"tiny_p\">als 3. Fremdsprache (Wahlpflichtfach) ab Jahrgang 8 mit drei zus\u00e4tzlichen Wochenstunden<\/p>\n<\/li>\n<li class=\"tiny_p\">\n<p class=\"tiny_p\">ganzj\u00e4hriger Unterricht, nicht epochal<\/p>\n<\/li>\n<li>\n<p class=\"tiny_p\">Oberstufe: Kurse ab dem Schuljahr 2022\/2023<\/p>\n<\/li>\n<li>\n<p class=\"tiny_p\"><strong>Fachobfrau: <\/strong><a href=\"m&#97;&#105;&#x6c;&#x74;&#x6f;:e&#118;&#97;&#x2e;&#x61;&#x6c;b&#114;&#101;&#99;&#x68;&#x74;&#x40;j&#111;&#104;&#x61;&#x6e;&#x6e;eu&#109;&#45;&#x6c;&#x67;&#x2e;d&#101;\">Eva Albrecht<\/a><\/p>\n<\/li>\n<\/ul>\n<\/div><\/div><\/div><div class=\"w-separator size_medium\"><\/div><\/div><\/div><\/div><\/div><\/div><\/section><section class=\"l-section wpb_row height_auto\"><div class=\"l-section-h i-cf\"><div class=\"g-cols vc_row via_flex valign_top type_default stacking_default\"><div class=\"vc_col-sm-6 wpb_column vc_column_container\"><div class=\"vc_column-inner\"><div class=\"wpb_wrapper\"><div class=\"wpb_text_column\"><div class=\"wpb_wrapper\"><p>\u00a1Hola! \u00bfQu\u00e9 tal?<\/p>\n<p><span id=\"E49\">Bei uns am Johanneum kannst du ab der sechsten Klasse Spanisch als zweite Fremdsprache lernen. Du erlebst diese tolle Sprache bei Frau Voigts, Frau Matuschek, Frau Schlichtemaier, Herrn Schulte, Frau Treder<\/span><span id=\"E50\">; <\/span><span id=\"E51\">Frau Hossbach<\/span><span id=\"E52\"> <\/span><span id=\"E53\">und Frau Albrecht, die dir Spanisch nicht nur mit dem an deine Lebenswelt angepassten Buch \u00a1<\/span><span id=\"E55\">Ap\u00fantate!,<\/span><span id=\"E57\"> sondern auch mit spanischer Musik, kurzen Filmen, Lekt\u00fcren und nat\u00fcrlich Spielen und R\u00e4tseln n\u00e4herbringen m\u00f6chten. So lernst du nicht nur die Sprache, sondern auch viel \u00fcber die Kultur der L\u00e4nder, in denen man Spanisch spricht.<\/span><\/p>\n<\/div><\/div><\/div><\/div><\/div><div class=\"vc_col-sm-6 wpb_column vc_column_container\"><div class=\"vc_column-inner\"><div class=\"wpb_wrapper\"><div class=\"wpb_text_column\"><div class=\"wpb_wrapper\"><\/div><\/div><div class=\"wpb_text_column\"><div class=\"wpb_wrapper\"><p><a ref=\"magnificPopup\" href=\"https:\/\/johanneum-lueneburg.de\/wordpress\/wp-content\/uploads\/2023\/09\/Fachgruppe-Spanisch23_24-1-scaled.jpg\"><img loading=\"lazy\" decoding=\"async\" class=\"alignnone size-medium wp-image-14968\" src=\"https:\/\/johanneum-lueneburg.de\/wordpress\/wp-content\/uploads\/2023\/09\/Fachgruppe-Spanisch23_24-1-300x271.jpg\" alt=\"\" width=\"300\" height=\"271\" srcset=\"https:\/\/johanneum-lueneburg.de\/wordpress\/wp-content\/uploads\/2023\/09\/Fachgruppe-Spanisch23_24-1-300x271.jpg 300w, https:\/\/johanneum-lueneburg.de\/wordpress\/wp-content\/uploads\/2023\/09\/Fachgruppe-Spanisch23_24-1-1024x925.jpg 1024w, https:\/\/johanneum-lueneburg.de\/wordpress\/wp-content\/uploads\/2023\/09\/Fachgruppe-Spanisch23_24-1-443x400.jpg 443w, https:\/\/johanneum-lueneburg.de\/wordpress\/wp-content\/uploads\/2023\/09\/Fachgruppe-Spanisch23_24-1-128x116.jpg 128w, https:\/\/johanneum-lueneburg.de\/wordpress\/wp-content\/uploads\/2023\/09\/Fachgruppe-Spanisch23_24-1-scaled.jpg 1600w\" sizes=\"auto, (max-width: 300px) 100vw, 300px\" \/><\/a><\/p>\n<\/div><\/div><\/div><\/div><\/div><\/div><\/div><\/section><section class=\"l-section wpb_row height_auto\"><div class=\"l-section-h i-cf\"><div class=\"g-cols vc_row via_flex valign_top type_default stacking_default\"><div class=\"vc_col-sm-12 wpb_column vc_column_container\"><div class=\"vc_column-inner\"><div class=\"wpb_wrapper\"><div class=\"w-separator size_medium\"><\/div><div class=\"w-tabs style_default switch_click accordion has_scrolling\" style=\"--sections-title-size:inherit\"><div class=\"w-tabs-sections titles-align_none icon_chevron cpos_right\"><div class=\"w-tabs-section\" id=\"h20c\"><button class=\"w-tabs-section-header\" aria-controls=\"content-h20c\" aria-expanded=\"false\"><div class=\"w-tabs-section-title\">Weitere Informationen zum Fach<\/div><div class=\"w-tabs-section-control\"><\/div><\/button><div  class=\"w-tabs-section-content\" id=\"content-h20c\"><div class=\"w-tabs-section-content-h i-cf\"><div class=\"wpb_text_column\"><div class=\"wpb_wrapper\"><p><span style=\"font-weight: 400;\">Schon seit dem Jahr 2001 kann man Spanisch bei uns auch als dritte Fremdsprache ab der 8. Klasse erlernen, falls sich gen\u00fcgend Sch\u00fclerInnen dazu anmelden. Da Spanisch dann ja schon deine dritte Fremdsprache ist und du schon Franz\u00f6sisch oder Latein kannst, machst du am Anfang gleich ganz gro\u00dfe Fortschritte \u2013 und das macht Spa\u00df! Schon bald kannst du eigene Dialoge schreiben und auff\u00fchren oder authentische, also echte spanische Texte verstehen.<\/span><\/p>\n<p><span style=\"font-weight: 400;\">Auch ein Austausch mit Schulen in Spanien ist uns wichtig. Bis zum vergangenen Jahr hatten wir einen Austausch mit der IES Blas Infante in El Viso del Alcor in Sevilla. Unsere Begegnungen werden uns lange in Erinnerung bleiben! Durch eine organisatorische \u00c4nderung in El Viso k\u00f6nnen wir diesen Austausch leider nicht mehr fortf\u00fchren, haben aber eine tolle neue Schule gefunden, die IES La Vaguada in Zamora! Wir freuen uns \u00fcber unsere erste Begegnung im Fr\u00fchjahr 2026!\u00a0<\/span><\/p>\n<p><span style=\"font-weight: 400;\">Fragst du dich jetzt, ob du Spanisch lernen solltest? <\/span><b>\u00a1Claro que s\u00ed!<\/b><\/p>\n<p><span style=\"font-weight: 400;\">Spanischlernen selber macht nicht nur total Spa\u00df, sondern die Sprache ist auch eine Weltsprache mit ungef\u00e4hr 450 Millionen Sprechern weltweit und noch dazu Amtssprache in 22 L\u00e4ndern.<\/span><\/p>\n<p><span style=\"font-weight: 400;\">Da kann es sp\u00e4ter schon helfen, wenn man Spanisch auch spricht! Aber Spanisch zu k\u00f6nnen ist ja nicht nur beruflich wichtig \u2013 Reisen macht auch viel mehr Spa\u00df, wenn man sich mit den Leuten unterhalten kann! Wie m\u00f6chte man Leute und Kulturen kennenlernen, wenn ChatGPT die Kommunikation \u00fcbernehmen soll? <\/span><span style=\"font-weight: 400;\">\u263a<\/span><\/p>\n<p id=\"E61\" class=\"qowt-stl-tinyp x-scope qowt-word-para-1\"><span style=\"font-weight: 400;\">Falls du Fragen hast oder du dir nicht sicher bist, ob Spanisch etwas f\u00fcr dich ist, sprich einfach Frau Albrecht an, die bespricht das gerne mit dir!<\/span><span style=\"font-weight: 400;\"><br \/>\n<\/span><span style=\"font-weight: 400;\">In diesem Sinne:<\/span><span style=\"font-weight: 400;\"><br \/>\n<\/span><b>adi\u00f3s, y \u00a1hasta muy pronto!<\/b><\/p>\n<\/div><\/div><\/div><\/div><\/div><div class=\"w-tabs-section\" id=\"t513\"><button class=\"w-tabs-section-header\" aria-controls=\"content-t513\" aria-expanded=\"false\"><div class=\"w-tabs-section-title\">Kerncurricula<\/div><div class=\"w-tabs-section-control\"><\/div><\/button><div  class=\"w-tabs-section-content\" id=\"content-t513\"><div class=\"w-tabs-section-content-h i-cf\"><div class=\"wpb_text_column\"><div class=\"wpb_wrapper\"><\/div><\/div><div class=\"w-btn-wrapper align_none\"><a class=\"w-btn us-btn-style_1 icon_atleft\" href=\"https:\/\/johanneum-lueneburg.de\/wordpress\/wp-content\/uploads\/2026\/02\/2024_KC_SN_SI_Druck-3.pdf\"><i class=\"fas fa-file-pdf\"><\/i><span class=\"w-btn-label\">Kerncurriculum Spanisch Sekundarstufe I (Jg. 6-10)<\/span><\/a><\/div><div class=\"w-btn-wrapper align_none\"><a class=\"w-btn us-btn-style_1 icon_atleft\" href=\"https:\/\/cuvo.nibis.de\/cuvo.php?p=download&amp;upload=203\"><i class=\"fas fa-file-pdf\"><\/i><span class=\"w-btn-label\">Kerncurriculum Spanisch Sekundarstufe II (Jg. 11-13)<\/span><\/a><\/div><\/div><\/div><\/div><div class=\"w-tabs-section\" id=\"n619\"><button class=\"w-tabs-section-header\" aria-controls=\"content-n619\" aria-expanded=\"false\"><div class=\"w-tabs-section-title\">Schulbuch<\/div><div class=\"w-tabs-section-control\"><\/div><\/button><div  class=\"w-tabs-section-content\" id=\"content-n619\"><div class=\"w-tabs-section-content-h i-cf\"><div class=\"w-btn-wrapper align_none\"><a class=\"w-btn us-btn-style_1 icon_atleft\" href=\"https:\/\/www.cornelsen.de\/reihen\/apuntate-120001230000\/spanisch-als-2-fremdsprache-ausgabe-2024-120001230005\/kaufen \"><i class=\"fas fa-external-link\"><\/i><span class=\"w-btn-label\">\u00a1Ap\u00fantate!<\/span><\/a><\/div><\/div><\/div><\/div><div class=\"w-tabs-section\" id=\"j77a\"><button class=\"w-tabs-section-header\" aria-controls=\"content-j77a\" aria-expanded=\"false\"><div class=\"w-tabs-section-title\">Austausch<\/div><div class=\"w-tabs-section-control\"><\/div><\/button><div  class=\"w-tabs-section-content\" id=\"content-j77a\"><div class=\"w-tabs-section-content-h i-cf\"><div class=\"w-btn-wrapper align_none\"><a class=\"w-btn us-btn-style_1 icon_atleft\" title=\"Lyc\u00e9e Jacques Monod, Clamart\" href=\"https:\/\/johanneum-lueneburg.de\/wordpress\/austauschprogramm-partnerschulen\/\"><i class=\"fas fa-external-link-square\"><\/i><span class=\"w-btn-label\">Schulaustausch<\/span><\/a><\/div><div class=\"w-btn-wrapper align_none\"><a class=\"w-btn us-btn-style_1 icon_atleft\" title=\"Lyc\u00e9e Jacques Monod, Clamart\" href=\"https:\/\/johanneum-lueneburg.de\/wordpress\/2024\/03\/12\/herzlichkeit-und-kultur-unser-schueleraustausch-in-spanien\/\"><i class=\"fas fa-external-link-square\"><\/i><span class=\"w-btn-label\">Austausch 2024<\/span><\/a><\/div><\/div><\/div><\/div><\/div><\/div><\/div><\/div><\/div><\/div><\/div><\/section>\n","protected":false},"excerpt":{"rendered":"als 2. Fremdsprache: ab Jahrgang 6 als 3. Fremdsprache (Wahlpflichtfach) ab Jahrgang 8 mit drei zus\u00e4tzlichen Wochenstunden ganzj\u00e4hriger Unterricht, nicht epochal Oberstufe: Kurse ab dem Schuljahr 2022\/2023 Fachobfrau: Eva Albrecht \u00a1Hola! \u00bfQu\u00e9 tal? Bei uns am Johanneum kannst du ab der sechsten Klasse Spanisch als zweite Fremdsprache lernen. Du erlebst diese tolle Sprache bei Frau...","protected":false},"author":1,"featured_media":0,"parent":0,"menu_order":0,"comment_status":"closed","ping_status":"closed","template":"","meta":{"footnotes":""},"class_list":["post-9858","page","type-page","status-publish","hentry"],"_links":{"self":[{"href":"https:\/\/johanneum-lueneburg.de\/wordpress\/wp-json\/wp\/v2\/pages\/9858","targetHints":{"allow":["GET"]}}],"collection":[{"href":"https:\/\/johanneum-lueneburg.de\/wordpress\/wp-json\/wp\/v2\/pages"}],"about":[{"href":"https:\/\/johanneum-lueneburg.de\/wordpress\/wp-json\/wp\/v2\/types\/page"}],"author":[{"embeddable":true,"href":"https:\/\/johanneum-lueneburg.de\/wordpress\/wp-json\/wp\/v2\/users\/1"}],"replies":[{"embeddable":true,"href":"https:\/\/johanneum-lueneburg.de\/wordpress\/wp-json\/wp\/v2\/comments?post=9858"}],"version-history":[{"count":18,"href":"https:\/\/johanneum-lueneburg.de\/wordpress\/wp-json\/wp\/v2\/pages\/9858\/revisions"}],"predecessor-version":[{"id":25365,"href":"https:\/\/johanneum-lueneburg.de\/wordpress\/wp-json\/wp\/v2\/pages\/9858\/revisions\/25365"}],"wp:attachment":[{"href":"https:\/\/johanneum-lueneburg.de\/wordpress\/wp-json\/wp\/v2\/media?parent=9858"}],"curies":[{"name":"wp","href":"https:\/\/api.w.org\/{rel}","templated":true}]}}