{"id":9646,"date":"2022-07-14T11:12:34","date_gmt":"2022-07-14T09:12:34","guid":{"rendered":"https:\/\/johanneum-lueneburg.de\/wordpress\/?page_id=9646"},"modified":"2023-07-28T19:56:42","modified_gmt":"2023-07-28T17:56:42","slug":"franzoesisch","status":"publish","type":"page","link":"https:\/\/johanneum-lueneburg.de\/wordpress\/franzoesisch\/","title":{"rendered":"Franz\u00f6sisch"},"content":{"rendered":"<section class=\"l-section wpb_row height_auto\"><div class=\"l-section-h i-cf\"><div class=\"g-cols vc_row via_flex valign_top type_default stacking_default\"><div class=\"vc_col-sm-12 wpb_column vc_column_container\"><div class=\"vc_column-inner\"><div class=\"wpb_wrapper\"><div class=\"w-vwrapper us_custom_b4ecdb3f align_none valign_top\"><div class=\"wpb_text_column\"><div class=\"wpb_wrapper\"><ul>\n<li>als 2. Fremdsprache: ab Jahrgang 6<\/li>\n<li>als 3. Fremdsprache (Wahlpflichtfach) ab Jahrgang 8<\/li>\n<li>Oberstufe: Kurse auf grundlegendem und erh\u00f6htem Niveau, Erg\u00e4nzungskurse<\/li>\n<li>Fachobfrau: <a href=\"&#x6d;&#x61;&#x69;&#x6c;&#x74;&#x6f;&#x3a;&#x63;&#x2e;&#x6b;&#x61;&#x6e;&#x6e;&#x65;&#x6e;&#x67;&#x69;&#x65;&#x73;&#x73;&#x65;&#x72;&#x40;&#x6a;&#x6f;&#x68;&#x61;&#x6e;&#x6e;&#x65;&#x75;&#x6d;&#x2d;&#x6c;&#x67;&#x2e;&#x64;&#x65;\">Christina Kannengie\u00dfer<\/a><\/li>\n<\/ul>\n<\/div><\/div><\/div><div class=\"w-separator size_medium\"><\/div><\/div><\/div><\/div><\/div><\/div><\/section><section class=\"l-section wpb_row height_auto\"><div class=\"l-section-h i-cf\"><div class=\"g-cols vc_row via_flex valign_top type_default stacking_default\"><div class=\"vc_col-sm-6 wpb_column vc_column_container\"><div class=\"vc_column-inner\"><div class=\"wpb_wrapper\"><div class=\"wpb_text_column\"><div class=\"wpb_wrapper\"><p class=\"tiny_p\"><strong>Bienvenue! Liebe (zuk\u00fcnftige) Sch\u00fclerinnen und Sch\u00fcler, liebe Eltern, liebe Interessierte,<\/strong><\/p>\n<p class=\"tiny_p\">wir hei\u00dfen Sie und Euch auf den Seiten der Fachgruppe Franz\u00f6sisch sehr herzlich Willkommen und freuen uns \u00fcber den Besuch!<\/p>\n<\/div><\/div><\/div><\/div><\/div><div class=\"vc_col-sm-6 wpb_column vc_column_container\"><div class=\"vc_column-inner\"><div class=\"wpb_wrapper\"><div class=\"wpb_text_column\"><div class=\"wpb_wrapper\"><\/div><\/div><div class=\"wpb_text_column\"><div class=\"wpb_wrapper\"><p><a ref=\"magnificPopup\" href=\"https:\/\/johanneum-lueneburg.de\/wordpress\/wp-content\/uploads\/2022\/07\/2015-16-fg_franzoesisch.jpg\"><img loading=\"lazy\" decoding=\"async\" class=\"alignnone size-full wp-image-9652\" src=\"https:\/\/johanneum-lueneburg.de\/wordpress\/wp-content\/uploads\/2022\/07\/2015-16-fg_franzoesisch.jpg\" alt=\"\" width=\"640\" height=\"480\" srcset=\"https:\/\/johanneum-lueneburg.de\/wordpress\/wp-content\/uploads\/2022\/07\/2015-16-fg_franzoesisch.jpg 640w, https:\/\/johanneum-lueneburg.de\/wordpress\/wp-content\/uploads\/2022\/07\/2015-16-fg_franzoesisch-300x225.jpg 300w, https:\/\/johanneum-lueneburg.de\/wordpress\/wp-content\/uploads\/2022\/07\/2015-16-fg_franzoesisch-533x400.jpg 533w, https:\/\/johanneum-lueneburg.de\/wordpress\/wp-content\/uploads\/2022\/07\/2015-16-fg_franzoesisch-155x116.jpg 155w\" sizes=\"auto, (max-width: 640px) 100vw, 640px\" \/><\/a><\/p>\n<\/div><\/div><\/div><\/div><\/div><\/div><\/div><\/section><section class=\"l-section wpb_row height_auto\"><div class=\"l-section-h i-cf\"><div class=\"g-cols vc_row via_flex valign_top type_default stacking_default\"><div class=\"vc_col-sm-12 wpb_column vc_column_container\"><div class=\"vc_column-inner\"><div class=\"wpb_wrapper\"><div class=\"w-tabs style_default switch_click accordion has_scrolling\" style=\"--sections-title-size:inherit\"><div class=\"w-tabs-sections titles-align_none icon_chevron cpos_right\"><div class=\"w-tabs-section\" id=\"zc80\"><button class=\"w-tabs-section-header\" aria-controls=\"content-zc80\" aria-expanded=\"false\"><div class=\"w-tabs-section-title\">Allgemeine Informationen zum Fach<\/div><div class=\"w-tabs-section-control\"><\/div><\/button><div  class=\"w-tabs-section-content\" id=\"content-zc80\"><div class=\"w-tabs-section-content-h i-cf\"><div class=\"wpb_text_column\"><div class=\"wpb_wrapper\"><p class=\"tiny_p\">Der Franz\u00f6sischunterricht hat in den letzten Jahren eine enorme Wandlung erfahren: M\u00fcndlichkeit\/Sprechfreude, Aktualit\u00e4t, Lebensn\u00e4he, Vielf\u00e4ltigkeit und Kompetenzorientierung sind die Kennzeichen des modernen Fremdsprachenlernens.<\/p>\n<p class=\"tiny_p\">Der Aufbau der Sprachkenntnisse orientiert sich dabei an den Grundkompetenzen Sprechen, H\u00f6ren, Schreiben, Lesen und die Sprachmittlung. Dazu benutzen wir die neueste Auflage des Lehrbuchs <em>D\u00e9couverte<\/em><em>s<\/em> (<em>s\u00e9rie jaune<\/em>) des Klett-Verlags und viele aktuelle franz\u00f6sische Materialien (Musik, Filme, Nachrichten, Comics, interaktive Spiele an den Whiteboards \u2026).<\/p>\n<p class=\"tiny_p\">Wir feiern aber auch gerne den Deutsch-Franz\u00f6sischen Tag (22. Januar) mit zahlreichen Aktivit\u00e4ten oder begehen zusammen andere franz\u00f6sische (National-)Feierlichkeiten. Wann immer es geht, bekommen wir dazu Unterst\u00fctzung durch das <a href=\"https:\/\/www.francemobil.fr\/\">France Mobil<\/a> oder motivierte FremdsprachenassistentInnen, die als Muttersprachler kurzerhand ganz Frankreich ins Klassenzimmer bringen!<\/p>\n<p class=\"tiny_p\">Wir Franz\u00f6sischlehrerinnen und Franz\u00f6sischlehrer sind begeisterte Vermittler zwischen den Sprachwelten: Wir verbringen beruflich und privat so viel Zeit wie es geht in \u201eunserer\u201c Sprache\u00a0und wir verreisen im Rahmen unseres seit \u00fcber 40 Jahren andauernden Gruppenaustauschs mit unserer Partnerstadt Clamart sehr gerne mit Euch! Auch im Rahmen von individuellen Austauschen packt zahlreiche Franz\u00f6sischlerner das Fernweh: Sie verabschieden sich und verbringen in der Regel 3-6 Monate an unserer Partnerschule, dem <strong><em><a href=\"http:\/\/www.lyc-monod-clamart.ac-versailles.fr\/\">Lyc\u00e9e Jacques Monod<\/a> in Clamart<\/em><\/strong>, einem Vorort von Paris.<\/p>\n<p class=\"tiny_p\">Gerade in Zeiten des neuen Vertrags zwischen Frankreich und Deutschland\u00a0(unterzeichnet am 22.1.2019) als Kennzeichen einer immer tieferen und weiterreichenden Verbindung wird schnell deutlich, dass unsere Beziehung heute &#8211; nach einer Geschichte von Krieg, Frieden und Freundschaft &#8211; eine ganz besondere ist!<\/p>\n<p class=\"tiny_p\">Auf den verschiedensten Ebenen arbeitet Deutschland so eng mit Frankreich zusammen, wie mit keinem anderen Land: <strong>Wirtschaft <\/strong>(Frankreich ist an zweiter Stelle einer der wichtigsten globalen Handelspartner), <strong>Politik <\/strong>(gemeinsame Gestaltung des politischen Europas, Abstimmung der Nachbarl\u00e4nder in ihrer globalen Au\u00dfenpolitik), <strong>Kultur <\/strong>(zahlreiche bilaterale Institutionen und Projekte, z.B. der Deutsch-Franz\u00f6sische Kulturrat) und <strong>Wissenschaft\/Bildung<\/strong>. Es hat sich ein auf der Welt einzigartiges Netz deutsch-franz\u00f6sischer Austausch- und Begegnungsm\u00f6glichkeiten auf Schul-, Ausbildungs- und Hochschulebene entwickelt ! (z.B. die Deutsch-Franz\u00f6sische Hochschule\/DFH).<\/p>\n<p class=\"tiny_p\">Wer heute die Nachrichten mit den Informationen f\u00fcr morgen liest, bei dem er\u00fcbrigt sich zumeist die Frage nach der Wichtigkeit und dem Nutzen des Franz\u00f6sischen.<strong> <em>Alors, apprendre le fran\u00e7ais?! \u2013 Pas de question, on y va<\/em><\/strong><em>!<\/em><\/p>\n<\/div><\/div><div class=\"w-separator size_medium\"><\/div><div class=\"g-cols wpb_row via_flex valign_top type_default stacking_default\"><div class=\"vc_col-sm-4 wpb_column vc_column_container\"><div class=\"vc_column-inner\"><div class=\"wpb_wrapper\"><div class=\"wpb_text_column\"><div class=\"wpb_wrapper\"><p style=\"text-align: center;\"><a href=\"https:\/\/www.youtube.com\/watch?v=GyewPqqCocQ\"><img loading=\"lazy\" decoding=\"async\" class=\"alignnone wp-image-14670 size-medium\" src=\"https:\/\/johanneum-lueneburg.de\/wordpress\/wp-content\/uploads\/2023\/07\/bild_fanzoesisch_film-300x225.jpg\" alt=\"\" width=\"300\" height=\"225\" srcset=\"https:\/\/johanneum-lueneburg.de\/wordpress\/wp-content\/uploads\/2023\/07\/bild_fanzoesisch_film-300x225.jpg 300w, https:\/\/johanneum-lueneburg.de\/wordpress\/wp-content\/uploads\/2023\/07\/bild_fanzoesisch_film-155x116.jpg 155w, https:\/\/johanneum-lueneburg.de\/wordpress\/wp-content\/uploads\/2023\/07\/bild_fanzoesisch_film.jpg 464w\" sizes=\"auto, (max-width: 300px) 100vw, 300px\" \/><\/a><\/p>\n<\/div><\/div><div class=\"wpb_text_column\"><div class=\"wpb_wrapper\"><p style=\"text-align: center;\">video promotion de la langue fran\u00e7aise (dfi-Erlangen)<\/p>\n<\/div><\/div><\/div><\/div><\/div><div class=\"vc_col-sm-8 wpb_column vc_column_container\"><div class=\"vc_column-inner\"><div class=\"wpb_wrapper\"><div class=\"wpb_text_column\"><div class=\"wpb_wrapper\"><p>Zu Zeiten der Sprachenwahl steht aber sicher der Spa\u00df am Sprechen der klingenden Sprache, die Freude, sie zu lernen sowie das Interesse an den vielen L\u00e4ndern, in denen Franz\u00f6sisch gesprochen wird, an erster Stelle: F\u00fcr die Reisefreudigen ist fast jeder Kontinent dabei! Franz\u00f6sisch ist die nach Englisch meist gesprochene Sprache Europas und Amtssprache in 29 L\u00e4ndern. Zudem ist es aus demographischen Gr\u00fcnden eine der Sprachen mit einem enormen Zuwachs an Sprechern (es sind bereits jetzt nicht weniger als ca. 370 Millionen). Franz\u00f6sisch baut also Br\u00fccken ins Nachbarland, nach Europa und in die Welt!<\/p>\n<p>Bei Fragen zum Fach, zum Austausch, zu Wettbewerben, (Theater-)Projekten, der Delf-AG oder der Sprachenwahl steht Frau Kannengie\u00dfer sehr gerne zur Verf\u00fcgung!<\/p>\n<\/div><\/div><\/div><\/div><\/div><\/div><\/div><\/div><\/div><div class=\"w-tabs-section\" id=\"t1b8\"><button class=\"w-tabs-section-header\" aria-controls=\"content-t1b8\" aria-expanded=\"false\"><div class=\"w-tabs-section-title\">Curricula<\/div><div class=\"w-tabs-section-control\"><\/div><\/button><div  class=\"w-tabs-section-content\" id=\"content-t1b8\"><div class=\"w-tabs-section-content-h i-cf\"><div class=\"wpb_text_column\"><div class=\"wpb_wrapper\"><\/div><\/div><div class=\"w-btn-wrapper align_none\"><a class=\"w-btn us-btn-style_1 icon_atleft\" href=\"https:\/\/cuvo.nibis.de\/cuvo.php?p=download&amp;upload=326\"><i class=\"fas fa-file-pdf\"><\/i><span class=\"w-btn-label\">Kerncurriculum Franz\u00f6sisch Sekundarstufe I (Jg. 6-10) mit pandemiebedingten Hinweisen und Priorisierungen<\/span><\/a><\/div><div class=\"w-btn-wrapper align_none\"><a class=\"w-btn us-btn-style_1 icon_atleft\" href=\"https:\/\/cuvo.nibis.de\/cuvo.php?p=download&amp;upload=171\"><i class=\"fas fa-file-pdf\"><\/i><span class=\"w-btn-label\">Kerncurriculum Franz\u00f6sisch Sekundarstufe I (Jg. 6-10)<\/span><\/a><\/div><div class=\"w-btn-wrapper align_none\"><a class=\"w-btn us-btn-style_1 icon_atleft\" href=\"https:\/\/cuvo.nibis.de\/cuvo.php?p=download&amp;upload=170\"><i class=\"fas fa-file-pdf\"><\/i><span class=\"w-btn-label\">Kerncurriculum Franz\u00f6sisch Sekundarstufe II (Jg. 11-13)<\/span><\/a><\/div><div class=\"w-btn-wrapper align_none\"><a class=\"w-btn us-btn-style_1 icon_atleft\" href=\"https:\/\/cuvo.nibis.de\/cuvo.php?p=download&amp;upload=45\"><i class=\"fas fa-file-pdf\"><\/i><span class=\"w-btn-label\">Einheitliche Pr\u00fcfungsanforderungen in der Abiturpr\u00fcfung Franz\u00f6sisch<\/span><\/a><\/div><div class=\"w-btn-wrapper align_none\"><a class=\"w-btn us-btn-style_1 icon_atleft\" href=\"http:\/\/www.nibis.de\/nibis.php?menid=1395\"><i class=\"fas fa-external-link\"><\/i><span class=\"w-btn-label\">Thematische Hinweise zum Abitur nach Jahrg\u00e4ngen<\/span><\/a><\/div><\/div><\/div><\/div><div class=\"w-tabs-section\" id=\"t2b6\"><button class=\"w-tabs-section-header\" aria-controls=\"content-t2b6\" aria-expanded=\"false\"><div class=\"w-tabs-section-title\">Lehrbuch<\/div><div class=\"w-tabs-section-control\"><\/div><\/button><div  class=\"w-tabs-section-content\" id=\"content-t2b6\"><div class=\"w-tabs-section-content-h i-cf\"><div class=\"w-btn-wrapper align_none\"><a class=\"w-btn us-btn-style_1 icon_atleft\" href=\"https:\/\/www.klett.de\/lehrwerk\/decouvertes-serie-jaune-2012\/einstieg\"><i class=\"fas fa-external-link\"><\/i><span class=\"w-btn-label\">D\u00e9couvertes (s\u00e9rie jaune) &#8211; Klett-Verlag<\/span><\/a><\/div><\/div><\/div><\/div><div class=\"w-tabs-section\" id=\"c4d3\"><button class=\"w-tabs-section-header\" aria-controls=\"content-c4d3\" aria-expanded=\"false\"><div class=\"w-tabs-section-title\">Austausch<\/div><div class=\"w-tabs-section-control\"><\/div><\/button><div  class=\"w-tabs-section-content\" id=\"content-c4d3\"><div class=\"w-tabs-section-content-h i-cf\"><div class=\"w-btn-wrapper align_none\"><a class=\"w-btn us-btn-style_1 icon_atleft\" title=\"Lyc\u00e9e Jacques Monod, Clamart\" href=\"https:\/\/johanneum-lueneburg.de\/wordpress\/2022\/05\/11\/lycee-jacques-monod-clamart-frankreich\/\"><i class=\"fas fa-external-link-square\"><\/i><span class=\"w-btn-label\">Schulaustausch mit dem Lyc\u00e9e Jacques Monod\/Clamart<\/span><\/a><\/div><div class=\"w-btn-wrapper align_none\"><a class=\"w-btn us-btn-style_1 icon_atleft\" title=\"Deutsch-franz\u00f6sischer Sch\u00fcleraustausch 2014\" href=\"https:\/\/johanneum-lueneburg.de\/wordpress\/2022\/07\/14\/deutsch-franzoesischer-schueleraustausch-2014\/\"><i class=\"fas fa-external-link-square\"><\/i><span class=\"w-btn-label\">Austausch 2014<\/span><\/a><\/div><div class=\"w-btn-wrapper align_none\"><a class=\"w-btn us-btn-style_1 icon_atleft\" title=\"Deutsch-franz\u00f6sischer Sch\u00fcleraustausch 2014\" href=\"https:\/\/johanneum-lueneburg.de\/wordpress\/2022\/07\/14\/bonjour-la-france-2019\/\"><i class=\"fas fa-external-link-square\"><\/i><span class=\"w-btn-label\">Austausch 2019<\/span><\/a><\/div><\/div><\/div><\/div><div class=\"w-tabs-section\" id=\"c77f\"><button class=\"w-tabs-section-header\" aria-controls=\"content-c77f\" aria-expanded=\"false\"><div class=\"w-tabs-section-title\">Wettbewerbe<\/div><div class=\"w-tabs-section-control\"><\/div><\/button><div  class=\"w-tabs-section-content\" id=\"content-c77f\"><div class=\"w-tabs-section-content-h i-cf\"><div class=\"w-btn-wrapper align_none\"><a class=\"w-btn us-btn-style_1 icon_atleft\" href=\"https:\/\/www.bundeswettbewerb-fremdsprachen.de\/\"><i class=\"fas fa-external-link\"><\/i><span class=\"w-btn-label\">Bundeswettbewerb Fremdsprachen<\/span><\/a><\/div><div class=\"w-btn-wrapper align_none\"><a class=\"w-btn us-btn-style_1 icon_atleft\" href=\"https:\/\/www.cornelsen.de\/francomusiques\/\"><i class=\"fas fa-external-link\"><\/i><span class=\"w-btn-label\">FrancoMusiques<\/span><\/a><\/div><div class=\"w-btn-wrapper align_none\"><a class=\"w-btn us-btn-style_1 icon_atleft\" href=\"https:\/\/www.klett.de\/inhalt\/frankreich\/la-vie-en-bd\/25493\"><i class=\"fas fa-external-link\"><\/i><span class=\"w-btn-label\">La vie en BD<\/span><\/a><\/div><div class=\"w-btn-wrapper align_none\"><a class=\"w-btn us-btn-style_1 icon_atleft\" href=\"http:\/\/www.kinema.fr\/de\"><i class=\"fas fa-external-link\"><\/i><span class=\"w-btn-label\">Kinema<\/span><\/a><\/div><\/div><\/div><\/div><div class=\"w-tabs-section\" id=\"mc1c\"><button class=\"w-tabs-section-header\" aria-controls=\"content-mc1c\" aria-expanded=\"false\"><div class=\"w-tabs-section-title\">Zus\u00e4tzliche Angebote am Johanneum<\/div><div class=\"w-tabs-section-control\"><\/div><\/button><div  class=\"w-tabs-section-content\" id=\"content-mc1c\"><div class=\"w-tabs-section-content-h i-cf\"><div class=\"w-btn-wrapper align_none\"><a class=\"w-btn us-btn-style_1 icon_atleft\" href=\"https:\/\/johanneum-lueneburg.de\/wordpress\/2022\/07\/14\/delf\/\"><i class=\"fas fa-external-link-square\"><\/i><span class=\"w-btn-label\">Sprachzertifikate (DELF A1-B2)<\/span><\/a><\/div><div class=\"w-btn-wrapper align_none\"><a class=\"w-btn us-btn-style_1 icon_atleft\" href=\"https:\/\/johanneum-lueneburg.de\/wordpress\/2022\/03\/17\/9778\/\"><i class=\"fas fa-external-link-square\"><\/i><span class=\"w-btn-label\">Erfolgreiche DELF-Pr\u00fcfungen 2022<\/span><\/a><\/div><div class=\"w-btn-wrapper align_none\"><a class=\"w-btn us-btn-style_1 icon_atleft\" href=\"https:\/\/johanneum-lueneburg.de\/wordpress\/2019\/01\/22\/deutsch-franzoesischer-tag-am-22-01-2019\/\"><i class=\"fas fa-external-link-square\"><\/i><span class=\"w-btn-label\">Aktivit\u00e4ten zum Deutsch-Franz\u00f6sischen Tag (22. Januar)<\/span><\/a><\/div><div class=\"w-btn-wrapper align_none\"><a class=\"w-btn us-btn-style_1 icon_atleft\" title=\"FranceMobil 2014\" href=\"https:\/\/johanneum-lueneburg.de\/wordpress\/2022\/07\/14\/9788\/\"><i class=\"fas fa-external-link-square\"><\/i><span class=\"w-btn-label\">Besuch durch das France Mobil<\/span><\/a><\/div><div class=\"w-btn-wrapper align_none\"><a class=\"w-btn us-btn-style_1 icon_atleft\" href=\"https:\/\/www.kmk-pad.org\/programme\/fremdsprachenassistenzkraefte\/studierende-aus-dem-ausland.html\"><i class=\"fas fa-external-link\"><\/i><span class=\"w-btn-label\">Unterst\u00fctzung durch muttersprachliche Fremdsprachenassistentinnen und Fremdsprachenassistenten<\/span><\/a><\/div><div class=\"w-btn-wrapper align_none\"><a class=\"w-btn us-btn-style_1 icon_atleft\" title=\"Franz\u00f6sisches Backen: Des Galettes Des Rois\" href=\"https:\/\/johanneum-lueneburg.de\/wordpress\/2020\/01\/20\/franzoesisches-backen-des-galettes-des-rois\/\"><i class=\"fas fa-external-link-square\"><\/i><span class=\"w-btn-label\">Franz\u00f6sisches Backen<\/span><\/a><\/div><div class=\"w-btn-wrapper align_none\"><a class=\"w-btn us-btn-style_1 icon_atleft\" title=\"Rendez-vous Paris \u2013 Franz\u00f6sisches Theater am Johanneum\" href=\"https:\/\/johanneum-lueneburg.de\/wordpress\/2021\/12\/08\/rendez-vous-paris-franzoesisches-theater-am-johanneum\/\"><i class=\"fas fa-external-link-square\"><\/i><span class=\"w-btn-label\">Franz\u00f6sisches Theater<\/span><\/a><\/div><\/div><\/div><\/div><\/div><\/div><\/div><\/div><\/div><\/div><\/div><\/section>\n","protected":false},"excerpt":{"rendered":"als 2. Fremdsprache: ab Jahrgang 6 als 3. Fremdsprache (Wahlpflichtfach) ab Jahrgang 8 Oberstufe: Kurse auf grundlegendem und erh\u00f6htem Niveau, Erg\u00e4nzungskurse Fachobfrau: Christina Kannengie\u00dfer Bienvenue! Liebe (zuk\u00fcnftige) Sch\u00fclerinnen und Sch\u00fcler, liebe Eltern, liebe Interessierte, wir hei\u00dfen Sie und Euch auf den Seiten der Fachgruppe Franz\u00f6sisch sehr herzlich Willkommen und freuen uns \u00fcber den Besuch! Allgemeine...","protected":false},"author":1,"featured_media":0,"parent":0,"menu_order":0,"comment_status":"closed","ping_status":"closed","template":"","meta":{"footnotes":""},"class_list":["post-9646","page","type-page","status-publish","hentry"],"_links":{"self":[{"href":"https:\/\/johanneum-lueneburg.de\/wordpress\/wp-json\/wp\/v2\/pages\/9646","targetHints":{"allow":["GET"]}}],"collection":[{"href":"https:\/\/johanneum-lueneburg.de\/wordpress\/wp-json\/wp\/v2\/pages"}],"about":[{"href":"https:\/\/johanneum-lueneburg.de\/wordpress\/wp-json\/wp\/v2\/types\/page"}],"author":[{"embeddable":true,"href":"https:\/\/johanneum-lueneburg.de\/wordpress\/wp-json\/wp\/v2\/users\/1"}],"replies":[{"embeddable":true,"href":"https:\/\/johanneum-lueneburg.de\/wordpress\/wp-json\/wp\/v2\/comments?post=9646"}],"version-history":[{"count":23,"href":"https:\/\/johanneum-lueneburg.de\/wordpress\/wp-json\/wp\/v2\/pages\/9646\/revisions"}],"predecessor-version":[{"id":14673,"href":"https:\/\/johanneum-lueneburg.de\/wordpress\/wp-json\/wp\/v2\/pages\/9646\/revisions\/14673"}],"wp:attachment":[{"href":"https:\/\/johanneum-lueneburg.de\/wordpress\/wp-json\/wp\/v2\/media?parent=9646"}],"curies":[{"name":"wp","href":"https:\/\/api.w.org\/{rel}","templated":true}]}}