{"id":9569,"date":"2022-07-09T01:21:36","date_gmt":"2022-07-08T23:21:36","guid":{"rendered":"https:\/\/johanneum-lueneburg.de\/wordpress\/?page_id=9569"},"modified":"2024-02-12T21:15:13","modified_gmt":"2024-02-12T20:15:13","slug":"naturwissenschaften","status":"publish","type":"page","link":"https:\/\/johanneum-lueneburg.de\/wordpress\/naturwissenschaften\/","title":{"rendered":"Naturwissenschaften am Johanneum"},"content":{"rendered":"<section class=\"l-section wpb_row height_auto\"><div class=\"l-section-h i-cf\"><div class=\"g-cols vc_row via_flex valign_top type_default stacking_default\"><div class=\"vc_col-sm-12 wpb_column vc_column_container\"><div class=\"vc_column-inner\"><div class=\"wpb_wrapper\"><div class=\"wpb_text_column\"><div class=\"wpb_wrapper\"><p>Als das Johanneum im Jahre 1406 gegr\u00fcndet wurde, wusste wahrscheinlich niemand, wie Schulunterricht \u00fcber 600 Jahre sp\u00e4ter aussehen wird. Eines jedoch l\u00e4sst sich nicht leugnen:<\/p>\n<p style=\"text-align: center;\"><strong>Tradition verpflichtet,<\/strong><br \/>\n<strong>Naturwissenschaften geh\u00f6ren zur Tradition des Johanneums.<\/strong><\/p>\n<p>Zur Tradition des Johanneums z\u00e4hlt seit jeher das zukunftsorientierte Handeln, lernen unsere Sch\u00fcler doch f\u00fcr ihr Leben und ihre Zukunft: Gerade in den letzten Jahren und Jahrzehnten hat sich gezeigt, dass die Erkenntnisse aus den Naturwissenschaften elementar sind f\u00fcr ein tiefes Verst\u00e4ndnis der Vorg\u00e4nge, die uns umgeben. Das Fortschreiten der technischen Entwicklung pr\u00e4gt unsere allt\u00e4gliche Lebensweise in der modernen Welt, erst der verst\u00e4ndige Umgang mit den Naturwissenschaften bef\u00e4higt uns dazu, reflektiert mit dieser Entwicklung umzugehen.<\/p>\n<p>Das Johanneum ist traditionsbewusst und zukunftsorientiert. Die Naturwissenschaften nehmen einen hohen Stellenwert in unserer schulischen Bildung ein.<\/p>\n<p>Wir am Johanneum \u2026<\/p>\n<ul>\n<li>wecken das Interesse unserer Sch\u00fcler durch einen am Experiment ausgerichteten Unterricht mit altersgem\u00e4\u00dfen Zug\u00e4ngen zu den Naturwissenschaften,<\/li>\n<li>haben gro\u00dfe Erfolge vorzuweisen, speziell im Bereich Jugend forscht,<\/li>\n<li>bieten Kontinuit\u00e4t in der Ausbildung bis zum Abitur durch Kurse auf erh\u00f6htem Niveau in allen Naturwissenschaften: in Biologie, Chemie und Physik sowie in den beiden anderen F\u00e4chern des Aufgabenfeldes C, Mathematik und Informatik.<\/li>\n<\/ul>\n<p>Weitere Informationen finden Sie auf den F\u00e4cherseiten:<\/p>\n<p><strong>Biologie<\/strong><\/p>\n<blockquote class=\"wp-embedded-content\" data-secret=\"kGiEi24ncg\">\n<p><a href=\"https:\/\/johanneum-lueneburg.de\/wordpress\/biologie\/\">Biologie<\/a><\/p>\n<\/blockquote>\n<p><iframe loading=\"lazy\" class=\"wp-embedded-content\" sandbox=\"allow-scripts\" security=\"restricted\" style=\"position: absolute; clip: rect(1px, 1px, 1px, 1px);\" title=\"&#8222;Biologie&#8220; &#8212; Gymnasium Johanneum L\u00fcneburg\" src=\"https:\/\/johanneum-lueneburg.de\/wordpress\/biologie\/embed\/#?secret=JjnfPyxoE3#?secret=kGiEi24ncg\" data-secret=\"kGiEi24ncg\" width=\"600\" height=\"338\" frameborder=\"0\" marginwidth=\"0\" marginheight=\"0\" scrolling=\"no\"><\/iframe><\/p>\n<p><strong>Chemie<\/strong><\/p>\n<blockquote class=\"wp-embedded-content\" data-secret=\"iPPu6BSDZP\">\n<p><a href=\"https:\/\/johanneum-lueneburg.de\/wordpress\/chemie\/\">Chemie<\/a><\/p>\n<\/blockquote>\n<p><iframe loading=\"lazy\" class=\"wp-embedded-content\" sandbox=\"allow-scripts\" security=\"restricted\" style=\"position: absolute; clip: rect(1px, 1px, 1px, 1px);\" title=\"&#8222;Chemie&#8220; &#8212; Gymnasium Johanneum L\u00fcneburg\" src=\"https:\/\/johanneum-lueneburg.de\/wordpress\/chemie\/embed\/#?secret=tsUQRlcHpm#?secret=iPPu6BSDZP\" data-secret=\"iPPu6BSDZP\" width=\"600\" height=\"338\" frameborder=\"0\" marginwidth=\"0\" marginheight=\"0\" scrolling=\"no\"><\/iframe><\/p>\n<p><strong>Physik<\/strong><\/p>\n<blockquote class=\"wp-embedded-content\" data-secret=\"b8fJaLPEno\">\n<p><a href=\"https:\/\/johanneum-lueneburg.de\/wordpress\/physik\/\">Physik<\/a><\/p>\n<\/blockquote>\n<p><iframe loading=\"lazy\" class=\"wp-embedded-content\" sandbox=\"allow-scripts\" security=\"restricted\" style=\"position: absolute; clip: rect(1px, 1px, 1px, 1px);\" title=\"&#8222;Physik&#8220; &#8212; Gymnasium Johanneum L\u00fcneburg\" src=\"https:\/\/johanneum-lueneburg.de\/wordpress\/physik\/embed\/#?secret=XW7mfgI4Yo#?secret=b8fJaLPEno\" data-secret=\"b8fJaLPEno\" width=\"600\" height=\"338\" frameborder=\"0\" marginwidth=\"0\" marginheight=\"0\" scrolling=\"no\"><\/iframe><\/p>\n<p><strong>Mathematik<\/strong><\/p>\n<blockquote class=\"wp-embedded-content\" data-secret=\"9j6DUFWf6N\">\n<p><a href=\"https:\/\/johanneum-lueneburg.de\/wordpress\/mathematik\/\">Mathematik<\/a><\/p>\n<\/blockquote>\n<p><iframe loading=\"lazy\" class=\"wp-embedded-content\" sandbox=\"allow-scripts\" security=\"restricted\" style=\"position: absolute; clip: rect(1px, 1px, 1px, 1px);\" title=\"&#8222;Mathematik&#8220; &#8212; Gymnasium Johanneum L\u00fcneburg\" src=\"https:\/\/johanneum-lueneburg.de\/wordpress\/mathematik\/embed\/#?secret=ieNgFVKF0C#?secret=9j6DUFWf6N\" data-secret=\"9j6DUFWf6N\" width=\"600\" height=\"338\" frameborder=\"0\" marginwidth=\"0\" marginheight=\"0\" scrolling=\"no\"><\/iframe><\/p>\n<p><strong>Informatik<\/strong><\/p>\n<blockquote class=\"wp-embedded-content\" data-secret=\"i8xiWP0vkX\">\n<p><a href=\"https:\/\/johanneum-lueneburg.de\/wordpress\/informatik\/\">Informatik<\/a><\/p>\n<\/blockquote>\n<p><iframe loading=\"lazy\" class=\"wp-embedded-content\" sandbox=\"allow-scripts\" security=\"restricted\" style=\"position: absolute; clip: rect(1px, 1px, 1px, 1px);\" title=\"&#8222;Informatik&#8220; &#8212; Gymnasium Johanneum L\u00fcneburg\" src=\"https:\/\/johanneum-lueneburg.de\/wordpress\/informatik\/embed\/#?secret=WkEsALh0Cc#?secret=i8xiWP0vkX\" data-secret=\"i8xiWP0vkX\" width=\"600\" height=\"338\" frameborder=\"0\" marginwidth=\"0\" marginheight=\"0\" scrolling=\"no\"><\/iframe><\/p>\n<\/div><\/div><\/div><\/div><\/div><\/div><\/div><\/section>\n","protected":false},"excerpt":{"rendered":"Als das Johanneum im Jahre 1406 gegr\u00fcndet wurde, wusste wahrscheinlich niemand, wie Schulunterricht \u00fcber 600 Jahre sp\u00e4ter aussehen wird. Eines jedoch l\u00e4sst sich nicht leugnen: Tradition verpflichtet, Naturwissenschaften geh\u00f6ren zur Tradition des Johanneums. Zur Tradition des Johanneums z\u00e4hlt seit jeher das zukunftsorientierte Handeln, lernen unsere Sch\u00fcler doch f\u00fcr ihr Leben und ihre Zukunft: Gerade in...","protected":false},"author":2,"featured_media":0,"parent":0,"menu_order":0,"comment_status":"closed","ping_status":"closed","template":"","meta":{"footnotes":""},"class_list":["post-9569","page","type-page","status-publish","hentry"],"_links":{"self":[{"href":"https:\/\/johanneum-lueneburg.de\/wordpress\/wp-json\/wp\/v2\/pages\/9569","targetHints":{"allow":["GET"]}}],"collection":[{"href":"https:\/\/johanneum-lueneburg.de\/wordpress\/wp-json\/wp\/v2\/pages"}],"about":[{"href":"https:\/\/johanneum-lueneburg.de\/wordpress\/wp-json\/wp\/v2\/types\/page"}],"author":[{"embeddable":true,"href":"https:\/\/johanneum-lueneburg.de\/wordpress\/wp-json\/wp\/v2\/users\/2"}],"replies":[{"embeddable":true,"href":"https:\/\/johanneum-lueneburg.de\/wordpress\/wp-json\/wp\/v2\/comments?post=9569"}],"version-history":[{"count":4,"href":"https:\/\/johanneum-lueneburg.de\/wordpress\/wp-json\/wp\/v2\/pages\/9569\/revisions"}],"predecessor-version":[{"id":17408,"href":"https:\/\/johanneum-lueneburg.de\/wordpress\/wp-json\/wp\/v2\/pages\/9569\/revisions\/17408"}],"wp:attachment":[{"href":"https:\/\/johanneum-lueneburg.de\/wordpress\/wp-json\/wp\/v2\/media?parent=9569"}],"curies":[{"name":"wp","href":"https:\/\/api.w.org\/{rel}","templated":true}]}}