{"id":9538,"date":"2022-07-06T19:49:53","date_gmt":"2022-07-06T17:49:53","guid":{"rendered":"https:\/\/johanneum-lueneburg.de\/wordpress\/?page_id=9538"},"modified":"2026-02-05T13:11:12","modified_gmt":"2026-02-05T12:11:12","slug":"infos","status":"publish","type":"page","link":"https:\/\/johanneum-lueneburg.de\/wordpress\/infos\/","title":{"rendered":"Infos, Regeln, Formulare"},"content":{"rendered":"<section class=\"l-section wpb_row height_auto\"><div class=\"l-section-h i-cf\"><div class=\"g-cols vc_row via_flex valign_top type_default stacking_default\"><div class=\"vc_col-sm-12 wpb_column vc_column_container\"><div class=\"vc_column-inner\"><div class=\"wpb_wrapper\"><div class=\"wpb_text_column\"><div class=\"wpb_wrapper\"><p id=\"teaser\" class=\"tiny_p\">Hier finden Sie allgemeine Informationen, Merkbl\u00e4tter etc. Diese k\u00f6nnen Sie sich einfach herunterladen.<\/p>\n<p class=\"tiny_p\">Informationen zur Oberstufe befinden sich auf unserer\u00a0<a href=\"http:\/\/www.johanneum.eu\/seite\/162542\/informationen_zur_oberstufe.html\">speziellen Oberstufenseite<\/a>.<\/p>\n<\/div><\/div><div class=\"w-separator size_small\"><\/div><\/div><\/div><\/div><\/div><\/div><\/section><section class=\"l-section wpb_row height_auto\"><div class=\"l-section-h i-cf\"><div class=\"g-cols vc_row via_flex valign_top type_default stacking_default\"><div class=\"vc_col-sm-12 wpb_column vc_column_container\"><div class=\"vc_column-inner\"><div class=\"wpb_wrapper\"><div class=\"w-tabs layout_hor style_default switch_click has_scrolling\" style=\"--sections-title-size:1em\"><div class=\"w-tabs-list items_5 align_none\"><div class=\"w-tabs-list-h\"><button class=\"w-tabs-item active\" aria-controls=\"content-r862\" aria-expanded=\"false\"><span class=\"w-tabs-item-title\">Allgemein<\/span><\/button><button class=\"w-tabs-item\" aria-controls=\"content-a964\" aria-expanded=\"false\"><span class=\"w-tabs-item-title\">Sch\u00fclerbef\u00f6rderung<\/span><\/button><button class=\"w-tabs-item\" aria-controls=\"content-ba39\" aria-expanded=\"false\"><span class=\"w-tabs-item-title\">Anmeldung<\/span><\/button><button class=\"w-tabs-item\" aria-controls=\"content-ncd1\" aria-expanded=\"false\"><span class=\"w-tabs-item-title\">Berufsorientierung<\/span><\/button><button class=\"w-tabs-item\" aria-controls=\"content-ee4d\" aria-expanded=\"false\"><span class=\"w-tabs-item-title\">Datenschutz<\/span><\/button><\/div><\/div><div class=\"w-tabs-sections titles-align_none icon_chevron cpos_right\"><div class=\"w-tabs-section active\" id=\"r862\"><button class=\"w-tabs-section-header active\" aria-controls=\"content-r862\" aria-expanded=\"true\"><div class=\"w-tabs-section-title\">Allgemein<\/div><div class=\"w-tabs-section-control\"><\/div><\/button><div  class=\"w-tabs-section-content\" id=\"content-r862\"><div class=\"w-tabs-section-content-h i-cf\"><div class=\"wpb_text_column\"><div class=\"wpb_wrapper\"><ul>\n<li><a title=\"Organigramm_Johanneum_2019 (\u00f6ffnet neues Fenster)\" href=\"https:\/\/johanneum-lueneburg.de\/wordpress\/wp-content\/uploads\/2026\/02\/Organigramm-2025-2026.pdf\" target=\"_blank\" rel=\"noopener\">Organigramm: Wer ist f\u00fcr was verantwortlich?<\/a><\/li>\n<li><a title=\"Hausaufgabenkonzept Johanneum Januar 2014 (\u00f6ffnet neues Fenster)\" href=\"https:\/\/johanneum-lueneburg.de\/wordpress\/wp-content\/uploads\/2022\/09\/hausaufgabenkonzept_jan_2014.pdf\" target=\"_blank\" rel=\"noopener\">Hausaufgabenkonzept<\/a><\/li>\n<li><a title=\"Hausordnung_Johanneum_2019 (\u00f6ffnet neues Fenster)\" href=\"https:\/\/johanneum-lueneburg.de\/wordpress\/wp-content\/uploads\/2024\/02\/Hausordnung-Johanneum-2024.pdf\" target=\"_blank\" rel=\"noopener\">Hausordnung<\/a><\/li>\n<li><a href=\"https:\/\/johanneum-lueneburg.de\/wordpress\/wp-content\/uploads\/2022\/12\/Schulausfall-aufgrund-von-schlechter-Witterung-1.pdf\">Informationen zu m\u00f6glichem Schulausfall bei schlechter Witterung<\/a><\/li>\n<li><a title=\"Richtlinien: social media (\u00f6ffnet neues Fenster)\" href=\"https:\/\/johanneum-lueneburg.de\/wordpress\/wp-content\/uploads\/2022\/09\/richtlinien_social_media.pdf\" target=\"_blank\" rel=\"noopener\">Richtlinien: Social-Media-Accounts<\/a><\/li>\n<li><a title=\"Merkblatt: Kopflausbefall (\u00f6ffnet neues Fenster)\" href=\"https:\/\/johanneum-lueneburg.de\/wordpress\/wp-content\/uploads\/2022\/09\/laeusemerkblatt_johanneum_.pdf\" target=\"_blank\" rel=\"noopener\">Merkblatt: Kopflausbefall<\/a><\/li>\n<li><a title=\"Konfliktmanagement (\u00f6ffnet neues Fenster)\" href=\"https:\/\/johanneum-lueneburg.de\/wordpress\/wp-content\/uploads\/2024\/08\/Konfliktmanagement.pdf\" target=\"_blank\" rel=\"noopener\">Konfliktmanagement<\/a><\/li>\n<li><a href=\"https:\/\/johanneum-lueneburg.de\/wordpress\/wp-content\/uploads\/2023\/05\/FAQ-Schliessfaecher.pdf\" target=\"_blank\" rel=\"noopener\">FAQ zu Schlie\u00dff\u00e4chern<\/a><\/li>\n<\/ul>\n<\/div><\/div><\/div><\/div><\/div><div class=\"w-tabs-section\" id=\"a964\"><button class=\"w-tabs-section-header\" aria-controls=\"content-a964\" aria-expanded=\"false\"><div class=\"w-tabs-section-title\">Sch\u00fclerbef\u00f6rderung<\/div><div class=\"w-tabs-section-control\"><\/div><\/button><div  class=\"w-tabs-section-content\" id=\"content-a964\"><div class=\"w-tabs-section-content-h i-cf\"><div class=\"wpb_text_column\"><div class=\"wpb_wrapper\"><p>Die offiziellen Informationen des Landkreises L\u00fcneburg zur Bef\u00f6rderung von Sch\u00fclerinnen und Sch\u00fclern durch den Hamburger Verkehsverbund (HVV) stehen auf dieser Seite zum Download bereit. Die wichtigsten Fragen rund um Antragstellung, Anspr\u00fcche, Ersatzkarte usw. werden dort gekl\u00e4rt.<\/p>\n<ul>\n<li><a title=\"Merkblatt zur HVV-Karte (\u00f6ffnet neues Fenster)\" href=\"https:\/\/www.landkreis-lueneburg.de\/fuer-unsere-buergerinnen-und-buerger\/mobil-im-landkreis\/bus-und-bahn\/schuelerbefoerderung.html\" target=\"_blank\" rel=\"noopener\">Informationen zur Bef\u00f6rderung von Sch\u00fclerinnen und Sch\u00fclern (Landkreis, HVV)<\/a><\/li>\n<li><a href=\"https:\/\/johanneum-lueneburg.de\/wordpress\/wp-content\/uploads\/2022\/12\/Schulausfall-aufgrund-von-schlechter-Witterung-1.pdf\">Informationen zu m\u00f6glichem Schulausfall bei schlechter Witterung<\/a><\/li>\n<\/ul>\n<\/div><\/div><\/div><\/div><\/div><div class=\"w-tabs-section\" id=\"ba39\"><button class=\"w-tabs-section-header\" aria-controls=\"content-ba39\" aria-expanded=\"false\"><div class=\"w-tabs-section-title\">Anmeldung<\/div><div class=\"w-tabs-section-control\"><\/div><\/button><div  class=\"w-tabs-section-content\" id=\"content-ba39\"><div class=\"w-tabs-section-content-h i-cf\"><div class=\"wpb_text_column\"><div class=\"wpb_wrapper\"><p>Alle Informationen zur Schulvorstellung finden Sie auf der Seite www.mein-johanneum.de. Die Dokumente zur Anmeldung werden digital ab dem 10. Februar 2025 verf\u00fcgbar sein.<\/p>\n<\/div><\/div><\/div><\/div><\/div><div class=\"w-tabs-section\" id=\"ncd1\"><button class=\"w-tabs-section-header\" aria-controls=\"content-ncd1\" aria-expanded=\"false\"><div class=\"w-tabs-section-title\">Berufsorientierung<\/div><div class=\"w-tabs-section-control\"><\/div><\/button><div  class=\"w-tabs-section-content\" id=\"content-ncd1\"><div class=\"w-tabs-section-content-h i-cf\"><div class=\"wpb_text_column\"><div class=\"wpb_wrapper\"><p class=\"tiny_p\"><strong>Zukunftstag 2025:<\/strong><\/p>\n<ul>\n<li>Informationspakete:\n<ul>\n<li><a href=\"https:\/\/johanneum-lueneburg.de\/wordpress\/wp-content\/uploads\/2025\/09\/Zukunftstag-2026-Jahrgang-5.pdf\" target=\"_blank\" rel=\"noopener\">Jahrgang 5: Zukunftstag 2026<\/a><\/li>\n<li><a href=\"https:\/\/johanneum-lueneburg.de\/wordpress\/wp-content\/uploads\/2025\/09\/Zukunftstag-2026-Jahrgang-6.pdf\" target=\"_blank\" rel=\"noopener\">Jahrgang 6: Zukunftstag 2026<\/a><\/li>\n<li><a href=\"https:\/\/johanneum-lueneburg.de\/wordpress\/wp-content\/uploads\/2025\/09\/Zukunftstag-2026-Jahrgang-7.pdf\" target=\"_blank\" rel=\"noopener\">Jahrgang 7: Zukunftstag 2026<\/a><\/li>\n<li><a href=\"https:\/\/johanneum-lueneburg.de\/wordpress\/wp-content\/uploads\/2025\/09\/Zukunftstag-2026-Jahrgang-8.pdf\" target=\"_blank\" rel=\"noopener\">Jahrgang 8: Zukunftstag 2026<\/a><\/li>\n<li><a href=\"https:\/\/johanneum-lueneburg.de\/wordpress\/wp-content\/uploads\/2025\/09\/Zukunftstag-2026-Jahrgang-9.pdf\" target=\"_blank\" rel=\"noopener\">Jahrgang 9: Zukunftstag 2026<\/a><\/li>\n<li><a href=\"https:\/\/johanneum-lueneburg.de\/wordpress\/wp-content\/uploads\/2025\/09\/Zukunftstag-2026-Jahrgang-10.pdf\" target=\"_blank\" rel=\"noopener\">Jahrgang 10: Zukunftstag 2026<\/a><br \/>\n<div class=\"ctsc-spacer  \" style=\"height:25px\"><\/div><\/li>\n<\/ul>\n<\/li>\n<\/ul>\n<p class=\"tiny_p\">\u00a0<strong>Betriebspraktium:<\/strong><\/p>\n<ul>\n<li><a title=\"Betriebspraktikum: Anschreiben ab 2021 (\u00f6ffnet neues Fenster)\" href=\"http:\/\/daten2.verwaltungsportal.de\/dateien\/seitengenerator\/5d4f15f9ff7e401ab047ca36729a4492101063\/betriebspraktikum_anschreiben_aktualisiert2021.pdf\" target=\"_blank\" rel=\"noopener\">Betriebspraktikum: Anschreiben ab 2021<\/a><\/li>\n<li><a title=\"Betriebspraktium: Best\u00e4tigung 2022-2024 (\u00f6ffnet neues Fenster)\" href=\"https:\/\/johanneum-lueneburg.de\/wordpress\/wp-content\/uploads\/2025\/10\/Anmeldung-Praktikumsbestaetigung-Betriebe.pdf\" target=\"_blank\" rel=\"noopener\">Betriebspraktikum: Best\u00e4tigung ab 2026<\/a><\/li>\n<\/ul>\n<\/div><\/div><\/div><\/div><\/div><div class=\"w-tabs-section\" id=\"ee4d\"><button class=\"w-tabs-section-header\" aria-controls=\"content-ee4d\" aria-expanded=\"false\"><div class=\"w-tabs-section-title\">Datenschutz<\/div><div class=\"w-tabs-section-control\"><\/div><\/button><div  class=\"w-tabs-section-content\" id=\"content-ee4d\"><div class=\"w-tabs-section-content-h i-cf\"><div class=\"wpb_text_column\"><div class=\"wpb_wrapper\"><ul>\n<li><a title=\"Informationsblatt zur Datenverarbeitung (\u00f6ffnet neues Fenster)\" href=\"http:\/\/daten2.verwaltungsportal.de\/dateien\/seitengenerator\/50ebed5d90159340893bdfb9eaa275cc101063\/datenschutzinfos_2019.pdf\" target=\"_blank\" rel=\"noopener\">Informationsblatt zur Datenverarbeitung<\/a><\/li>\n<li><a title=\"\u00dcbersicht zur Verarbeitung personenbezogener Daten (\u00f6ffnet neues Fenster)\" href=\"http:\/\/daten2.verwaltungsportal.de\/dateien\/seitengenerator\/50ebed5d90159340893bdfb9eaa275cc101063\/uebersichtstabelle_zur_verarbeitung_personenbezogener_daten_am_johanneum_0219.pdf\" target=\"_blank\" rel=\"noopener\">\u00dcbersicht zur Verarbeitung personenbezogener Daten<\/a><\/li>\n<\/ul>\n<\/div><\/div><\/div><\/div><\/div><\/div><\/div><\/div><\/div><\/div><\/div><\/div><\/section>\n","protected":false},"excerpt":{"rendered":"Hier finden Sie allgemeine Informationen, Merkbl\u00e4tter etc. Diese k\u00f6nnen Sie sich einfach herunterladen. Informationen zur Oberstufe befinden sich auf unserer\u00a0speziellen Oberstufenseite. AllgemeinSch\u00fclerbef\u00f6rderungAnmeldungBerufsorientierungDatenschutzAllgemein Organigramm: Wer ist f\u00fcr was verantwortlich? Hausaufgabenkonzept Hausordnung Informationen zu m\u00f6glichem Schulausfall bei schlechter Witterung Richtlinien: Social-Media-Accounts Merkblatt: Kopflausbefall Konfliktmanagement FAQ zu Schlie\u00dff\u00e4chern Sch\u00fclerbef\u00f6rderungDie offiziellen Informationen des Landkreises L\u00fcneburg zur Bef\u00f6rderung von Sch\u00fclerinnen...","protected":false},"author":2,"featured_media":0,"parent":0,"menu_order":0,"comment_status":"closed","ping_status":"closed","template":"","meta":{"footnotes":""},"class_list":["post-9538","page","type-page","status-publish","hentry"],"_links":{"self":[{"href":"https:\/\/johanneum-lueneburg.de\/wordpress\/wp-json\/wp\/v2\/pages\/9538","targetHints":{"allow":["GET"]}}],"collection":[{"href":"https:\/\/johanneum-lueneburg.de\/wordpress\/wp-json\/wp\/v2\/pages"}],"about":[{"href":"https:\/\/johanneum-lueneburg.de\/wordpress\/wp-json\/wp\/v2\/types\/page"}],"author":[{"embeddable":true,"href":"https:\/\/johanneum-lueneburg.de\/wordpress\/wp-json\/wp\/v2\/users\/2"}],"replies":[{"embeddable":true,"href":"https:\/\/johanneum-lueneburg.de\/wordpress\/wp-json\/wp\/v2\/comments?post=9538"}],"version-history":[{"count":32,"href":"https:\/\/johanneum-lueneburg.de\/wordpress\/wp-json\/wp\/v2\/pages\/9538\/revisions"}],"predecessor-version":[{"id":25260,"href":"https:\/\/johanneum-lueneburg.de\/wordpress\/wp-json\/wp\/v2\/pages\/9538\/revisions\/25260"}],"wp:attachment":[{"href":"https:\/\/johanneum-lueneburg.de\/wordpress\/wp-json\/wp\/v2\/media?parent=9538"}],"curies":[{"name":"wp","href":"https:\/\/api.w.org\/{rel}","templated":true}]}}