{"id":9535,"date":"2022-07-06T12:11:13","date_gmt":"2022-07-06T10:11:13","guid":{"rendered":"https:\/\/johanneum-lueneburg.de\/wordpress\/?page_id=9535"},"modified":"2025-09-21T11:21:52","modified_gmt":"2025-09-21T09:21:52","slug":"informationen-zur-oberstufe","status":"publish","type":"page","link":"https:\/\/johanneum-lueneburg.de\/wordpress\/informationen-zur-oberstufe\/","title":{"rendered":"Informationen zur Oberstufe"},"content":{"rendered":"<section class=\"l-section wpb_row height_auto\"><div class=\"l-section-h i-cf\"><div class=\"g-cols vc_row via_flex valign_top type_default stacking_default\"><div class=\"vc_col-sm-12 wpb_column vc_column_container\"><div class=\"vc_column-inner\"><div class=\"wpb_wrapper\"><div class=\"wpb_text_column\"><div class=\"wpb_wrapper\"><h4 style=\"text-align: left;\"><span style=\"color: #000000;\">Die gymnasiale Oberstufe umfasst die Jahrg\u00e4nge 11 bis 13 und gliedert sich in die Einf\u00fchrungsphase (11. Jahrgang) und die Qualifikationsphase (12. und 13. Jahrgang).<\/span><\/h4>\n<\/div><\/div><div class=\"w-separator size_medium\"><\/div><div class=\"g-cols wpb_row via_flex valign_top type_default stacking_default\"><div class=\"vc_col-sm-12 wpb_column vc_column_container\"><div class=\"vc_column-inner\"><div class=\"wpb_wrapper\"><div class=\"w-image style_shadow-1 align_center\"><a href=\"https:\/\/johanneum-lueneburg.de\/wordpress\/wp-content\/uploads\/2022\/07\/Aufbau-der-gymnasialen-Oberstufe.jpg\" aria-label=\"Aufbau der gymnasialen Oberstufe\" class=\"w-image-h\"><img loading=\"lazy\" decoding=\"async\" width=\"566\" height=\"400\" src=\"https:\/\/johanneum-lueneburg.de\/wordpress\/wp-content\/uploads\/2022\/07\/Aufbau-der-gymnasialen-Oberstufe-566x400.jpg\" class=\"attachment-us_600_400 size-us_600_400\" alt=\"\" srcset=\"https:\/\/johanneum-lueneburg.de\/wordpress\/wp-content\/uploads\/2022\/07\/Aufbau-der-gymnasialen-Oberstufe-566x400.jpg 566w, https:\/\/johanneum-lueneburg.de\/wordpress\/wp-content\/uploads\/2022\/07\/Aufbau-der-gymnasialen-Oberstufe-300x212.jpg 300w, https:\/\/johanneum-lueneburg.de\/wordpress\/wp-content\/uploads\/2022\/07\/Aufbau-der-gymnasialen-Oberstufe-164x116.jpg 164w, https:\/\/johanneum-lueneburg.de\/wordpress\/wp-content\/uploads\/2022\/07\/Aufbau-der-gymnasialen-Oberstufe.jpg 1024w\" sizes=\"auto, (max-width: 566px) 100vw, 566px\" \/><\/a><\/div><div class=\"w-separator size_medium\"><\/div><div class=\"wpb_text_column\"><div class=\"wpb_wrapper\"><ul>\n<li><a href=\"https:\/\/johanneum-lueneburg.de\/wordpress\/oberstufe-ausland\/\">Auslandsschulbesuch<\/a><\/li>\n<li><a href=\"https:\/\/johanneum-lueneburg.de\/wordpress\/oberstufe-wahlen-ephase\/\">Wahlen zur Einf\u00fchrungsphase<\/a><\/li>\n<li><a href=\"https:\/\/johanneum-lueneburg.de\/wordpress\/oberstufe-ephase\/\">Jahrgang 11 &#8211; Einf\u00fchrungsphase<\/a><\/li>\n<li><a href=\"https:\/\/johanneum-lueneburg.de\/wordpress\/oberstufe-wahlen-zur-qualifikationsphase\/\">Wahlen zur Qualifikationsphase<\/a><\/li>\n<li><a href=\"https:\/\/johanneum-lueneburg.de\/wordpress\/oberstufe-qphase\/\">Jahrg\u00e4nge 12\/13 &#8211; Qualifikationsphase<\/a><\/li>\n<li><a href=\"https:\/\/johanneum-lueneburg.de\/wordpress\/oberstufe-abitur\/\">Abitur<\/a><\/li>\n<li><a href=\"https:\/\/johanneum-lueneburg.de\/wordpress\/oberstufe-fachhochschulreife\/\">Fachhochschulreife<\/a><\/li>\n<li><a href=\"https:\/\/johanneum-lueneburg.de\/wordpress\/oberstufe-antraege\/\">Antr\u00e4ge\/Umwahlen<\/a><\/li>\n<\/ul>\n<\/div><\/div><\/div><\/div><\/div><\/div><\/div><\/div><\/div><\/div><\/div><\/section>\n","protected":false},"excerpt":{"rendered":"Die gymnasiale Oberstufe umfasst die Jahrg\u00e4nge 11 bis 13 und gliedert sich in die Einf\u00fchrungsphase (11. Jahrgang) und die Qualifikationsphase (12. und 13. Jahrgang). Auslandsschulbesuch Wahlen zur Einf\u00fchrungsphase Jahrgang 11 &#8211; Einf\u00fchrungsphase Wahlen zur Qualifikationsphase Jahrg\u00e4nge 12\/13 &#8211; Qualifikationsphase Abitur Fachhochschulreife Antr\u00e4ge\/Umwahlen","protected":false},"author":1,"featured_media":0,"parent":0,"menu_order":0,"comment_status":"closed","ping_status":"closed","template":"","meta":{"footnotes":""},"class_list":["post-9535","page","type-page","status-publish","hentry"],"_links":{"self":[{"href":"https:\/\/johanneum-lueneburg.de\/wordpress\/wp-json\/wp\/v2\/pages\/9535","targetHints":{"allow":["GET"]}}],"collection":[{"href":"https:\/\/johanneum-lueneburg.de\/wordpress\/wp-json\/wp\/v2\/pages"}],"about":[{"href":"https:\/\/johanneum-lueneburg.de\/wordpress\/wp-json\/wp\/v2\/types\/page"}],"author":[{"embeddable":true,"href":"https:\/\/johanneum-lueneburg.de\/wordpress\/wp-json\/wp\/v2\/users\/1"}],"replies":[{"embeddable":true,"href":"https:\/\/johanneum-lueneburg.de\/wordpress\/wp-json\/wp\/v2\/comments?post=9535"}],"version-history":[{"count":182,"href":"https:\/\/johanneum-lueneburg.de\/wordpress\/wp-json\/wp\/v2\/pages\/9535\/revisions"}],"predecessor-version":[{"id":24075,"href":"https:\/\/johanneum-lueneburg.de\/wordpress\/wp-json\/wp\/v2\/pages\/9535\/revisions\/24075"}],"wp:attachment":[{"href":"https:\/\/johanneum-lueneburg.de\/wordpress\/wp-json\/wp\/v2\/media?parent=9535"}],"curies":[{"name":"wp","href":"https:\/\/api.w.org\/{rel}","templated":true}]}}