{"id":9442,"date":"2022-05-17T10:33:14","date_gmt":"2022-05-17T08:33:14","guid":{"rendered":"https:\/\/johanneum-lueneburg.de\/wordpress\/?page_id=9442"},"modified":"2023-02-26T11:39:05","modified_gmt":"2023-02-26T10:39:05","slug":"informatik-3","status":"publish","type":"page","link":"https:\/\/johanneum-lueneburg.de\/wordpress\/informatik-3\/","title":{"rendered":"Informatik alt"},"content":{"rendered":"<section class=\"l-section wpb_row height_auto\"><div class=\"l-section-h i-cf\"><div class=\"g-cols vc_row via_flex valign_top type_default stacking_default\"><div class=\"vc_col-sm-12 wpb_column vc_column_container\"><div class=\"vc_column-inner\"><div class=\"wpb_wrapper\"><div class=\"w-vwrapper us_custom_b4ecdb3f align_none valign_top\"><div class=\"wpb_text_column\"><div class=\"wpb_wrapper\"><ul>\n<li class=\"tiny_p\"><em>Informationstechnische Grundbildung<\/em> (ITG) in Klasse\u00a06<\/li>\n<li>ab Schuljahr 2022\/23 Informatik f\u00fcr alle Sch\u00fcler:innen ab Klasse 9<\/li>\n<li>bis Schuljahr 2022\/23 Wahlfach in Jahrgang 10<\/li>\n<li>Wahlfach in Jahrgang 11 &#8211; Voraussetzung f\u00fcr Informatik in der Qualifikationsphase 12\/13<\/li>\n<li>Kurs auf erh\u00f6htem Niveau in 12\/13<\/li>\n<li>\n<p class=\"tiny_p\">Fachobmann: Sven Dr\u00e4ger (<a href=\"mailto:sven,&#100;&#x72;&#97;&#x65;&#103;&#x65;&#114;&#x40;j&#x6f;h&#x61;n&#x6e;e&#117;&#x6d;&#45;&#x6c;&#103;&#x2e;&#100;&#x65;\">&#115;v&#x65;n&#x2e;d&#x72;a&#x65;g&#x65;r&#x40;&#106;&#x6f;&#104;&#x61;&#110;&#x6e;&#101;&#x75;&#109;&#x2d;&#108;&#x67;&#46;d&#x65;<\/a>)<\/p>\n<\/li>\n<\/ul>\n<\/div><\/div><\/div><div class=\"w-separator size_medium\"><\/div><\/div><\/div><\/div><\/div><\/div><\/section><section class=\"l-section wpb_row height_auto\"><div class=\"l-section-h i-cf\"><div class=\"g-cols vc_row via_flex valign_top type_default stacking_default\"><div class=\"vc_col-sm-6 wpb_column vc_column_container\"><div class=\"vc_column-inner\"><div class=\"wpb_wrapper\"><div class=\"g-cols wpb_row via_flex valign_top type_default stacking_default\"><div class=\"vc_col-sm-12 wpb_column vc_column_container\"><div class=\"vc_column-inner\"><div class=\"wpb_wrapper\"><\/div><\/div><\/div><\/div><div class=\"wpb_text_column\"><div class=\"wpb_wrapper\"><p class=\"tiny_p\"><strong>Informatik <\/strong>\u2013 das ist die Faszination, sich die Welt der Information und des symbolisierten Wissens zu erschlie\u00dfen und dienstbar zu machen.<br \/>\n<strong>Informatik<\/strong> schafft neue Zug\u00e4nge, neue Denkmodelle und zahllose automatisierte Helfer und Dienste.<br \/>\n<strong>Informatik<\/strong> erm\u00f6glicht multimediale Kommunikation \u00fcberall, zu jeder Zeit und sofort.<br \/>\n<strong>Informatik<\/strong> \u00fcberwacht, steuert und vernetzt Prozesse.<\/p>\n<p class=\"tiny_p\">(<a title=\"Was ist Informatik\" href=\"https:\/\/gi.de\/fileadmin\/GI\/Hauptseite\/Themen\/was-ist-informatik-kurz.pdf\">\u201eWas ist Informatik\u201c<\/a> Positionspapier der Gesellschaft f\u00fcr Informatik e.\u00a0V. (GI), 2009)<\/p>\n<h2 class=\"tiny_p\"><img decoding=\"async\" title=\"Informatik-FG-2018\" src=\"https:\/\/fotos.verwaltungsportal.de\/seitengenerator\/gross\/p1050014_homepage.jpg\" alt=\"Informatik-FG-2018\" \/><strong>Informatik am Johanneum<\/strong><\/h2>\n<p class=\"tiny_p\">Bereits in der 6.\u00a0Klasse lernen die Sch\u00fcler:innen des Johanneums im Rahmen des <a title=\"ITG und Informatik\" href=\"http:\/\/www.johanneum.eu\/seite\/167265\/itg-und-informatik.html\">ITG-Unterrichts<\/a> Informationen zielgerichtet zu sammeln, aufzubereiten, neu zu strukturieren und darzustellen. Im Vordergrund stehen dabei das Erstellen und Bearbeiten von Texten, das automatisierte Berechnen mit Tabellenkalkulationen, das Visualisieren von Daten mithilfe von Diagrammen sowie das Suchen und Bewerten von Informationen im Internet.<\/p>\n<p class=\"tiny_p\">Der \u201eechte\u201c<strong> Informatikunterricht<\/strong> beginnt ab dem Schuljahr 2022\/23 bereits in Klasse 9. Damit ist das Johanneum eine der ersten Schulen in Niedersachsen, die den Informatikunterricht f\u00fcr alle Sch\u00fcler:innen verbindlich einf\u00fchren. Alle Sch\u00fcler:innen des Johanneums haben dann sowohl in Klasse 9 als auch in Klasse 10 eine Stunde Informatik pro Schuljahr. In diesem Unterricht\u00a0 erhalten die Sch\u00fcler:innen einen breiten \u00dcberblick \u00fcber Kernbereiche der Informatik, zu denen unter anderem Algorithmen, Codierungen, Netzwerke, Datenschutz und autonome Systeme (Roboter) geh\u00f6ren.<\/p>\n<p class=\"tiny_p\">Im Wahlunterricht in Klasse 11 k\u00f6nnen die Kenntnisse dann vor allem vertieft werden.<\/p>\n<p class=\"tiny_p\">Des Weiteren bietet das Johanneum seit mehr als 12 Jahren stets einen <strong>Informatikkurs auf erh\u00f6htem Niveau<\/strong> (Leistungskurs) an, sodass interessierte Sch\u00fcler:innen nicht nur ihr Abitur in diesem Fach ablegen k\u00f6nnen, sondern dar\u00fcber hinaus eine sehr gute Vorbereitung f\u00fcr eine Vielzahl von Studieng\u00e4ngen erhalten. Die wechselnden thematischen Schwerpunkte der vier Oberstufensemester sind aus den Bereichen der technischen, theoretischen, angewandten und praktischen Informatik.<\/p>\n<p class=\"tiny_p\">\u00dcber den Unterricht hinaus haben interessierte Sch\u00fcler:innen die M\u00f6glichkeit an Arbeitsgemeinschaften, Wettbewerben, Vortr\u00e4gen oder Exkursionen teilzunehmen.<\/p>\n<p class=\"tiny_p\">Wer sich schon vor dem Informatikunterricht mit Programmierung besch\u00e4ftigen m\u00f6chte, findet auf der Seite <a href=\"http:\/\/www.johanneum.eu\/seite\/332278\/einstieg-ins-programmieren.html\">Einstieg ins Programmieren<\/a> sicherlich Anregungen.<\/p>\n<h2 class=\"tiny_p\"><strong>Schulinterne Curricula<\/strong><\/h2>\n<p class=\"tiny_p\">Grundlegende Vorgaben f\u00fcr das Fach Informatik ergeben sich aus den nieders\u00e4chsichen Kerncurricula:<\/p>\n<ul>\n<li class=\"tiny_p\"><a href=\"http:\/\/daten2.verwaltungsportal.de\/dateien\/seitengenerator\/kc_informatik_sek_i.pdf\">Kerncurriculum Sekundarstufe I<\/a><\/li>\n<li class=\"tiny_p\"><a href=\"http:\/\/daten2.verwaltungsportal.de\/dateien\/seitengenerator\/inf_go_kc_druck_2017.pdf\">Kerncurriculum <\/a><a title=\"Kerncurriculum Sekundarstufe II (\u00f6ffnet neues Fenster)\" href=\"http:\/\/daten2.verwaltungsportal.de\/dateien\/seitengenerator\/inf_go_kc_druck_2017.pdf\" target=\"_blank\" rel=\"noopener\">Sekundarstufe II<\/a>.<\/li>\n<\/ul>\n<p class=\"tiny_p\">Die schulinternen Curricula konkretisieren diese Vorgaben f\u00fcr das Johanneum.<\/p>\n<ul>\n<li class=\"tiny_p\"><a title=\"SchulinternesCurriculum2021 (\u00f6ffnet neues Fenster)\" href=\"http:\/\/daten2.verwaltungsportal.de\/dateien\/seitengenerator\/5d4f15f9ff7e401ab047ca36729a4492101063\/schulinternescurriculum2021.pdf\" target=\"_blank\" rel=\"noopener\">Schulinternes Curriculum f\u00fcr die Sekundarstufe I (ab Schuljahr 22\/23)<\/a><\/li>\n<li class=\"tiny_p\"><a title=\"http:\/\/daten2.verwaltungsportal.de\/dateien\/seitengenerator\/schulinternescurriculum2017.pdf\" href=\"http:\/\/daten2.verwaltungsportal.de\/dateien\/seitengenerator\/schulinternescurriculum2017.pdf\">Schulinternes Curriculum f\u00fcr die Sekundarstufe I<\/a><\/li>\n<li class=\"tiny_p\"><a title=\"Schulinternes Curriculum Informatik Sek II (\u00f6ffnet neues Fenster)\" href=\"http:\/\/daten2.verwaltungsportal.de\/dateien\/seitengenerator\/5d4f15f9ff7e401ab047ca36729a4492101063\/schulinternescurriculum2019_05_19.pdf\" target=\"_blank\" rel=\"noopener\">Schulinternes Curriculum f\u00fcr die Sekundarstufe II<\/a><\/li>\n<\/ul>\n<h2 class=\"tiny_p\"><strong>Weitere Informationen zum Informatikunterricht am Johanneum<\/strong><\/h2>\n<ul>\n<li class=\"tiny_p\"><a href=\"http:\/\/www.johanneum.eu\/texte\/seite.php?id=113741\">Informatik in Sek I<\/a><\/li>\n<li class=\"tiny_p\"><a href=\"http:\/\/www.johanneum.eu\/texte\/seite.php?id=113743\">Informatik in Sek II<\/a><\/li>\n<\/ul>\n<h2 class=\"tiny_p\"><strong>Arbeitsgemeinschaften<\/strong><\/h2>\n<ul>\n<li class=\"tiny_p\"><a href=\"http:\/\/www.johanneum.eu\/texte\/seite.php?id=114447\">Jojo Network\/Lego-Roboter<\/a><\/li>\n<\/ul>\n<h2 class=\"tiny_p\"><strong>Wettbewerbe und Veranstaltungen<\/strong><\/h2>\n<ul>\n<li class=\"tiny_p\"><a title=\"Informatik-Biber\" href=\"http:\/\/www.johanneum.eu\/seite\/111896\/mach-mit-beim-informatik-biber!.html\">Informatik-Biber<\/a><\/li>\n<li class=\"tiny_p\"><a title=\"Bundeswettbewerb Informatik\" href=\"http:\/\/www.johanneum.eu\/seite\/286326\/bundeswettbewerb-informatik.html\">Bundeswettbewerb Informatik<\/a><\/li>\n<li class=\"tiny_p\"><a title=\"weitere Veranstaltungen\" href=\"http:\/\/www.johanneum.eu\/seite\/286324\/wettbewerbe-und-veranstaltungen-der-informatik.html\">weitere Veranstaltungen<\/a><\/li>\n<\/ul>\n<\/div><\/div><\/div><\/div><\/div><div class=\"vc_col-sm-6 wpb_column vc_column_container\"><div class=\"vc_column-inner\"><div class=\"wpb_wrapper\"><\/div><\/div><\/div><\/div><\/div><\/section><section class=\"l-section wpb_row height_auto\"><div class=\"l-section-h i-cf\"><div class=\"g-cols vc_row via_flex valign_top type_default stacking_default\"><div class=\"vc_col-sm-12 wpb_column vc_column_container\"><div class=\"vc_column-inner\"><div class=\"wpb_wrapper\"><div class=\"wpb_text_column\"><div class=\"wpb_wrapper\"><p>I am text block. Click edit button to change this text. Lorem ipsum dolor sit amet, consectetur adipiscing elit. Ut elit tellus, luctus nec ullamcorper mattis, pulvinar dapibus leo.<\/p>\n<\/div><\/div><\/div><\/div><\/div><\/div><\/div><\/section>\n","protected":false},"excerpt":{"rendered":"Informationstechnische Grundbildung (ITG) in Klasse\u00a06 ab Schuljahr 2022\/23 Informatik f\u00fcr alle Sch\u00fcler:innen ab Klasse 9 bis Schuljahr 2022\/23 Wahlfach in Jahrgang 10 Wahlfach in Jahrgang 11 &#8211; Voraussetzung f\u00fcr Informatik in der Qualifikationsphase 12\/13 Kurs auf erh\u00f6htem Niveau in 12\/13 Fachobmann: Sven Dr\u00e4ger (&#x73;&#118;&#101;&#x6e;&#x2e;&#100;&#114;&#x61;&#x65;&#103;&#101;&#x72;&#x40;&#106;&#111;&#x68;&#x61;&#110;&#110;&#x65;&#x75;&#109;&#45;&#x6c;&#x67;&#46;&#100;&#x65;) Informatik \u2013 das ist die Faszination, sich die Welt der Information...","protected":false},"author":1,"featured_media":0,"parent":0,"menu_order":0,"comment_status":"closed","ping_status":"closed","template":"","meta":{"footnotes":""},"class_list":["post-9442","page","type-page","status-publish","hentry"],"_links":{"self":[{"href":"https:\/\/johanneum-lueneburg.de\/wordpress\/wp-json\/wp\/v2\/pages\/9442","targetHints":{"allow":["GET"]}}],"collection":[{"href":"https:\/\/johanneum-lueneburg.de\/wordpress\/wp-json\/wp\/v2\/pages"}],"about":[{"href":"https:\/\/johanneum-lueneburg.de\/wordpress\/wp-json\/wp\/v2\/types\/page"}],"author":[{"embeddable":true,"href":"https:\/\/johanneum-lueneburg.de\/wordpress\/wp-json\/wp\/v2\/users\/1"}],"replies":[{"embeddable":true,"href":"https:\/\/johanneum-lueneburg.de\/wordpress\/wp-json\/wp\/v2\/comments?post=9442"}],"version-history":[{"count":5,"href":"https:\/\/johanneum-lueneburg.de\/wordpress\/wp-json\/wp\/v2\/pages\/9442\/revisions"}],"predecessor-version":[{"id":12102,"href":"https:\/\/johanneum-lueneburg.de\/wordpress\/wp-json\/wp\/v2\/pages\/9442\/revisions\/12102"}],"wp:attachment":[{"href":"https:\/\/johanneum-lueneburg.de\/wordpress\/wp-json\/wp\/v2\/media?parent=9442"}],"curies":[{"name":"wp","href":"https:\/\/api.w.org\/{rel}","templated":true}]}}