{"id":9439,"date":"2022-05-17T08:30:10","date_gmt":"2022-05-17T06:30:10","guid":{"rendered":"https:\/\/johanneum-lueneburg.de\/wordpress\/?page_id=9439"},"modified":"2023-06-27T14:59:34","modified_gmt":"2023-06-27T12:59:34","slug":"mathematik","status":"publish","type":"page","link":"https:\/\/johanneum-lueneburg.de\/wordpress\/mathematik\/","title":{"rendered":"Mathematik"},"content":{"rendered":"<section class=\"l-section wpb_row height_auto\"><div class=\"l-section-h i-cf\"><div class=\"g-cols vc_row via_flex valign_top type_default stacking_default\"><div class=\"vc_col-sm-12 wpb_column vc_column_container\"><div class=\"vc_column-inner\"><div class=\"wpb_wrapper\"><div class=\"w-vwrapper us_custom_b4ecdb3f align_none valign_top\"><div class=\"wpb_text_column\"><div class=\"wpb_wrapper\"><ul>\n<li class=\"tiny_p\">ab Jahrgangsstufe 5<\/li>\n<li>Oberstufe: In jedem Schuljahr mehrere dreist\u00fcndige Kurse auf grundlegendem Niveau und in der Regel zwei f\u00fcnfst\u00fcndige Kurse auf erh\u00f6htem Niveau.<\/li>\n<li>Fachobfrau: Claudia Baum (<a href=\"&#x6d;&#x61;&#x69;&#x6c;&#x74;&#x6f;&#x3a;&#x63;&#108;&#97;&#117;&#100;&#105;&#97;&#46;baum&#x40;&#x6a;&#x6f;&#x68;&#x61;&#x6e;&#x6e;&#x65;&#x75;&#109;&#45;&#108;&#103;&#46;&#100;&#101;\">&#99;&#x6c;&#97;&#x75;d&#x69;a&#46;&#x62;&#97;&#x75;m&#x40;j&#111;&#x68;&#97;&#x6e;n&#x65;u&#109;&#x2d;&#108;&#x67;&#46;&#x64;e<\/a>)<\/li>\n<\/ul>\n<\/div><\/div><\/div><div class=\"w-separator size_medium\"><\/div><div class=\"wpb_text_column\"><div class=\"wpb_wrapper\"><h2 class=\"tiny_p\"><strong>\u201eMathe macht gl\u00fccklich.\u201c<\/strong><\/h2>\n<p class=\"tiny_p\" style=\"text-align: right;\">steht auf T-Shirts, die vom Mathematikum in Gie\u00dfen verkauft werden.<\/p>\n<\/div><\/div><div class=\"w-separator size_small\"><\/div><div class=\"w-image align_center\"><div class=\"w-image-h\"><img loading=\"lazy\" decoding=\"async\" width=\"1024\" height=\"683\" src=\"https:\/\/johanneum-lueneburg.de\/wordpress\/wp-content\/uploads\/2023\/06\/FG-Mathematik-1024x683.jpeg\" class=\"attachment-large size-large\" alt=\"\" srcset=\"https:\/\/johanneum-lueneburg.de\/wordpress\/wp-content\/uploads\/2023\/06\/FG-Mathematik-1024x683.jpeg 1024w, https:\/\/johanneum-lueneburg.de\/wordpress\/wp-content\/uploads\/2023\/06\/FG-Mathematik-300x200.jpeg 300w, https:\/\/johanneum-lueneburg.de\/wordpress\/wp-content\/uploads\/2023\/06\/FG-Mathematik-600x400.jpeg 600w, https:\/\/johanneum-lueneburg.de\/wordpress\/wp-content\/uploads\/2023\/06\/FG-Mathematik-174x116.jpeg 174w, https:\/\/johanneum-lueneburg.de\/wordpress\/wp-content\/uploads\/2023\/06\/FG-Mathematik.jpeg 1280w\" sizes=\"auto, (max-width: 1024px) 100vw, 1024px\" \/><\/div><\/div><div class=\"w-separator size_small\"><\/div><\/div><\/div><\/div><\/div><\/div><\/section><section class=\"l-section wpb_row height_auto\"><div class=\"l-section-h i-cf\"><div class=\"g-cols vc_row via_flex valign_top type_default stacking_default\"><div class=\"vc_col-sm-12 wpb_column vc_column_container\"><div class=\"vc_column-inner\"><div class=\"wpb_wrapper\"><div class=\"wpb_text_column\"><div class=\"wpb_wrapper\"><div class=\"template-page template-page-effect\">\n<div class=\"row\">\n<div class=\"col-xs-12 col-sm-12 col-md-12\">\n<p class=\"tiny_p\">Auch am Johanneum ist es neben dem Fachwissen in allen Jahrg\u00e4ngen ein wichtiges Ziel, Freude an der Mathematik zu vermitteln. Dazu geh\u00f6ren der Spa\u00df am Knobeln, am Experimentieren und Entdecken, die Freude an der logischen Klarheit und\u00a0 den Mustern, die Faszination der vielf\u00e4ltigen Zusammenh\u00e4nge und Anwendungsbez\u00fcge sowie nat\u00fcrlich die Kooperation mit den Mitsch\u00fclerinnen und Mitsch\u00fclern.<\/p>\n<p class=\"tiny_p\">In den Jahrg\u00e4ngen 5\u20137 haben wir als Fachgruppe die Arbeit mit sogenannten <em>InA-Pl\u00e4nen<\/em> etabliert. Diese <strong>in<\/strong>dividuellen <strong>A<\/strong>rbeitspl\u00e4ne \u00fcber jeweils zwei Wochen vereinen \u00dcbungsphasen im Unterricht und Hausaufgaben. Die Sch\u00fclerinnen und Sch\u00fcler k\u00f6nnen dabei, nachdem sie Inhalte im Unterricht gelernt haben, in ihrem eigenem Tempo und auf unterschiedlichem Niveau \u00fcben, sich mit ihren Mitsch\u00fclerinnen und Mitsch\u00fclern austauschen, L\u00f6sungen vergleichen und aus ihren Fehlern lernen.<\/p>\n<p class=\"tiny_p\">Ab der 7. Klasse wird im Unterricht als Taschenrechner der TI-nspire CX II-T CAS eingesetzt. Es handelt sich dabei um einen leistungsf\u00e4higen grafikf\u00e4higen Taschenrechner mit Computeralgebrasystem. Durch dieses Ger\u00e4t werden die Sch\u00fclerinnen und Sch\u00fcler bei aufw\u00e4ndigen Rechnungen entlastet und L\u00f6sungsvorschl\u00e4ge sind schneller \u00fcberpr\u00fcfbar. Auch die mathematische Experimentierfreudigkeit wird durch den TI -nspire CX II-T CAS gef\u00f6rdert und realistischere Anwendungsbez\u00fcge sind m\u00f6glich.<\/p>\n<p class=\"tiny_p\">Um die Kosten etwas zu reduzieren, bieten wir als Schule die Teilnahme an einer Sammelbestellung an. Unter bestimmten Voraussetzungen gibt es auch eine finanzielle Unterst\u00fctzung vom F\u00f6rderverein.<\/p>\n<p class=\"tiny_p\">Veranstaltungen zur Berufsorientierung f\u00fcr die h\u00f6heren Jahrg\u00e4nge mussten in den letzten beiden Jahren coronabedingt leider ausfallen, wir hoffen aber, sie demn\u00e4chst wieder durchf\u00fchren zu k\u00f6nnen.<\/p>\n<p class=\"tiny_p\">Eine detaillierte \u00dcbersicht f\u00fcr den Mathematikunterricht am Johanneum bieten die Kerncurricula des Landes Niedersachsen.<\/p>\n<h2 class=\"tiny_p\"><strong>Curriculum<\/strong><\/h2>\n<p class=\"tiny_p\">Der Mathematikunterricht am Johanneum wird gem\u00e4\u00df den nieders\u00e4chsischen Kerncurricula erteilt, die Sie hier herunterladen k\u00f6nnen:<\/p>\n<ul>\n<li class=\"tiny_p\"><a title=\"https:\/\/cuvo.nibis.de\/cuvo.php?p=search&amp;k0_0=Fach&amp;v0_0=Mathematik&amp;k0_1=Schulbereich&amp;v0_1=Sek+I&amp;k0_2=Dokumentenart&amp;v0_2=Kerncurriculum&amp;\" href=\"https:\/\/cuvo.nibis.de\/cuvo.php?p=download&amp;upload=63\">Kerncurriculum Mathematik (5-10)<\/a><\/li>\n<li class=\"tiny_p\"><a title=\"https:\/\/cuvo.nibis.de\/cuvo.php?p=search&amp;k0_0=Fach&amp;v0_0=Mathematik&amp;k0_1=Schulbereich&amp;v0_1=Sek+II&amp;k0_2=Dokumentenart&amp;v0_2=Kerncurriculum&amp;k0_3=Schulform&amp;v0_3=Gymnasiale+Oberstufe&amp;\" href=\"https:\/\/cuvo.nibis.de\/cuvo.php?p=searched_download&amp;k0_0=Fach&amp;v0_0=Mathematik&amp;k0_1=Schulbereich&amp;v0_1=Sek+II&amp;k0_2=Dokumentenart&amp;v0_2=Kerncurriculum&amp;k0_3=Schulform&amp;v0_3=Gymnasiale+Oberstufe&amp;&amp;uploadnum=0\">Kerncurriculum Mathematik (11-13)<\/a><\/li>\n<\/ul>\n<h2 class=\"tiny_p\"><strong>Arbeitsgemeinschaften und Projekte<\/strong><\/h2>\n<ul>\n<li>\n<p class=\"tiny_p\">schul\u00fcbergreifende Mathe-Talentf\u00f6rderung<\/p>\n<\/li>\n<\/ul>\n<h2 class=\"tiny_p\"><strong>Wettbewerbe<\/strong><\/h2>\n<p class=\"tiny_p\">Sch\u00fclerinnen und Sch\u00fcler des Johanneums nehmen regelm\u00e4\u00dfig und durchaus mit gro\u00dfem Erfolg an unterschiedlichen Wettbewerben teil, z. B.<\/p>\n<\/div>\n<\/div>\n<\/div>\n<\/div><\/div><\/div><\/div><\/div><\/div><\/div><\/section><section class=\"l-section wpb_row height_auto\"><div class=\"l-section-h i-cf\"><div class=\"g-cols vc_row via_flex valign_top type_default stacking_default\"><div class=\"vc_col-sm-12 wpb_column vc_column_container\"><div class=\"vc_column-inner\"><div class=\"wpb_wrapper\"><div class=\"w-grid type_grid layout_9017 cols_3\" id=\"us_grid_1\" style=\"--gap:1.5rem;\" data-filterable=\"true\"><style>@media (max-width:1024px){#us_grid_1 .w-grid-item{width:50%}}@media (max-width:462px){#us_grid_1 .w-grid-list{margin:0}#us_grid_1 .w-grid-item{width:100%;padding:0;margin-bottom:var(--gap,0px)}}.layout_9017 .w-grid-item-h{}.layout_9017 .usg_post_image_1{width:300px!important;height:300px!important;margin-bottom:1rem!important;position:static!important}.layout_9017 .usg_post_title_1{font-size:1.4rem!important;height:80px!important;margin-bottom:0.5rem!important;position:static!important}.layout_9017 .usg_post_content_1{font-size:12px!important;line-height:20px!important;font-family:var(--font-family)!important;margin-top:0.5rem!important;position:static!important}@media (min-width:1025px) and (max-width:1280px){.layout_9017 .usg_post_image_1{width:300px!important;height:300px!important;margin-bottom:1rem!important;position:static!important}.layout_9017 .usg_post_title_1{font-size:1.4rem!important;height:80px!important;margin-bottom:0.5rem!important;position:static!important}.layout_9017 .usg_post_content_1{font-size:12px!important;line-height:20px!important;font-family:var(--font-family)!important;margin-top:0.5rem!important;position:static!important}}@media (min-width:463px) and (max-width:1024px){.layout_9017 .usg_post_image_1{width:300px!important;height:300px!important;margin-bottom:1rem!important;position:static!important}.layout_9017 .usg_post_title_1{font-size:1.4rem!important;height:80px!important;margin-bottom:0.5rem!important;position:static!important}.layout_9017 .usg_post_content_1{font-size:12px!important;line-height:20px!important;font-family:var(--font-family)!important;margin-top:0.5rem!important;position:static!important}}@media (max-width:462px){.layout_9017 .usg_post_image_1{width:300px!important;height:300px!important;margin-bottom:1rem!important;position:static!important}.layout_9017 .usg_post_title_1{font-size:1.4rem!important;height:80px!important;margin-bottom:0.5rem!important;position:static!important}.layout_9017 .usg_post_content_1{font-size:12px!important;line-height:20px!important;font-family:var(--font-family)!important;margin-top:0.5rem!important;position:static!important}}<\/style><div class=\"w-grid-list\">\t<article class=\"w-grid-item size_1x1 custom-link post-12061 post type-post status-publish format-standard has-post-thumbnail hentry category-mathematik-wettbewerbe\" data-id=\"12061\">\n\t\t<div class=\"w-grid-item-h\">\n\t\t\t\t\t\t\t<a href=\"http:\/\/www.johanneum.eu\/texte\/seite.php?id=112121\"><\/a>\n\t\t\t\t\t\t<div class=\"w-post-elm post_image usg_post_image_1 has_width has_height\"><a href=\"https:\/\/johanneum-lueneburg.de\/wordpress\/2023\/02\/19\/mathematik-olympiade-2\/\" aria-label=\"Mathematik-Olympiade\"><img loading=\"lazy\" decoding=\"async\" width=\"250\" height=\"250\" src=\"https:\/\/johanneum-lueneburg.de\/wordpress\/wp-content\/uploads\/2023\/02\/Logo_Mathematik-Olympiade.png\" class=\"attachment-medium size-medium wp-post-image\" alt=\"\" srcset=\"https:\/\/johanneum-lueneburg.de\/wordpress\/wp-content\/uploads\/2023\/02\/Logo_Mathematik-Olympiade.png 250w, https:\/\/johanneum-lueneburg.de\/wordpress\/wp-content\/uploads\/2023\/02\/Logo_Mathematik-Olympiade-150x150.png 150w, https:\/\/johanneum-lueneburg.de\/wordpress\/wp-content\/uploads\/2023\/02\/Logo_Mathematik-Olympiade-116x116.png 116w\" sizes=\"auto, (max-width: 250px) 100vw, 250px\" \/><\/a><\/div><h4 class=\"w-post-elm post_title usg_post_title_1 entry-title color_link_inherit\"><a href=\"https:\/\/johanneum-lueneburg.de\/wordpress\/2023\/02\/19\/mathematik-olympiade-2\/\">Mathematik-Olympiade<\/a><\/h4><div class=\"w-post-elm post_content usg_post_content_1\">\r\n<p>Die \u201e<strong>Mathematik-Olympiade<\/strong>\u201c ist ein Einzel-Wettbewerb f\u00fcr alle Jahrgangsstufen, der j\u00e4hrlich bundesweit angeboten wird. Die Aufgaben der ersten Stufe sollen von den Teilnehmern zu Hause gel\u00f6st werden. Die zweite Stufe findet als Klausur an den Schulen statt.<\/p>\r\n\r\n\r\n\r\n<p>Termin: zweiter oder dritter Mittwoch im November<\/p>\r\n<p>https:\/\/www.mo-ni.de\/<\/p>\r\n<\/div>\t\t<\/div>\n\t<\/article>\n\t<article class=\"w-grid-item size_1x1 custom-link post-9019 post type-post status-publish format-standard has-post-thumbnail hentry category-mathematik-wettbewerbe\" data-id=\"9019\">\n\t\t<div class=\"w-grid-item-h\">\n\t\t\t\t\t\t\t<a href=\"http:\/\/www.johanneum.eu\/texte\/seite.php?id=112903\"><\/a>\n\t\t\t\t\t\t<div class=\"w-post-elm post_image usg_post_image_1 has_width has_height\"><a href=\"https:\/\/johanneum-lueneburg.de\/wordpress\/2022\/03\/21\/mathematik-ohne-grenzen\/\" aria-label=\"Mathematik ohne Grenzen\"><img loading=\"lazy\" decoding=\"async\" width=\"210\" height=\"198\" src=\"https:\/\/johanneum-lueneburg.de\/wordpress\/wp-content\/uploads\/2023\/02\/Download.jpeg\" class=\"attachment-medium size-medium wp-post-image\" alt=\"\" srcset=\"https:\/\/johanneum-lueneburg.de\/wordpress\/wp-content\/uploads\/2023\/02\/Download.jpeg 210w, https:\/\/johanneum-lueneburg.de\/wordpress\/wp-content\/uploads\/2023\/02\/Download-123x116.jpeg 123w\" sizes=\"auto, (max-width: 210px) 100vw, 210px\" \/><\/a><\/div><h4 class=\"w-post-elm post_title usg_post_title_1 entry-title color_link_inherit\"><a href=\"https:\/\/johanneum-lueneburg.de\/wordpress\/2022\/03\/21\/mathematik-ohne-grenzen\/\">Mathematik ohne Grenzen<\/a><\/h4><div class=\"w-post-elm post_content usg_post_content_1\">\r\n<p>Der Wettbewerb \u201e<strong>Mathematik ohne Grenzen<\/strong>\u201c ist ein Wettbewerb f\u00fcr die Jahrgangsstufen 9 und 10. Die ganze Klasse muss innerhalb einer Doppelstunde 10 bzw. 13 Aufgaben richtig l\u00f6sen \u2013 hier ist Teamarbeit und gegenseitiges Helfen besonders wichtig.<\/p>\r\n\r\n\r\n\r\n<p>Termine: Dezember \/ Februar<\/p>\r\n<p><a href=\"https:\/\/www.schillerschule-hannover.de\/mathematik-ohne-grenzen\/\">https:\/\/www.schillerschule-hannover.de\/mathematik-ohne-grenzen\/<\/a><\/p>\r\n<\/div>\t\t<\/div>\n\t<\/article>\n\t<article class=\"w-grid-item size_1x1 custom-link post-9000 post type-post status-publish format-standard has-post-thumbnail hentry category-mathematik-wettbewerbe\" data-id=\"9000\">\n\t\t<div class=\"w-grid-item-h\">\n\t\t\t\t\t\t\t<a href=\"http:\/\/www.johanneum.eu\/texte\/seite.php?id=112121\"><\/a>\n\t\t\t\t\t\t<div class=\"w-post-elm post_image usg_post_image_1 has_width has_height\"><a href=\"https:\/\/johanneum-lueneburg.de\/wordpress\/2022\/03\/20\/kaenguru-wettbewerb\/\" aria-label=\"K\u00e4nguru-Wettbewerb\"><img loading=\"lazy\" decoding=\"async\" width=\"279\" height=\"300\" src=\"https:\/\/johanneum-lueneburg.de\/wordpress\/wp-content\/uploads\/2022\/03\/Bildschirmfoto-1-279x300.png\" class=\"attachment-medium size-medium wp-post-image\" alt=\"\" srcset=\"https:\/\/johanneum-lueneburg.de\/wordpress\/wp-content\/uploads\/2022\/03\/Bildschirmfoto-1-279x300.png 279w, https:\/\/johanneum-lueneburg.de\/wordpress\/wp-content\/uploads\/2022\/03\/Bildschirmfoto-1-108x116.png 108w, https:\/\/johanneum-lueneburg.de\/wordpress\/wp-content\/uploads\/2022\/03\/Bildschirmfoto-1.png 828w, https:\/\/johanneum-lueneburg.de\/wordpress\/wp-content\/uploads\/2022\/03\/Bildschirmfoto-1-372x400.png 372w\" sizes=\"auto, (max-width: 279px) 100vw, 279px\" \/><\/a><\/div><h4 class=\"w-post-elm post_title usg_post_title_1 entry-title color_link_inherit\"><a href=\"https:\/\/johanneum-lueneburg.de\/wordpress\/2022\/03\/20\/kaenguru-wettbewerb\/\">K\u00e4nguru-Wettbewerb<\/a><\/h4><div class=\"w-post-elm post_content usg_post_content_1\">\r\n<p>Der \u201e<strong>K\u00e4nguru<\/strong>\u201c-Wettbewerb ist ein Einzel-Wettbewerb f\u00fcr alle Jahrgangsstufen. Hier m\u00fcssen innerhalb von 75 Minuten m\u00f6glichst viele Aufgaben im Single-Choice-Verfahren gel\u00f6st werden.<\/p>\r\n\r\n\r\n\r\n<p>Termin: dritter Donnerstag im M\u00e4rz<\/p>\r\n<p>https:\/\/www.mathe-kaenguru.de\/<\/p>\r\n<\/div>\t\t<\/div>\n\t<\/article>\n<\/div><div class=\"w-grid-preloader\">\t<div class=\"g-preloader type_1\">\n\t\t<div><\/div>\n\t<\/div>\n\t<\/div>\t<div class=\"w-grid-json hidden\" onclick='return {&quot;action&quot;:&quot;us_ajax_grid&quot;,&quot;ajax_url&quot;:&quot;https:\\\/\\\/johanneum-lueneburg.de\\\/wordpress\\\/wp-admin\\\/admin-ajax.php&quot;,&quot;infinite_scroll&quot;:0,&quot;max_num_pages&quot;:1,&quot;pagination&quot;:&quot;none&quot;,&quot;template_vars&quot;:{&quot;columns&quot;:&quot;3&quot;,&quot;exclude_items&quot;:&quot;none&quot;,&quot;img_size&quot;:&quot;default&quot;,&quot;ignore_items_size&quot;:0,&quot;items_layout&quot;:&quot;9017&quot;,&quot;items_offset&quot;:&quot;1&quot;,&quot;load_animation&quot;:&quot;none&quot;,&quot;overriding_link&quot;:&quot;{\\&quot;url\\&quot;:\\&quot;\\&quot;}&quot;,&quot;post_id&quot;:0,&quot;query_args&quot;:{&quot;post_type&quot;:[&quot;post&quot;],&quot;tax_query&quot;:[{&quot;taxonomy&quot;:&quot;category&quot;,&quot;field&quot;:&quot;slug&quot;,&quot;terms&quot;:[&quot;mathematik-wettbewerbe&quot;]}],&quot;post_status&quot;:[&quot;publish&quot;],&quot;posts_per_page&quot;:&quot;10&quot;},&quot;orderby_query_args&quot;:{&quot;orderby&quot;:{&quot;date&quot;:&quot;DESC&quot;}},&quot;type&quot;:&quot;grid&quot;,&quot;us_grid_ajax_index&quot;:1,&quot;us_grid_filter_params&quot;:[],&quot;us_grid_index&quot;:1,&quot;_us_grid_post_type&quot;:&quot;post&quot;,&quot;page_args&quot;:[]}}'><\/div>\n\t<\/div><\/div><\/div><\/div><\/div><\/div><\/section>\n","protected":false},"excerpt":{"rendered":"Der \u201eK\u00e4nguru\u201c-Wettbewerb ist ein Einzel-Wettbewerb f\u00fcr alle Jahrgangsstufen. Hier m\u00fcssen innerhalb von 75 Minuten m\u00f6glichst viele Aufgaben im Single-Choice-Verfahren gel\u00f6st werden. Termin: dritter Donnerstag im M\u00e4rz https:\/\/www.mathe-kaenguru.de\/","protected":false},"author":1,"featured_media":0,"parent":0,"menu_order":0,"comment_status":"closed","ping_status":"closed","template":"","meta":{"footnotes":""},"class_list":["post-9439","page","type-page","status-publish","hentry"],"_links":{"self":[{"href":"https:\/\/johanneum-lueneburg.de\/wordpress\/wp-json\/wp\/v2\/pages\/9439","targetHints":{"allow":["GET"]}}],"collection":[{"href":"https:\/\/johanneum-lueneburg.de\/wordpress\/wp-json\/wp\/v2\/pages"}],"about":[{"href":"https:\/\/johanneum-lueneburg.de\/wordpress\/wp-json\/wp\/v2\/types\/page"}],"author":[{"embeddable":true,"href":"https:\/\/johanneum-lueneburg.de\/wordpress\/wp-json\/wp\/v2\/users\/1"}],"replies":[{"embeddable":true,"href":"https:\/\/johanneum-lueneburg.de\/wordpress\/wp-json\/wp\/v2\/comments?post=9439"}],"version-history":[{"count":12,"href":"https:\/\/johanneum-lueneburg.de\/wordpress\/wp-json\/wp\/v2\/pages\/9439\/revisions"}],"predecessor-version":[{"id":12067,"href":"https:\/\/johanneum-lueneburg.de\/wordpress\/wp-json\/wp\/v2\/pages\/9439\/revisions\/12067"}],"wp:attachment":[{"href":"https:\/\/johanneum-lueneburg.de\/wordpress\/wp-json\/wp\/v2\/media?parent=9439"}],"curies":[{"name":"wp","href":"https:\/\/api.w.org\/{rel}","templated":true}]}}