{"id":9411,"date":"2022-05-14T22:14:54","date_gmt":"2022-05-14T20:14:54","guid":{"rendered":"https:\/\/johanneum-lueneburg.de\/wordpress\/?page_id=9411"},"modified":"2023-09-11T14:37:38","modified_gmt":"2023-09-11T12:37:38","slug":"physik","status":"publish","type":"page","link":"https:\/\/johanneum-lueneburg.de\/wordpress\/physik\/","title":{"rendered":"Physik"},"content":{"rendered":"<p><iframe loading=\"lazy\" title=\"Vorstellung Physik\" width=\"640\" height=\"360\" src=\"https:\/\/www.youtube.com\/embed\/bjBu2ols258?feature=oembed\" frameborder=\"0\" allow=\"accelerometer; autoplay; clipboard-write; encrypted-media; gyroscope; picture-in-picture; web-share\" allowfullscreen><\/iframe><\/p>\n<p class=\"tiny_p\">Physik untersucht eine Vielzahl von ganz verschiedenen Naturvorg\u00e4ngen und erm\u00f6glicht ihr Verst\u00e4ndnis im Rahmen von grundlegenden \u201eGesetzen\u201c. Gleichzeitig flie\u00dfen die Ergebnisse physikalischer Forschung in die Entwicklung von technischen Hilfsmitteln ein und bestimmen damit unser allt\u00e4gliches Leben ganz wesentlich.<\/p>\n<div class=\"row two-col-right\">\n<div class=\"col-main col-md-9\">\n<p class=\"tiny_p\">Physikunterricht am Johanneum \u2013 das bedeutet, die Dinge aus erster Hand kennen zu lernen. Im Rahmen einer Vielzahl von selbst durchgef\u00fchrten Experimenten erkunden die Sch\u00fcler neue Ph\u00e4nomene, vertiefen bereits erworbene Kenntnisse und lernen so die Arbeitsweise von Physikern kennen. Die umfangreiche Physiksammlung des Johanneums h\u00e4lt daf\u00fcr alle ben\u00f6tigten Ger\u00e4te bereit und wird in ihrem Bestand konsequent weiterentwickelt, teilweise durch kreative Eigenbauten aus unserer Johanneums-eigenen \u201eIdeenschmiede\u201c.<\/p>\n<\/div>\n<\/div>\n<p class=\"tiny_p\">Auf diese Weise gelingt es uns, ein gr\u00fcndliches Verst\u00e4ndnis zentraler physikalischer Konzepte zu vermitteln und das Interesse der Sch\u00fcler f\u00fcr physikalische Fragestellungen zu wecken und zu f\u00f6rdern. Am Johanneum entscheiden sich regelm\u00e4\u00dfig viele Sch\u00fcler daf\u00fcr, das Fach Physik auch in der Kursstufe zu belegen. Daher k\u00f6nnen wir regelm\u00e4\u00dfig Kurse auf erh\u00f6htem und grundlegendem Niveau anbieten. F\u00fcr alle Sch\u00fcler, die ein besonderes Interesse an physikalischen Fragestellungen haben, gibt es im Rahmen verschiedener Arbeitsgemeinschaften oder durch die Teilnahme an von uns unterst\u00fctzten Wettbewerben die M\u00f6glichkeit, dieser Leidenschaft nachzugehen.<\/p>\n<section class=\"l-section wpb_row height_auto\"><div class=\"l-section-h i-cf\"><div class=\"g-cols vc_row via_flex valign_top type_default stacking_default\"><div class=\"vc_col-sm-4\/5 wpb_column vc_column_container\"><div class=\"vc_column-inner\"><div class=\"wpb_wrapper\"><div class=\"w-grid type_grid layout_9317 overflow_hidden\" id=\"us_grid_1\" style=\"--gap:1.5rem;\"><style>.layout_9317 .w-grid-item-h{}@media(max-width:599px){.layout_9317 .usg_post_content_1{display:none!important}}.layout_9317 .usg_post_image_1{width:50%!important}.layout_9317 .usg_vwrapper_1{width:50%!important;margin-right:0!important}.layout_9317 .usg_post_content_1{font-size:0.9rem!important;line-height:1.6!important;padding-right:1rem!important}@media (min-width:1025px) and (max-width:1280px){.layout_9317 .usg_post_image_1{width:50%!important}.layout_9317 .usg_vwrapper_1{width:50%!important;margin-right:0!important}.layout_9317 .usg_post_content_1{font-size:0.9rem!important;line-height:1.6!important;padding-right:1rem!important}}@media (min-width:463px) and (max-width:1024px){.layout_9317 .usg_post_image_1{width:50%!important}.layout_9317 .usg_vwrapper_1{width:50%!important;margin-right:0!important}.layout_9317 .usg_post_content_1{font-size:0.9rem!important;line-height:1.6!important;padding-right:1rem!important}}@media (max-width:462px){.layout_9317 .usg_post_image_1{width:50%!important}.layout_9317 .usg_vwrapper_1{width:50%!important;margin-right:0!important}.layout_9317 .usg_post_content_1{font-size:0.9rem!important;line-height:1.6!important;padding-right:1rem!important}}<\/style><div class=\"w-grid-list\">\t<article class=\"w-grid-item size_1x1 post-9467 post type-post status-publish format-standard has-post-thumbnail hentry category-fach\" data-id=\"9467\">\n\t\t<div class=\"w-grid-item-h\">\n\t\t\t\t\t\t<div class=\"w-hwrapper usg_hwrapper_1 align_none valign_top\"><div class=\"w-vwrapper usg_vwrapper_1 align_none valign_top\"><div class=\"w-post-elm post_content usg_post_content_1\"><ul>\n<li class=\"tiny_p\">\n<p class=\"tiny_p\">ab Jahrgang 5<\/p>\n<\/li>\n<li class=\"tiny_p\">\n<p class=\"tiny_p\">in Jahrgang 5, 6 und 9 epochal, d. h. halbj\u00e4hrig mit zwei Wochenstunden<\/p>\n<\/li>\n<li>\n<p class=\"tiny_p\">Oberstufe: stets Kurse auf grundlegendem und erh\u00f6htem Niveau<\/p>\n<\/li>\n<li>\n<p class=\"tiny_p\">Fachobmann: Christian Petersen (<a href=\"&#x6d;&#x61;&#x69;&#x6c;&#116;&#111;:ch&#x72;&#x69;&#x73;&#x74;&#105;&#97;n&#46;p&#x65;&#x74;&#x65;&#x72;&#115;&#101;&#110;&#64;j&#x6f;&#x68;&#x61;&#x6e;&#110;&#101;&#117;m-&#x6c;&#x67;&#x2e;&#x64;&#101;\">&#99;&#x68;r&#x69;&#x73;&#116;&#x69;a&#x6e;&#x2e;&#112;&#x65;t&#x65;&#x72;&#115;&#x65;n&#x40;&#x6a;&#111;&#x68;a&#x6e;&#x6e;&#101;&#x75;m&#x2d;&#x6c;&#103;&#x2e;d&#x65;<\/a>)<\/p>\n<\/li>\n<\/ul>\n<\/div><\/div><div class=\"w-post-elm post_image usg_post_image_1 has_width has_ratio\"><div style=\"padding-bottom:75%\"><\/div><a href=\"https:\/\/johanneum-lueneburg.de\/wordpress\/2022\/05\/17\/physik\/\" aria-label=\"Physik\"><img loading=\"lazy\" decoding=\"async\" width=\"1600\" height=\"1200\" src=\"https:\/\/johanneum-lueneburg.de\/wordpress\/wp-content\/uploads\/2022\/05\/20171214_131227-scaled.jpg\" class=\"attachment-full size-full wp-post-image\" alt=\"\" srcset=\"https:\/\/johanneum-lueneburg.de\/wordpress\/wp-content\/uploads\/2022\/05\/20171214_131227-scaled.jpg 1600w, https:\/\/johanneum-lueneburg.de\/wordpress\/wp-content\/uploads\/2022\/05\/20171214_131227-300x225.jpg 300w, https:\/\/johanneum-lueneburg.de\/wordpress\/wp-content\/uploads\/2022\/05\/20171214_131227-1024x768.jpg 1024w, https:\/\/johanneum-lueneburg.de\/wordpress\/wp-content\/uploads\/2022\/05\/20171214_131227-533x400.jpg 533w, https:\/\/johanneum-lueneburg.de\/wordpress\/wp-content\/uploads\/2022\/05\/20171214_131227-155x116.jpg 155w\" sizes=\"auto, (max-width: 1600px) 100vw, 1600px\" \/><\/a><\/div><\/div>\t\t<\/div>\n\t<\/article>\n<\/div><div class=\"w-grid-preloader\">\t<div class=\"g-preloader type_1\">\n\t\t<div><\/div>\n\t<\/div>\n\t<\/div>\t<div class=\"w-grid-json hidden\" onclick='return {&quot;action&quot;:&quot;us_ajax_grid&quot;,&quot;ajax_url&quot;:&quot;https:\\\/\\\/johanneum-lueneburg.de\\\/wordpress\\\/wp-admin\\\/admin-ajax.php&quot;,&quot;infinite_scroll&quot;:0,&quot;max_num_pages&quot;:1,&quot;pagination&quot;:&quot;none&quot;,&quot;template_vars&quot;:{&quot;columns&quot;:&quot;1&quot;,&quot;exclude_items&quot;:&quot;none&quot;,&quot;img_size&quot;:&quot;default&quot;,&quot;ignore_items_size&quot;:0,&quot;items_layout&quot;:&quot;9317&quot;,&quot;items_offset&quot;:&quot;1&quot;,&quot;load_animation&quot;:&quot;none&quot;,&quot;overriding_link&quot;:&quot;{\\&quot;url\\&quot;:\\&quot;\\&quot;}&quot;,&quot;post_id&quot;:0,&quot;query_args&quot;:{&quot;ignore_sticky_posts&quot;:1,&quot;post_type&quot;:&quot;any&quot;,&quot;post__in&quot;:[&quot;9467&quot;],&quot;posts_per_page&quot;:&quot;1&quot;},&quot;orderby_query_args&quot;:{&quot;orderby&quot;:{&quot;date&quot;:&quot;DESC&quot;}},&quot;type&quot;:&quot;grid&quot;,&quot;us_grid_ajax_index&quot;:1,&quot;us_grid_filter_params&quot;:[],&quot;us_grid_index&quot;:1,&quot;_us_grid_post_type&quot;:&quot;ids&quot;,&quot;page_args&quot;:[]}}'><\/div>\n\t<\/div><\/div><\/div><\/div><div class=\"vc_col-sm-1\/5 wpb_column vc_column_container\"><div class=\"vc_column-inner\"><div class=\"wpb_wrapper\"><\/div><\/div><\/div><\/div><\/div><\/section><section class=\"l-section wpb_row height_auto\"><div class=\"l-section-h i-cf\"><div class=\"g-cols vc_row via_flex valign_top type_default stacking_default\"><div class=\"vc_col-sm-12 wpb_column vc_column_container\"><div class=\"vc_column-inner\"><div class=\"wpb_wrapper\"><div class=\"w-separator size_small\"><\/div><div class=\"wpb_text_column\"><div class=\"wpb_wrapper\"><h2 class=\"tiny_p\"><strong>Curriculum<\/strong><\/h2>\n<p class=\"tiny_p\">Der Physikunterricht am Johanneum folgt dem nieders\u00e4chsischen Kerncurriculum f\u00fcr das Fach Physik an allgemeinbildenden Gymnasien f\u00fcr die\u00a0<a title=\"Sekundarstufe I (Jgstf. 5\u201310) (\u00f6ffnet neues Fenster)\" href=\"http:\/\/db2.nibis.de\/1db\/cuvo\/datei\/nw_gym_si_kc_druck.pdf\" target=\"_blank\" rel=\"noopener\">Sekundarstufe I (Jgstf. 5\u201310)<\/a>\u00a0bzw. die\u00a0<a title=\"Sekundarstufe I (Jgstf. 11\u201313) (\u00f6ffnet neues Fenster)\" href=\"http:\/\/db2.nibis.de\/1db\/cuvo\/datei\/ph_go_kc_druck_2017.pdf\" target=\"_blank\" rel=\"noopener\">Sekundarstufe II (Jgstf. 11\u201313)<\/a>.<\/p>\n<p class=\"tiny_p\">Das schulinterne Curriculum f\u00fcr die einzelnen Jahrgangsstufen wird derzeit \u00fcberarbeitet und folgt demn\u00e4chst.<\/p>\n<h2 class=\"tiny_p\"><strong>Arbeitsgemeinschaften und Projekte<\/strong><\/h2>\n<ul>\n<li class=\"tiny_p\"><a href=\"http:\/\/www.johanneum.eu\/texte\/seite.php?id=111895\"><em>Sch\u00fcler experimentieren<\/em>\u00a0und\u00a0<em>Jugend forscht<\/em><\/a><\/li>\n<li class=\"tiny_p\"><a title=\"Astronomie-AG\" href=\"http:\/\/www.johanneum.eu\/seite\/335519\/astronomie-ag.html\">Astronomie-AG<\/a><\/li>\n<li class=\"tiny_p\"><a title=\"Sch\u00fclerfirma JoJo energy\" href=\"http:\/\/www.johanneum.eu\/texte\/seite.php?id=115743\">Sch\u00fclerfirma\u00a0<em>JoJo energy<\/em><\/a><\/li>\n<li class=\"tiny_p\"><a title=\"Tu was \u2013 f\u00fcr Nachhaltigkeit und Klimaschutz\" href=\"http:\/\/www.johanneum.eu\/seite\/268763\/tu-was-f%C3%BCr-klimaschutz-und-nachhaltigkeit.html\">Tu was \u2013 f\u00fcr Nachhaltigkeit und Klimaschutz<\/a><\/li>\n<\/ul>\n<h2 class=\"tiny_p\"><strong>Wettbewerbe<\/strong><\/h2>\n<ul>\n<li class=\"tiny_p\">\n<p class=\"tiny_p\"><a href=\"http:\/\/www.mnu.de\/wettbewerbe\">Bundesweiter Wettbewerb Physik der MNU<\/a><\/p>\n<\/li>\n<li class=\"tiny_p\">\n<p class=\"tiny_p\"><a href=\"http:\/\/www.johanneum.eu\/seite\/111895\/jugend_forscht.html\">Jugend forscht<\/a>\u00a0(<a href=\"http:\/\/daten2.verwaltungsportal.de\/dateien\/seitengenerator\/50ebed5d90159340893bdfb9eaa275cc101063\/2019-02-10__regionalwettbewerb_-_ergebnisse.pdf\">Ergebnisse vom Regionalwettbewerb 2019<\/a>)<\/p>\n<\/li>\n<li class=\"tiny_p\">\n<p class=\"tiny_p\"><a href=\"https:\/\/www.studienberatung.uni-hannover.de\/bigbangchallenge.html\">Big Bang Challenge<\/a>\u00a0der Universit\u00e4t Hannover<\/p>\n<\/li>\n<\/ul>\n<\/div><\/div><\/div><\/div><\/div><\/div><\/div><\/section>\n","protected":false},"excerpt":{"rendered":"<p>Physik untersucht eine Vielzahl von ganz verschiedenen Naturvorg\u00e4ngen und erm\u00f6glicht ihr Verst\u00e4ndnis im Rahmen von grundlegenden \u201eGesetzen\u201c. Gleichzeitig flie\u00dfen die Ergebnisse physikalischer Forschung in die Entwicklung von technischen Hilfsmitteln ein und bestimmen damit unser allt\u00e4gliches Leben ganz wesentlich. Physikunterricht am Johanneum \u2013 das bedeutet, die Dinge aus erster Hand kennen zu lernen. Im Rahmen einer&#8230;<\/p>\n","protected":false},"author":4,"featured_media":0,"parent":0,"menu_order":0,"comment_status":"closed","ping_status":"closed","template":"","meta":{"footnotes":""},"class_list":["post-9411","page","type-page","status-publish","hentry"],"_links":{"self":[{"href":"https:\/\/johanneum-lueneburg.de\/wordpress\/wp-json\/wp\/v2\/pages\/9411","targetHints":{"allow":["GET"]}}],"collection":[{"href":"https:\/\/johanneum-lueneburg.de\/wordpress\/wp-json\/wp\/v2\/pages"}],"about":[{"href":"https:\/\/johanneum-lueneburg.de\/wordpress\/wp-json\/wp\/v2\/types\/page"}],"author":[{"embeddable":true,"href":"https:\/\/johanneum-lueneburg.de\/wordpress\/wp-json\/wp\/v2\/users\/4"}],"replies":[{"embeddable":true,"href":"https:\/\/johanneum-lueneburg.de\/wordpress\/wp-json\/wp\/v2\/comments?post=9411"}],"version-history":[{"count":44,"href":"https:\/\/johanneum-lueneburg.de\/wordpress\/wp-json\/wp\/v2\/pages\/9411\/revisions"}],"predecessor-version":[{"id":14904,"href":"https:\/\/johanneum-lueneburg.de\/wordpress\/wp-json\/wp\/v2\/pages\/9411\/revisions\/14904"}],"wp:attachment":[{"href":"https:\/\/johanneum-lueneburg.de\/wordpress\/wp-json\/wp\/v2\/media?parent=9411"}],"curies":[{"name":"wp","href":"https:\/\/api.w.org\/{rel}","templated":true}]}}