{"id":9158,"date":"2022-05-06T19:03:06","date_gmt":"2022-05-06T17:03:06","guid":{"rendered":"https:\/\/johanneum-lueneburg.de\/wordpress\/?page_id=9158"},"modified":"2025-09-16T16:29:11","modified_gmt":"2025-09-16T14:29:11","slug":"elternmitarbeit-an-unserer-schule","status":"publish","type":"page","link":"https:\/\/johanneum-lueneburg.de\/wordpress\/elternmitarbeit-an-unserer-schule\/","title":{"rendered":"Elternmitarbeit an unserer Schule"},"content":{"rendered":"<section class=\"l-section wpb_row height_auto\"><div class=\"l-section-h i-cf\"><div class=\"g-cols vc_row via_flex valign_top type_default stacking_default\"><div class=\"vc_col-sm-12 wpb_column vc_column_container\"><div class=\"vc_column-inner\"><div class=\"wpb_wrapper\"><div class=\"wpb_text_column\"><div class=\"wpb_wrapper\"><p id=\"E289\" class=\"x-scope qowt-word-para-1\"><span id=\"E290\">Herzlich willkommen <\/span><span id=\"E291\">am Johanneum. Wir freuen uns dar\u00fcber, dass Ihr Euch mit Eurem Kind <\/span><span id=\"E292\">f\u00fcr unsere Schule entschieden hab<\/span><span id=\"E293\">t<\/span><span id=\"E294\">.<\/span><\/p>\n<p id=\"E295\" class=\"x-scope qowt-word-para-1\"><span id=\"E296\">Liebe Eltern!<\/span><\/p>\n<p id=\"E297\" class=\"x-scope qowt-word-para-1\"><span id=\"E298\">A<\/span><span id=\"E299\">m Johanneum<\/span><span id=\"E300\"> spielt <\/span><span id=\"E301\">gute <\/span><span id=\"E302\">Elternarbeit eine gro\u00dfe Rolle.<\/span><\/p>\n<p id=\"E303\" class=\"x-scope qowt-word-para-1\"><span id=\"E304\">Traditionell ist die Kommunikation zwischen den Elternvertretern und die Informationsweitergabe an alle Eltern am Johanneum auf einem hohen Niveau. Viermal im Jahr finden die Sitzungen des Schulelternrates statt, dessen Ergebnisse direkt gut aufbereitet an alle Eltern weitergegeben werden. <\/span><span id=\"E305\">Dabei geht der Schulelternrat sorgsam mit der Zeit aller Elternvertreter um: Die gut organisierten <\/span><span id=\"E306\">und zielorientierten <\/span><span id=\"E307\">Sitzungen enden <\/span><span id=\"E308\">beispielsweise <\/span><span id=\"E309\">verl\u00e4sslich <\/span><span id=\"E310\">sp\u00e4testens <\/span><span id=\"E311\">um 21:00.<\/span><span id=\"E312\"> <\/span><span id=\"E314\"><br \/>\n<\/span><span id=\"E315\">Regelm\u00e4\u00dfig werden alle Eltern vom Schulelternrat eingeladen sich in kurzen Umfragen zu aktuellen Themen einzubringen. So werden alle Eltern innerhalb der Schulgemeinschaft bei anstehenden Entscheidungen mitgenommen.<\/span><\/p>\n<p id=\"E316\" class=\"x-scope qowt-word-para-1\"><span id=\"E317\">Unsere hervorragende <\/span><span id=\"E318\">Basis der Elternarbeit<\/span><span id=\"E319\"> sind die Elternvertreter<\/span><span id=\"E320\"> der einzelnen Klassen. Hier sind wir besonders stolz darauf in jedem Schuljahr wieder neue Eltern als Ehrenamtliche begr\u00fc\u00dfen zu k\u00f6nnen, die sich oft durch gute Kommunikation und Organisationsf\u00e4higkeit auszeichnen<\/span><span id=\"E321\">. Alle zwei Jahre werden aus jeder Klasse zwei Klassenelternvertreter sowie drei Elternvertreter und drei Ersatzvertreter f\u00fcr die Klassenkonferenzen f\u00fcr zwei Jahre gew\u00e4hlt. Die Aufgabe der Klassenelternvertreter ist es, die Elternabende, die mindestens einmal im Halbjahr abgehalten werden, zu planen und durchzuf\u00fchren<\/span><span id=\"E322\"> und <\/span><span id=\"E323\">die Eltern bei den Sitzungen des Schulelternrats zu vertreten und an dessen Arbeit teilzunehmen. <\/span><\/p>\n<\/div><\/div><\/div><\/div><\/div><\/div><\/div><\/section><section class=\"l-section wpb_row height_auto\"><div class=\"l-section-h i-cf\"><div class=\"g-cols vc_row via_flex valign_top type_default stacking_default\"><div class=\"vc_col-sm-12 wpb_column vc_column_container\"><div class=\"vc_column-inner\"><div class=\"wpb_wrapper\"><div class=\"w-separator size_medium\"><\/div><\/div><\/div><\/div><\/div><\/div><\/section><section class=\"l-section wpb_row height_auto\"><div class=\"l-section-h i-cf\"><div class=\"g-cols vc_row via_flex valign_top type_default stacking_default\"><div class=\"vc_col-sm-12 wpb_column vc_column_container\"><div class=\"vc_column-inner\"><div class=\"wpb_wrapper\"><div class=\"wpb_text_column\"><div class=\"wpb_wrapper\"><div id=\"contentsContainer\" class=\"style-scope qowt-page\">\n<div id=\"contents\" class=\"style-scope qowt-page\">\n<p id=\"E324\" class=\"x-scope qowt-word-para-1\"><strong><span id=\"E325\">Viele Elternvertreter leisten aktive Mitarbeit u. a. in folgenden Gremien:<\/span><\/strong><\/p>\n<ul>\n<li id=\"E326\" class=\"qowt-li-0_0 qowt-list x-scope qowt-word-para-1\" role=\"listitem\" aria-roledescription=\"Bullet\"><span id=\"E327\">Schulelternrat<\/span><\/li>\n<li id=\"E328\" class=\"qowt-li-0_0 qowt-list x-scope qowt-word-para-1\" role=\"listitem\" aria-roledescription=\"Bullet\"><span id=\"E329\">Elternvertreter im Schulvorstand<\/span><\/li>\n<li id=\"E330\" class=\"qowt-li-0_0 qowt-list x-scope qowt-word-para-1\" role=\"listitem\" aria-roledescription=\"Bullet\"><span id=\"E331\">Elternvertreter im Schulentwicklungsausschuss<\/span><\/li>\n<li id=\"E332\" class=\"qowt-li-0_0 qowt-list x-scope qowt-word-para-1\" role=\"listitem\" aria-roledescription=\"Bullet\"><span id=\"E333\">Elternvertreter in Gesamtkonferenzen<\/span><\/li>\n<li id=\"E334\" class=\"qowt-li-0_0 qowt-list x-scope qowt-word-para-1\" role=\"listitem\" aria-roledescription=\"Bullet\"><span id=\"E335\">Elternvertreter in Klassenkonferenzen<\/span><\/li>\n<li class=\"qowt-li-0_0 qowt-list x-scope qowt-word-para-1\" role=\"listitem\" aria-roledescription=\"Bullet\">Elternvertreter in Fachkonferenzen<\/li>\n<li class=\"qowt-li-0_0 qowt-list x-scope qowt-word-para-1\" role=\"listitem\" aria-roledescription=\"Bullet\">Energie- und Umweltausschuss<\/li>\n<li class=\"qowt-li-0_0 qowt-list x-scope qowt-word-para-1\" role=\"listitem\" aria-roledescription=\"Bullet\">Evaluationsausschuss<\/li>\n<li class=\"qowt-li-0_0 qowt-list x-scope qowt-word-para-1\" role=\"listitem\" aria-roledescription=\"Bullet\">F\u00f6rderverein<\/li>\n<\/ul>\n<p id=\"E344\" class=\"qowt-li-0_0 qowt-list x-scope qowt-word-para-1\" role=\"listitem\" aria-roledescription=\"Bullet\"><strong><span id=\"E345\">Arbeits-, Organisations- und Projektgruppen, wie z.B.:<\/span><\/strong><\/p>\n<ul>\n<li id=\"E346\" class=\"qowt-li-0_1 qowt-list x-scope qowt-word-para-1\" role=\"listitem\" aria-roledescription=\"Bullet\"><span id=\"E347\">Mitgestaltung des Schulprogramms<\/span><\/li>\n<li class=\"qowt-li-0_1 qowt-list x-scope qowt-word-para-1\" role=\"listitem\" aria-roledescription=\"Bullet\"><span id=\"E350\">Berufsinformationsb\u00f6rse<\/span><\/li>\n<li class=\"qowt-li-0_1 qowt-list x-scope qowt-word-para-1\" role=\"listitem\" aria-roledescription=\"Bullet\">Bauausschuss<\/li>\n<\/ul>\n<\/div>\n<\/div>\n<div id=\"contentsContainer\" class=\"style-scope qowt-page\">\n<div id=\"contents\" class=\"style-scope qowt-page\">\n<p>&nbsp;<\/p>\n<p id=\"E354\" class=\"x-scope qowt-word-para-1\"><span id=\"E355\">Und nat\u00fcrlich gibt es <\/span><span id=\"E356\">f\u00fcr alle Eltern <\/span><span id=\"E357\">gen\u00fcgend weitere <\/span><span id=\"E358\">M\u00f6glichkeiten, sich <\/span><span id=\"E359\">auch ohne Gremienarbeit einfach <\/span><span id=\"E360\">am Schulleben zu beteiligen. <\/span><span id=\"E361\">Ihr k\u00f6nnt beispielsweise <\/span><span id=\"E362\">bei Veranstaltungen mit Kuchenspenden<\/span><span id=\"E363\"> oder Mithilfe bei der Buffetorganisation helfen.<\/span><span id=\"E364\"> Wenn <\/span><span id=\"E365\">Ihr Euch <\/span><span id=\"E366\">f\u00fcr ein bestimmtes Thema oder Projekt interessier<\/span><span id=\"E367\">t, <\/span><span id=\"E368\">melde<\/span><span id=\"E369\">t Euch <\/span><span id=\"E370\">direkt <\/span><span id=\"E371\">bei den Lehrkr\u00e4ften oder beim <\/span><span id=\"E373\">SER Vorstand<\/span><span id=\"E375\">.<\/span><span id=\"E376\"> <\/span><\/p>\n<\/div>\n<\/div>\n<\/div><\/div><\/div><\/div><\/div><\/div><\/div><\/section><section class=\"l-section wpb_row height_auto\"><div class=\"l-section-h i-cf\"><div class=\"g-cols vc_row via_flex valign_top type_default stacking_default\"><div class=\"vc_col-sm-12 wpb_column vc_column_container\"><div class=\"vc_column-inner\"><div class=\"wpb_wrapper\"><div class=\"wpb_text_column\"><div class=\"wpb_wrapper\"><p id=\"E377\" class=\"x-scope qowt-word-para-2\"><span id=\"E378\">Wir Eltern sind am Johanneum <\/span><span id=\"E379\">\u00fcbrigens <\/span><span id=\"E380\">per Du.<\/span><\/p>\n<p id=\"E381\" class=\"x-scope qowt-word-para-1\"><span id=\"E383\">Eurer Vorstand<\/span><span id=\"E385\"> im Schulelternrat<\/span><\/p>\n<p id=\"E387\" class=\"x-scope qowt-word-para-1\"><span id=\"E388\">Ihr erreicht uns unter: <\/span><span id=\"E389\">&#115;&#x65;&#x72;&#46;&#118;&#x6f;&#x72;s&#116;&#x61;n&#100;&#x40;&#x6a;o&#104;&#x61;n&#110;&#x65;&#x75;m&#45;&#x6c;&#x67;&#46;&#x64;&#x65;<\/span><\/p>\n<\/div><\/div><\/div><\/div><\/div><\/div><\/div><\/section>\n","protected":false},"excerpt":{"rendered":"Herzlich willkommen am Johanneum. Wir freuen uns dar\u00fcber, dass Ihr Euch mit Eurem Kind f\u00fcr unsere Schule entschieden habt. Liebe Eltern! Am Johanneum spielt gute Elternarbeit eine gro\u00dfe Rolle. Traditionell ist die Kommunikation zwischen den Elternvertretern und die Informationsweitergabe an alle Eltern am Johanneum auf einem hohen Niveau. Viermal im Jahr finden die Sitzungen des...","protected":false},"author":2,"featured_media":0,"parent":0,"menu_order":0,"comment_status":"closed","ping_status":"closed","template":"","meta":{"footnotes":""},"class_list":["post-9158","page","type-page","status-publish","hentry"],"_links":{"self":[{"href":"https:\/\/johanneum-lueneburg.de\/wordpress\/wp-json\/wp\/v2\/pages\/9158","targetHints":{"allow":["GET"]}}],"collection":[{"href":"https:\/\/johanneum-lueneburg.de\/wordpress\/wp-json\/wp\/v2\/pages"}],"about":[{"href":"https:\/\/johanneum-lueneburg.de\/wordpress\/wp-json\/wp\/v2\/types\/page"}],"author":[{"embeddable":true,"href":"https:\/\/johanneum-lueneburg.de\/wordpress\/wp-json\/wp\/v2\/users\/2"}],"replies":[{"embeddable":true,"href":"https:\/\/johanneum-lueneburg.de\/wordpress\/wp-json\/wp\/v2\/comments?post=9158"}],"version-history":[{"count":6,"href":"https:\/\/johanneum-lueneburg.de\/wordpress\/wp-json\/wp\/v2\/pages\/9158\/revisions"}],"predecessor-version":[{"id":24046,"href":"https:\/\/johanneum-lueneburg.de\/wordpress\/wp-json\/wp\/v2\/pages\/9158\/revisions\/24046"}],"wp:attachment":[{"href":"https:\/\/johanneum-lueneburg.de\/wordpress\/wp-json\/wp\/v2\/media?parent=9158"}],"curies":[{"name":"wp","href":"https:\/\/api.w.org\/{rel}","templated":true}]}}