{"id":9089,"date":"2022-04-28T14:55:21","date_gmt":"2022-04-28T12:55:21","guid":{"rendered":"https:\/\/johanneum-lueneburg.de\/wordpress\/?page_id=9089"},"modified":"2025-08-29T12:17:14","modified_gmt":"2025-08-29T10:17:14","slug":"nachhilfe-boerse","status":"publish","type":"page","link":"https:\/\/johanneum-lueneburg.de\/wordpress\/nachhilfe-boerse\/","title":{"rendered":"Nachhilfe-B\u00f6rse"},"content":{"rendered":"<section class=\"l-section wpb_row height_auto\"><div class=\"l-section-h i-cf\"><div class=\"g-cols vc_row via_flex valign_top type_default stacking_default\"><div class=\"vc_col-sm-12 wpb_column vc_column_container\"><div class=\"vc_column-inner\"><div class=\"wpb_wrapper\"><div class=\"wpb_text_column\"><div class=\"wpb_wrapper\"><p><strong>Die Nachhilfeb\u00f6rse soll eine M\u00f6glichkeit darstellen, einen schnelleren und besseren Kontakt zwischen nachhilfesuchendem Sch\u00fcler (\u201eNachhilfesch\u00fcler\u201c) und nachhilfegebendem Sch\u00fcler (\u201eAnbieter\u201c) herzustellen.<\/strong><\/p>\n<p>Die Schule legt dazu zu Beginn jedes Halbjahres eine\u00a0<strong>Kartei<\/strong>\u00a0mit denjenigen Sch\u00fclern an, die Nachhilfe geben wollen. In den letzten Jahren haben wir zwischen 60 und 80 Sch\u00fcler der Jahrgangsstufen 8\u201313\u00a0in dieser Kartei gehabt, die in den unterschiedlichsten F\u00e4chern Nachhilfe angeboten haben.<\/p>\n<p>Auf diese Kartei kann ein Sch\u00fcler, der Nachhilfe sucht, indirekt \u00fcber den Fachlehrer zugreifen. Anschlie\u00dfend nimmt der nachhilfesuchende Sch\u00fcler\u00a0<strong>selbstst\u00e4ndig<\/strong> \u00fcber Telefon oder E-Mail Kontakt mit dem nachhilfegebenden Sch\u00fcler auf. Auf die Zeit, den Ort und die Bezahlung der Nachhilfe nimmt die Schule keinen Einfluss mehr, diese Bedingungen werden privat ausgemacht. Als Richtwert f\u00fcr eine angemessene Bezahlung finden wir 8 Euro pro Stunde angemessen.<\/p>\n<\/div><\/div><div class=\"w-separator size_medium\"><\/div><\/div><\/div><\/div><\/div><\/div><\/section><section class=\"l-section wpb_row height_auto\"><div class=\"l-section-h i-cf\"><div class=\"g-cols vc_row via_flex valign_top type_default stacking_default\"><div class=\"vc_col-sm-12 wpb_column vc_column_container\"><div class=\"vc_column-inner\"><div class=\"wpb_wrapper\"><div class=\"w-tabs style_default switch_click accordion has_scrolling\" style=\"--sections-title-size:inherit\"><div class=\"w-tabs-sections titles-align_none icon_chevron cpos_right\"><div class=\"w-tabs-section\" id=\"ef88\"><button class=\"w-tabs-section-header\" aria-controls=\"content-ef88\" aria-expanded=\"false\"><div class=\"w-tabs-section-title\">Anleitung f\u00fcr Anbieter<\/div><div class=\"w-tabs-section-control\"><\/div><\/button><div  class=\"w-tabs-section-content\" id=\"content-ef88\"><div class=\"w-tabs-section-content-h i-cf\"><div class=\"wpb_text_column\"><div class=\"wpb_wrapper\"><p class=\"tiny_p\"><strong>Wer kann Nachhilfe anbieten?<\/strong><\/p>\n<p class=\"tiny_p\">Jeder, der sich kompetent in einem Fach f\u00fchlt und gerne Anderen etwas erkl\u00e4rt, kann Nachhilfe anbieten.<\/p>\n<p class=\"tiny_p\"><strong>Was muss ich tun, um an der Nachhilfeb\u00f6rse teilzunehmen?<\/strong><\/p>\n<ol>\n<li>Lade dir das Anmeldeformular von der Homepage des Johanneums herunter und drucke es aus. Alternativ kannst du dir auch ein Anmeldeformular bei Frau Stuhlmacher im Sekretariat abholen.<\/li>\n<li>F\u00fclle das Anmeldeformular gut leserlich mit Druckbuchstaben aus und unterschreibe es. Beachte: Je mehr Termine du angibst, desto wahrscheinlicher ist es nat\u00fcrlich auch, dass es zu einem Kontakt kommt!<\/li>\n<li>Gib das Anmeldeformular im Lehrerzimmer bei Herrn F\u00fcgener ab.<\/li>\n<li>Willst du mehr als einen Nachhilfesch\u00fcler unterrichten, f\u00fclle weitere Anmeldeformulare aus und gib sie ab (Anzahl der gew\u00fcnschten Nachhilfesch\u00fcler = Anzahl der abgegebenen Formulare).<\/li>\n<\/ol>\n<p class=\"tiny_p\"><strong>Wie kommt es zu einem Kontakt?<\/strong><\/p>\n<p class=\"tiny_p\">Im Prinzip musst du nur abwarten, bis du per Telefon, E-Mail oder pers\u00f6nlich kontaktiert wirst. Das kann gleich in den ersten Wochen sein, vielleicht aber auch erst viel sp\u00e4ter. Die weiteren Dinge, z.B. wann und wo ihr euch trefft, wie oft ihr euch trefft und wie viel Geld du bekommst, musst du dann pers\u00f6nlich mit dem Nachhilfesch\u00fcler ausmachen. Als Richtwert bei der Bezahlung finden wir 7 Euro pro Stunde (je nach ben\u00f6tigter Vorbereitungszeit, Einsatz von dir, etc.) angemessen.<\/p>\n<p class=\"tiny_p\"><strong>Ich hatte einen Nachhilfesch\u00fcler, die Nachhilfe ist aber beendet. Muss ich das jemandem mitteilen?<\/strong><\/p>\n<p class=\"tiny_p\">Jein! Wenn du wieder als Anbieter zur Verf\u00fcgung stehen willst, musst du dich an Herrn F\u00fcgener wenden und ihm mitteilen, dass du wieder \u201efrei\u201c bist. Wenn du keine Lust mehr hast, Nachhilfe zu geben, brauchst du nichts zu machen.<\/p>\n<p class=\"tiny_p\"><strong>Muss ich das Formular zum Halbjahr erneuern?<\/strong><\/p>\n<p class=\"tiny_p\">Jein! Falls sich dein Stundenplan so ge\u00e4ndert hat, dass du jetzt an anderen Wochentagen kannst als vorher, dann ja! Wende dich mit dem neu ausgef\u00fcllten Formular an Herrn F\u00fcgener. Falls alles beim Alten geblieben ist und du nichts \u00e4ndern willst, dann nein.<\/p>\n<p class=\"tiny_p\"><strong>Ich habe keine Zeit mehr. Kann ich aus der Nachhilfeb\u00f6rse auch aussteigen?<\/strong><\/p>\n<p class=\"tiny_p\">Ja. Falls du z.B. einen anderen Job angenommen hast oder aus anderen Gr\u00fcnden keine Zeit mehr hast, Nachhilfe anzubieten, musst du lediglich Herrn F\u00fcgener bitten, dein Anmeldeformular aus der Kartei zu nehmen.<\/p>\n<\/div><\/div><\/div><\/div><\/div><div class=\"w-tabs-section\" id=\"p0b7\"><button class=\"w-tabs-section-header\" aria-controls=\"content-p0b7\" aria-expanded=\"false\"><div class=\"w-tabs-section-title\">Anleitung f\u00fcr Nachhilfesch\u00fcler<\/div><div class=\"w-tabs-section-control\"><\/div><\/button><div  class=\"w-tabs-section-content\" id=\"content-p0b7\"><div class=\"w-tabs-section-content-h i-cf\"><div class=\"wpb_text_column\"><div class=\"wpb_wrapper\"><p class=\"tiny_p\"><strong>Was muss ich tun, wenn ich in einem Fach Nachhilfe nehmen will?<\/strong><\/p>\n<ol>\n<li>Wende dich an deinen jeweiligen Fachlehrer und bitte ihn, f\u00fcr dich in der Kartei nach passenden Anbietern nachzuschauen.<\/li>\n<li>Dein Fachlehrer wird dir in den n\u00e4chsten Tagen m\u00f6gliche Sch\u00fcler heraussuchen und dir deren Anmeldeformulare mitbringen. Hier triffst du noch in der Schule eine Vorauswahl (Junge\/M\u00e4dchen, kennst du vielleicht jemanden von ihnen, passt es zeitlich, \u2026).<\/li>\n<li>Von den Sch\u00fclern, mit denen du dir eine Nachhilfe vorstellen kannst, schreibst du dir Namen, Klasse, Telefonnummer und E-Mail-Adresse ab. Die Anmeldeformulare bleiben beim Lehrer.<\/li>\n<li>Nimm m\u00f6glichst schnell Kontakt zu den Sch\u00fclern auf (entweder suchst du sie in der Schule auf oder du rufst sie an oder du schreibst ihnen eine E-Mail).<\/li>\n<li>Teile deinem Fachlehrer mit, mit welchem Sch\u00fcler du die Nachhilfe vereinbart hast. Sollte es nicht geklappt haben, teile dies bitte auch m\u00f6glichst schnell deinem Fachlehrer mit.<\/li>\n<\/ol>\n<p class=\"tiny_p\"><strong>Wie lange muss ich Nachhilfe nehmen?<\/strong><\/p>\n<p class=\"tiny_p\">So lange, wie du es ausmachst.<\/p>\n<p class=\"tiny_p\"><strong>Was muss ich tun, wenn die Nachhilfe beendet ist?<\/strong><\/p>\n<p class=\"tiny_p\">Nichts.<\/p>\n<\/div><\/div><\/div><\/div><\/div><div class=\"w-tabs-section\" id=\"h20f\"><button class=\"w-tabs-section-header\" aria-controls=\"content-h20f\" aria-expanded=\"false\"><div class=\"w-tabs-section-title\">Anleitung f\u00fcr Lehrer<\/div><div class=\"w-tabs-section-control\"><\/div><\/button><div  class=\"w-tabs-section-content\" id=\"content-h20f\"><div class=\"w-tabs-section-content-h i-cf\"><div class=\"wpb_text_column\"><div class=\"wpb_wrapper\"><p class=\"tiny_p\"><strong>Was muss ich tun, wenn ich von einem Sch\u00fcler angesprochen werde, der Nachhilfe haben will?<\/strong><\/p>\n<ol>\n<li>Sie gehen in die Lehrerbibliothek, dort steht ein blauer Ordner mit der Aufschrift \u201eNachhilfe-B\u00f6rse\u201c. In ihm suchen sie unter den \u201efreien\u201c Anbietern nach geeigneten Kandidaten und nehmen Sie diese Anmeldeformulare aus dem Ordner heraus.<\/li>\n<li>Zeigen Sie die m\u00f6glichen Kandidaten dem Sch\u00fcler, der Sie gefragt hat. Er kann sich Namen, Telefonnummer, etc. dieser Anbieter notieren. Wichtig: Das Original-Anmeldeformular bleibe bei Ihnen! Lassen Sie es bitte bei sich, bis der Nachhilfesch\u00fcler Ihnen mitteilt, dass \u2026<\/li>\n<\/ol>\n<ul>\n<li style=\"list-style-type: none;\">\n<ul>\n<li>\u2026 er einen Anbieter ausgew\u00e4hlt hat. Das Anmeldeformular dieses Sch\u00fclers f\u00fcllen Sie im unteren Bereich aus und sortieren es im Ordner unter \u201ebesetzt\u201c zur\u00fcck, die anderen unter \u201efrei\u201c.<\/li>\n<li>\u2026 keine Nachhilfe vermittelt wurde. In diesem Fall sortiere Sie s\u00e4mtliche Anmeldeformulare zur\u00fcck unter \u201efrei\u201c.<\/li>\n<\/ul>\n<\/li>\n<\/ul>\n<p class=\"tiny_p\"><strong>Was muss ich weiterhin tun?<\/strong><\/p>\n<p class=\"tiny_p\">Was die Hausaufgaben-B\u00f6rse betrifft: Nichts.<\/p>\n<\/div><\/div><\/div><\/div><\/div><\/div><\/div><\/div><\/div><\/div><\/div><\/div><\/section><section class=\"l-section wpb_row height_auto\"><div class=\"l-section-h i-cf\"><div class=\"g-cols vc_row via_flex valign_top type_default stacking_default\"><div class=\"vc_col-sm-12 wpb_column vc_column_container\"><div class=\"vc_column-inner\"><div class=\"wpb_wrapper\"><div class=\"w-separator size_medium\"><\/div><\/div><\/div><\/div><\/div><\/div><\/section><section class=\"l-section wpb_row height_auto\"><div class=\"l-section-h i-cf\"><div class=\"g-cols vc_row via_flex valign_top type_default stacking_default\"><div class=\"vc_col-sm-4 wpb_column vc_column_container\"><div class=\"vc_column-inner\"><div class=\"wpb_wrapper\"><\/div><\/div><\/div><div class=\"vc_col-sm-4 wpb_column vc_column_container\"><div class=\"vc_column-inner\"><div class=\"wpb_wrapper\"><div class=\"w-btn-wrapper align_none\"><a class=\"w-btn us-btn-style_1 us_custom_eb849559 icon_atleft\" target=\"_blank\" rel=\"nofollow\" href=\"https:\/\/johanneum-lueneburg.de\/wordpress\/wp-content\/uploads\/2025\/08\/Anmeldebogen-Nachhilfe-Boerse.pdf\"><i class=\"fas fa-file-pdf\"><\/i><span class=\"w-btn-label\">Anmeldeformular<\/span><\/a><\/div><\/div><\/div><\/div><div class=\"vc_col-sm-4 wpb_column vc_column_container\"><div class=\"vc_column-inner\"><div class=\"wpb_wrapper\"><\/div><\/div><\/div><\/div><\/div><\/section>","protected":false},"excerpt":{"rendered":"Die Nachhilfeb\u00f6rse soll eine M\u00f6glichkeit darstellen, einen schnelleren und besseren Kontakt zwischen nachhilfesuchendem Sch\u00fcler (\u201eNachhilfesch\u00fcler\u201c) und nachhilfegebendem Sch\u00fcler (\u201eAnbieter\u201c) herzustellen. Die Schule legt dazu zu Beginn jedes Halbjahres eine\u00a0Kartei\u00a0mit denjenigen Sch\u00fclern an, die Nachhilfe geben wollen. In den letzten Jahren haben wir zwischen 60 und 80 Sch\u00fcler der Jahrgangsstufen 8\u201313\u00a0in dieser Kartei gehabt, die in...","protected":false},"author":2,"featured_media":0,"parent":0,"menu_order":0,"comment_status":"closed","ping_status":"closed","template":"","meta":{"footnotes":""},"class_list":["post-9089","page","type-page","status-publish","hentry"],"_links":{"self":[{"href":"https:\/\/johanneum-lueneburg.de\/wordpress\/wp-json\/wp\/v2\/pages\/9089","targetHints":{"allow":["GET"]}}],"collection":[{"href":"https:\/\/johanneum-lueneburg.de\/wordpress\/wp-json\/wp\/v2\/pages"}],"about":[{"href":"https:\/\/johanneum-lueneburg.de\/wordpress\/wp-json\/wp\/v2\/types\/page"}],"author":[{"embeddable":true,"href":"https:\/\/johanneum-lueneburg.de\/wordpress\/wp-json\/wp\/v2\/users\/2"}],"replies":[{"embeddable":true,"href":"https:\/\/johanneum-lueneburg.de\/wordpress\/wp-json\/wp\/v2\/comments?post=9089"}],"version-history":[{"count":17,"href":"https:\/\/johanneum-lueneburg.de\/wordpress\/wp-json\/wp\/v2\/pages\/9089\/revisions"}],"predecessor-version":[{"id":23808,"href":"https:\/\/johanneum-lueneburg.de\/wordpress\/wp-json\/wp\/v2\/pages\/9089\/revisions\/23808"}],"wp:attachment":[{"href":"https:\/\/johanneum-lueneburg.de\/wordpress\/wp-json\/wp\/v2\/media?parent=9089"}],"curies":[{"name":"wp","href":"https:\/\/api.w.org\/{rel}","templated":true}]}}