{"id":9086,"date":"2022-04-28T14:47:12","date_gmt":"2022-04-28T12:47:12","guid":{"rendered":"https:\/\/johanneum-lueneburg.de\/wordpress\/?page_id=9086"},"modified":"2023-09-13T12:12:18","modified_gmt":"2023-09-13T10:12:18","slug":"sst","status":"publish","type":"page","link":"https:\/\/johanneum-lueneburg.de\/wordpress\/sst\/","title":{"rendered":"Sch\u00fclersprecher-Team (SST)"},"content":{"rendered":"<section class=\"l-section wpb_row height_auto\"><div class=\"l-section-h i-cf\"><div class=\"g-cols vc_row via_flex valign_top type_default stacking_default\"><div class=\"vc_col-sm-12 wpb_column vc_column_container\"><div class=\"vc_column-inner\"><div class=\"wpb_wrapper\"><div class=\"w-image align_none meta_simple\"><div class=\"w-image-h\"><img loading=\"lazy\" decoding=\"async\" width=\"1600\" height=\"1200\" src=\"https:\/\/johanneum-lueneburg.de\/wordpress\/wp-content\/uploads\/2023\/09\/IMG_0202-scaled.jpeg\" class=\"attachment-full size-full\" alt=\"\" srcset=\"https:\/\/johanneum-lueneburg.de\/wordpress\/wp-content\/uploads\/2023\/09\/IMG_0202-scaled.jpeg 1600w, https:\/\/johanneum-lueneburg.de\/wordpress\/wp-content\/uploads\/2023\/09\/IMG_0202-300x225.jpeg 300w, https:\/\/johanneum-lueneburg.de\/wordpress\/wp-content\/uploads\/2023\/09\/IMG_0202-1024x768.jpeg 1024w, https:\/\/johanneum-lueneburg.de\/wordpress\/wp-content\/uploads\/2023\/09\/IMG_0202-533x400.jpeg 533w, https:\/\/johanneum-lueneburg.de\/wordpress\/wp-content\/uploads\/2023\/09\/IMG_0202-155x116.jpeg 155w\" sizes=\"auto, (max-width: 1600px) 100vw, 1600px\" \/><\/div><div class=\"w-image-meta\"><div class=\"w-image-title\">IMG_0202<\/div><\/div><\/div><div class=\"wpb_text_column us_custom_eb849559\"><div class=\"wpb_wrapper\"><p style=\"text-align: left;\"><strong>Liebe Mitsch\u00fcler*innen,<\/strong><\/p>\n<p style=\"text-align: left;\">\n<p style=\"text-align: left;\">wir sind euer aktuelles Sch\u00fclersprecherteam (SST). Gerne wollen wir uns um eure Anliegen k\u00fcmmern. Dazu k\u00f6nnt ihr uns per Mail (<a href=\"m&#97;&#105;&#x6c;&#x74;&#x6f;:&#115;&#115;&#x74;&#x40;&#x6a;oh&#97;&#x6e;&#x6e;&#x65;um&#45;&#108;&#x67;&#x2e;&#x64;e\">&#x73;s&#x74;&#64;&#x6a;&#x6f;h&#x61;&#110;&#x6e;&#x65;u&#x6d;&#45;&#x6c;&#x67;&#46;&#x64;&#101;<\/a>) kontaktieren oder uns pers\u00f6nlich ansprechen.<\/p>\n<p style=\"text-align: left;\">Liebe Gr\u00fc\u00dfe<br \/>Euer SST<\/p>\n<\/div><\/div><div class=\"w-separator size_medium\"><\/div><\/div><\/div><\/div><\/div><\/div><\/section><section class=\"l-section wpb_row height_auto\"><div class=\"l-section-h i-cf\"><div class=\"g-cols vc_row via_flex valign_top type_default stacking_default\"><div class=\"vc_col-sm-12 wpb_column vc_column_container\"><div class=\"vc_column-inner\"><div class=\"wpb_wrapper\"><div class=\"w-btn-wrapper align_none\"><a class=\"w-btn us-btn-style_1 icon_atleft\" href=\"https:\/\/johanneum-lueneburg.de\/wordpress\/wp-content\/uploads\/2022\/05\/geschaeftsordnung_schuelerrat_johanneum_2019.pdf\"><i class=\"fas fa-file-pdf\"><\/i><span class=\"w-btn-label\">Gesch\u00e4ftsordnung des Sch\u00fclerrats<\/span><\/a><\/div><\/div><\/div><\/div><\/div><\/div><\/section>","protected":false},"excerpt":{"rendered":"IMG_0202 Liebe Mitsch\u00fcler*innen, wir sind euer aktuelles Sch\u00fclersprecherteam (SST). Gerne wollen wir uns um eure Anliegen k\u00fcmmern. Dazu k\u00f6nnt ihr uns per Mail (s&#115;&#x74;&#x40;j&#111;&#104;&#x61;&#x6e;n&#101;&#x75;&#x6d;-&#108;&#103;&#x2e;&#x64;e) kontaktieren oder uns pers\u00f6nlich ansprechen. Liebe Gr\u00fc\u00dfeEuer SST Gesch\u00e4ftsordnung des Sch\u00fclerrats","protected":false},"author":2,"featured_media":0,"parent":0,"menu_order":0,"comment_status":"closed","ping_status":"closed","template":"","meta":{"footnotes":""},"class_list":["post-9086","page","type-page","status-publish","hentry"],"_links":{"self":[{"href":"https:\/\/johanneum-lueneburg.de\/wordpress\/wp-json\/wp\/v2\/pages\/9086","targetHints":{"allow":["GET"]}}],"collection":[{"href":"https:\/\/johanneum-lueneburg.de\/wordpress\/wp-json\/wp\/v2\/pages"}],"about":[{"href":"https:\/\/johanneum-lueneburg.de\/wordpress\/wp-json\/wp\/v2\/types\/page"}],"author":[{"embeddable":true,"href":"https:\/\/johanneum-lueneburg.de\/wordpress\/wp-json\/wp\/v2\/users\/2"}],"replies":[{"embeddable":true,"href":"https:\/\/johanneum-lueneburg.de\/wordpress\/wp-json\/wp\/v2\/comments?post=9086"}],"version-history":[{"count":15,"href":"https:\/\/johanneum-lueneburg.de\/wordpress\/wp-json\/wp\/v2\/pages\/9086\/revisions"}],"predecessor-version":[{"id":14973,"href":"https:\/\/johanneum-lueneburg.de\/wordpress\/wp-json\/wp\/v2\/pages\/9086\/revisions\/14973"}],"wp:attachment":[{"href":"https:\/\/johanneum-lueneburg.de\/wordpress\/wp-json\/wp\/v2\/media?parent=9086"}],"curies":[{"name":"wp","href":"https:\/\/api.w.org\/{rel}","templated":true}]}}