{"id":8986,"date":"2022-03-20T21:11:25","date_gmt":"2022-03-20T20:11:25","guid":{"rendered":"https:\/\/johanneum-lueneburg.de\/wordpress\/?page_id=8986"},"modified":"2023-07-28T20:06:44","modified_gmt":"2023-07-28T18:06:44","slug":"itg-und-informatik","status":"publish","type":"page","link":"https:\/\/johanneum-lueneburg.de\/wordpress\/itg-und-informatik\/","title":{"rendered":"ITG und Informatik"},"content":{"rendered":"\r\n<p>Ein Leben ohne Computer \u2013 heute kaum mehr vorstellbar.<\/p>\r\n\r\n\r\n\r\n<p>Informationstechnologie (IT) pr\u00e4gt unseren Alltag, nimmt uns Arbeit ab, kann das Leben erleichtern, schafft aber auch neue Probleme. Die technischen M\u00f6glichkeiten entwickeln sich rasant, tagt\u00e4glich gehen unsere Sch\u00fclerinnen und Sch\u00fcler wie selbstverst\u00e4ndlich mit moderner Technik um.<\/p>\r\n\r\n\r\n\r\n<p>Aber auch die Anforderungen an einen verst\u00e4ndigen Umgang mit IT und an\u00a0verantwortungsvolles Verhalten in der digitalen Welt entwickeln sich weiter.<\/p>\r\n\r\n\r\n\r\n<p>Diesen Anforderungen begegnen wir am Johanneum durch die konsequente Umsetzung unserer Konzeption zur IT-Grundbildung (ITG) bereits ab dem 6. Jahrgang:<\/p>\r\n\r\n\r\n\r\n<ul class=\"wp-block-list\">\r\n<li>sicheres und soziales Verhalten im Internet<\/li>\r\n<li>sinnhafte Internetrecherche<\/li>\r\n<li>korrekter Umgang mit eigenen und fremden Daten<\/li>\r\n<li>Beherrschung der wichtigsten PC-Programme<\/li>\r\n<\/ul>\r\n\r\n\r\n\r\n<p>Ab dem 9. Jahrgang wird am Johanneum \u2013 mit zunehmender Beliebtheit bei den Sch\u00fclerinnen und Sch\u00fclern \u2013 das Fach <a href=\"https:\/\/johanneum-lueneburg.de\/wordpress\/informatik\/\">Informatik<\/a>\u00a0unterrichtet.<\/p>\r\n\r\n\r\n\r\n<p>Auch die Einrichtung von Informatik-Kursen auf erh\u00f6htem Niveau in der Oberstufe und Informatik-Abiturpr\u00fcfungen geh\u00f6ren selbstverst\u00e4ndlich zum Johanneum.<\/p>\r\n","protected":false},"excerpt":{"rendered":"<p>Ein Leben ohne Computer \u2013 heute kaum mehr vorstellbar. Informationstechnologie (IT) pr\u00e4gt unseren Alltag, nimmt uns Arbeit ab, kann das Leben erleichtern, schafft aber auch neue Probleme. Die technischen M\u00f6glichkeiten entwickeln sich rasant, tagt\u00e4glich gehen unsere Sch\u00fclerinnen und Sch\u00fcler wie selbstverst\u00e4ndlich mit moderner Technik um. Aber auch die Anforderungen an einen verst\u00e4ndigen Umgang mit IT&#8230;<\/p>\n","protected":false},"author":2,"featured_media":0,"parent":0,"menu_order":0,"comment_status":"closed","ping_status":"closed","template":"","meta":{"footnotes":""},"class_list":["post-8986","page","type-page","status-publish","hentry"],"_links":{"self":[{"href":"https:\/\/johanneum-lueneburg.de\/wordpress\/wp-json\/wp\/v2\/pages\/8986","targetHints":{"allow":["GET"]}}],"collection":[{"href":"https:\/\/johanneum-lueneburg.de\/wordpress\/wp-json\/wp\/v2\/pages"}],"about":[{"href":"https:\/\/johanneum-lueneburg.de\/wordpress\/wp-json\/wp\/v2\/types\/page"}],"author":[{"embeddable":true,"href":"https:\/\/johanneum-lueneburg.de\/wordpress\/wp-json\/wp\/v2\/users\/2"}],"replies":[{"embeddable":true,"href":"https:\/\/johanneum-lueneburg.de\/wordpress\/wp-json\/wp\/v2\/comments?post=8986"}],"version-history":[{"count":8,"href":"https:\/\/johanneum-lueneburg.de\/wordpress\/wp-json\/wp\/v2\/pages\/8986\/revisions"}],"predecessor-version":[{"id":14677,"href":"https:\/\/johanneum-lueneburg.de\/wordpress\/wp-json\/wp\/v2\/pages\/8986\/revisions\/14677"}],"wp:attachment":[{"href":"https:\/\/johanneum-lueneburg.de\/wordpress\/wp-json\/wp\/v2\/media?parent=8986"}],"curies":[{"name":"wp","href":"https:\/\/api.w.org\/{rel}","templated":true}]}}