{"id":348,"date":"2022-03-14T09:44:14","date_gmt":"2022-03-14T08:44:14","guid":{"rendered":"https:\/\/johanneum-lueneburg.de\/wordpress\/?page_id=348"},"modified":"2024-02-15T18:43:39","modified_gmt":"2024-02-15T17:43:39","slug":"stunden-und-vertretungsplan","status":"publish","type":"page","link":"https:\/\/johanneum-lueneburg.de\/wordpress\/stunden-und-vertretungsplan\/","title":{"rendered":"Stunden- und Vertretungsplan"},"content":{"rendered":"<section class=\"l-section wpb_row height_auto\"><div class=\"l-section-h i-cf\"><div class=\"g-cols vc_row via_flex valign_top type_default stacking_default\"><div class=\"vc_col-sm-12 wpb_column vc_column_container\"><div class=\"vc_column-inner\"><div class=\"wpb_wrapper\"><div class=\"wpb_text_column\"><div class=\"wpb_wrapper\"><h5>Wer ist wann wo?<\/h5>\n<p>\u00dcblicherweise regeln das die Stundenpl\u00e4ne, aber Schule kann t\u00e4glich \u00fcberraschen: Unterrichtsstunden m\u00fcssen aus unterschiedlichsten Gr\u00fcnden verlegt oder vertreten werden oder auch ausfallen.<br \/>Eine \u00dcbersicht dar\u00fcber liefern die Vertretungspl\u00e4ne. Diese werden \u00fcblicherweise drei Tage im Voraus ver\u00f6ffentlicht, sehr kurzfristige \u00c4nderungen sind im jeweiligen Plan rot hervorgehoben.<\/p>\n<\/div><\/div><div class=\"w-separator size_medium\"><\/div><div class=\"w-tabs style_default switch_click accordion has_scrolling\" style=\"--sections-title-size:inherit\"><div class=\"w-tabs-sections titles-align_none icon_chevron cpos_right\"><div class=\"w-tabs-section active\" id=\"t341\"><button class=\"w-tabs-section-header active\" aria-controls=\"content-t341\" aria-expanded=\"true\"><div class=\"w-tabs-section-title\">Vertretungsplan<\/div><div class=\"w-tabs-section-control\"><\/div><\/button><div  class=\"w-tabs-section-content\" id=\"content-t341\"><div class=\"w-tabs-section-content-h i-cf\"><div class=\"wpb_text_column\"><div class=\"wpb_wrapper\"><p>Der aktuelle Vertretungsplan ist \u00fcber IServ erreichbar.<\/p>\n<p>Link: <a href=\"https:\/\/johanneum-lg.de\/iserv\/timetable\">https:\/\/johanneum-lg.de\/iserv\/timetable<\/a><\/p>\n<\/div><\/div><\/div><\/div><\/div><div class=\"w-tabs-section\" id=\"k42f\"><button class=\"w-tabs-section-header\" aria-controls=\"content-k42f\" aria-expanded=\"false\"><div class=\"w-tabs-section-title\">Stundenplan<\/div><div class=\"w-tabs-section-control\"><\/div><\/button><div  class=\"w-tabs-section-content\" id=\"content-k42f\"><div class=\"w-tabs-section-content-h i-cf\"><div class=\"wpb_text_column\"><div class=\"wpb_wrapper\"><p>Der aktuelle Stundenplan ist \u00fcber IServ erreichbar.<\/p>\n<p>Link: <a href=\"https:\/\/johanneum-lg.de\/iserv\/timetable\">https:\/\/johanneum-lg.de\/iserv\/timetable<\/a><\/p>\n<\/div><\/div><\/div><\/div><\/div><div class=\"w-tabs-section\" id=\"w5cb\"><button class=\"w-tabs-section-header\" aria-controls=\"content-w5cb\" aria-expanded=\"false\"><div class=\"w-tabs-section-title\">Unterrichtszeiten<\/div><div class=\"w-tabs-section-control\"><\/div><\/button><div  class=\"w-tabs-section-content\" id=\"content-w5cb\"><div class=\"w-tabs-section-content-h i-cf\"><div class=\"wpb_text_column\"><div class=\"wpb_wrapper\"><p><strong>Die Unterrichtsstunden finden am Johanneum zu folgenden Zeiten statt:<\/strong><\/p>\n<figure class=\"wp-block-table\">\n<table>\n<tbody>\n<tr>\n<td>1.<\/td>\n<td>08.00 \u2013 08.45 Uhr<\/td>\n<td rowspan=\"4\">\u00a0<\/td>\n<\/tr>\n<tr>\n<td>2.<\/td>\n<td>08.50 \u2013 09.35 Uhr<\/td>\n<\/tr>\n<tr>\n<td>3.<\/td>\n<td>09.55 \u2013 10.40 Uhr<\/td>\n<\/tr>\n<tr>\n<td>4.<\/td>\n<td>10.45 \u2013 11.30 Uhr<\/td>\n<\/tr>\n<tr>\n<td>5.<\/td>\n<td>11.45 \u2013 12.30 Uhr<\/td>\n<td rowspan=\"3\" valign=\"center\"><strong>Mittagspause (je nach Klasse):<\/strong> 5., 6. oder 7. Stunde (siehe Stundenplan)<\/td>\n<\/tr>\n<tr>\n<td>6.<\/td>\n<td>12.35 \u2013 13.20 Uhr<\/td>\n<\/tr>\n<tr>\n<td>7.<\/td>\n<td>13.25 \u2013 14.10 Uhr<\/td>\n<\/tr>\n<tr>\n<td>8.<\/td>\n<td>14.15 \u2013 15.00 Uhr<\/td>\n<td rowspan=\"3\">\u00a0<\/td>\n<\/tr>\n<tr>\n<td>9.<\/td>\n<td>15.05 \u2013 15.50 Uhr<\/td>\n<\/tr>\n<tr>\n<td>10.\/11.<\/td>\n<td>16.00 \u2013 17.30 Uhr<\/td>\n<\/tr>\n<\/tbody>\n<\/table>\n<\/figure>\n<\/div><\/div><\/div><\/div><\/div><div class=\"w-tabs-section\" id=\"s6b7\"><button class=\"w-tabs-section-header\" aria-controls=\"content-s6b7\" aria-expanded=\"false\"><div class=\"w-tabs-section-title\">IServ-Zugang: Problem?<\/div><div class=\"w-tabs-section-control\"><\/div><\/button><div  class=\"w-tabs-section-content\" id=\"content-s6b7\"><div class=\"w-tabs-section-content-h i-cf\"><div class=\"wpb_text_column\"><div class=\"wpb_wrapper\"><p>Sollten Probleme mit dem IServ-Zugang ergeben, bitten wir um eine kurze Mail mit Angaben zur eigenen Person (Namen des Kindes und Klassenzugeh\u00f6rigkeit des Kindes) an folgende E-Mail-Adresse: <a href=\"&#109;&#x61;&#x69;&#108;&#x74;&#x6f;&#58;&#x69;&#x73;&#101;&#x72;&#x76;&#104;&#x69;&#x6c;&#102;&#x65;&#x40;&#106;&#x6f;&#x68;&#97;&#x6e;&#x6e;&#101;&#x75;&#x6d;-&#x6c;&#x67;&#46;&#x64;&#x65;\" target=\"_blank\" rel=\"noreferrer noopener\">iservhilfe&#64;johanneum-lg&#46;&#100;&#101;<\/a><\/p>\n<\/div><\/div><\/div><\/div><\/div><\/div><\/div><\/div><\/div><\/div><\/div><\/div><\/section><section class=\"l-section wpb_row height_auto\"><div class=\"l-section-h i-cf\"><div class=\"g-cols vc_row via_flex valign_top type_default stacking_default\"><div class=\"vc_col-sm-12 wpb_column vc_column_container\"><div class=\"vc_column-inner\"><div class=\"wpb_wrapper\"><div class=\"wpb_text_column\"><div class=\"wpb_wrapper\"><\/div><\/div><\/div><\/div><\/div><\/div><\/div><\/section>","protected":false},"excerpt":{"rendered":"Wer ist wann wo? \u00dcblicherweise regeln das die Stundenpl\u00e4ne, aber Schule kann t\u00e4glich \u00fcberraschen: Unterrichtsstunden m\u00fcssen aus unterschiedlichsten Gr\u00fcnden verlegt oder vertreten werden oder auch ausfallen.Eine \u00dcbersicht dar\u00fcber liefern die Vertretungspl\u00e4ne. Diese werden \u00fcblicherweise drei Tage im Voraus ver\u00f6ffentlicht, sehr kurzfristige \u00c4nderungen sind im jeweiligen Plan rot hervorgehoben. Vertretungsplan Der aktuelle Vertretungsplan ist \u00fcber IServ...","protected":false},"author":1,"featured_media":0,"parent":0,"menu_order":0,"comment_status":"closed","ping_status":"closed","template":"","meta":{"footnotes":""},"class_list":["post-348","page","type-page","status-publish","hentry"],"_links":{"self":[{"href":"https:\/\/johanneum-lueneburg.de\/wordpress\/wp-json\/wp\/v2\/pages\/348","targetHints":{"allow":["GET"]}}],"collection":[{"href":"https:\/\/johanneum-lueneburg.de\/wordpress\/wp-json\/wp\/v2\/pages"}],"about":[{"href":"https:\/\/johanneum-lueneburg.de\/wordpress\/wp-json\/wp\/v2\/types\/page"}],"author":[{"embeddable":true,"href":"https:\/\/johanneum-lueneburg.de\/wordpress\/wp-json\/wp\/v2\/users\/1"}],"replies":[{"embeddable":true,"href":"https:\/\/johanneum-lueneburg.de\/wordpress\/wp-json\/wp\/v2\/comments?post=348"}],"version-history":[{"count":40,"href":"https:\/\/johanneum-lueneburg.de\/wordpress\/wp-json\/wp\/v2\/pages\/348\/revisions"}],"predecessor-version":[{"id":17470,"href":"https:\/\/johanneum-lueneburg.de\/wordpress\/wp-json\/wp\/v2\/pages\/348\/revisions\/17470"}],"wp:attachment":[{"href":"https:\/\/johanneum-lueneburg.de\/wordpress\/wp-json\/wp\/v2\/media?parent=348"}],"curies":[{"name":"wp","href":"https:\/\/api.w.org\/{rel}","templated":true}]}}