{"id":18972,"date":"2024-05-23T12:36:09","date_gmt":"2024-05-23T10:36:09","guid":{"rendered":"https:\/\/johanneum-lueneburg.de\/wordpress\/?page_id=18972"},"modified":"2024-05-23T12:36:09","modified_gmt":"2024-05-23T10:36:09","slug":"oberstufe-fachhochschulreife","status":"publish","type":"page","link":"https:\/\/johanneum-lueneburg.de\/wordpress\/oberstufe-fachhochschulreife\/","title":{"rendered":"Oberstufe: Fachhochschulreife"},"content":{"rendered":"<section class=\"l-section wpb_row height_auto\"><div class=\"l-section-h i-cf\"><div class=\"g-cols vc_row via_flex valign_top type_default stacking_default\"><div class=\"vc_col-sm-12 wpb_column vc_column_container\"><div class=\"vc_column-inner\"><div class=\"wpb_wrapper\"><div class=\"w-separator size_small\"><\/div><div class=\"g-cols wpb_row via_flex valign_top type_default stacking_default\"><div class=\"vc_col-sm-12 wpb_column vc_column_container\"><div class=\"vc_column-inner\"><div class=\"wpb_wrapper\"><div class=\"wpb_text_column\"><div class=\"wpb_wrapper\"><p><span style=\"text-decoration: underline;\"><strong>Abschluss Fachhochschulreife<\/strong><\/span>:<\/p>\n<p>Am Gymnasium kann man ohne weitere Abschlusspr\u00fcfung einen Teil der <strong>Fachhochschulreife<\/strong> erlangen.<\/p>\n<p>Dazu erh\u00e4lt man in einem ersten Schritt durch Leistungen in zwei Semestern der Qualifikationsphase die\u00a0 &#8222;<strong>Bescheinigung \u00fcber den schulischen Teil der Fachhochschulreife&#8220;<\/strong>. Anschlie\u00dfend muss noch der <strong>berufsbezogene Teil au\u00dferhalb der Schule<\/strong> erlangt werden. Durch Vorlage dieser Bescheinigung an der Schule stellt diese dann zum Schluss das &#8222;<strong>Zeugnis der Fachhochschulreife<\/strong>&#8220; aus.<\/p>\n<p>Informationen zur Fachhochschulreife, den notwendigen Bedingungen und den M\u00f6glichkeiten des berufsbezogenen Teils:<\/p>\n<\/div><\/div><div class=\"w-btn-wrapper align_none\"><a class=\"w-btn us-btn-style_1 icon_atleft\" target=\"_blank\" rel=\"nofollow\" href=\"https:\/\/johanneum-lueneburg.de\/wordpress\/wp-content\/uploads\/2022\/07\/Informationen-zur-Fachhochschulreife.pdf\"><i class=\"fas fa-file-pdf\"><\/i><span class=\"w-btn-label\">Informationen zur Fachhochschulreife<\/span><\/a><\/div><div class=\"w-separator size_small\"><\/div><div class=\"wpb_text_column\"><div class=\"wpb_wrapper\"><p>Der berufsbezogene Teil kann auch durch ein <strong>berufsbezogenes Praktikum<\/strong> erlangt werden. Dazu die folgenden Regelungen des MKs:<\/p>\n<\/div><\/div><div class=\"w-btn-wrapper align_none\"><a class=\"w-btn us-btn-style_1 icon_atleft\" target=\"_blank\" rel=\"nofollow\" href=\"https:\/\/johanneum-lueneburg.de\/wordpress\/wp-content\/uploads\/2022\/07\/Info_Praktikumshinweise-MK-Stand-2021_01.pdf\"><i class=\"fas fa-file-pdf\"><\/i><span class=\"w-btn-label\">offizielle Praktikumsregelungen vom MK<\/span><\/a><\/div><\/div><\/div><\/div><\/div><\/div><\/div><\/div><\/div><\/div><\/section>\n","protected":false},"excerpt":{"rendered":"Abschluss Fachhochschulreife: Am Gymnasium kann man ohne weitere Abschlusspr\u00fcfung einen Teil der Fachhochschulreife erlangen. Dazu erh\u00e4lt man in einem ersten Schritt durch Leistungen in zwei Semestern der Qualifikationsphase die\u00a0 &#8222;Bescheinigung \u00fcber den schulischen Teil der Fachhochschulreife&#8220;. Anschlie\u00dfend muss noch der berufsbezogene Teil au\u00dferhalb der Schule erlangt werden. Durch Vorlage dieser Bescheinigung an der Schule stellt...","protected":false},"author":3,"featured_media":0,"parent":0,"menu_order":0,"comment_status":"closed","ping_status":"closed","template":"","meta":{"footnotes":""},"class_list":["post-18972","page","type-page","status-publish","hentry"],"_links":{"self":[{"href":"https:\/\/johanneum-lueneburg.de\/wordpress\/wp-json\/wp\/v2\/pages\/18972","targetHints":{"allow":["GET"]}}],"collection":[{"href":"https:\/\/johanneum-lueneburg.de\/wordpress\/wp-json\/wp\/v2\/pages"}],"about":[{"href":"https:\/\/johanneum-lueneburg.de\/wordpress\/wp-json\/wp\/v2\/types\/page"}],"author":[{"embeddable":true,"href":"https:\/\/johanneum-lueneburg.de\/wordpress\/wp-json\/wp\/v2\/users\/3"}],"replies":[{"embeddable":true,"href":"https:\/\/johanneum-lueneburg.de\/wordpress\/wp-json\/wp\/v2\/comments?post=18972"}],"version-history":[{"count":2,"href":"https:\/\/johanneum-lueneburg.de\/wordpress\/wp-json\/wp\/v2\/pages\/18972\/revisions"}],"predecessor-version":[{"id":18984,"href":"https:\/\/johanneum-lueneburg.de\/wordpress\/wp-json\/wp\/v2\/pages\/18972\/revisions\/18984"}],"wp:attachment":[{"href":"https:\/\/johanneum-lueneburg.de\/wordpress\/wp-json\/wp\/v2\/media?parent=18972"}],"curies":[{"name":"wp","href":"https:\/\/api.w.org\/{rel}","templated":true}]}}