{"id":18969,"date":"2024-05-23T11:29:31","date_gmt":"2024-05-23T09:29:31","guid":{"rendered":"https:\/\/johanneum-lueneburg.de\/wordpress\/?page_id=18969"},"modified":"2024-05-23T11:29:31","modified_gmt":"2024-05-23T09:29:31","slug":"oberstufe-ephase","status":"publish","type":"page","link":"https:\/\/johanneum-lueneburg.de\/wordpress\/oberstufe-ephase\/","title":{"rendered":"Oberstufe: Einf\u00fchrungsphase (Jahrgang 11)"},"content":{"rendered":"<section class=\"l-section wpb_row height_auto\"><div class=\"l-section-h i-cf\"><div class=\"g-cols vc_row via_flex valign_top type_default stacking_default\"><div class=\"vc_col-sm-12 wpb_column vc_column_container\"><div class=\"vc_column-inner\"><div class=\"wpb_wrapper\"><div class=\"g-cols wpb_row via_flex valign_top type_default stacking_default\"><div class=\"vc_col-sm-12 wpb_column vc_column_container\"><div class=\"vc_column-inner\"><div class=\"wpb_wrapper\"><div class=\"wpb_text_column\"><div class=\"wpb_wrapper\"><p><strong><span style=\"text-decoration: underline;\">Regelungen in der Einf\u00fchrungsphase<\/span><\/strong>:<\/p>\n<p>Einige der w\u00e4hrend der Einf\u00fchrungsphase geltenden Regeln und Bestimmungen sind in den folgenden Dokumenten aufgef\u00fchrt:<\/p>\n<\/div><\/div><div class=\"w-btn-wrapper align_none\"><a class=\"w-btn us-btn-style_1 icon_atleft\" target=\"_blank\" rel=\"nofollow\" href=\"http:\/\/johanneum-lueneburg.de\/oberstufe\/EPh-Infos - Notenskala.pdf\"><i class=\"fas fa-file-pdf\"><\/i><span class=\"w-btn-label\">Notenskala<\/span><\/a><\/div><div class=\"w-btn-wrapper align_none\"><a class=\"w-btn us-btn-style_1 icon_atleft\" target=\"_blank\" rel=\"nofollow\" href=\"http:\/\/johanneum-lueneburg.de\/oberstufe\/EPh-Infos - Fehlzeiten.pdf\"><i class=\"fas fa-file-pdf\"><\/i><span class=\"w-btn-label\">Fehlzeiten<\/span><\/a><\/div><div class=\"w-btn-wrapper align_none\"><a class=\"w-btn us-btn-style_1 icon_atleft\" target=\"_blank\" rel=\"nofollow\" href=\"http:\/\/johanneum-lueneburg.de\/oberstufe\/EPh-Infos - Klausuren.pdf\"><i class=\"fas fa-file-pdf\"><\/i><span class=\"w-btn-label\">Klausuren<\/span><\/a><\/div><div class=\"w-btn-wrapper align_none\"><a class=\"w-btn us-btn-style_1 icon_atleft\" target=\"_blank\" rel=\"nofollow\" href=\"http:\/\/johanneum-lueneburg.de\/oberstufe\/EPh-Infos - Versetzung in die QPhase.pdf\"><i class=\"fas fa-file-pdf\"><\/i><span class=\"w-btn-label\">Versetzung in die Qualifikationsphase<\/span><\/a><\/div><\/div><\/div><\/div><\/div><\/div><\/div><\/div><\/div><\/div><\/section>\n","protected":false},"excerpt":{"rendered":"Regelungen in der Einf\u00fchrungsphase: Einige der w\u00e4hrend der Einf\u00fchrungsphase geltenden Regeln und Bestimmungen sind in den folgenden Dokumenten aufgef\u00fchrt: NotenskalaFehlzeitenKlausurenVersetzung in die Qualifikationsphase","protected":false},"author":3,"featured_media":0,"parent":0,"menu_order":0,"comment_status":"closed","ping_status":"closed","template":"","meta":{"footnotes":""},"class_list":["post-18969","page","type-page","status-publish","hentry"],"_links":{"self":[{"href":"https:\/\/johanneum-lueneburg.de\/wordpress\/wp-json\/wp\/v2\/pages\/18969","targetHints":{"allow":["GET"]}}],"collection":[{"href":"https:\/\/johanneum-lueneburg.de\/wordpress\/wp-json\/wp\/v2\/pages"}],"about":[{"href":"https:\/\/johanneum-lueneburg.de\/wordpress\/wp-json\/wp\/v2\/types\/page"}],"author":[{"embeddable":true,"href":"https:\/\/johanneum-lueneburg.de\/wordpress\/wp-json\/wp\/v2\/users\/3"}],"replies":[{"embeddable":true,"href":"https:\/\/johanneum-lueneburg.de\/wordpress\/wp-json\/wp\/v2\/comments?post=18969"}],"version-history":[{"count":1,"href":"https:\/\/johanneum-lueneburg.de\/wordpress\/wp-json\/wp\/v2\/pages\/18969\/revisions"}],"predecessor-version":[{"id":18977,"href":"https:\/\/johanneum-lueneburg.de\/wordpress\/wp-json\/wp\/v2\/pages\/18969\/revisions\/18977"}],"wp:attachment":[{"href":"https:\/\/johanneum-lueneburg.de\/wordpress\/wp-json\/wp\/v2\/media?parent=18969"}],"curies":[{"name":"wp","href":"https:\/\/api.w.org\/{rel}","templated":true}]}}