{"id":18965,"date":"2024-05-23T11:20:38","date_gmt":"2024-05-23T09:20:38","guid":{"rendered":"https:\/\/johanneum-lueneburg.de\/wordpress\/?page_id=18965"},"modified":"2025-08-09T17:31:02","modified_gmt":"2025-08-09T15:31:02","slug":"oberstufe-antraege","status":"publish","type":"page","link":"https:\/\/johanneum-lueneburg.de\/wordpress\/oberstufe-antraege\/","title":{"rendered":"Oberstufe: Antr\u00e4ge\/Umwahlen"},"content":{"rendered":"<section class=\"l-section wpb_row height_auto\"><div class=\"l-section-h i-cf\"><div class=\"g-cols vc_row via_flex valign_top type_default stacking_default\"><div class=\"vc_col-sm-12 wpb_column vc_column_container\"><div class=\"vc_column-inner\"><div class=\"wpb_wrapper\"><div class=\"g-cols wpb_row via_flex valign_top type_default stacking_default\"><div class=\"vc_col-sm-12 wpb_column vc_column_container\"><div class=\"vc_column-inner\"><div class=\"wpb_wrapper\"><div class=\"w-separator size_small\"><\/div><div class=\"wpb_text_column\"><div class=\"wpb_wrapper\"><h4 style=\"text-align: center;\"><span style=\"color: #ff0000;\">Bei allen <strong>Antr\u00e4gen<\/strong> ist unbedingt darauf zu achten, welche <strong>Fristen<\/strong> es gibt. Diese finden sich f\u00fcr alle Antr\u00e4ge im <strong>IServ-Kalender &#8222;Jahresplaner&#8220;<\/strong> des jeweiligen Jahrgangs, die bei IServ abonniert werden k\u00f6nnen.<\/span><\/h4>\n<\/div><\/div><div class=\"w-separator size_medium\"><\/div><\/div><\/div><\/div><\/div><div class=\"g-cols wpb_row via_flex valign_top type_default stacking_default\"><div class=\"vc_col-sm-12 wpb_column vc_column_container\"><div class=\"vc_column-inner\"><div class=\"wpb_wrapper\"><div class=\"wpb_text_column\"><div class=\"wpb_wrapper\"><p><span style=\"text-decoration: underline;\"><strong>Wechsel der bei der Wahl zur QPhase erhaltenen F\u00e4cher &#8211; vor Eintritt in die Qualifikationsphase<\/strong><\/span>:<\/p>\n<p>Vor Eintritt in die Qualifikationsphase kann prinzipiell noch alles ge\u00e4ndert werden. Nutze bitte das entsprechende IServ-Formular.<\/p>\n<\/div><\/div><div class=\"w-separator size_medium with_line width_default thick_1 style_solid color_border align_center\"><div class=\"w-separator-h\"><\/div><\/div><\/div><\/div><\/div><\/div><div class=\"g-cols wpb_row via_flex valign_top type_default stacking_default\"><div class=\"vc_col-sm-12 wpb_column vc_column_container\"><div class=\"vc_column-inner\"><div class=\"wpb_wrapper\"><div class=\"wpb_text_column\"><div class=\"wpb_wrapper\"><p><span style=\"text-decoration: underline;\"><strong>\u00c4nderung der Pr\u00fcfungsf\u00e4cher P4 und\/oder P5<\/strong><\/span>:<\/p>\n<p>Auf Antrag k\u00f6nnen die Pr\u00fcfungsf\u00e4cher P4 und\/oder P5 ge\u00e4ndert werden.<\/p>\n<\/div><\/div><div class=\"w-btn-wrapper align_none\"><a class=\"w-btn us-btn-style_1 icon_atleft\" target=\"_blank\" rel=\"nofollow\" href=\"http:\/\/johanneum-lueneburg.de\/oberstufe\/Antrag_Pr\u00fcfungsfach-\u00c4nderung_P4-P5.pdf\"><i class=\"fas fa-file-pdf\"><\/i><span class=\"w-btn-label\">Antrag \u00c4nderung Pr\u00fcfungsf\u00e4cher P4\/P5 (Formular)<\/span><\/a><\/div><div class=\"w-separator size_medium with_line width_default thick_1 style_solid color_border align_center\"><div class=\"w-separator-h\"><\/div><\/div><\/div><\/div><\/div><\/div><div class=\"g-cols wpb_row via_flex valign_top type_default stacking_default\"><div class=\"vc_col-sm-12 wpb_column vc_column_container\"><div class=\"vc_column-inner\"><div class=\"wpb_wrapper\"><div class=\"wpb_text_column\"><div class=\"wpb_wrapper\"><p><strong><span style=\"text-decoration: underline;\">Pr\u00e4sentationspr\u00fcfung im m\u00fcndlichen Abitur:<\/span><\/strong><\/p>\n<p>Auf Antrag kann anstelle der &#8222;normalen&#8220; m\u00fcndlichen Abiturpr\u00fcfung eine Pr\u00e4sentationspr\u00fcfung abgelegt werden.<\/p>\n<\/div><\/div><div class=\"w-btn-wrapper align_none\"><a class=\"w-btn us-btn-style_1 icon_atleft\" target=\"_blank\" rel=\"nofollow\" href=\"http:\/\/johanneum-lueneburg.de\/oberstufe\/Antrag_Pr\u00e4sentationspr\u00fcfung.pdf\"><i class=\"fas fa-file-pdf\"><\/i><span class=\"w-btn-label\">Antrag Pr\u00e4sentationspr\u00fcfung (Formular)<\/span><\/a><\/div><div class=\"w-separator size_medium with_line width_default thick_1 style_solid color_border align_center\"><div class=\"w-separator-h\"><\/div><\/div><\/div><\/div><\/div><\/div><div class=\"g-cols wpb_row via_flex valign_top type_default stacking_default\"><div class=\"vc_col-sm-12 wpb_column vc_column_container\"><div class=\"vc_column-inner\"><div class=\"wpb_wrapper\"><div class=\"wpb_text_column\"><div class=\"wpb_wrapper\"><p><strong><span style=\"text-decoration: underline;\">Wiederholung in der Qualifikationsphase<\/span><\/strong>:<\/p>\n<p>Der 12. Jahrgang der Qualifikationsphase kann auf Antrag bei <strong>positiver Pr\u00fcfung durch die Schulleitung<\/strong> wiederholt werden.<\/p>\n<\/div><\/div><div class=\"w-btn-wrapper align_none\"><a class=\"w-btn us-btn-style_1 icon_atleft\" target=\"_blank\" rel=\"nofollow\" href=\"https:\/\/johanneum-lueneburg.de\/oberstufe\/Antrag_Wiederholen-der-QPhase_Anschreiben.pdf\"><i class=\"fas fa-file-pdf\"><\/i><span class=\"w-btn-label\">Antrag Wiederholung &#8211; Anschreiben<\/span><\/a><\/div><\/div><\/div><\/div><\/div><div class=\"g-cols wpb_row via_flex valign_top type_default stacking_default\"><div class=\"vc_col-sm-12 wpb_column vc_column_container\"><div class=\"vc_column-inner\"><div class=\"wpb_wrapper\"><div class=\"w-btn-wrapper align_none\"><a class=\"w-btn us-btn-style_1 icon_atleft\" target=\"_blank\" rel=\"nofollow\" href=\"https:\/\/johanneum-lueneburg.de\/wordpress\/wp-content\/uploads\/2022\/07\/Anlage-1-2-3-Wiederholen-der-QPhase.pdf\"><i class=\"fas fa-file-pdf\"><\/i><span class=\"w-btn-label\">Antrag Wiederholung &#8211; Anlagen 1-3 (Formular)<\/span><\/a><\/div><\/div><\/div><\/div><\/div><div class=\"g-cols wpb_row via_flex valign_top type_default stacking_default\"><div class=\"vc_col-sm-12 wpb_column vc_column_container\"><div class=\"vc_column-inner\"><div class=\"wpb_wrapper\"><div class=\"w-btn-wrapper align_none\"><a class=\"w-btn us-btn-style_1 icon_atleft\" title=\"Informationen zur Oberstufe\" target=\"_blank\" rel=\"nofollow\" href=\"https:\/\/johanneum-lueneburg.de\/wordpress\/informationen-zur-oberstufe\/\"><i class=\"fas fa-download\"><\/i><span class=\"w-btn-label\">Antrag Wiederholung &#8211; Anlage 4 Wahlbogen (Den Wahlbogen bitte selbstst\u00e4ndig bei &#8222;Wahlen zur Qualifikationsphase -&gt; Formulare&#8220; herunterladen)<\/span><\/a><\/div><\/div><\/div><\/div><\/div><\/div><\/div><\/div><\/div><\/div><\/section>\n","protected":false},"excerpt":{"rendered":"Bei allen Antr\u00e4gen ist unbedingt darauf zu achten, welche Fristen es gibt. Diese finden sich f\u00fcr alle Antr\u00e4ge im IServ-Kalender &#8222;Jahresplaner&#8220; des jeweiligen Jahrgangs, die bei IServ abonniert werden k\u00f6nnen. Wechsel der bei der Wahl zur QPhase erhaltenen F\u00e4cher &#8211; vor Eintritt in die Qualifikationsphase: Vor Eintritt in die Qualifikationsphase kann prinzipiell noch alles ge\u00e4ndert...","protected":false},"author":3,"featured_media":0,"parent":0,"menu_order":0,"comment_status":"closed","ping_status":"closed","template":"","meta":{"footnotes":""},"class_list":["post-18965","page","type-page","status-publish","hentry"],"_links":{"self":[{"href":"https:\/\/johanneum-lueneburg.de\/wordpress\/wp-json\/wp\/v2\/pages\/18965","targetHints":{"allow":["GET"]}}],"collection":[{"href":"https:\/\/johanneum-lueneburg.de\/wordpress\/wp-json\/wp\/v2\/pages"}],"about":[{"href":"https:\/\/johanneum-lueneburg.de\/wordpress\/wp-json\/wp\/v2\/types\/page"}],"author":[{"embeddable":true,"href":"https:\/\/johanneum-lueneburg.de\/wordpress\/wp-json\/wp\/v2\/users\/3"}],"replies":[{"embeddable":true,"href":"https:\/\/johanneum-lueneburg.de\/wordpress\/wp-json\/wp\/v2\/comments?post=18965"}],"version-history":[{"count":4,"href":"https:\/\/johanneum-lueneburg.de\/wordpress\/wp-json\/wp\/v2\/pages\/18965\/revisions"}],"predecessor-version":[{"id":23585,"href":"https:\/\/johanneum-lueneburg.de\/wordpress\/wp-json\/wp\/v2\/pages\/18965\/revisions\/23585"}],"wp:attachment":[{"href":"https:\/\/johanneum-lueneburg.de\/wordpress\/wp-json\/wp\/v2\/media?parent=18965"}],"curies":[{"name":"wp","href":"https:\/\/api.w.org\/{rel}","templated":true}]}}