{"id":17464,"date":"2024-02-15T10:44:08","date_gmt":"2024-02-15T09:44:08","guid":{"rendered":"https:\/\/johanneum-lueneburg.de\/wordpress\/?page_id=17464"},"modified":"2025-11-12T14:32:36","modified_gmt":"2025-11-12T13:32:36","slug":"beratung-am-johanneum","status":"publish","type":"page","link":"https:\/\/johanneum-lueneburg.de\/wordpress\/beratung-am-johanneum\/","title":{"rendered":"Beratungsteam"},"content":{"rendered":"<p>Unser Beratungsteam unterst\u00fctzt Sch\u00fclerinnen und Sch\u00fclern, Eltern und auch Lehrkr\u00e4ften bei schulischen, pers\u00f6nlichen oder famili\u00e4ren Fragen.\u00a0 Ob Lernschwierigkeiten, Konflikte, Stress oder einfach ein Anliegen \u2013 wir sind da, h\u00f6ren zu und suchen gemeinsam nach L\u00f6sungen. Alle Gespr\u00e4che sind freiwillig, vertraulich und wertsch\u00e4tzend.<\/p>\n<p><a ref=\"magnificPopup\" href=\"https:\/\/johanneum-lueneburg.de\/wordpress\/wp-content\/uploads\/2025\/11\/Screenshot-2025-11-04-21.55.59.png\"><img loading=\"lazy\" decoding=\"async\" class=\"alignnone wp-image-24394\" src=\"https:\/\/johanneum-lueneburg.de\/wordpress\/wp-content\/uploads\/2025\/11\/Screenshot-2025-11-04-21.55.59-300x193.png\" alt=\"\" width=\"603\" height=\"388\" srcset=\"https:\/\/johanneum-lueneburg.de\/wordpress\/wp-content\/uploads\/2025\/11\/Screenshot-2025-11-04-21.55.59-300x193.png 300w, https:\/\/johanneum-lueneburg.de\/wordpress\/wp-content\/uploads\/2025\/11\/Screenshot-2025-11-04-21.55.59-1024x658.png 1024w, https:\/\/johanneum-lueneburg.de\/wordpress\/wp-content\/uploads\/2025\/11\/Screenshot-2025-11-04-21.55.59-600x385.png 600w, https:\/\/johanneum-lueneburg.de\/wordpress\/wp-content\/uploads\/2025\/11\/Screenshot-2025-11-04-21.55.59-181x116.png 181w, https:\/\/johanneum-lueneburg.de\/wordpress\/wp-content\/uploads\/2025\/11\/Screenshot-2025-11-04-21.55.59.png 1180w\" sizes=\"auto, (max-width: 603px) 100vw, 603px\" \/><\/a><\/p>\n<section class=\"l-section wpb_row height_auto\"><div class=\"l-section-h i-cf\"><div class=\"g-cols vc_row via_flex valign_top type_default stacking_default\"><div class=\"vc_col-sm-12 wpb_column vc_column_container\"><div class=\"vc_column-inner\"><div class=\"wpb_wrapper\"><div class=\"w-tabs style_default switch_click accordion has_scrolling\" style=\"--sections-title-size:inherit\"><div class=\"w-tabs-sections titles-align_none icon_chevron cpos_right\"><div class=\"w-tabs-section\" id=\"j7e9\"><button class=\"w-tabs-section-header\" aria-controls=\"content-j7e9\" aria-expanded=\"false\"><div class=\"w-tabs-section-title\">Informationen f\u00fcr Sch\u00fclerinnen und Sch\u00fcler<\/div><div class=\"w-tabs-section-control\"><\/div><\/button><div  class=\"w-tabs-section-content\" id=\"content-j7e9\"><div class=\"w-tabs-section-content-h i-cf\"><div class=\"wpb_text_column\"><div class=\"wpb_wrapper\"><p><strong>Beratungsteam \u2013 Wir sind f\u00fcr euch da<\/strong><\/p>\n<p>Das Beratungsteam unserer Schule steht allen Sch\u00fclerinnen und Sch\u00fclern zur Verf\u00fcgung. Unser Grundsatz lautet: Lieber fr\u00fch Hilfe suchen als zu sp\u00e4t. Es ist v\u00f6llig in Ordnung, sich Unterst\u00fctzung zu holen \u2013 nicht nur in ernsten Krisen, sondern auch bei kleineren Sorgen, Unsicherheiten oder Konflikten. Manchmal reicht schon ein Gespr\u00e4ch, um einen neuen Blick auf die Situation zu bekommen.<\/p>\n<p><strong>Wann kann man sich an uns wenden?<\/strong><br \/>\n\u2022 Bei pers\u00f6nlichen oder schulischen Problemen<br \/>\n\u2022 Bei Konflikten mit Mitsch\u00fcler*innen oder Lehrkr\u00e4ften<br \/>\n\u2022 Wenn das Lernen oder die Konzentration schwerfallen<br \/>\n\u2022 Bei Stress, \u00dcberforderung oder Belastungsgef\u00fchlen<br \/>\n\u2022 Bei famili\u00e4ren Schwierigkeiten<br \/>\n\u2022 Wenn du einen neuen Blick auf eine Situation erhalten m\u00f6chtest<br \/>\n\u2022 Oder einfach, wenn dir etwas auf dem Herzen liegt<\/p>\n<p><strong>Wer wir sind<\/strong><br \/>\nUnser Beratungsteam besteht aus Personen mit unterschiedlichen Hintergr\u00fcnden und Schwerpunkten.<br \/>\nDie einzelnen Angebote stehen dir unabh\u00e4ngig voneinander zur Verf\u00fcgung \u2013 du kannst selbst entscheiden, an wen du dich wenden m\u00f6chtest. Auch wenn sich manche Themen \u00fcberschneiden, bringt jede Person ihre eigene Perspektive und besondere Herangehensweise mit.<\/p>\n<p>\u2022 Beratungslehrerin und Beratungslehrer (i.A.) helfen bei schulischen und pers\u00f6nlichen Problemen \u2013 seien es \u00c4ngste vor Pr\u00fcfungen, Probleme mit Mitsch\u00fclern oder Zuhause sowie bei allgemeinen Sorgen<br \/>\n\u2022 Schulseelsorgerin f\u00fcr seelsorgerische Begleitung und Gespr\u00e4che<br \/>\n\u2022 Mediatorin f\u00fcr strukturierte Konfliktkl\u00e4rung<br \/>\n\u2022 Fachkr\u00e4fte mit No-Blame-Approach unterst\u00fctzen bei Mobbingverdacht mithilfe eines l\u00f6sungsorientierten Ansatzes \u2013 ohne Schuldzuweisung, daf\u00fcr mit Fokus auf Ver\u00e4nderung<br \/>\n\u2022 Gesundheitspsychologin (B.Sc.) unterst\u00fctzt dich bei Stress, innerem Druck oder wenn sich deine Sorgen auch k\u00f6rperlich bemerkbar machen \u2013 mit Gespr\u00e4chen, praktischen Methoden und alltagstauglichen Strategien.<br \/>\n\u2022 Systemische Beraterin (i.A.) unterst\u00fctzt dich dabei, Situationen aus einer anderen Perspektive zu betrachten und gemeinsam L\u00f6sungen zu entwickeln \u2013 mit Blick auf dich und dein Umfeld<br \/>\n\u2022 Zwei Mental Health First Aid (MHFA)-Helferinnen \u2013 geschult in Erster Hilfe f\u00fcr psychische Krisen<\/p>\n<p><strong>Wie wir arbeiten<\/strong><br \/>\nAlle Gespr\u00e4che sind freiwillig, vertraulich und finden in einer wertsch\u00e4tzenden Atmosph\u00e4re statt.<br \/>\nWir orientieren uns an deinen Anliegen, W\u00fcnschen und Zielen \u2013 du bestimmt, wor\u00fcber gesprochen wird!<br \/>\nUnser Ziel ist es, dich zu begleiten, wenn etwas belastet \u2013 und gemeinsam nach Wegen zu suchen, die dir weiterhelfen.<\/p>\n<\/div><\/div><\/div><\/div><\/div><div class=\"w-tabs-section\" id=\"a98c\"><button class=\"w-tabs-section-header\" aria-controls=\"content-a98c\" aria-expanded=\"false\"><div class=\"w-tabs-section-title\">Informationen f\u00fcr Eltern<\/div><div class=\"w-tabs-section-control\"><\/div><\/button><div  class=\"w-tabs-section-content\" id=\"content-a98c\"><div class=\"w-tabs-section-content-h i-cf\"><div class=\"wpb_text_column\"><div class=\"wpb_wrapper\"><p><strong>Beratungsteam \u2013 Wir sind f\u00fcr Sie und Ihr Kind da<\/strong><\/p>\n<p>Das Beratungsteam unserer Schule steht sowohl den Sch\u00fclerinnen und Sch\u00fclern als auch ihren Eltern zur Verf\u00fcgung.<br \/>\nUnser Grundsatz lautet: Lieber fr\u00fch Unterst\u00fctzung suchen als zu sp\u00e4t. Es ist v\u00f6llig in Ordnung, Hilfe in Anspruch zu nehmen \u2013 nicht nur in ernsten Krisen, sondern auch bei kleineren Sorgen, Unsicherheiten oder Konflikten. Oft reicht schon ein Gespr\u00e4ch, um eine neue Sichtweise auf die Situation zu gewinnen.<\/p>\n<p><strong>Wann k\u00f6nnen Sie sich an uns wenden?<\/strong><br \/>\n\u2022 Bei pers\u00f6nlichen oder schulischen Problemen Ihres Kindes<br \/>\n\u2022 Bei Konflikten mit Mitsch\u00fcler*innen oder Lehrkr\u00e4ften<br \/>\n\u2022 Wenn das Lernen, die Motivation oder die Konzentration schwerfallen<br \/>\n\u2022 Bei Stress, \u00dcberforderung oder Belastungsgef\u00fchlen<br \/>\n\u2022 Bei famili\u00e4ren Schwierigkeiten, die sich auf den Schulalltag auswirken<br \/>\n\u2022 Wenn Sie einen neue Perspektive auf eine Situation erlangen m\u00f6chten<br \/>\n\u2022 Oder einfach, wenn Sie oder Ihr Kind ein Thema auf dem Herzen haben<\/p>\n<p><strong>Wer wir sind<\/strong><br \/>\nUnser Beratungsteam besteht aus Personen mit unterschiedlichen Hintergr\u00fcnden und Schwerpunkten. Sie k\u00f6nnen selbst w\u00e4hlen, an wen Sie sich wenden m\u00f6chten.<br \/>\nAuch wenn sich manche Themen \u00fcberschneiden, bringt jede Person ihre eigene Perspektive und besondere Herangehensweise mit.<\/p>\n<p>\u2022 Beratungslehrerin und Beratungslehrer (i.A.) helfen bei schulischen und pers\u00f6nlichen Problemen \u2013 seien es \u00c4ngste vor Pr\u00fcfungen, Probleme mit Mitsch\u00fclern oder Zuhause sowie allgemeinen Sorgen<br \/>\n\u2022 Schulseelsorgerin f\u00fcr seelsorgerische Begleitung und Gespr\u00e4che<br \/>\n\u2022 Mediatorin f\u00fcr strukturierte Konfliktkl\u00e4rung<br \/>\n\u2022 Fachkr\u00e4fte mit No-Blame-Approach unterst\u00fctzen bei Mobbingverdacht mithilfe eines l\u00f6sungsorientierten Ansatzes \u2013 ohne Schuldzuweisung, daf\u00fcr mit Fokus auf Ver\u00e4nderung<br \/>\n\u2022 Gesundheitspsychologin (B.Sc.) unterst\u00fctzt bei Stress, innerem Druck, Sorgen oder psychosomatischen Beschwerden \u2013 mit Gespr\u00e4chen, praktischen Methoden und<br \/>\nalltagstauglichen Strategien.<br \/>\n\u2022 Systemische Beraterin (i.A.) unterst\u00fctzt einen dabei, Situationen aus einer anderen Perspektive zu betrachten und gemeinsam L\u00f6sungen zu entwickeln \u2013 mit Blick auf das Kind\/Sie und das dazugeh\u00f6rige Umfeld<br \/>\n\u2022 Zwei Mental Health First Aid (MHFA)-Helferinnen \u2013 geschult in Erster Hilfe f\u00fcr psychische Krisen<\/p>\n<p><strong>Wie wir arbeiten<\/strong><br \/>\nAlle Gespr\u00e4che sind freiwillig, vertraulich und finden in einer wertsch\u00e4tzenden Atmosph\u00e4re statt. Wir orientieren uns an Ihren Anliegen, W\u00fcnschen und Zielen.<br \/>\nWir m\u00f6chten Sie als Eltern ermutigen, fr\u00fchzeitig den Kontakt zu uns zu suchen \u2013 denn manchmal ist ein kleiner Schritt der Beginn einer gro\u00dfen Entlastung.<\/p>\n<\/div><\/div><\/div><\/div><\/div><div class=\"w-tabs-section\" id=\"eef1\"><button class=\"w-tabs-section-header\" aria-controls=\"content-eef1\" aria-expanded=\"false\"><div class=\"w-tabs-section-title\">Schulischer Kontakt<\/div><div class=\"w-tabs-section-control\"><\/div><\/button><div  class=\"w-tabs-section-content\" id=\"content-eef1\"><div class=\"w-tabs-section-content-h i-cf\"><div class=\"wpb_text_column\"><div class=\"wpb_wrapper\"><p><strong>Kontaktadressen<\/strong><\/p>\n<p><a ref=\"magnificPopup\" href=\"https:\/\/johanneum-lueneburg.de\/wordpress\/wp-content\/uploads\/2025\/11\/Screenshot-2025-11-04-22.28.47.png\"><img loading=\"lazy\" decoding=\"async\" class=\"alignnone wp-image-24398\" src=\"https:\/\/johanneum-lueneburg.de\/wordpress\/wp-content\/uploads\/2025\/11\/Screenshot-2025-11-04-22.28.47-289x300.png\" alt=\"\" width=\"194\" height=\"201\" srcset=\"https:\/\/johanneum-lueneburg.de\/wordpress\/wp-content\/uploads\/2025\/11\/Screenshot-2025-11-04-22.28.47-289x300.png 289w, https:\/\/johanneum-lueneburg.de\/wordpress\/wp-content\/uploads\/2025\/11\/Screenshot-2025-11-04-22.28.47-112x116.png 112w, https:\/\/johanneum-lueneburg.de\/wordpress\/wp-content\/uploads\/2025\/11\/Screenshot-2025-11-04-22.28.47.png 337w\" sizes=\"auto, (max-width: 194px) 100vw, 194px\" \/><\/a><br \/>\nFrau Keck: <strong>Beratungslehrerin<\/strong><br \/>\n<a href=\"&#109;&#x61;&#x69;l&#116;&#x6f;:&#87;&#x69;&#x65;&#98;&#x6b;&#x65;&#46;&#107;&#x65;c&#107;&#x40;&#x6a;&#111;&#x68;&#x61;n&#110;&#x65;u&#109;&#x2d;&#x6c;&#103;&#x2e;&#x64;e\">&#87;&#x69;&#x65;b&#107;&#x65;&#46;&#107;&#x65;&#x63;k&#64;&#x6a;o&#104;&#x61;&#x6e;n&#101;&#x75;m&#45;&#x6c;&#x67;&#46;&#100;&#x65;<\/a><\/p>\n<p><a ref=\"magnificPopup\" href=\"https:\/\/johanneum-lueneburg.de\/wordpress\/wp-content\/uploads\/2025\/11\/Screenshot-2025-11-04-22.32.11.png\"><img loading=\"lazy\" decoding=\"async\" class=\"alignnone wp-image-24400\" src=\"https:\/\/johanneum-lueneburg.de\/wordpress\/wp-content\/uploads\/2025\/11\/Screenshot-2025-11-04-22.32.11-225x300.png\" alt=\"\" width=\"196\" height=\"261\" srcset=\"https:\/\/johanneum-lueneburg.de\/wordpress\/wp-content\/uploads\/2025\/11\/Screenshot-2025-11-04-22.32.11-225x300.png 225w, https:\/\/johanneum-lueneburg.de\/wordpress\/wp-content\/uploads\/2025\/11\/Screenshot-2025-11-04-22.32.11-300x400.png 300w, https:\/\/johanneum-lueneburg.de\/wordpress\/wp-content\/uploads\/2025\/11\/Screenshot-2025-11-04-22.32.11-87x116.png 87w, https:\/\/johanneum-lueneburg.de\/wordpress\/wp-content\/uploads\/2025\/11\/Screenshot-2025-11-04-22.32.11.png 343w\" sizes=\"auto, (max-width: 196px) 100vw, 196px\" \/><\/a><\/p>\n<p>Herr Sembritzki: <strong>Beratungslehrer<\/strong> (i.A.)<br \/>\n<a href=\"&#109;&#x61;&#x69;l&#116;&#x6f;&#x3a;J&#97;&#x6b;o&#98;&#x2e;&#x73;e&#109;&#x62;r&#105;&#x74;&#x7a;k&#105;&#x40;&#x6a;&#111;&#x68;&#x61;n&#110;&#x65;&#x75;m&#45;&#x6c;g&#46;&#x64;&#x65;\" target=\"_blank\" rel=\"noopener\">&#x4a;a&#x6b;&#111;&#x62;&#46;s&#x65;m&#x62;&#114;&#x69;&#116;z&#x6b;&#105;&#x40;&#106;o&#x68;a&#x6e;&#110;&#x65;&#117;m&#x2d;l&#x67;&#46;&#x64;&#x65;<\/a><\/p>\n<p><a ref=\"magnificPopup\" href=\"https:\/\/johanneum-lueneburg.de\/wordpress\/wp-content\/uploads\/2025\/11\/Screenshot-2025-11-04-22.33.46.png\"><img loading=\"lazy\" decoding=\"async\" class=\"alignnone wp-image-24401\" src=\"https:\/\/johanneum-lueneburg.de\/wordpress\/wp-content\/uploads\/2025\/11\/Screenshot-2025-11-04-22.33.46-255x300.png\" alt=\"\" width=\"191\" height=\"225\" srcset=\"https:\/\/johanneum-lueneburg.de\/wordpress\/wp-content\/uploads\/2025\/11\/Screenshot-2025-11-04-22.33.46-255x300.png 255w, https:\/\/johanneum-lueneburg.de\/wordpress\/wp-content\/uploads\/2025\/11\/Screenshot-2025-11-04-22.33.46-340x400.png 340w, https:\/\/johanneum-lueneburg.de\/wordpress\/wp-content\/uploads\/2025\/11\/Screenshot-2025-11-04-22.33.46-99x116.png 99w, https:\/\/johanneum-lueneburg.de\/wordpress\/wp-content\/uploads\/2025\/11\/Screenshot-2025-11-04-22.33.46.png 347w\" sizes=\"auto, (max-width: 191px) 100vw, 191px\" \/><\/a><\/p>\n<p>Frau Dr. Bendrath: <strong>Schulseelsorgerin<\/strong><br \/>\n<a href=\"&#109;&#97;&#x69;l&#116;&#x6f;&#x3a;C&#104;&#x72;&#x69;s&#116;&#x69;n&#101;&#x2e;&#x62;e&#110;&#x64;&#x72;a&#116;&#x68;&#64;&#106;&#x6f;&#x68;a&#110;&#x6e;&#x65;u&#109;&#x2d;&#x6c;&#103;&#46;&#x64;e\">&#67;&#104;&#x72;&#x69;&#115;&#116;&#x69;&#x6e;&#101;&#46;&#x62;&#x65;&#110;&#100;&#x72;&#x61;&#116;&#104;&#x40;&#x6a;&#111;&#104;&#x61;&#x6e;&#110;&#101;&#x75;&#x6d;&#45;&#108;&#x67;&#x2e;&#100;&#101;<\/a><\/p>\n<p>Frau B\u00f6hme: <strong>Gesundheitspsychologin<\/strong> (B.Sc.)<br \/>\nSystemische Beraterin(i.A.)<br \/>\nMental Health First Aid<br \/>\n<a href=\"&#x6d;&#x61;&#x69;&#x6c;&#x74;&#x6f;&#x3a;&#x46;&#x72;&#x61;&#x6e;&#x7a;&#x69;&#x73;&#107;&#97;&#46;&#98;&#111;&#101;&#104;&#109;&#101;&#64;&#106;ohanneum&#x2d;&#x6c;&#x67;&#x2e;&#x64;&#x65;\">&#x46;&#114;&#97;&#x6e;&#x7a;&#105;&#115;&#x6b;&#x61;&#46;&#98;&#x6f;&#x65;&#104;&#109;&#x65;&#x40;&#106;&#111;&#x68;&#x61;&#110;&#110;&#x65;&#x75;&#109;&#45;&#x6c;&#x67;&#46;&#100;&#x65;<\/a><\/p>\n<p>Frau Sucker: <strong>Mediatorin<\/strong><br \/>\nLern- und Sch\u00fclercoach<br \/>\n<a href=\"&#109;&#x61;i&#x6c;t&#111;&#x3a;&#68;&#x61;g&#109;&#x61;&#114;&#x2e;s&#x75;&#x63;&#107;&#x65;r&#x40;j&#111;&#x68;&#97;&#x6e;n&#101;&#x75;&#109;&#x2d;l&#103;&#x2e;&#100;&#x65;\">Dag&#109;&#97;&#114;&#46;&#x73;&#x75;&#x63;&#x6b;&#x65;&#x72;&#x40;joh&#97;&#110;&#110;&#101;&#117;&#x6d;&#x2d;&#x6c;&#x67;&#x2e;&#x64;e<\/a><\/p>\n<p>Frau Neben: <strong>Mental Health First Aid<\/strong><br \/>\n<a href=\"&#x6d;&#97;i&#x6c;&#x74;&#111;:&#x54;&#x69;&#110;a&#x2e;&#110;e&#x62;&#x65;&#110;&#64;&#x6a;&#x6f;&#104;a&#x6e;&#110;&#101;&#x75;&#x6d;&#45;l&#x67;&#x2e;&#100;e\">&#84;&#x69;&#x6e;&#97;&#x2e;&#x6e;e&#x62;&#x65;n&#64;&#x6a;o&#104;&#x61;n&#110;&#x65;u&#109;&#x2d;l&#103;&#x2e;&#x64;&#101;<\/a><\/p>\n<p>Herr Hartmann: <strong>Vertrauensperson<\/strong><br \/>\n<a href=\"&#x6d;&#97;i&#x6c;&#116;o&#x3a;&#x55;&#108;&#x72;&#x69;&#99;h&#x2e;&#104;a&#x72;&#x74;&#109;&#x61;&#x6e;&#110;&#64;&#x6a;&#111;h&#x61;&#x6e;&#110;&#x65;&#x75;&#109;-&#x6c;&#103;&#46;&#x64;&#x65;\">&#85;&#x6c;&#114;&#x69;c&#x68;&#46;&#104;&#x61;&#114;&#x74;&#109;&#x61;n&#x6e;&#64;&#106;&#x6f;&#104;&#x61;n&#x6e;e&#x75;&#x6d;&#45;&#x6c;&#103;&#x2e;d&#x65;<\/a><\/p>\n<p>&nbsp;<\/p>\n<\/div><\/div><\/div><\/div><\/div><div class=\"w-tabs-section\" id=\"n0d9\"><button class=\"w-tabs-section-header\" aria-controls=\"content-n0d9\" aria-expanded=\"false\"><div class=\"w-tabs-section-title\">Au\u00dferschulischer Kontakt<\/div><div class=\"w-tabs-section-control\"><\/div><\/button><div  class=\"w-tabs-section-content\" id=\"content-n0d9\"><div class=\"w-tabs-section-content-h i-cf\"><div class=\"wpb_text_column\"><div class=\"wpb_wrapper\"><ul>\n<li style=\"font-weight: 400;\" aria-level=\"1\"><b>Nummer gegen Kummer<\/b><span style=\"font-weight: 400;\"> (f\u00fcr Kinder und Jugendliche):\u00a0<\/span>\n<ul>\n<li style=\"font-weight: 400;\" aria-level=\"2\"><b>Telefon: <\/b><span style=\"font-weight: 400;\">116111 (kostenlos vom Handy und Festnetz) oder 0800 1110333<\/span><\/li>\n<li style=\"font-weight: 400;\" aria-level=\"2\"><b>Online: <\/b><a href=\"https:\/\/www.nummergegenkummer.de\/kinder-und-jugendberatung\/online-beratung\/\"><span style=\"font-weight: 400;\">https:\/\/www.nummergegenkummer.de\/kinder-und-jugendberatung\/online-beratung\/<\/span><\/a><\/li>\n<\/ul>\n<\/li>\n<li style=\"font-weight: 400;\" aria-level=\"1\"><b>Krisenchat: <\/b><a href=\"https:\/\/www.krisenchat.de\/\"><span style=\"font-weight: 400;\">https:\/\/www.krisenchat.de\/<\/span><\/a><\/li>\n<li style=\"font-weight: 400;\" aria-level=\"1\"><span style=\"font-weight: 400;\">Info-Telefon Depression von Dt. <\/span><b>Depressionshilfe<\/b><span style=\"font-weight: 400;\">: 0800-3344533<\/span><\/li>\n<li style=\"font-weight: 400;\" aria-level=\"1\"><b>FIDEO<\/b><span style=\"font-weight: 400;\"> \u2013 Onlinehilfe f\u00fcr Kinder und Jugendliche mit Depressionen: <\/span><a href=\"http:\/\/www.fideo.de\"><span style=\"font-weight: 400;\">www.fideo.de<\/span><\/a><\/li>\n<li style=\"font-weight: 400;\" aria-level=\"1\"><b>Jugendliche st\u00e4rken: <\/b><span style=\"font-weight: 400;\">Informationen zu psychischen Erkrankungen und Verweise auf Beratungsstellen: <\/span>https:\/\/www.jugendlichestaerken-niedersachsen.de\/<\/li>\n<li style=\"font-weight: 400;\" aria-level=\"1\"><span style=\"font-weight: 400;\">Telefonnummer am Tag der <\/span><b>Zeugnisausgabe<\/b><span style=\"font-weight: 400;\">: 0531-484 3311\u00a0<\/span><\/li>\n<li style=\"font-weight: 400;\" aria-level=\"1\"><a href=\"http:\/\/www.hilfe-portal-missbrauch.de\/\"><span style=\"font-weight: 400;\">www.hilfe-portal-missbrauch.de<\/span><\/a><\/li>\n<li style=\"font-weight: 400;\" aria-level=\"1\"><span style=\"font-weight: 400;\">Chat oder Telefonat mit Expertinnen und Experten: <\/span><a href=\"http:\/\/www.hilfe-telefon-missbrauch.online\">www.hilfe-telefon-missbrauch.online<\/a><\/li>\n<\/ul>\n<ul>\n<li style=\"font-weight: 400;\" aria-level=\"1\"><span style=\"font-weight: 400;\">Hilfetelefon \u201eSexueller Missbrauch\u201c 0800 2255530\u00a0<\/span><\/li>\n<li style=\"font-weight: 400;\" aria-level=\"1\"><span style=\"font-weight: 400;\">Hilfetelefon \u201eGewalt gegen Frauen\u201c 08000 116016<\/span><\/li>\n<\/ul>\n<p><span style=\"font-weight: 400;\">Weitere Hilfsangebote findest du hinter den QR-Codes auf dem Plakat (siehe unten)!<\/span><\/p>\n<p>&nbsp;<\/p>\n<\/div><\/div><\/div><\/div><\/div><\/div><\/div><\/div><\/div><\/div><\/div><\/div><\/section>\n<p>&nbsp;<\/p>\n<p><strong>Informationen zum sicheren Umgang mit Smartphone:<\/strong> <a href=\"https:\/\/johanneum-lueneburg.de\/wordpress\/wp-content\/uploads\/2025\/11\/Jojo-Unplugged.pdf\" target=\"_blank\" rel=\"noopener\">Hier klicken!<\/a><\/p>\n<a href=\"https:\/\/johanneum-lueneburg.de\/wordpress\/wp-content\/uploads\/2025\/11\/Jojo-Unplugged.pdf\" class=\"pdfemb-viewer\" style=\"\" data-width=\"max\" data-height=\"max\" data-toolbar=\"top\" data-toolbar-fixed=\"off\">Jojo-Unplugged<\/a>\n<p>&nbsp;<\/p>\n<p><strong>Beratungsplakat f\u00fcr Sch\u00fcler*innen:<\/strong> <a href=\"https:\/\/johanneum-lueneburg.de\/wordpress\/wp-content\/uploads\/2025\/11\/Beratung-Schueler.pdf\" rel=\"noopener\">Hier klicken!<\/a><\/p>\n<a href=\"https:\/\/johanneum-lueneburg.de\/wordpress\/wp-content\/uploads\/2025\/11\/Beratung-Schueler.pdf\" class=\"pdfemb-viewer\" style=\"\" data-width=\"max\" data-height=\"max\" data-toolbar=\"top\" data-toolbar-fixed=\"off\">Beratung Sch\u00fcler<\/a>\n","protected":false},"excerpt":{"rendered":"<p>Unser Beratungsteam unterst\u00fctzt Sch\u00fclerinnen und Sch\u00fclern, Eltern und auch Lehrkr\u00e4ften bei schulischen, pers\u00f6nlichen oder famili\u00e4ren Fragen.\u00a0 Ob Lernschwierigkeiten, Konflikte, Stress oder einfach ein Anliegen \u2013 wir sind da, h\u00f6ren zu und suchen gemeinsam nach L\u00f6sungen. Alle Gespr\u00e4che sind freiwillig, vertraulich und wertsch\u00e4tzend. &nbsp; Informationen zum sicheren Umgang mit Smartphone: Hier klicken! &nbsp; Beratungsplakat f\u00fcr Sch\u00fcler*innen:&#8230;<\/p>\n","protected":false},"author":4,"featured_media":0,"parent":0,"menu_order":0,"comment_status":"closed","ping_status":"closed","template":"","meta":{"footnotes":""},"class_list":["post-17464","page","type-page","status-publish","hentry"],"_links":{"self":[{"href":"https:\/\/johanneum-lueneburg.de\/wordpress\/wp-json\/wp\/v2\/pages\/17464","targetHints":{"allow":["GET"]}}],"collection":[{"href":"https:\/\/johanneum-lueneburg.de\/wordpress\/wp-json\/wp\/v2\/pages"}],"about":[{"href":"https:\/\/johanneum-lueneburg.de\/wordpress\/wp-json\/wp\/v2\/types\/page"}],"author":[{"embeddable":true,"href":"https:\/\/johanneum-lueneburg.de\/wordpress\/wp-json\/wp\/v2\/users\/4"}],"replies":[{"embeddable":true,"href":"https:\/\/johanneum-lueneburg.de\/wordpress\/wp-json\/wp\/v2\/comments?post=17464"}],"version-history":[{"count":14,"href":"https:\/\/johanneum-lueneburg.de\/wordpress\/wp-json\/wp\/v2\/pages\/17464\/revisions"}],"predecessor-version":[{"id":24393,"href":"https:\/\/johanneum-lueneburg.de\/wordpress\/wp-json\/wp\/v2\/pages\/17464\/revisions\/24393"}],"wp:attachment":[{"href":"https:\/\/johanneum-lueneburg.de\/wordpress\/wp-json\/wp\/v2\/media?parent=17464"}],"curies":[{"name":"wp","href":"https:\/\/api.w.org\/{rel}","templated":true}]}}