{"id":13939,"date":"2023-07-02T15:58:31","date_gmt":"2023-07-02T13:58:31","guid":{"rendered":"https:\/\/johanneum-lueneburg.de\/wordpress\/?page_id=13939"},"modified":"2023-07-02T16:17:15","modified_gmt":"2023-07-02T14:17:15","slug":"walter-zechlin-detailinformationen","status":"publish","type":"page","link":"https:\/\/johanneum-lueneburg.de\/wordpress\/walter-zechlin-detailinformationen\/","title":{"rendered":"Walter Zechlin: Detailinformationen"},"content":{"rendered":"<section class=\"l-section wpb_row height_auto\"><div class=\"l-section-h i-cf\"><div class=\"g-cols vc_row via_flex valign_top type_default stacking_default\"><div class=\"vc_col-sm-12 wpb_column vc_column_container\"><div class=\"vc_column-inner\"><div class=\"wpb_wrapper\"><div class=\"w-tabs layout_hor style_default switch_click has_scrolling\" style=\"--sections-title-size:1em\"><div class=\"w-tabs-list items_2 align_none\"><div class=\"w-tabs-list-h\"><button class=\"w-tabs-item active\" aria-controls=\"content-i24f\" aria-expanded=\"false\"><span class=\"w-tabs-item-title\">Als Pressechef in der Arena der Politik<\/span><\/button><button class=\"w-tabs-item\" aria-controls=\"content-h8b8\" aria-expanded=\"false\"><span class=\"w-tabs-item-title\">Walter-Zechlin-Preis<\/span><\/button><\/div><\/div><div class=\"w-tabs-sections titles-align_none icon_chevron cpos_right\"><div class=\"w-tabs-section active\" id=\"i24f\"><button class=\"w-tabs-section-header active\" aria-controls=\"content-i24f\" aria-expanded=\"true\"><div class=\"w-tabs-section-title\">Als Pressechef in der Arena der Politik<\/div><div class=\"w-tabs-section-control\"><\/div><\/button><div  class=\"w-tabs-section-content\" id=\"content-i24f\"><div class=\"w-tabs-section-content-h i-cf\"><div class=\"g-cols wpb_row via_flex valign_top type_default stacking_default\"><div class=\"vc_col-sm-3 wpb_column vc_column_container\"><div class=\"vc_column-inner\"><div class=\"wpb_wrapper\"><div class=\"wpb_text_column\"><div class=\"wpb_wrapper\"><p><a ref=\"magnificPopup\" href=\"https:\/\/johanneum-lueneburg.de\/wordpress\/wp-content\/uploads\/2023\/07\/walter_zechlin.jpg\"><img loading=\"lazy\" decoding=\"async\" class=\"alignnone size-full wp-image-13940\" src=\"https:\/\/johanneum-lueneburg.de\/wordpress\/wp-content\/uploads\/2023\/07\/walter_zechlin.jpg\" alt=\"\" width=\"145\" height=\"187\" srcset=\"https:\/\/johanneum-lueneburg.de\/wordpress\/wp-content\/uploads\/2023\/07\/walter_zechlin.jpg 145w, https:\/\/johanneum-lueneburg.de\/wordpress\/wp-content\/uploads\/2023\/07\/walter_zechlin-90x116.jpg 90w\" sizes=\"auto, (max-width: 145px) 100vw, 145px\" \/><\/a><\/p>\n<\/div><\/div><\/div><\/div><\/div><div class=\"vc_col-sm-9 wpb_column vc_column_container\"><div class=\"vc_column-inner\"><div class=\"wpb_wrapper\"><div class=\"wpb_text_column\"><div class=\"wpb_wrapper\"><p>Um das Amt eines Pressechefs auszuf\u00fcllen, brachte Dr. Zechlin hervorragende Voraussetzungen mit: er besa\u00df englische, franz\u00f6sische, spanische und arabische Sprachkenntnisse, die auch f\u00fcr seine zahlreichen Aufgaben im Ausland sowie sp\u00e4ter im Exil in Spanien unabdingbar waren. Er konnte au\u00dferdem frei vor einem Publikum sprechen und verstand es, in diesem stressbeladenen, aber auch spannenden Job die brenzligsten Situationen mit Geschick und diplomatischem Einf\u00fchlungsverm\u00f6gen zu meistern. Er verbreitete \u00fcberwiegend gute Laune, hatte entweder schlagfertige Bemerkungen oder einen lockeren Spruch auf den Lippen. Er war immer der Erste, der mit seinem Eingangsreferat eine Pressekonferenz vor Journalisten oder einen Pressevortrag vor deutschen Politikern er\u00f6ffnete und &#8222;wie bei einer spanischen Corrida dem herausst\u00fcrzenden w\u00fctenden Stier&#8220; entgegentreten musste, wobei die Zuh\u00f6rer ihn mit bohrenden Fragen attackierten.<\/p>\n<\/div><\/div><\/div><\/div><\/div><\/div><div class=\"g-cols wpb_row via_flex valign_top type_default stacking_default\"><div class=\"vc_col-sm-12 wpb_column vc_column_container\"><div class=\"vc_column-inner\"><div class=\"wpb_wrapper\"><div class=\"wpb_text_column\"><div class=\"wpb_wrapper\"><p>Um die Situation etwas zu entspannen, pflegte Zechlin am Schluss einen Witz zu erz\u00e4hlen. Bei mancher Delegation, vor der er berichtete, entwickelte sich deshalb der Brauch, schon zu Beginn zu sagen: &#8222;F\u00fcr Ihren Vortrag haben wir keine Zeit, ist auch nicht wichtig, aber wenn sie uns einen neuen Konferenzwitz erz\u00e4hlen k\u00f6nnten&#8230;&#8220; \u00dcber die nervenaufreibende und brisante Aufgabe eines Pressechefs, die darin besteht, sich einerseits an die Instruktionen des Regierungschefs zu halten, andererseits aber f\u00fcr ein gutes Erscheinungsbild der Regierung in der \u00d6ffentlichkeit zu sorgen, erz\u00e4hlte Zechlin folgende Anekdote: Eines Tages wurde er in einer Referentenbesprechung von einem seiner Mitarbeiter in zwangloser Atmosph\u00e4re mit den Worten unterbrochen: &#8222;Aber Herr Zechlin, was Sie sagen , ist ja alles Unsinn !&#8220; (Heiterkeit) Antwort Zechlins: &#8220; Jawohl, aber es ist der Unsinn des Herrn Reichskanzlers.&#8220; (Gro\u00dfe Heiterkeit).<\/p>\n<p>In der \u00d6ffentlichkeit muss der Pressechef alles f\u00fcr die Regierung zum Besten kehren, w\u00e4hrend man ihm selbst kein Recht auf eigene Fehler gestattet. Das Wort aus Schillers Wallenstein &#8222;Ich habe hier blo\u00df ein Amt und keine Meinung&#8220;, das Zechlin scherzhaft auf seine Rolle als Pressechef bezog, war in der Realit\u00e4t allerdings stark untertrieben, denn er wurde von den Politikern oft um seine Meinung gefragt. Als Hindenburg 1932 zum ersten Mal \u00fcber eine Kanzlerschaft Hitlers nachzudenken begann, riet ihm Zechlin dringend davon ab. Zechlins Parteizugeh\u00f6rigkeit zur SPD behinderte ihn bei seiner Arbeit eigentlich nicht. Sogar Hindenburg nahm ihn gegen\u00fcber den Angriffen der Deutschnationalen in Schutz, die eine Gefahr darin erblickten, dass der Reichspr\u00e4sident beim t\u00e4glichen Pressevortrag f\u00fcr eine halbe Stunde dem Einfluss eines Sozialdemokraten ausgesetzt war. Aber Zechlin konnte auch deutlich seine Meinung sagen. 1934 sparte er in einem Gespr\u00e4ch mit dem F\u00fchrer der Deutschnationalen Alfred Hugenberg nicht mit bissiger Kritik an dessen Hilfe f\u00fcr den Aufstieg Hitlers. &#8222;Sie , Herr Geheimrat, haben so erfolgreich an den S\u00e4ulen unserer Republik ger\u00fcttelt, dass Ihnen die Dachziegel schwer auf den Kopf gefallen sind&#8220; , redete er Hugenberg an, worauf dieser sich wortlos abwandte und entr\u00fcstet seinen Gespr\u00e4chspartner stehen lie\u00df.<\/p>\n<p>Die eigentlichen Ursachen f\u00fcr das Ende der ersten deutschen Demokratie sah Zechlin in den Fehlern der Weimarer Verfassung, den schweren wirtschaftlichen Verh\u00e4ltnissen und der mangelnden Popularit\u00e4t des Weimarer Systems bei breiten Schichten der Bev\u00f6lkerung. Vom Standpunkt eines mit Pressearbeit befassten Spezialisten wie Zechlin tat die Weimarer Demokratie au\u00dferdem nicht genug, um ihr gesamtes Erscheinungsbild in der \u00d6ffentlichkeit zu verbessern. Sie verleih z.B. keine Orden und war in der Pr\u00e4sentation teilweise sogar asketisch. Nat\u00fcrlich wurde laut Zechlin die Weimarer Republik auch durch die blinde Sympathie f\u00fchrender Kreise f\u00fcr den neuen &#8222;Hoffnungstr\u00e4ger&#8220; Hitler zerst\u00f6rt. Es bewahrheitete sich der Satz, den Zechlin einst zu Hindenburg \u00fcber Hitler gesagt hatte: &#8222;Den werden Sie nicht wieder los.&#8220; Dass Zechlin nach den Erlebnissen des Exils nicht verbitterte, ist wohl dem Motto zu verdanken, das er 1933 in einer Rede bei einer Entlassungsfeier des deutschen Gymnasiums Humboldt- Schule in Mexiko den Abiturienten mit auf den Lebensweg gab: &#8222;Unter der M\u00fctze ist etwas Gr\u00fctze im Leben viel n\u00fctze, aber ein freundliches Herz unter der Weste ist das Beste&#8220;. Dr. Zechlin war Tr\u00e4ger des gro\u00dfen Bundesverdienstkreuzes.<\/p>\n<\/div><\/div><\/div><\/div><\/div><\/div><\/div><\/div><\/div><div class=\"w-tabs-section\" id=\"h8b8\"><button class=\"w-tabs-section-header\" aria-controls=\"content-h8b8\" aria-expanded=\"false\"><div class=\"w-tabs-section-title\">Walter-Zechlin-Preis<\/div><div class=\"w-tabs-section-control\"><\/div><\/button><div  class=\"w-tabs-section-content\" id=\"content-h8b8\"><div class=\"w-tabs-section-content-h i-cf\"><div class=\"g-cols wpb_row via_flex valign_top type_default stacking_default\"><div class=\"vc_col-sm-12 wpb_column vc_column_container\"><div class=\"vc_column-inner\"><div class=\"wpb_wrapper\"><div class=\"wpb_text_column\"><div class=\"wpb_wrapper\"><p>Jedes Jahr verleiht der Rotary- Club L\u00fcneburg an Abiturienten den Walter Zechlin- Preis im Gedenken an ein bedeutendes Gr\u00fcndungsmitglied, n\u00e4mlich Dr. Walter Zechlin. Der Preis wird vergeben an Sch\u00fcler und Sch\u00fclerinnen mit hervorragenden Leistungen im gesellschaftswissenschaftlichen Aufgabenfeld (z.B. Politik, Geschichte) und \/oder f\u00fcr au\u00dfergew\u00f6hnliches soziales Engagement im Bereich der Sch\u00fclerschaft und Sch\u00fclermitverantwortung. Im Jahre 2003 ging der Zechlin- Preis am Johanneum an eine Abiturientin und einen Abiturienten n\u00e4mlich: Harriet Kause und Jan Pablo Burgard.<\/p>\n<p>Im Rahmen der Abiturienten- Entlassungsfeier am 28. 6. 2003 im Johanneum w\u00fcrdigte Frau Dr. Menk als Repr\u00e4sentantin des Rotary- Clubs die Leistungen der Gewinner und \u00fcberreichte ihnen wertvolle Buchpreise.<\/p>\n<p>Harriet Kause und Jan Pablo Burgard erreichten im gesellschaftlichen Aufgabenfeld hervorragende Noten. Sie waren aber auch im Rahmen der Sch\u00fclerschaft engagiert. Sie organisierten gemeinsam f\u00fcr die Jahrg\u00e4nge 12 und 13 nach mehrt\u00e4giger Vorbereitung einen Workshop zum Thema &#8222;Rhetorik und freie Rede&#8220;. Er hatte das selbstst\u00e4ndige Ausarbeiten von Reden, Referaten und Pr\u00e4sentationen zum Inhalt.<\/p>\n<p>Harriet Kause zeigte dar\u00fcber hinaus sozialen Einsatz w\u00e4hrend der Flutkatastrophe im August 2002. Sie organisierte am 20. und 21. August 2002 eine Hilfsaktion von ca. 60 Oberstufensch\u00fclern\/innen des Johanneums, die in Walmsburg und Tramm Sands\u00e4cke f\u00fcllten und Deiche befestigten. Sie orderte die Busfahrten zu den Einsatzorten und sprach mit der Einsatzleitung. Die teilnehmenden vom Unterricht beurlaubten Sch\u00fcler konnten auf diese Weise nicht nur praktische Hilfe leisten, sondern in den Helfergruppen auch ein gutes gemeinschaftliches Gef\u00fchl erleben. Auch die Landeszeitung berichtete dar\u00fcber.<\/p>\n<\/div><\/div><\/div><\/div><\/div><\/div><div class=\"w-separator size_medium\"><\/div><div class=\"g-cols wpb_row via_flex valign_top type_default stacking_default\"><div class=\"vc_col-sm-12 wpb_column vc_column_container\"><div class=\"vc_column-inner\"><div class=\"wpb_wrapper\"><div class=\"wpb_text_column\"><div class=\"wpb_wrapper\"><p>Bisherige Gewinner\/innen des Zechlinpreises am Johanneum:<\/p>\n<p>2003 Harriet Krause, Pablo Burgard<br \/>\n2006 Sandra Pr\u00f6l\u00df<br \/>\n2008 Ellen Fesefeldt, Tobija Sa\u00dfnick<br \/>\n2010 Mirja Hagemann , Martin Sch\u00e4fer<br \/>\n2011 Lea Dehning, Michael Schumacher<br \/>\n2012 Vivian Tian Randhawa, Jonathan Krumstroh<br \/>\n2013 Niels Elsner<br \/>\n2014 Mareike Wandt<\/p>\n<\/div><\/div><\/div><\/div><\/div><\/div><\/div><\/div><\/div><\/div><\/div><\/div><\/div><\/div><\/div><\/div><\/section>\n","protected":false},"excerpt":{"rendered":"Als Pressechef in der Arena der PolitikWalter-Zechlin-PreisAls Pressechef in der Arena der Politik Um das Amt eines Pressechefs auszuf\u00fcllen, brachte Dr. Zechlin hervorragende Voraussetzungen mit: er besa\u00df englische, franz\u00f6sische, spanische und arabische Sprachkenntnisse, die auch f\u00fcr seine zahlreichen Aufgaben im Ausland sowie sp\u00e4ter im Exil in Spanien unabdingbar waren. Er konnte au\u00dferdem frei vor einem...","protected":false},"author":1,"featured_media":0,"parent":0,"menu_order":0,"comment_status":"closed","ping_status":"closed","template":"","meta":{"footnotes":""},"class_list":["post-13939","page","type-page","status-publish","hentry"],"_links":{"self":[{"href":"https:\/\/johanneum-lueneburg.de\/wordpress\/wp-json\/wp\/v2\/pages\/13939","targetHints":{"allow":["GET"]}}],"collection":[{"href":"https:\/\/johanneum-lueneburg.de\/wordpress\/wp-json\/wp\/v2\/pages"}],"about":[{"href":"https:\/\/johanneum-lueneburg.de\/wordpress\/wp-json\/wp\/v2\/types\/page"}],"author":[{"embeddable":true,"href":"https:\/\/johanneum-lueneburg.de\/wordpress\/wp-json\/wp\/v2\/users\/1"}],"replies":[{"embeddable":true,"href":"https:\/\/johanneum-lueneburg.de\/wordpress\/wp-json\/wp\/v2\/comments?post=13939"}],"version-history":[{"count":1,"href":"https:\/\/johanneum-lueneburg.de\/wordpress\/wp-json\/wp\/v2\/pages\/13939\/revisions"}],"predecessor-version":[{"id":13941,"href":"https:\/\/johanneum-lueneburg.de\/wordpress\/wp-json\/wp\/v2\/pages\/13939\/revisions\/13941"}],"wp:attachment":[{"href":"https:\/\/johanneum-lueneburg.de\/wordpress\/wp-json\/wp\/v2\/media?parent=13939"}],"curies":[{"name":"wp","href":"https:\/\/api.w.org\/{rel}","templated":true}]}}