{"id":12456,"date":"2023-03-13T22:18:29","date_gmt":"2023-03-13T21:18:29","guid":{"rendered":"https:\/\/johanneum-lueneburg.de\/wordpress\/?page_id=12456"},"modified":"2023-03-14T22:54:36","modified_gmt":"2023-03-14T21:54:36","slug":"erdkunde","status":"publish","type":"page","link":"https:\/\/johanneum-lueneburg.de\/wordpress\/erdkunde\/","title":{"rendered":"Erdkunde"},"content":{"rendered":"<section class=\"l-section wpb_row height_auto\"><div class=\"l-section-h i-cf\"><div class=\"g-cols vc_row via_flex valign_top type_default stacking_default\"><div class=\"vc_col-sm-12 wpb_column vc_column_container\"><div class=\"vc_column-inner\"><div class=\"wpb_wrapper\"><div class=\"w-vwrapper us_custom_b4ecdb3f align_none valign_top\"><div class=\"wpb_text_column\"><div class=\"wpb_wrapper\"><ul>\n<li>Unterricht ab Jahrgang 5<\/li>\n<li>in Jahrgang 6, 8 und 10 epochal, d. h. halbj\u00e4hrig mit zwei Wochenstunden<\/li>\n<li>in den Jahrg\u00e4ngen 12\/13 jeweils Kurse auf erh\u00f6htem und grundlegendem Niveau<\/li>\n<li>Fachobmann: <a href=\"&#x6d;a&#x69;&#108;&#x74;&#x6f;:&#x74;&#111;&#x72;&#x73;t&#x65;&#110;&#x2e;&#x70;r&#x69;&#101;&#x6d;&#x40;j&#x6f;&#104;&#x61;&#x6e;n&#x65;&#117;&#x6d;&#x2d;l&#x67;&#46;&#x64;&#x65;\">Markus Schr\u00f6der<\/a><\/li>\n<\/ul>\n<\/div><\/div><\/div><div class=\"w-separator size_medium\"><\/div><\/div><\/div><\/div><\/div><\/div><\/section><section class=\"l-section wpb_row height_auto\"><div class=\"l-section-h i-cf\"><div class=\"g-cols vc_row via_flex valign_top type_default stacking_default\"><div class=\"vc_col-sm-6 wpb_column vc_column_container\"><div class=\"vc_column-inner\"><div class=\"wpb_wrapper\"><div class=\"wpb_text_column\"><div class=\"wpb_wrapper\"><blockquote>\n<p>Es ist nichts, was den geschulten Verstand mehr<br \/>\nkultiviert und bildet, als Geographie.\u201c (Immanuel Kant)<\/p>\n<\/blockquote>\n<\/div><\/div><\/div><\/div><\/div><div class=\"vc_col-sm-6 wpb_column vc_column_container\"><div class=\"vc_column-inner\"><div class=\"wpb_wrapper\"><div class=\"w-image align_none\"><a ref=\"magnificPopup\" href=\"https:\/\/johanneum-lueneburg.de\/wordpress\/wp-content\/uploads\/2023\/03\/Homepage-Erdkunde_Foto--scaled.jpg\" aria-label=\"Homepage Erdkunde_Foto\" class=\"w-image-h\"><img loading=\"lazy\" decoding=\"async\" width=\"566\" height=\"400\" src=\"https:\/\/johanneum-lueneburg.de\/wordpress\/wp-content\/uploads\/2023\/03\/Homepage-Erdkunde_Foto--566x400.jpg\" class=\"attachment-us_600_400 size-us_600_400\" alt=\"\" srcset=\"https:\/\/johanneum-lueneburg.de\/wordpress\/wp-content\/uploads\/2023\/03\/Homepage-Erdkunde_Foto--566x400.jpg 566w, https:\/\/johanneum-lueneburg.de\/wordpress\/wp-content\/uploads\/2023\/03\/Homepage-Erdkunde_Foto--300x212.jpg 300w, https:\/\/johanneum-lueneburg.de\/wordpress\/wp-content\/uploads\/2023\/03\/Homepage-Erdkunde_Foto--1024x724.jpg 1024w, https:\/\/johanneum-lueneburg.de\/wordpress\/wp-content\/uploads\/2023\/03\/Homepage-Erdkunde_Foto--164x116.jpg 164w, https:\/\/johanneum-lueneburg.de\/wordpress\/wp-content\/uploads\/2023\/03\/Homepage-Erdkunde_Foto--scaled.jpg 1600w\" sizes=\"auto, (max-width: 566px) 100vw, 566px\" \/><\/a><\/div><\/div><\/div><\/div><div class=\"vc_col-sm-12 wpb_column vc_column_container\"><div class=\"vc_column-inner\"><div class=\"wpb_wrapper\"><div class=\"w-separator size_medium\"><\/div><\/div><\/div><\/div><\/div><\/div><\/section><section class=\"l-section wpb_row height_auto\"><div class=\"l-section-h i-cf\"><div class=\"g-cols vc_row via_flex valign_top type_default stacking_default\"><div class=\"vc_col-sm-12 wpb_column vc_column_container\"><div class=\"vc_column-inner\"><div class=\"wpb_wrapper\"><div class=\"w-tabs style_default switch_click accordion has_scrolling\" style=\"--sections-title-size:inherit\"><div class=\"w-tabs-sections titles-align_none icon_chevron cpos_right\"><div class=\"w-tabs-section\" id=\"a789\"><button class=\"w-tabs-section-header\" aria-controls=\"content-a789\" aria-expanded=\"false\"><div class=\"w-tabs-section-title\">Allgemeine Informationen zum Fach<\/div><div class=\"w-tabs-section-control\"><\/div><\/button><div  class=\"w-tabs-section-content\" id=\"content-a789\"><div class=\"w-tabs-section-content-h i-cf\"><div class=\"wpb_text_column\"><div class=\"wpb_wrapper\"><p>Globalisierung, Erdbeben, Migration, weltweite Bev\u00f6lkerungsentwicklung oder die Skizzierung des eigenen Schulweges sind nur wenige tagesaktuelle Themen, Ph\u00e4nomene und Prozesse, denen wir im Fach Erdkunde begegnen. Mithilfe konkreter Raumbeispiele werden regionale bis globale Ph\u00e4nomene im Fach Erdkunde immer exemplarisch beleuchtet.<\/p>\n<p>Ist jemand erdkundlich gebildet, wenn er oder sie bei G\u00fcnther Jauch folgende Frage beantworten kann: Wo liegen die Langerhansschen Inseln? Die Frage ist gemein, denn die Inseln liegen im menschlichen K\u00f6rper in der Bauchspeicheldr\u00fcse. Aber trotzdem verbinden die meisten mit dem Fach Erdkunde die Namen verschiedener Hauptst\u00e4dte, Flussnamen, L\u00e4ndergrenzen und die Lage von Gebirgen.<\/p>\n<p>Das Fach Erdkunde ist jedoch vielseitiger und besteht eben nicht nur aus diesen Grunds\u00e4tzlichkeiten. Erdkunde ist damit mehr als Stadt, Land, Fluss! Vielmehr geht es in diesem Fach um ein multiperspektivisches, systemisches und probleml\u00f6sendes Denken, welches die Sch\u00fclerinnen und Sch\u00fcler verinnerlichen und bestenfalls auch in ihrem Alltag nutzen. Am Johanneum begegnet man dieser Aufgabe durch verschiedene Zug\u00e4nge, u. a. durch die Arbeit mit dem Atlas und einem engen Bezug zur Lebenswelt der Sch\u00fclerinnen und Sch\u00fcler.<\/p>\n<p>M\u00f6glichkeiten und Unterricht am Johanneum:<\/p>\n<p>Erdkunde wird am Johanneum in der Sekundarstufe I in den Jahrgangsstufen 6, 8, 10 und in der Einf\u00fchrungsphase epochal unterrichtet, in allen anderen Jahrgangsstufen habt ihr in beiden Jahrg\u00e4ngen Erdkundeunterricht.<\/p>\n<p>In der Sekundarstufe II haben die Sch\u00fclerinnen und Sch\u00fcler die M\u00f6glichkeit, das Fach Erdkunde als Kurs auf grundlegendem Niveau oder auch als Kurs auf erh\u00f6htem Niveau der gesellschaftswissenschaftlichen F\u00e4chergruppe zu belegen.<\/p>\n<p>Das Johanneum bietet \u2013 wenn organisatorisch m\u00f6glich \u2013 in allen Jahrgangsstufen Exkursionen an, um den Sch\u00fclerinnen und Sch\u00fclern die gelernten Inhalte aus dem Unterricht in ihrer eigenen Umwelt erlebbar zu machen.<\/p>\n<p>Aktuell arbeiten 13 Kollegen und Kolleginnen intensiv daran, euch f\u00fcr das Fach Erdkunde zu begeistern. Wir freuen uns auf euch!<\/p>\n<\/div><\/div><\/div><\/div><\/div><div class=\"w-tabs-section\" id=\"b9e2\"><button class=\"w-tabs-section-header\" aria-controls=\"content-b9e2\" aria-expanded=\"false\"><div class=\"w-tabs-section-title\">Curricula<\/div><div class=\"w-tabs-section-control\"><\/div><\/button><div  class=\"w-tabs-section-content\" id=\"content-b9e2\"><div class=\"w-tabs-section-content-h i-cf\"><div class=\"wpb_text_column\"><div class=\"wpb_wrapper\"><p class=\"tiny_p\">Der Erdkundeunterricht am Johanneum wird dem <a href=\"https:\/\/bildungsportal-niedersachsen.de\/allgemeinbildung\/unterrichtsfaecher\/gesellschaftswissenschaftliche-faecher\/erdkunde-sek-ii\">nieders\u00e4chsischen Kerncurriculum<\/a> gem\u00e4\u00df erteilt.<\/p>\n<\/div><\/div><div class=\"w-separator size_medium\"><\/div><div class=\"wpb_text_column\"><div class=\"wpb_wrapper\"><p>Die schulinternen Stoffverteilungspl\u00e4ne werden derzeit aktualisiert.<\/p>\n<\/div><\/div><\/div><\/div><\/div><\/div><\/div><\/div><\/div><\/div><\/div><\/div><\/section>\n","protected":false},"excerpt":{"rendered":"Unterricht ab Jahrgang 5 in Jahrgang 6, 8 und 10 epochal, d. h. halbj\u00e4hrig mit zwei Wochenstunden in den Jahrg\u00e4ngen 12\/13 jeweils Kurse auf erh\u00f6htem und grundlegendem Niveau Fachobmann: Markus Schr\u00f6der Es ist nichts, was den geschulten Verstand mehr kultiviert und bildet, als Geographie.\u201c (Immanuel Kant) Allgemeine Informationen zum FachGlobalisierung, Erdbeben, Migration, weltweite Bev\u00f6lkerungsentwicklung oder...","protected":false},"author":2,"featured_media":0,"parent":0,"menu_order":0,"comment_status":"closed","ping_status":"closed","template":"","meta":{"footnotes":""},"class_list":["post-12456","page","type-page","status-publish","hentry"],"_links":{"self":[{"href":"https:\/\/johanneum-lueneburg.de\/wordpress\/wp-json\/wp\/v2\/pages\/12456","targetHints":{"allow":["GET"]}}],"collection":[{"href":"https:\/\/johanneum-lueneburg.de\/wordpress\/wp-json\/wp\/v2\/pages"}],"about":[{"href":"https:\/\/johanneum-lueneburg.de\/wordpress\/wp-json\/wp\/v2\/types\/page"}],"author":[{"embeddable":true,"href":"https:\/\/johanneum-lueneburg.de\/wordpress\/wp-json\/wp\/v2\/users\/2"}],"replies":[{"embeddable":true,"href":"https:\/\/johanneum-lueneburg.de\/wordpress\/wp-json\/wp\/v2\/comments?post=12456"}],"version-history":[{"count":8,"href":"https:\/\/johanneum-lueneburg.de\/wordpress\/wp-json\/wp\/v2\/pages\/12456\/revisions"}],"predecessor-version":[{"id":12465,"href":"https:\/\/johanneum-lueneburg.de\/wordpress\/wp-json\/wp\/v2\/pages\/12456\/revisions\/12465"}],"wp:attachment":[{"href":"https:\/\/johanneum-lueneburg.de\/wordpress\/wp-json\/wp\/v2\/media?parent=12456"}],"curies":[{"name":"wp","href":"https:\/\/api.w.org\/{rel}","templated":true}]}}