{"id":12205,"date":"2023-02-26T19:37:29","date_gmt":"2023-02-26T18:37:29","guid":{"rendered":"https:\/\/johanneum-lueneburg.de\/wordpress\/?page_id=12205"},"modified":"2023-02-26T19:42:42","modified_gmt":"2023-02-26T18:42:42","slug":"beethoven-projektchor-japan","status":"publish","type":"page","link":"https:\/\/johanneum-lueneburg.de\/wordpress\/beethoven-projektchor-japan\/","title":{"rendered":"Beethoven-Projektchor Japan"},"content":{"rendered":"<section class=\"l-section wpb_row height_auto\"><div class=\"l-section-h i-cf\"><div class=\"g-cols vc_row via_flex valign_top type_default stacking_default\"><div class=\"vc_col-sm-12 wpb_column vc_column_container\"><div class=\"vc_column-inner\"><div class=\"wpb_wrapper\"><div class=\"wpb_text_column\"><div class=\"wpb_wrapper\"><p class=\"tiny_p\" style=\"text-align: left;\" align=\"center\"><strong><a ref=\"magnificPopup\" href=\"https:\/\/johanneum-lueneburg.de\/wordpress\/wp-content\/uploads\/2023\/02\/801030776.jpg\"><img loading=\"lazy\" decoding=\"async\" class=\"alignleft wp-image-12208 size-medium\" src=\"https:\/\/johanneum-lueneburg.de\/wordpress\/wp-content\/uploads\/2023\/02\/801030776-300x200.jpg\" alt=\"\" width=\"300\" height=\"200\" srcset=\"https:\/\/johanneum-lueneburg.de\/wordpress\/wp-content\/uploads\/2023\/02\/801030776-300x200.jpg 300w, https:\/\/johanneum-lueneburg.de\/wordpress\/wp-content\/uploads\/2023\/02\/801030776-1024x683.jpg 1024w, https:\/\/johanneum-lueneburg.de\/wordpress\/wp-content\/uploads\/2023\/02\/801030776-600x400.jpg 600w, https:\/\/johanneum-lueneburg.de\/wordpress\/wp-content\/uploads\/2023\/02\/801030776-174x116.jpg 174w, https:\/\/johanneum-lueneburg.de\/wordpress\/wp-content\/uploads\/2023\/02\/801030776.jpg 1600w\" sizes=\"auto, (max-width: 300px) 100vw, 300px\" \/><\/a>Die Musiker des Johanneums auf Konzertreise in Japan:<br \/>\n<\/strong><strong>S\u00e4ngerinnen und S\u00e4nger des Johanneums <\/strong><strong>wurden zur Mitwirkung bei einer Auff\u00fchrung von Beethovens 9. Sinfonie eingeladen<\/strong><\/p>\n<p class=\"tiny_p\">Am 8. Februar 2018 war es endlich so weit: Eine Delegation aus unserem Chor, bestehend aus 14 S\u00e4ngerinnen und 3 S\u00e4ngern unter der Leitung von Frau Pankoke machte sich auf den Weg nach Tokushima in Japan. Dorthin waren anl\u00e4sslich des hundertj\u00e4hrigen Jubil\u00e4ums der asiatischen Erstauff\u00fchrung von Beethovens 9. Sinfonie 100 Sch\u00fclerinnen und Sch\u00fcler aus Niedersachsen eingeladen worden, um in dem aus \u00fcber dreitausend S\u00e4ngern bestehenden Chor mitzusingen.<\/p>\n<p class=\"tiny_p\">Alle hatten seit dem Sommer 2017 hart daf\u00fcr ge\u00fcbt \u2013 ist doch der Chorsatz von Beethoven wirklich nicht leicht zu singen. Im November 2017 waren wir dann bereits nach\u00a0<a href=\"..\/341132\/beethoven-projektchor-japan%2c-schuljahr-2017-18-zentrale-probentage-niedersachsen-in-wolfenb%c3%bcttel%2c-november-2017.html\">Wolfenb\u00fcttel<\/a>\u00a0gereist, um vorab mit einem extra aus Japan eingeflogenen Dirigenten gemeinsam mit den anderen 83 nieders\u00e4chsischen Sch\u00fclerinnen und Sch\u00fclern zu proben. Au\u00dferdem hatten sich alle gut auf unseren Besuch in Japan vorbereitet und mit Hilfe von Frau Marquardt bereits vorab einen Einblick in die Gepflogenheiten der japanischen Kultur bekommen.<\/p>\n<p class=\"tiny_p\">In Japan erwartete alle ein straffes und gut organisiertes Programm, bestehend aus vielen Proben, einem Empfang mit dem Gouverneur der Pr\u00e4fektur Tokushima, Schulbesuchen und nat\u00fcrlich dem H\u00f6hepunkt der Reise: der Auff\u00fchrung der 9. Sinfonie unter der Leitung von Kazuyoshi Akiyama. Das Konzert fand gro\u00dfe Beachtung vor Ort und in Deutschland; so war eine breit aufgestellte Presse vor Ort, aus Deutschland reiste zus\u00e4tzlich zu einer die Sch\u00fclergruppe begleitenden Delegation aus dem Kultusministerium extra auch Ministerin Hon\u00e9 an, um die beeindruckende Auff\u00fchrung der Sinfonie mitzuerleben, die unsere Sch\u00fclerinnen und Sch\u00fcler mitgestalten durften.<\/p>\n<p class=\"tiny_p\">Ersch\u00f6pft aber gl\u00fccklich landeten alle eine Woche sp\u00e4ter wieder in Deutschland \u2013 im Gep\u00e4ck viele Gastgeschenke, die Erfahrung, an einem zutiefst beeindruckenden Konzert mitgesungen zu haben und die Erinnerung an eine tolle Reise, die viele eindrucksvolle Begegnungen zwischen unserer nieders\u00e4chsischen Delegation und der japanischen Kultur m\u00f6glich machte.<\/p>\n<p class=\"tiny_p\">Und eines ist ebenfalls sicher: Beethoven werden wir alle nicht mehr vergessen.<\/p>\n<p class=\"tiny_p\">\u201eFreude, sch\u00f6ner G\u00f6tterfunken!\u201c<\/p>\n<div  id=\"jtg-12206\" class=\"modula modula-gallery modula-creative-gallery\" data-config=\"{&quot;height&quot;:800,&quot;tabletHeight&quot;:800,&quot;mobileHeight&quot;:800,&quot;desktopHeight&quot;:800,&quot;enableTwitter&quot;:false,&quot;enableWhatsapp&quot;:false,&quot;enableFacebook&quot;:false,&quot;enablePinterest&quot;:false,&quot;enableLinkedin&quot;:false,&quot;enableEmail&quot;:false,&quot;randomFactor&quot;:0.5,&quot;type&quot;:&quot;creative-gallery&quot;,&quot;columns&quot;:12,&quot;gutter&quot;:10,&quot;mobileGutter&quot;:10,&quot;tabletGutter&quot;:10,&quot;desktopGutter&quot;:10,&quot;enableResponsive&quot;:&quot;0&quot;,&quot;tabletColumns&quot;:&quot;2&quot;,&quot;mobileColumns&quot;:&quot;1&quot;,&quot;lazyLoad&quot;:0,&quot;lightboxOpts&quot;:{&quot;animated&quot;:true,&quot;Thumbs&quot;:{&quot;type&quot;:&quot;modern&quot;,&quot;showOnStart&quot;:false},&quot;Toolbar&quot;:{&quot;display&quot;:{&quot;right&quot;:[&quot;close&quot;]},&quot;enabled&quot;:true},&quot;Carousel&quot;:{&quot;Panzoom&quot;:{&quot;touch&quot;:true},&quot;infinite&quot;:false},&quot;keyboard&quot;:{&quot;Escape&quot;:&quot;close&quot;,&quot;Delete&quot;:&quot;close&quot;,&quot;Backspace&quot;:&quot;close&quot;,&quot;PageUp&quot;:false,&quot;PageDown&quot;:false,&quot;ArrowUp&quot;:false,&quot;ArrowDown&quot;:false,&quot;ArrowRight&quot;:false,&quot;ArrowLeft&quot;:false},&quot;touch&quot;:false,&quot;backdropClick&quot;:false,&quot;l10n&quot;:{&quot;CLOSE&quot;:&quot;Schlie\\u00dfen&quot;,&quot;NEXT&quot;:&quot;Weiter&quot;,&quot;PREV&quot;:&quot;Zur\\u00fcck&quot;,&quot;Error&quot;:&quot;Der angeforderte Inhalt kann nicht geladen werden. Bitte versuche es sp\\u00e4ter noch einmal.&quot;,&quot;PLAY_START&quot;:&quot;Slideshow starten&quot;,&quot;PLAY_STOP&quot;:&quot;Slideshow anhalten&quot;,&quot;FULL_SCREEN&quot;:&quot;Vollbild&quot;,&quot;THUMBS&quot;:&quot;Vorschaubilder&quot;,&quot;DOWNLOAD&quot;:&quot;Download&quot;,&quot;SHARE&quot;:&quot;Teilen&quot;,&quot;ZOOM&quot;:&quot;Vergr\\u00f6\\u00dfern&quot;,&quot;EMAIL&quot;:&quot;Hier ist der Link zum Bild: %%image_link%% und hier ist der Link zur Galerie: %%gallery_link%%&quot;,&quot;MODAL&quot;:&quot;Du kannst diesen Modal-Inhalt mit der ESC-Taste schlie\\u00dfen&quot;,&quot;ERROR&quot;:&quot;Es ist ein Fehler aufgetreten. Bitte versuche es sp\\u00e4ter noch einmal&quot;,&quot;IMAGE_ERROR&quot;:&quot;Bild nicht gefunden&quot;,&quot;ELEMENT_NOT_FOUND&quot;:&quot;HTML-Element nicht gefunden&quot;,&quot;AJAX_NOT_FOUND&quot;:&quot;Fehler beim Laden von AJAX: Nicht gefunden&quot;,&quot;AJAX_FORBIDDEN&quot;:&quot;Fehler beim Laden von AJAX: Zugriff verweigert&quot;,&quot;IFRAME_ERROR&quot;:&quot;Fehler beim Laden der Seite&quot;,&quot;TOGGLE_ZOOM&quot;:&quot;Zoomstufe umschalten&quot;,&quot;TOGGLE_THUMBS&quot;:&quot;Miniaturansichten ein-\\\/ausblenden&quot;,&quot;TOGGLE_SLIDESHOW&quot;:&quot;Diashow ein-\\\/ausschalten&quot;,&quot;TOGGLE_FULLSCREEN&quot;:&quot;Vollbildmodus umschalten&quot;},&quot;Images&quot;:{&quot;Panzoom&quot;:{&quot;maxScale&quot;:2}},&quot;mainClass&quot;:&quot;modula-fancybox-container modula-lightbox-jtg-12206&quot;,&quot;Html&quot;:{&quot;videoAutoplay&quot;:0,&quot;videoTpl&quot;:&quot;&lt;video class=\\&quot;fancybox__html5video\\&quot; controls muted playsinline controlsList controlsList=\\&quot;nodownload\\&quot; poster=\\&quot;{{poster}}\\&quot; src=\\&quot;{{src}}\\&quot; type=\\&quot;{{format}}\\&quot; &gt;  Sorry, your browser doesn&#039;t support embedded videos, &lt;a href=\\&quot;{{src}}\\&quot;&gt; download &lt;\\\/a&gt; and watch with your favorite video player! &lt;\\\/video&gt;&quot;}},&quot;inView&quot;:false,&quot;email_subject&quot;:&quot;Check out this awesome image !!&quot;,&quot;email_message&quot;:&quot;Here is the link to the image : %%image_link%% and this is the link to the gallery : %%gallery_link%%&quot;,&quot;lightbox&quot;:&quot;fancybox&quot;}\">\n\n\t\n\t<div  class=\"modula-items\">\n\t\t<div class=\"modula-item effect-pufrobo\" >\n\t<div class=\"modula-item-overlay\"><\/div>\n\n\t<div class=\"modula-item-content\">\n\n\t\t<a data-image-id=\"12207\" role=\"button\" tabindex=\"0\" rel=\"jtg-12206\" data-caption=\"\" aria-label=\"Bilder in Lightbox \u00f6ffnen\" class=\"tile-inner modula-item-link\"><\/a><img loading=\"lazy\" decoding=\"async\" class=\"pic wp-image-12207\"  data-valign=\"middle\" data-halign=\"center\" alt=\"\" data-full=\"https:\/\/johanneum-lueneburg.de\/wordpress\/wp-content\/uploads\/2023\/02\/552269888.jpg\" title=\"552269888\" crop=\"\" width=\"300\" height=\"200\" src=\"https:\/\/johanneum-lueneburg.de\/wordpress\/wp-content\/uploads\/2023\/02\/552269888-300x200.jpg\" data-src=\"https:\/\/johanneum-lueneburg.de\/wordpress\/wp-content\/uploads\/2023\/02\/552269888-300x200.jpg\" data-caption=\"\" srcset=\"https:\/\/johanneum-lueneburg.de\/wordpress\/wp-content\/uploads\/2023\/02\/552269888.jpg 1600w, https:\/\/johanneum-lueneburg.de\/wordpress\/wp-content\/uploads\/2023\/02\/552269888-300x200.jpg 300w, https:\/\/johanneum-lueneburg.de\/wordpress\/wp-content\/uploads\/2023\/02\/552269888-1024x683.jpg 1024w, https:\/\/johanneum-lueneburg.de\/wordpress\/wp-content\/uploads\/2023\/02\/552269888-600x400.jpg 600w, https:\/\/johanneum-lueneburg.de\/wordpress\/wp-content\/uploads\/2023\/02\/552269888-174x116.jpg 174w\" sizes=\"auto, (max-width: 300px) 100vw, 300px\" \/>\n\t\t<div class=\"figc no-description\">\n\t\t\t<div class=\"figc-inner\">\n\t\t\t\t\t\t\t\t\t\t\t\t\t\t\t<\/div>\n\t\t<\/div>\n\n\t<\/div>\n\n<\/div><div class=\"modula-item effect-pufrobo\" >\n\t<div class=\"modula-item-overlay\"><\/div>\n\n\t<div class=\"modula-item-content\">\n\n\t\t<a data-image-id=\"12211\" role=\"button\" tabindex=\"0\" rel=\"jtg-12206\" data-caption=\"\" aria-label=\"Bilder in Lightbox \u00f6ffnen\" class=\"tile-inner modula-item-link\"><\/a><img loading=\"lazy\" decoding=\"async\" class=\"pic wp-image-12211\"  data-valign=\"middle\" data-halign=\"center\" alt=\"\" data-full=\"https:\/\/johanneum-lueneburg.de\/wordpress\/wp-content\/uploads\/2023\/02\/2383161872.jpg\" title=\"2383161872\" crop=\"\" width=\"300\" height=\"200\" src=\"https:\/\/johanneum-lueneburg.de\/wordpress\/wp-content\/uploads\/2023\/02\/2383161872-300x200.jpg\" data-src=\"https:\/\/johanneum-lueneburg.de\/wordpress\/wp-content\/uploads\/2023\/02\/2383161872-300x200.jpg\" data-caption=\"\" srcset=\"https:\/\/johanneum-lueneburg.de\/wordpress\/wp-content\/uploads\/2023\/02\/2383161872.jpg 1600w, https:\/\/johanneum-lueneburg.de\/wordpress\/wp-content\/uploads\/2023\/02\/2383161872-300x200.jpg 300w, https:\/\/johanneum-lueneburg.de\/wordpress\/wp-content\/uploads\/2023\/02\/2383161872-1024x683.jpg 1024w, https:\/\/johanneum-lueneburg.de\/wordpress\/wp-content\/uploads\/2023\/02\/2383161872-600x400.jpg 600w, https:\/\/johanneum-lueneburg.de\/wordpress\/wp-content\/uploads\/2023\/02\/2383161872-174x116.jpg 174w\" sizes=\"auto, (max-width: 300px) 100vw, 300px\" \/>\n\t\t<div class=\"figc no-description\">\n\t\t\t<div class=\"figc-inner\">\n\t\t\t\t\t\t\t\t\t\t\t\t\t\t\t<\/div>\n\t\t<\/div>\n\n\t<\/div>\n\n<\/div><div class=\"modula-item effect-pufrobo\" >\n\t<div class=\"modula-item-overlay\"><\/div>\n\n\t<div class=\"modula-item-content\">\n\n\t\t<a data-image-id=\"12208\" role=\"button\" tabindex=\"0\" rel=\"jtg-12206\" data-caption=\"\" aria-label=\"Bilder in Lightbox \u00f6ffnen\" class=\"tile-inner modula-item-link\"><\/a><img loading=\"lazy\" decoding=\"async\" class=\"pic wp-image-12208\"  data-valign=\"middle\" data-halign=\"center\" alt=\"\" data-full=\"https:\/\/johanneum-lueneburg.de\/wordpress\/wp-content\/uploads\/2023\/02\/801030776.jpg\" title=\"801030776\" crop=\"\" width=\"300\" height=\"200\" src=\"https:\/\/johanneum-lueneburg.de\/wordpress\/wp-content\/uploads\/2023\/02\/801030776-300x200.jpg\" data-src=\"https:\/\/johanneum-lueneburg.de\/wordpress\/wp-content\/uploads\/2023\/02\/801030776-300x200.jpg\" data-caption=\"\" srcset=\"https:\/\/johanneum-lueneburg.de\/wordpress\/wp-content\/uploads\/2023\/02\/801030776.jpg 1600w, https:\/\/johanneum-lueneburg.de\/wordpress\/wp-content\/uploads\/2023\/02\/801030776-300x200.jpg 300w, https:\/\/johanneum-lueneburg.de\/wordpress\/wp-content\/uploads\/2023\/02\/801030776-1024x683.jpg 1024w, https:\/\/johanneum-lueneburg.de\/wordpress\/wp-content\/uploads\/2023\/02\/801030776-600x400.jpg 600w, https:\/\/johanneum-lueneburg.de\/wordpress\/wp-content\/uploads\/2023\/02\/801030776-174x116.jpg 174w\" sizes=\"auto, (max-width: 300px) 100vw, 300px\" \/>\n\t\t<div class=\"figc no-description\">\n\t\t\t<div class=\"figc-inner\">\n\t\t\t\t\t\t\t\t\t\t\t\t\t\t\t<\/div>\n\t\t<\/div>\n\n\t<\/div>\n\n<\/div><div class=\"modula-item effect-pufrobo\" >\n\t<div class=\"modula-item-overlay\"><\/div>\n\n\t<div class=\"modula-item-content\">\n\n\t\t<a data-image-id=\"12213\" role=\"button\" tabindex=\"0\" rel=\"jtg-12206\" data-caption=\"\" aria-label=\"Bilder in Lightbox \u00f6ffnen\" class=\"tile-inner modula-item-link\"><\/a><img loading=\"lazy\" decoding=\"async\" class=\"pic wp-image-12213\"  data-valign=\"middle\" data-halign=\"center\" alt=\"\" data-full=\"https:\/\/johanneum-lueneburg.de\/wordpress\/wp-content\/uploads\/2023\/02\/2966727962.jpg\" title=\"2966727962\" crop=\"\" width=\"300\" height=\"200\" src=\"https:\/\/johanneum-lueneburg.de\/wordpress\/wp-content\/uploads\/2023\/02\/2966727962-300x200.jpg\" data-src=\"https:\/\/johanneum-lueneburg.de\/wordpress\/wp-content\/uploads\/2023\/02\/2966727962-300x200.jpg\" data-caption=\"\" srcset=\"https:\/\/johanneum-lueneburg.de\/wordpress\/wp-content\/uploads\/2023\/02\/2966727962.jpg 1600w, https:\/\/johanneum-lueneburg.de\/wordpress\/wp-content\/uploads\/2023\/02\/2966727962-300x200.jpg 300w, https:\/\/johanneum-lueneburg.de\/wordpress\/wp-content\/uploads\/2023\/02\/2966727962-1024x683.jpg 1024w, https:\/\/johanneum-lueneburg.de\/wordpress\/wp-content\/uploads\/2023\/02\/2966727962-600x400.jpg 600w, https:\/\/johanneum-lueneburg.de\/wordpress\/wp-content\/uploads\/2023\/02\/2966727962-174x116.jpg 174w\" sizes=\"auto, (max-width: 300px) 100vw, 300px\" \/>\n\t\t<div class=\"figc no-description\">\n\t\t\t<div class=\"figc-inner\">\n\t\t\t\t\t\t\t\t\t\t\t\t\t\t\t<\/div>\n\t\t<\/div>\n\n\t<\/div>\n\n<\/div><div class=\"modula-item effect-pufrobo\" >\n\t<div class=\"modula-item-overlay\"><\/div>\n\n\t<div class=\"modula-item-content\">\n\n\t\t<a data-image-id=\"12212\" role=\"button\" tabindex=\"0\" rel=\"jtg-12206\" data-caption=\"\" aria-label=\"Bilder in Lightbox \u00f6ffnen\" class=\"tile-inner modula-item-link\"><\/a><img loading=\"lazy\" decoding=\"async\" class=\"pic wp-image-12212\"  data-valign=\"middle\" data-halign=\"center\" alt=\"\" data-full=\"https:\/\/johanneum-lueneburg.de\/wordpress\/wp-content\/uploads\/2023\/02\/2868797215.jpg\" title=\"2868797215\" crop=\"\" width=\"300\" height=\"169\" src=\"https:\/\/johanneum-lueneburg.de\/wordpress\/wp-content\/uploads\/2023\/02\/2868797215-300x169.jpg\" data-src=\"https:\/\/johanneum-lueneburg.de\/wordpress\/wp-content\/uploads\/2023\/02\/2868797215-300x169.jpg\" data-caption=\"\" srcset=\"https:\/\/johanneum-lueneburg.de\/wordpress\/wp-content\/uploads\/2023\/02\/2868797215.jpg 1600w, https:\/\/johanneum-lueneburg.de\/wordpress\/wp-content\/uploads\/2023\/02\/2868797215-300x169.jpg 300w, https:\/\/johanneum-lueneburg.de\/wordpress\/wp-content\/uploads\/2023\/02\/2868797215-1024x576.jpg 1024w, https:\/\/johanneum-lueneburg.de\/wordpress\/wp-content\/uploads\/2023\/02\/2868797215-600x338.jpg 600w, https:\/\/johanneum-lueneburg.de\/wordpress\/wp-content\/uploads\/2023\/02\/2868797215-206x116.jpg 206w\" sizes=\"auto, (max-width: 300px) 100vw, 300px\" \/>\n\t\t<div class=\"figc no-description\">\n\t\t\t<div class=\"figc-inner\">\n\t\t\t\t\t\t\t\t\t\t\t\t\t\t\t<\/div>\n\t\t<\/div>\n\n\t<\/div>\n\n<\/div><div class=\"modula-item effect-pufrobo\" >\n\t<div class=\"modula-item-overlay\"><\/div>\n\n\t<div class=\"modula-item-content\">\n\n\t\t<a data-image-id=\"12214\" role=\"button\" tabindex=\"0\" rel=\"jtg-12206\" data-caption=\"\" aria-label=\"Bilder in Lightbox \u00f6ffnen\" class=\"tile-inner modula-item-link\"><\/a><img loading=\"lazy\" decoding=\"async\" class=\"pic wp-image-12214\"  data-valign=\"middle\" data-halign=\"center\" alt=\"\" data-full=\"https:\/\/johanneum-lueneburg.de\/wordpress\/wp-content\/uploads\/2023\/02\/3703531355.jpg\" title=\"3703531355\" crop=\"\" width=\"300\" height=\"200\" src=\"https:\/\/johanneum-lueneburg.de\/wordpress\/wp-content\/uploads\/2023\/02\/3703531355-300x200.jpg\" data-src=\"https:\/\/johanneum-lueneburg.de\/wordpress\/wp-content\/uploads\/2023\/02\/3703531355-300x200.jpg\" data-caption=\"\" srcset=\"https:\/\/johanneum-lueneburg.de\/wordpress\/wp-content\/uploads\/2023\/02\/3703531355.jpg 1600w, https:\/\/johanneum-lueneburg.de\/wordpress\/wp-content\/uploads\/2023\/02\/3703531355-300x200.jpg 300w, https:\/\/johanneum-lueneburg.de\/wordpress\/wp-content\/uploads\/2023\/02\/3703531355-1024x683.jpg 1024w, https:\/\/johanneum-lueneburg.de\/wordpress\/wp-content\/uploads\/2023\/02\/3703531355-600x400.jpg 600w, https:\/\/johanneum-lueneburg.de\/wordpress\/wp-content\/uploads\/2023\/02\/3703531355-174x116.jpg 174w\" sizes=\"auto, (max-width: 300px) 100vw, 300px\" \/>\n\t\t<div class=\"figc no-description\">\n\t\t\t<div class=\"figc-inner\">\n\t\t\t\t\t\t\t\t\t\t\t\t\t\t\t<\/div>\n\t\t<\/div>\n\n\t<\/div>\n\n<\/div><div class=\"modula-item effect-pufrobo\" >\n\t<div class=\"modula-item-overlay\"><\/div>\n\n\t<div class=\"modula-item-content\">\n\n\t\t<a data-image-id=\"12210\" role=\"button\" tabindex=\"0\" rel=\"jtg-12206\" data-caption=\"\" aria-label=\"Bilder in Lightbox \u00f6ffnen\" class=\"tile-inner modula-item-link\"><\/a><img loading=\"lazy\" decoding=\"async\" class=\"pic wp-image-12210\"  data-valign=\"middle\" data-halign=\"center\" alt=\"\" data-full=\"https:\/\/johanneum-lueneburg.de\/wordpress\/wp-content\/uploads\/2023\/02\/2229057986.jpg\" title=\"2229057986\" crop=\"\" width=\"212\" height=\"300\" src=\"https:\/\/johanneum-lueneburg.de\/wordpress\/wp-content\/uploads\/2023\/02\/2229057986-212x300.jpg\" data-src=\"https:\/\/johanneum-lueneburg.de\/wordpress\/wp-content\/uploads\/2023\/02\/2229057986-212x300.jpg\" data-caption=\"\" srcset=\"https:\/\/johanneum-lueneburg.de\/wordpress\/wp-content\/uploads\/2023\/02\/2229057986.jpg 1131w, https:\/\/johanneum-lueneburg.de\/wordpress\/wp-content\/uploads\/2023\/02\/2229057986-212x300.jpg 212w, https:\/\/johanneum-lueneburg.de\/wordpress\/wp-content\/uploads\/2023\/02\/2229057986-724x1024.jpg 724w, https:\/\/johanneum-lueneburg.de\/wordpress\/wp-content\/uploads\/2023\/02\/2229057986-283x400.jpg 283w, https:\/\/johanneum-lueneburg.de\/wordpress\/wp-content\/uploads\/2023\/02\/2229057986-82x116.jpg 82w\" sizes=\"auto, (max-width: 212px) 100vw, 212px\" \/>\n\t\t<div class=\"figc no-description\">\n\t\t\t<div class=\"figc-inner\">\n\t\t\t\t\t\t\t\t\t\t\t\t\t\t\t<\/div>\n\t\t<\/div>\n\n\t<\/div>\n\n<\/div><div class=\"modula-item effect-pufrobo\" >\n\t<div class=\"modula-item-overlay\"><\/div>\n\n\t<div class=\"modula-item-content\">\n\n\t\t<a data-image-id=\"12209\" role=\"button\" tabindex=\"0\" rel=\"jtg-12206\" data-caption=\"\" aria-label=\"Bilder in Lightbox \u00f6ffnen\" class=\"tile-inner modula-item-link\"><\/a><img loading=\"lazy\" decoding=\"async\" class=\"pic wp-image-12209\"  data-valign=\"middle\" data-halign=\"center\" alt=\"\" data-full=\"https:\/\/johanneum-lueneburg.de\/wordpress\/wp-content\/uploads\/2023\/02\/2080584533.jpg\" title=\"2080584533\" crop=\"\" width=\"212\" height=\"300\" src=\"https:\/\/johanneum-lueneburg.de\/wordpress\/wp-content\/uploads\/2023\/02\/2080584533-212x300.jpg\" data-src=\"https:\/\/johanneum-lueneburg.de\/wordpress\/wp-content\/uploads\/2023\/02\/2080584533-212x300.jpg\" data-caption=\"\" srcset=\"https:\/\/johanneum-lueneburg.de\/wordpress\/wp-content\/uploads\/2023\/02\/2080584533.jpg 1131w, https:\/\/johanneum-lueneburg.de\/wordpress\/wp-content\/uploads\/2023\/02\/2080584533-212x300.jpg 212w, https:\/\/johanneum-lueneburg.de\/wordpress\/wp-content\/uploads\/2023\/02\/2080584533-724x1024.jpg 724w, https:\/\/johanneum-lueneburg.de\/wordpress\/wp-content\/uploads\/2023\/02\/2080584533-283x400.jpg 283w, https:\/\/johanneum-lueneburg.de\/wordpress\/wp-content\/uploads\/2023\/02\/2080584533-82x116.jpg 82w\" sizes=\"auto, (max-width: 212px) 100vw, 212px\" \/>\n\t\t<div class=\"figc no-description\">\n\t\t\t<div class=\"figc-inner\">\n\t\t\t\t\t\t\t\t\t\t\t\t\t\t\t<\/div>\n\t\t<\/div>\n\n\t<\/div>\n\n<\/div>\t\t\n\t<\/div>\n\n\t\n\t\n\t<script type=\"application\/ld+json\">\n\t{\n\t\t\"@context\": \"http:\/\/schema.org\",\n\t\t\"@type\"   : \"ImageGallery\",\n\t\t\"id\"      : \"https:\/\/johanneum-lueneburg.de\/wordpress\/beethoven-projektchor-japan\/\",\n\t\t\"url\"     : \"https:\/\/johanneum-lueneburg.de\/wordpress\/beethoven-projektchor-japan\/\"\n\t}\n\n\t<\/script>\n\n\t\n<\/div>\n\n<\/div><\/div><\/div><\/div><\/div><\/div><\/div><\/section>\n","protected":false},"excerpt":{"rendered":"Die Musiker des Johanneums auf Konzertreise in Japan: S\u00e4ngerinnen und S\u00e4nger des Johanneums wurden zur Mitwirkung bei einer Auff\u00fchrung von Beethovens 9. Sinfonie eingeladen Am 8. Februar 2018 war es endlich so weit: Eine Delegation aus unserem Chor, bestehend aus 14 S\u00e4ngerinnen und 3 S\u00e4ngern unter der Leitung von Frau Pankoke machte sich auf den...","protected":false},"author":1,"featured_media":0,"parent":0,"menu_order":0,"comment_status":"closed","ping_status":"closed","template":"","meta":{"footnotes":""},"class_list":["post-12205","page","type-page","status-publish","hentry"],"_links":{"self":[{"href":"https:\/\/johanneum-lueneburg.de\/wordpress\/wp-json\/wp\/v2\/pages\/12205","targetHints":{"allow":["GET"]}}],"collection":[{"href":"https:\/\/johanneum-lueneburg.de\/wordpress\/wp-json\/wp\/v2\/pages"}],"about":[{"href":"https:\/\/johanneum-lueneburg.de\/wordpress\/wp-json\/wp\/v2\/types\/page"}],"author":[{"embeddable":true,"href":"https:\/\/johanneum-lueneburg.de\/wordpress\/wp-json\/wp\/v2\/users\/1"}],"replies":[{"embeddable":true,"href":"https:\/\/johanneum-lueneburg.de\/wordpress\/wp-json\/wp\/v2\/comments?post=12205"}],"version-history":[{"count":3,"href":"https:\/\/johanneum-lueneburg.de\/wordpress\/wp-json\/wp\/v2\/pages\/12205\/revisions"}],"predecessor-version":[{"id":12218,"href":"https:\/\/johanneum-lueneburg.de\/wordpress\/wp-json\/wp\/v2\/pages\/12205\/revisions\/12218"}],"wp:attachment":[{"href":"https:\/\/johanneum-lueneburg.de\/wordpress\/wp-json\/wp\/v2\/media?parent=12205"}],"curies":[{"name":"wp","href":"https:\/\/api.w.org\/{rel}","templated":true}]}}