{"id":12116,"date":"2023-02-26T12:09:53","date_gmt":"2023-02-26T11:09:53","guid":{"rendered":"https:\/\/johanneum-lueneburg.de\/wordpress\/?page_id=12116"},"modified":"2023-02-26T12:34:36","modified_gmt":"2023-02-26T11:34:36","slug":"veranstaltungen-der-informatik","status":"publish","type":"page","link":"https:\/\/johanneum-lueneburg.de\/wordpress\/veranstaltungen-der-informatik\/","title":{"rendered":"Veranstaltungen der Informatik"},"content":{"rendered":"<section class=\"l-section wpb_row height_auto\"><div class=\"l-section-h i-cf\"><div class=\"g-cols vc_row via_flex valign_top type_default stacking_default\"><div class=\"vc_col-sm-12 wpb_column vc_column_container\"><div class=\"vc_column-inner\"><div class=\"wpb_wrapper\"><div class=\"wpb_text_column\"><div class=\"wpb_wrapper\"><p>\u00dcber die Teilnahme an den Wettbewerben<br \/>\n<a href=\"https:\/\/bwinf.de\/biber\/\">Biber der Informatik<\/a> und Bundeswettbewerb Informatik<\/p>\n<p>hinaus nehmen unsere Informatiksch\u00fclerinnen und -sch\u00fcler an diversen Veranstaltungen teil:<\/p>\n<\/div><\/div><div class=\"w-separator size_medium\"><\/div><\/div><\/div><\/div><\/div><\/div><\/section><section class=\"l-section wpb_row height_auto\"><div class=\"l-section-h i-cf\"><div class=\"g-cols vc_row via_flex valign_top type_default stacking_default\"><div class=\"vc_col-sm-12 wpb_column vc_column_container\"><div class=\"vc_column-inner\"><div class=\"wpb_wrapper\"><div class=\"w-tabs style_default switch_click accordion has_scrolling\" style=\"--sections-title-size:inherit\"><div class=\"w-tabs-sections titles-align_none icon_chevron cpos_right\"><div class=\"w-tabs-section\" id=\"se79\"><button class=\"w-tabs-section-header\" aria-controls=\"content-se79\" aria-expanded=\"false\"><div class=\"w-tabs-section-title\">Tag der Informatik (j\u00e4hrlich im September, Informatikkurse 11 und 12)<\/div><div class=\"w-tabs-section-control\"><\/div><\/button><div  class=\"w-tabs-section-content\" id=\"content-se79\"><div class=\"w-tabs-section-content-h i-cf\"><div class=\"wpb_text_column\"><div class=\"wpb_wrapper\"><p>Die Leuphana veranstaltet einmal im Jahr unter dem Motto &#8222;Informatik zum Anfassen&#8220; einen Tag, an dem die Sch\u00fclerinnen und Sch\u00fcler in zuvor gew\u00e4hlten Workshops arbeiten und sich so intensiv mit einem Thema der Informatik befassen k\u00f6nnen. In den letzten Jahren gab es zum Beispiel Workshops zur Programmierung mit Scratch, zu smarten Textilien, zur App-Programmierung, zur Programmierung und Auswertung eines Fahrsimulators und vieles mehr.<br \/>\nSch\u00fclerinnen und Sch\u00fcler, die au\u00dferhalb der Informatikkurse am Tag der Informatik teilnehmen m\u00f6chten, sprechen bitte Herrn Dr\u00e4ger an.<\/p>\n<\/div><\/div><\/div><\/div><\/div><div class=\"w-tabs-section\" id=\"bf58\"><button class=\"w-tabs-section-header\" aria-controls=\"content-bf58\" aria-expanded=\"false\"><div class=\"w-tabs-section-title\">Vortrag zur Wirtschaftsinformatik (j\u00e4hrlich im Mai\/Juni, Informatikkurs 12)<\/div><div class=\"w-tabs-section-control\"><\/div><\/button><div  class=\"w-tabs-section-content\" id=\"content-bf58\"><div class=\"w-tabs-section-content-h i-cf\"><div class=\"wpb_text_column\"><div class=\"wpb_wrapper\"><p>Im Rahmen einer Doppelstunde stellt Herr Slotos von der Leuphana Universit\u00e4t L\u00fcneburg anhand eines praktischen Beispiels typische Fragestellungen der Wirtschaftsinformatik vor und entwickelt gemeinsam mit den Sch\u00fclern ein Konzept zur Realisierung einer Anwendung.<br \/>\nDie Sch\u00fclerinnen und Sch\u00fcler lernen dabei nicht nur Aufgabenfelder der Wirtschaftsinformatik kennen, sondern finden f\u00fcr viele der in der Schule behandelten Themen konkrete Anwendungsszenarien.<\/p>\n<\/div><\/div><\/div><\/div><\/div><div class=\"w-tabs-section\" id=\"c05b\"><button class=\"w-tabs-section-header\" aria-controls=\"content-c05b\" aria-expanded=\"false\"><div class=\"w-tabs-section-title\">Vortr\u00e4ge und Workshops: Informatik in der Berufswelt<\/div><div class=\"w-tabs-section-control\"><\/div><\/button><div  class=\"w-tabs-section-content\" id=\"content-c05b\"><div class=\"w-tabs-section-content-h i-cf\"><div class=\"wpb_text_column\"><div class=\"wpb_wrapper\"><p>In loser terminlicher Abfolge laden wir immer wieder Experten aus der Berufswelt in den Informatikunterricht ein. Diese berichten \u00fcber Ihren beruflichen Werdegang und ihre aktuellen T\u00e4tigkeiten. Dar\u00fcber hinaus unternehmen wir Exkursionen zu IT-Unternehmen in der Region.<\/p>\n<ul>\n<li>2022: <a href=\"https:\/\/johanneum-lueneburg.de\/wordpress\/2022\/07\/05\/prozessoptimierung\/\">Workshop &#8222;Prozessoptimierung&#8220;<\/a> mit dem ehemaligen Sch\u00fcler des Johanneums Dr. Jun-Patrick Raabe<\/li>\n<li>2018: Exkursion zur Firma &#8222;Securepoint&#8220;<\/li>\n<li>2016:\u00a0 Vortrag \u201eHacking und Sicherheit\u201c durch Herrn Michaelis vor Informatiksch\u00fclern des 10. Jahrgangs<\/li>\n<\/ul>\n<\/div><\/div><\/div><\/div><\/div><\/div><\/div><\/div><\/div><\/div><\/div><\/div><\/section>\n","protected":false},"excerpt":{"rendered":"\u00dcber die Teilnahme an den Wettbewerben Biber der Informatik und Bundeswettbewerb Informatik hinaus nehmen unsere Informatiksch\u00fclerinnen und -sch\u00fcler an diversen Veranstaltungen teil: Tag der Informatik (j\u00e4hrlich im September, Informatikkurse 11 und 12)Die Leuphana veranstaltet einmal im Jahr unter dem Motto &#8222;Informatik zum Anfassen&#8220; einen Tag, an dem die Sch\u00fclerinnen und Sch\u00fcler in zuvor gew\u00e4hlten Workshops...","protected":false},"author":1,"featured_media":0,"parent":0,"menu_order":0,"comment_status":"closed","ping_status":"closed","template":"","meta":{"footnotes":""},"class_list":["post-12116","page","type-page","status-publish","hentry"],"_links":{"self":[{"href":"https:\/\/johanneum-lueneburg.de\/wordpress\/wp-json\/wp\/v2\/pages\/12116","targetHints":{"allow":["GET"]}}],"collection":[{"href":"https:\/\/johanneum-lueneburg.de\/wordpress\/wp-json\/wp\/v2\/pages"}],"about":[{"href":"https:\/\/johanneum-lueneburg.de\/wordpress\/wp-json\/wp\/v2\/types\/page"}],"author":[{"embeddable":true,"href":"https:\/\/johanneum-lueneburg.de\/wordpress\/wp-json\/wp\/v2\/users\/1"}],"replies":[{"embeddable":true,"href":"https:\/\/johanneum-lueneburg.de\/wordpress\/wp-json\/wp\/v2\/comments?post=12116"}],"version-history":[{"count":5,"href":"https:\/\/johanneum-lueneburg.de\/wordpress\/wp-json\/wp\/v2\/pages\/12116\/revisions"}],"predecessor-version":[{"id":12122,"href":"https:\/\/johanneum-lueneburg.de\/wordpress\/wp-json\/wp\/v2\/pages\/12116\/revisions\/12122"}],"wp:attachment":[{"href":"https:\/\/johanneum-lueneburg.de\/wordpress\/wp-json\/wp\/v2\/media?parent=12116"}],"curies":[{"name":"wp","href":"https:\/\/api.w.org\/{rel}","templated":true}]}}