{"id":10590,"date":"2022-09-25T13:53:39","date_gmt":"2022-09-25T11:53:39","guid":{"rendered":"https:\/\/johanneum-lueneburg.de\/wordpress\/?page_id=10590"},"modified":"2024-02-06T21:06:36","modified_gmt":"2024-02-06T20:06:36","slug":"schulbibliothek-jojos-buecherstube","status":"publish","type":"page","link":"https:\/\/johanneum-lueneburg.de\/wordpress\/schulbibliothek-jojos-buecherstube\/","title":{"rendered":"Schulbibliothek: Jojos B\u00fccherstube"},"content":{"rendered":"<section class=\"l-section wpb_row height_auto\"><div class=\"l-section-h i-cf\"><div class=\"g-cols vc_row via_flex valign_top type_default stacking_default\"><div class=\"vc_col-sm-6 wpb_column vc_column_container\"><div class=\"vc_column-inner\"><div class=\"wpb_wrapper\"><div class=\"wpb_text_column\"><div class=\"wpb_wrapper\"><p><a ref=\"magnificPopup\" href=\"https:\/\/johanneum-lueneburg.de\/wordpress\/wp-content\/uploads\/2022\/09\/springer.jpg\"><img loading=\"lazy\" decoding=\"async\" class=\"alignnone size-full wp-image-10591\" src=\"https:\/\/johanneum-lueneburg.de\/wordpress\/wp-content\/uploads\/2022\/09\/springer.jpg\" alt=\"\" width=\"450\" height=\"338\" srcset=\"https:\/\/johanneum-lueneburg.de\/wordpress\/wp-content\/uploads\/2022\/09\/springer.jpg 450w, https:\/\/johanneum-lueneburg.de\/wordpress\/wp-content\/uploads\/2022\/09\/springer-300x225.jpg 300w, https:\/\/johanneum-lueneburg.de\/wordpress\/wp-content\/uploads\/2022\/09\/springer-154x116.jpg 154w\" sizes=\"auto, (max-width: 450px) 100vw, 450px\" \/><\/a><\/p>\n<\/div><\/div><\/div><\/div><\/div><div class=\"vc_col-sm-6 wpb_column vc_column_container\"><div class=\"vc_column-inner\"><div class=\"wpb_wrapper\"><div class=\"wpb_text_column\"><div class=\"wpb_wrapper\"><p><strong>&#8222;B\u00fccher lesen hei\u00dft wandern gehen in ferne Welten, aus den Stuben, \u00fcber die Sterne.&#8220;<\/strong><br \/>\nJean Paul<br \/>\ndeutscher Schriftsteller (1763 &#8211; 1825)<\/p>\n<p>Hast du gerade nichts Interessantes mehr zu lesen? Bist du auf der Suche nach einem spannenden Roman oder einem informativen Sachbuch? Bist du neugierig, wie ein Book-Casting abl\u00e4uft? M\u00f6chtest du dich in den Pausen in ruhiger Atmosph\u00e4re entspannen? Oder spielst du gerne Scrabble?<\/p>\n<p>Dann komm in Jojos B\u00fccherstube, st\u00f6bere in den Regalen, lasse dich in ferne Welten und Abenteuer entf\u00fchren oder entspanne bei netten Gespr\u00e4chen oder Gesellschaftsspielen in der Sofaecke.<\/p>\n<\/div><\/div><\/div><\/div><\/div><\/div><\/div><\/section><section class=\"l-section wpb_row height_auto\"><div class=\"l-section-h i-cf\"><div class=\"g-cols vc_row via_flex valign_top type_default stacking_default\"><div class=\"vc_col-sm-12 wpb_column vc_column_container\"><div class=\"vc_column-inner\"><div class=\"wpb_wrapper\"><div class=\"w-separator size_medium\"><\/div><div class=\"wpb_text_column\"><div class=\"wpb_wrapper\"><p><strong>Jojos B\u00fccherstube im Johanneum ist t\u00e4glich f\u00fcr euch ge\u00f6ffnet.<\/strong><\/p>\n<\/div><\/div><div class=\"wpb_text_column\"><div class=\"wpb_wrapper\"><table border=\"0\" cellspacing=\"1\" cellpadding=\"1\">\n<tbody>\n<tr>\n<td>\n<p class=\"tiny_p\">Montag<br \/>\nDienstag<br \/>\nMittwoch<br \/>\nDonnerstag<br \/>\nFreitag<\/p>\n<\/td>\n<td>\n<p class=\"tiny_p\">geschlossen<br \/>\n09:30 &#8211; 13:20<br \/>\n09:30 &#8211; 13:20<br \/>\n09:30 &#8211; 13:20<br \/>\n09:30 &#8211; 13:20<\/p>\n<\/td>\n<\/tr>\n<\/tbody>\n<\/table>\n<\/div><\/div><div class=\"wpb_text_column\"><div class=\"wpb_wrapper\"><p class=\"tiny_p\">Unsere Bibliothek hat heute einen Bestand von fast 3.700 B\u00fcchern. Alle Sch\u00fcler*innen erhalten mit Anmeldung an unserer Schule automatisch einen Zugang. Sprich am besten vor der 1. Ausleihe Frau Springer direkt an. Einen extra Leseausweis gibt es nicht.<br \/>\nWenn ihr (Jahrg\u00e4nge 7-13) B\u00fccher liebt und die Bibliotheksarbeit unterst\u00fctzen wollt, sei es bei der Pflege der B\u00fccher oder bei der Ausleihe, k\u00f6nnt ihr euch gerne in Jojos B\u00fccherstube melden.<\/p>\n<p class=\"tiny_p\">Das Bibliotheksteam freut sich auch auf die Unterst\u00fctzung von Eltern. Wenn sie Zeit haben, und sich vorstellen k\u00f6nnen, mit B\u00fcchern und Jugendlichen zu arbeiten, dann melden Sie sich bei uns.<\/p>\n<p class=\"tiny_p\"><strong>Frau Springer freut sich auf Sie und euch!<\/strong><\/p>\n<p>Kontakt: <a href=\"m&#97;&#105;&#x6c;&#x74;&#x6f;&#x3a;f&#101;&#114;&#110;&#x61;&#x6e;&#x64;es&#46;&#100;&#x65;&#x2e;&#x6d;el&#108;&#111;&#x2e;&#x73;&#x40;jo&#104;&#97;&#x6e;&#x6e;&#x65;um&#45;&#108;&#x67;&#x2e;&#x64;e\">f&#101;&#114;&#x6e;&#x61;n&#100;&#101;&#x73;&#x2e;&#x64;e&#46;&#109;&#x65;&#x6c;lo&#46;&#x73;&#x40;&#x6a;o&#104;&#97;&#x6e;&#x6e;eu&#109;&#x2d;&#x6c;&#x67;&#46;&#100;&#101;<\/a><\/p>\n<\/div><\/div><div class=\"w-separator size_medium\"><\/div><div class=\"w-gallery type_grid ratio_1x1 count_12\" style=\"--columns:4;--items-gap:10px;\"><div class=\"w-gallery-list\"><div class=\"w-gallery-item\"><div class=\"w-gallery-item-img\"><img loading=\"lazy\" decoding=\"async\" width=\"768\" height=\"1024\" src=\"https:\/\/johanneum-lueneburg.de\/wordpress\/wp-content\/uploads\/2024\/02\/PXL_20240206_102823089.PORTRAIT-768x1024.jpg\" class=\"attachment-large size-large\" alt=\"\" srcset=\"https:\/\/johanneum-lueneburg.de\/wordpress\/wp-content\/uploads\/2024\/02\/PXL_20240206_102823089.PORTRAIT-768x1024.jpg 768w, https:\/\/johanneum-lueneburg.de\/wordpress\/wp-content\/uploads\/2024\/02\/PXL_20240206_102823089.PORTRAIT-225x300.jpg 225w, https:\/\/johanneum-lueneburg.de\/wordpress\/wp-content\/uploads\/2024\/02\/PXL_20240206_102823089.PORTRAIT-300x400.jpg 300w, https:\/\/johanneum-lueneburg.de\/wordpress\/wp-content\/uploads\/2024\/02\/PXL_20240206_102823089.PORTRAIT-87x116.jpg 87w, https:\/\/johanneum-lueneburg.de\/wordpress\/wp-content\/uploads\/2024\/02\/PXL_20240206_102823089.PORTRAIT-scaled.jpg 1200w\" sizes=\"auto, (max-width: 768px) 100vw, 768px\" \/><\/div><\/div><div class=\"w-gallery-item\"><div class=\"w-gallery-item-img\"><img loading=\"lazy\" decoding=\"async\" width=\"768\" height=\"1024\" src=\"https:\/\/johanneum-lueneburg.de\/wordpress\/wp-content\/uploads\/2024\/02\/PXL_20240206_103231827-768x1024.jpg\" class=\"attachment-large size-large\" alt=\"\" srcset=\"https:\/\/johanneum-lueneburg.de\/wordpress\/wp-content\/uploads\/2024\/02\/PXL_20240206_103231827-768x1024.jpg 768w, https:\/\/johanneum-lueneburg.de\/wordpress\/wp-content\/uploads\/2024\/02\/PXL_20240206_103231827-225x300.jpg 225w, https:\/\/johanneum-lueneburg.de\/wordpress\/wp-content\/uploads\/2024\/02\/PXL_20240206_103231827-300x400.jpg 300w, https:\/\/johanneum-lueneburg.de\/wordpress\/wp-content\/uploads\/2024\/02\/PXL_20240206_103231827-87x116.jpg 87w, https:\/\/johanneum-lueneburg.de\/wordpress\/wp-content\/uploads\/2024\/02\/PXL_20240206_103231827-scaled.jpg 1200w\" sizes=\"auto, (max-width: 768px) 100vw, 768px\" \/><\/div><\/div><div class=\"w-gallery-item\"><div class=\"w-gallery-item-img\"><img loading=\"lazy\" decoding=\"async\" width=\"768\" height=\"1024\" src=\"https:\/\/johanneum-lueneburg.de\/wordpress\/wp-content\/uploads\/2024\/02\/PXL_20240206_103146422.PORTRAIT-768x1024.jpg\" class=\"attachment-large size-large\" alt=\"\" srcset=\"https:\/\/johanneum-lueneburg.de\/wordpress\/wp-content\/uploads\/2024\/02\/PXL_20240206_103146422.PORTRAIT-768x1024.jpg 768w, https:\/\/johanneum-lueneburg.de\/wordpress\/wp-content\/uploads\/2024\/02\/PXL_20240206_103146422.PORTRAIT-225x300.jpg 225w, https:\/\/johanneum-lueneburg.de\/wordpress\/wp-content\/uploads\/2024\/02\/PXL_20240206_103146422.PORTRAIT-300x400.jpg 300w, https:\/\/johanneum-lueneburg.de\/wordpress\/wp-content\/uploads\/2024\/02\/PXL_20240206_103146422.PORTRAIT-87x116.jpg 87w, https:\/\/johanneum-lueneburg.de\/wordpress\/wp-content\/uploads\/2024\/02\/PXL_20240206_103146422.PORTRAIT-scaled.jpg 1200w\" sizes=\"auto, (max-width: 768px) 100vw, 768px\" \/><\/div><\/div><div class=\"w-gallery-item\"><div class=\"w-gallery-item-img\"><img loading=\"lazy\" decoding=\"async\" width=\"768\" height=\"1024\" src=\"https:\/\/johanneum-lueneburg.de\/wordpress\/wp-content\/uploads\/2024\/02\/PXL_20240206_103357377-768x1024.jpg\" class=\"attachment-large size-large\" alt=\"\" srcset=\"https:\/\/johanneum-lueneburg.de\/wordpress\/wp-content\/uploads\/2024\/02\/PXL_20240206_103357377-768x1024.jpg 768w, https:\/\/johanneum-lueneburg.de\/wordpress\/wp-content\/uploads\/2024\/02\/PXL_20240206_103357377-225x300.jpg 225w, https:\/\/johanneum-lueneburg.de\/wordpress\/wp-content\/uploads\/2024\/02\/PXL_20240206_103357377-300x400.jpg 300w, https:\/\/johanneum-lueneburg.de\/wordpress\/wp-content\/uploads\/2024\/02\/PXL_20240206_103357377-87x116.jpg 87w, https:\/\/johanneum-lueneburg.de\/wordpress\/wp-content\/uploads\/2024\/02\/PXL_20240206_103357377-scaled.jpg 1200w\" sizes=\"auto, (max-width: 768px) 100vw, 768px\" \/><\/div><\/div><div class=\"w-gallery-item\"><div class=\"w-gallery-item-img\"><img loading=\"lazy\" decoding=\"async\" width=\"768\" height=\"1024\" src=\"https:\/\/johanneum-lueneburg.de\/wordpress\/wp-content\/uploads\/2024\/02\/PXL_20240206_103448910.MP_-768x1024.jpg\" class=\"attachment-large size-large\" alt=\"\" srcset=\"https:\/\/johanneum-lueneburg.de\/wordpress\/wp-content\/uploads\/2024\/02\/PXL_20240206_103448910.MP_-768x1024.jpg 768w, https:\/\/johanneum-lueneburg.de\/wordpress\/wp-content\/uploads\/2024\/02\/PXL_20240206_103448910.MP_-225x300.jpg 225w, https:\/\/johanneum-lueneburg.de\/wordpress\/wp-content\/uploads\/2024\/02\/PXL_20240206_103448910.MP_-300x400.jpg 300w, https:\/\/johanneum-lueneburg.de\/wordpress\/wp-content\/uploads\/2024\/02\/PXL_20240206_103448910.MP_-87x116.jpg 87w, https:\/\/johanneum-lueneburg.de\/wordpress\/wp-content\/uploads\/2024\/02\/PXL_20240206_103448910.MP_-scaled.jpg 1200w\" sizes=\"auto, (max-width: 768px) 100vw, 768px\" \/><\/div><\/div><div class=\"w-gallery-item\"><div class=\"w-gallery-item-img\"><img loading=\"lazy\" decoding=\"async\" width=\"768\" height=\"1024\" src=\"https:\/\/johanneum-lueneburg.de\/wordpress\/wp-content\/uploads\/2024\/02\/PXL_20240206_103601685-768x1024.jpg\" class=\"attachment-large size-large\" alt=\"\" srcset=\"https:\/\/johanneum-lueneburg.de\/wordpress\/wp-content\/uploads\/2024\/02\/PXL_20240206_103601685-768x1024.jpg 768w, https:\/\/johanneum-lueneburg.de\/wordpress\/wp-content\/uploads\/2024\/02\/PXL_20240206_103601685-225x300.jpg 225w, https:\/\/johanneum-lueneburg.de\/wordpress\/wp-content\/uploads\/2024\/02\/PXL_20240206_103601685-300x400.jpg 300w, https:\/\/johanneum-lueneburg.de\/wordpress\/wp-content\/uploads\/2024\/02\/PXL_20240206_103601685-87x116.jpg 87w, https:\/\/johanneum-lueneburg.de\/wordpress\/wp-content\/uploads\/2024\/02\/PXL_20240206_103601685-scaled.jpg 1200w\" sizes=\"auto, (max-width: 768px) 100vw, 768px\" \/><\/div><\/div><div class=\"w-gallery-item\"><div class=\"w-gallery-item-img\"><img loading=\"lazy\" decoding=\"async\" width=\"768\" height=\"1024\" src=\"https:\/\/johanneum-lueneburg.de\/wordpress\/wp-content\/uploads\/2024\/02\/PXL_20240206_103617181.MP_-768x1024.jpg\" class=\"attachment-large size-large\" alt=\"\" srcset=\"https:\/\/johanneum-lueneburg.de\/wordpress\/wp-content\/uploads\/2024\/02\/PXL_20240206_103617181.MP_-768x1024.jpg 768w, https:\/\/johanneum-lueneburg.de\/wordpress\/wp-content\/uploads\/2024\/02\/PXL_20240206_103617181.MP_-225x300.jpg 225w, https:\/\/johanneum-lueneburg.de\/wordpress\/wp-content\/uploads\/2024\/02\/PXL_20240206_103617181.MP_-300x400.jpg 300w, https:\/\/johanneum-lueneburg.de\/wordpress\/wp-content\/uploads\/2024\/02\/PXL_20240206_103617181.MP_-87x116.jpg 87w, https:\/\/johanneum-lueneburg.de\/wordpress\/wp-content\/uploads\/2024\/02\/PXL_20240206_103617181.MP_-scaled.jpg 1200w\" sizes=\"auto, (max-width: 768px) 100vw, 768px\" \/><\/div><\/div><div class=\"w-gallery-item\"><div class=\"w-gallery-item-img\"><img loading=\"lazy\" decoding=\"async\" width=\"768\" height=\"1024\" src=\"https:\/\/johanneum-lueneburg.de\/wordpress\/wp-content\/uploads\/2024\/02\/PXL_20240206_103639404-768x1024.jpg\" class=\"attachment-large size-large\" alt=\"\" srcset=\"https:\/\/johanneum-lueneburg.de\/wordpress\/wp-content\/uploads\/2024\/02\/PXL_20240206_103639404-768x1024.jpg 768w, https:\/\/johanneum-lueneburg.de\/wordpress\/wp-content\/uploads\/2024\/02\/PXL_20240206_103639404-225x300.jpg 225w, https:\/\/johanneum-lueneburg.de\/wordpress\/wp-content\/uploads\/2024\/02\/PXL_20240206_103639404-300x400.jpg 300w, https:\/\/johanneum-lueneburg.de\/wordpress\/wp-content\/uploads\/2024\/02\/PXL_20240206_103639404-87x116.jpg 87w, https:\/\/johanneum-lueneburg.de\/wordpress\/wp-content\/uploads\/2024\/02\/PXL_20240206_103639404-scaled.jpg 1200w\" sizes=\"auto, (max-width: 768px) 100vw, 768px\" \/><\/div><\/div><div class=\"w-gallery-item\"><div class=\"w-gallery-item-img\"><img loading=\"lazy\" decoding=\"async\" width=\"768\" height=\"1024\" src=\"https:\/\/johanneum-lueneburg.de\/wordpress\/wp-content\/uploads\/2024\/02\/PXL_20240206_103650059-768x1024.jpg\" class=\"attachment-large size-large\" alt=\"\" srcset=\"https:\/\/johanneum-lueneburg.de\/wordpress\/wp-content\/uploads\/2024\/02\/PXL_20240206_103650059-768x1024.jpg 768w, https:\/\/johanneum-lueneburg.de\/wordpress\/wp-content\/uploads\/2024\/02\/PXL_20240206_103650059-225x300.jpg 225w, https:\/\/johanneum-lueneburg.de\/wordpress\/wp-content\/uploads\/2024\/02\/PXL_20240206_103650059-300x400.jpg 300w, https:\/\/johanneum-lueneburg.de\/wordpress\/wp-content\/uploads\/2024\/02\/PXL_20240206_103650059-87x116.jpg 87w, https:\/\/johanneum-lueneburg.de\/wordpress\/wp-content\/uploads\/2024\/02\/PXL_20240206_103650059-scaled.jpg 1200w\" sizes=\"auto, (max-width: 768px) 100vw, 768px\" \/><\/div><\/div><div class=\"w-gallery-item\"><div class=\"w-gallery-item-img\"><img loading=\"lazy\" decoding=\"async\" width=\"768\" height=\"1024\" src=\"https:\/\/johanneum-lueneburg.de\/wordpress\/wp-content\/uploads\/2024\/02\/PXL_20240206_103740772-768x1024.jpg\" class=\"attachment-large size-large\" alt=\"\" srcset=\"https:\/\/johanneum-lueneburg.de\/wordpress\/wp-content\/uploads\/2024\/02\/PXL_20240206_103740772-768x1024.jpg 768w, https:\/\/johanneum-lueneburg.de\/wordpress\/wp-content\/uploads\/2024\/02\/PXL_20240206_103740772-225x300.jpg 225w, https:\/\/johanneum-lueneburg.de\/wordpress\/wp-content\/uploads\/2024\/02\/PXL_20240206_103740772-300x400.jpg 300w, https:\/\/johanneum-lueneburg.de\/wordpress\/wp-content\/uploads\/2024\/02\/PXL_20240206_103740772-87x116.jpg 87w, https:\/\/johanneum-lueneburg.de\/wordpress\/wp-content\/uploads\/2024\/02\/PXL_20240206_103740772-scaled.jpg 1200w\" sizes=\"auto, (max-width: 768px) 100vw, 768px\" \/><\/div><\/div><div class=\"w-gallery-item\"><div class=\"w-gallery-item-img\"><img loading=\"lazy\" decoding=\"async\" width=\"768\" height=\"1024\" src=\"https:\/\/johanneum-lueneburg.de\/wordpress\/wp-content\/uploads\/2024\/02\/PXL_20240206_104115525-768x1024.jpg\" class=\"attachment-large size-large\" alt=\"\" srcset=\"https:\/\/johanneum-lueneburg.de\/wordpress\/wp-content\/uploads\/2024\/02\/PXL_20240206_104115525-768x1024.jpg 768w, https:\/\/johanneum-lueneburg.de\/wordpress\/wp-content\/uploads\/2024\/02\/PXL_20240206_104115525-225x300.jpg 225w, https:\/\/johanneum-lueneburg.de\/wordpress\/wp-content\/uploads\/2024\/02\/PXL_20240206_104115525-300x400.jpg 300w, https:\/\/johanneum-lueneburg.de\/wordpress\/wp-content\/uploads\/2024\/02\/PXL_20240206_104115525-87x116.jpg 87w, https:\/\/johanneum-lueneburg.de\/wordpress\/wp-content\/uploads\/2024\/02\/PXL_20240206_104115525-scaled.jpg 1200w\" sizes=\"auto, (max-width: 768px) 100vw, 768px\" \/><\/div><\/div><div class=\"w-gallery-item\"><div class=\"w-gallery-item-img\"><img loading=\"lazy\" decoding=\"async\" width=\"768\" height=\"1024\" src=\"https:\/\/johanneum-lueneburg.de\/wordpress\/wp-content\/uploads\/2024\/02\/PXL_20240206_103015157-768x1024.jpg\" class=\"attachment-large size-large\" alt=\"\" srcset=\"https:\/\/johanneum-lueneburg.de\/wordpress\/wp-content\/uploads\/2024\/02\/PXL_20240206_103015157-768x1024.jpg 768w, https:\/\/johanneum-lueneburg.de\/wordpress\/wp-content\/uploads\/2024\/02\/PXL_20240206_103015157-225x300.jpg 225w, https:\/\/johanneum-lueneburg.de\/wordpress\/wp-content\/uploads\/2024\/02\/PXL_20240206_103015157-300x400.jpg 300w, https:\/\/johanneum-lueneburg.de\/wordpress\/wp-content\/uploads\/2024\/02\/PXL_20240206_103015157-87x116.jpg 87w, https:\/\/johanneum-lueneburg.de\/wordpress\/wp-content\/uploads\/2024\/02\/PXL_20240206_103015157-scaled.jpg 1200w\" sizes=\"auto, (max-width: 768px) 100vw, 768px\" \/><\/div><\/div><\/div><\/div><\/div><\/div><\/div><\/div><\/div><\/section><section class=\"l-section wpb_row height_auto\"><div class=\"l-section-h i-cf\"><div class=\"g-cols vc_row via_flex valign_top type_default stacking_default\"><div class=\"vc_col-sm-12 wpb_column vc_column_container\"><div class=\"vc_column-inner\"><div class=\"wpb_wrapper\"><div class=\"w-tabs layout_hor style_default switch_click has_scrolling\" style=\"--sections-title-size:1em\"><div class=\"w-tabs-list items_4 align_none\"><div class=\"w-tabs-list-h\"><button class=\"w-tabs-item active\" aria-controls=\"content-bb67\" aria-expanded=\"false\"><span class=\"w-tabs-item-title\">Imagefilm<\/span><\/button><button class=\"w-tabs-item\" aria-controls=\"content-bc78\" aria-expanded=\"false\"><span class=\"w-tabs-item-title\">Lesungen<\/span><\/button><button class=\"w-tabs-item\" aria-controls=\"content-ad70\" aria-expanded=\"false\"><span class=\"w-tabs-item-title\">Neuer\u00f6ffnung in 2014<\/span><\/button><button class=\"w-tabs-item\" aria-controls=\"content-ze5c\" aria-expanded=\"false\"><span class=\"w-tabs-item-title\">Jahresberichte<\/span><\/button><\/div><\/div><div class=\"w-tabs-sections titles-align_none icon_chevron cpos_right\"><div class=\"w-tabs-section active\" id=\"bb67\"><button class=\"w-tabs-section-header active\" aria-controls=\"content-bb67\" aria-expanded=\"true\"><div class=\"w-tabs-section-title\">Imagefilm<\/div><div class=\"w-tabs-section-control\"><\/div><\/button><div  class=\"w-tabs-section-content\" id=\"content-bb67\"><div class=\"w-tabs-section-content-h i-cf\"><div class=\"w-video align_none ratio_16x9\"><div class=\"w-video-h\"><video  preload=\"auto\" playsinline controls><source type=\"video\/mp4\" src=\"https:\/\/johanneum-lueneburg.de\/wordpress\/wp-content\/uploads\/2024\/01\/Imagefilm-Schulbibliothek.mp4\" \/><\/video><\/div><div class=\"w-video-icon\" style=\"font-size:1.5rem;background:rgba(0,0,0,0.5);color:#fff\"><\/div><\/div><\/div><\/div><\/div><div class=\"w-tabs-section\" id=\"bc78\"><button class=\"w-tabs-section-header\" aria-controls=\"content-bc78\" aria-expanded=\"false\"><div class=\"w-tabs-section-title\">Lesungen<\/div><div class=\"w-tabs-section-control\"><\/div><\/button><div  class=\"w-tabs-section-content\" id=\"content-bc78\"><div class=\"w-tabs-section-content-h i-cf\"><div class=\"wpb_text_column\"><div class=\"wpb_wrapper\"><p>I am text block. Click edit button to change this text. Lorem ipsum dolor sit amet, consectetur adipiscing elit. Ut elit tellus, luctus nec ullamcorper mattis, pulvinar dapibus leo.<\/p>\n<\/div><\/div><\/div><\/div><\/div><div class=\"w-tabs-section\" id=\"ad70\"><button class=\"w-tabs-section-header\" aria-controls=\"content-ad70\" aria-expanded=\"false\"><div class=\"w-tabs-section-title\">Neuer\u00f6ffnung in 2014<\/div><div class=\"w-tabs-section-control\"><\/div><\/button><div  class=\"w-tabs-section-content\" id=\"content-ad70\"><div class=\"w-tabs-section-content-h i-cf\"><div class=\"wpb_text_column\"><div class=\"wpb_wrapper\"><p>I am text block. Click edit button to change this text. Lorem ipsum dolor sit amet, consectetur adipiscing elit. Ut elit tellus, luctus nec ullamcorper mattis, pulvinar dapibus leo.<\/p>\n<\/div><\/div><\/div><\/div><\/div><div class=\"w-tabs-section\" id=\"ze5c\"><button class=\"w-tabs-section-header\" aria-controls=\"content-ze5c\" aria-expanded=\"false\"><div class=\"w-tabs-section-title\">Jahresberichte<\/div><div class=\"w-tabs-section-control\"><\/div><\/button><div  class=\"w-tabs-section-content\" id=\"content-ze5c\"><div class=\"w-tabs-section-content-h i-cf\"><div class=\"wpb_text_column\"><div class=\"wpb_wrapper\"><p>I am text block. Click edit button to change this text. Lorem ipsum dolor sit amet, consectetur adipiscing elit. Ut elit tellus, luctus nec ullamcorper mattis, pulvinar dapibus leo.<\/p>\n<\/div><\/div><\/div><\/div><\/div><\/div><\/div><\/div><\/div><\/div><\/div><\/div><\/section>\n","protected":false},"excerpt":{"rendered":"&#8222;B\u00fccher lesen hei\u00dft wandern gehen in ferne Welten, aus den Stuben, \u00fcber die Sterne.&#8220; Jean Paul deutscher Schriftsteller (1763 &#8211; 1825) Hast du gerade nichts Interessantes mehr zu lesen? Bist du auf der Suche nach einem spannenden Roman oder einem informativen Sachbuch? Bist du neugierig, wie ein Book-Casting abl\u00e4uft? M\u00f6chtest du dich in den Pausen...","protected":false},"author":1,"featured_media":0,"parent":0,"menu_order":0,"comment_status":"closed","ping_status":"closed","template":"","meta":{"footnotes":""},"class_list":["post-10590","page","type-page","status-publish","hentry"],"_links":{"self":[{"href":"https:\/\/johanneum-lueneburg.de\/wordpress\/wp-json\/wp\/v2\/pages\/10590","targetHints":{"allow":["GET"]}}],"collection":[{"href":"https:\/\/johanneum-lueneburg.de\/wordpress\/wp-json\/wp\/v2\/pages"}],"about":[{"href":"https:\/\/johanneum-lueneburg.de\/wordpress\/wp-json\/wp\/v2\/types\/page"}],"author":[{"embeddable":true,"href":"https:\/\/johanneum-lueneburg.de\/wordpress\/wp-json\/wp\/v2\/users\/1"}],"replies":[{"embeddable":true,"href":"https:\/\/johanneum-lueneburg.de\/wordpress\/wp-json\/wp\/v2\/comments?post=10590"}],"version-history":[{"count":7,"href":"https:\/\/johanneum-lueneburg.de\/wordpress\/wp-json\/wp\/v2\/pages\/10590\/revisions"}],"predecessor-version":[{"id":17356,"href":"https:\/\/johanneum-lueneburg.de\/wordpress\/wp-json\/wp\/v2\/pages\/10590\/revisions\/17356"}],"wp:attachment":[{"href":"https:\/\/johanneum-lueneburg.de\/wordpress\/wp-json\/wp\/v2\/media?parent=10590"}],"curies":[{"name":"wp","href":"https:\/\/api.w.org\/{rel}","templated":true}]}}