{"id":10577,"date":"2022-09-21T08:57:04","date_gmt":"2022-09-21T06:57:04","guid":{"rendered":"https:\/\/johanneum-lueneburg.de\/wordpress\/?page_id=10577"},"modified":"2023-01-08T18:43:46","modified_gmt":"2023-01-08T17:43:46","slug":"sport","status":"publish","type":"page","link":"https:\/\/johanneum-lueneburg.de\/wordpress\/sport\/","title":{"rendered":"Sport"},"content":{"rendered":"<section class=\"l-section wpb_row height_auto\"><div class=\"l-section-h i-cf\"><div class=\"g-cols vc_row via_flex valign_top type_default stacking_default\"><div class=\"vc_col-sm-12 wpb_column vc_column_container\"><div class=\"vc_column-inner\"><div class=\"wpb_wrapper\"><div class=\"wpb_text_column us_custom_2d9ebfef\"><div class=\"wpb_wrapper\"><p style=\"text-align: center;\"><a ref=\"magnificPopup\" href=\"https:\/\/johanneum-lueneburg.de\/wordpress\/wp-content\/uploads\/2022\/09\/titelbild_sport_zugeschnitten.jpg\"><img loading=\"lazy\" decoding=\"async\" class=\"alignnone size-full wp-image-10583\" src=\"https:\/\/johanneum-lueneburg.de\/wordpress\/wp-content\/uploads\/2022\/09\/titelbild_sport_zugeschnitten.jpg\" alt=\"\" width=\"525\" height=\"151\" srcset=\"https:\/\/johanneum-lueneburg.de\/wordpress\/wp-content\/uploads\/2022\/09\/titelbild_sport_zugeschnitten.jpg 525w, https:\/\/johanneum-lueneburg.de\/wordpress\/wp-content\/uploads\/2022\/09\/titelbild_sport_zugeschnitten-300x86.jpg 300w, https:\/\/johanneum-lueneburg.de\/wordpress\/wp-content\/uploads\/2022\/09\/titelbild_sport_zugeschnitten-228x66.jpg 228w\" sizes=\"auto, (max-width: 525px) 100vw, 525px\" \/><\/a><\/p>\n<\/div><\/div><div class=\"w-separator size_medium\"><\/div><div class=\"w-vwrapper us_custom_b4ecdb3f align_none valign_top\"><div class=\"wpb_text_column\"><div class=\"wpb_wrapper\"><ul>\n<li>ab Jahrgangsstufe 5<\/li>\n<li>Oberstufe: zweist\u00fcndige Erg\u00e4nzungskurse f\u00fcr alle w\u00e4hrend der gesamtem Qualifikationsphase<\/li>\n<li>Fachobmann: <a href=\"mail&#116;&#111;&#58;&#101;&#118;&#97;&#46;&#x70;&#x61;&#x6e;&#x6b;&#x6f;&#x6b;&#x65;&#x40;&#x6a;ohan&#110;&#101;&#117;&#109;&#45;&#108;&#103;&#x2e;&#x64;&#x65;\">Daniel Kruse<\/a><\/li>\n<\/ul>\n<\/div><\/div><\/div><div class=\"w-separator size_medium\"><\/div><\/div><\/div><\/div><\/div><\/div><\/section><section class=\"l-section wpb_row height_auto\"><div class=\"l-section-h i-cf\"><div class=\"g-cols vc_row via_flex valign_top type_default stacking_default\"><div class=\"vc_col-sm-6 wpb_column vc_column_container\"><div class=\"vc_column-inner\"><div class=\"wpb_wrapper\"><div class=\"wpb_text_column\"><div class=\"wpb_wrapper\"><p>Flag Football, Unihockey, Tanzen, Schwimmen, Badminton, Tischtennis und selbstverst\u00e4ndlich auch die traditionellen gro\u00dfen Sportspiele wie Handball, Fu\u00dfball oder Basketball \u2013 in all diese und noch einige weitere Sportarten erhalten unsere Sch\u00fclerinnen und Sch\u00fcler auf ihrem Weg zum Abitur einen Einblick.<\/p>\n<p>In der Oberstufe k\u00f6nnen die Kurse f\u00fcr jeweils zwei Halbjahre gew\u00e4hlt werden. Hier stehen neben Fu\u00dfball, Turnen, Leichtathletik und Tanzen u. a. auch die Sportarten Rugby und Hockey oder eine Ski- und Snowboardfahrt in die Alpen, die sich sehr gro\u00dfer Beliebtheit erfreut, auf dem Programm. Der Unterricht findet gr\u00f6\u00dftenteils in unserer Sporthalle direkt auf dem Schulgel\u00e4nde oder auf dem Sportplatz in Kaltenmoor statt.<\/p>\n<\/div><\/div><\/div><\/div><\/div><div class=\"vc_col-sm-6 wpb_column vc_column_container\"><div class=\"vc_column-inner\"><div class=\"wpb_wrapper\"><div class=\"wpb_text_column\"><div class=\"wpb_wrapper\"><\/div><\/div><div class=\"wpb_text_column\"><div class=\"wpb_wrapper\"><p><a ref=\"magnificPopup\" href=\"https:\/\/johanneum-lueneburg.de\/wordpress\/wp-content\/uploads\/2022\/09\/2017-18-fg_sport_quadr.jpg\"><img loading=\"lazy\" decoding=\"async\" class=\"alignnone size-full wp-image-10578\" src=\"https:\/\/johanneum-lueneburg.de\/wordpress\/wp-content\/uploads\/2022\/09\/2017-18-fg_sport_quadr.jpg\" alt=\"\" width=\"689\" height=\"689\" srcset=\"https:\/\/johanneum-lueneburg.de\/wordpress\/wp-content\/uploads\/2022\/09\/2017-18-fg_sport_quadr.jpg 689w, https:\/\/johanneum-lueneburg.de\/wordpress\/wp-content\/uploads\/2022\/09\/2017-18-fg_sport_quadr-300x300.jpg 300w, https:\/\/johanneum-lueneburg.de\/wordpress\/wp-content\/uploads\/2022\/09\/2017-18-fg_sport_quadr-150x150.jpg 150w, https:\/\/johanneum-lueneburg.de\/wordpress\/wp-content\/uploads\/2022\/09\/2017-18-fg_sport_quadr-400x400.jpg 400w, https:\/\/johanneum-lueneburg.de\/wordpress\/wp-content\/uploads\/2022\/09\/2017-18-fg_sport_quadr-116x116.jpg 116w\" sizes=\"auto, (max-width: 689px) 100vw, 689px\" \/><\/a><\/p>\n<\/div><\/div><\/div><\/div><\/div><\/div><\/div><\/section><section class=\"l-section wpb_row height_auto\"><div class=\"l-section-h i-cf\"><div class=\"g-cols vc_row via_flex valign_top type_default stacking_default\"><div class=\"vc_col-sm-12 wpb_column vc_column_container\"><div class=\"vc_column-inner\"><div class=\"wpb_wrapper\"><div class=\"w-tabs style_default switch_click accordion has_scrolling\" style=\"--sections-title-size:inherit\"><div class=\"w-tabs-sections titles-align_none icon_chevron cpos_right\"><div class=\"w-tabs-section\" id=\"kf32\"><button class=\"w-tabs-section-header\" aria-controls=\"content-kf32\" aria-expanded=\"false\"><div class=\"w-tabs-section-title\">Allgemeine Informationen zum Fach<\/div><div class=\"w-tabs-section-control\"><\/div><\/button><div  class=\"w-tabs-section-content\" id=\"content-kf32\"><div class=\"w-tabs-section-content-h i-cf\"><div class=\"wpb_text_column\"><div class=\"wpb_wrapper\"><p class=\"tiny_p\">Selbstverst\u00e4ndlich steht die sportliche Bet\u00e4tigung stets an erster Stelle, um bei unseren Sch\u00fclerinnen und Sch\u00fclern die Bewegungsfreude und die Lust am gemeinsamen Sporttreiben auch \u00fcber die Schulzeit hinaus zu wecken. Je nach Unterrichtseinheit wird der Schwerpunkt dabei auf unterschiedliche p\u00e4dagogische Perspektiven (Miteinander, Gegeneinander, Wagnis, sich ausdr\u00fccken oder die Gesundheit) gesetzt.<\/p>\n<p class=\"tiny_p\">Dar\u00fcber hinaus werden viele weitere Kompetenzen mithilfe des Sportunterrichts vermittelt: Die Analyse sportlicher Bewegungen, die Erarbeitung eigener Spielz\u00fcge, die Entwicklung kleiner Tanz- oder Akrobatikpr\u00e4sentationen sowie Partner- und Gruppenbeobachtungen seien an dieser Stelle als Beispiele f\u00fcr eine abwechslungsreiche, vielf\u00e4ltige und kompetenzorientierte Unterrichtsgestaltung genannt.<\/p>\n<p class=\"tiny_p\">Jahrgangssportfeste, f\u00fcr die im Rahmen des Unterrichts eifrig trainiert wird, sowie einige Sport-Arbeitsgemeinschaften und die Teilnahme an schul\u00fcbergreifenden sportlichen Wettbewerben runden das Sportangebot am Johanneum ab.<\/p>\n<p class=\"tiny_p\">Eine detaillierte \u00dcbersicht f\u00fcr den Sportunterricht am Johanneum bietet unser schulinterner Lehrplan.<\/p>\n<\/div><\/div><\/div><\/div><\/div><div class=\"w-tabs-section\" id=\"w69c\"><button class=\"w-tabs-section-header\" aria-controls=\"content-w69c\" aria-expanded=\"false\"><div class=\"w-tabs-section-title\">Curricula<\/div><div class=\"w-tabs-section-control\"><\/div><\/button><div  class=\"w-tabs-section-content\" id=\"content-w69c\"><div class=\"w-tabs-section-content-h i-cf\"><div class=\"wpb_text_column\"><div class=\"wpb_wrapper\"><p>Der Sportunterricht am Johanneum wird gem\u00e4\u00df dem nieders\u00e4chsischen Kerncurriculum f\u00fcr das Fach Sport erteilt:<\/p>\n<\/div><\/div><div class=\"w-btn-wrapper align_none\"><a class=\"w-btn us-btn-style_1 icon_atleft\" title=\"KC Sport\" href=\"https:\/\/cuvo.nibis.de\/cuvo.php?p=download&amp;upload=311\"><i class=\"fas fa-file-pdf\"><\/i><span class=\"w-btn-label\">Kerncurriculum Sport Sekundarstufe I (Jg. 5-10) mit pandemiebedingten Hinweisen und Priorisierungen<\/span><\/a><\/div><div class=\"w-btn-wrapper align_none\"><a class=\"w-btn us-btn-style_1 icon_atleft\" title=\"Kerncurriculum Sport Sekundarstufe I\" href=\"https:\/\/cuvo.nibis.de\/cuvo.php?p=download&amp;upload=179\"><i class=\"fas fa-file-pdf\"><\/i><span class=\"w-btn-label\">Kerncurriculum Sport Sekundarstufe I (Jg. 5-10)<\/span><\/a><\/div><div class=\"w-btn-wrapper align_none\"><a class=\"w-btn us-btn-style_1 icon_atleft\" title=\"KC Sport Gymnasiale Oberstufe\" href=\"https:\/\/cuvo.nibis.de\/cuvo.php?p=download&amp;upload=222\"><i class=\"fas fa-file-pdf\"><\/i><span class=\"w-btn-label\">Kerncurriculum Sport Sekundarstufe II (Jg. 11-13)<\/span><\/a><\/div><div class=\"w-separator size_medium\"><\/div><div class=\"wpb_text_column\"><div class=\"wpb_wrapper\"><p>Das schulinterne Curriculum f\u00fcr die einzelnen Jahrgangsstufen bieten wir Ihnen hier zum Download an:<\/p>\n<\/div><\/div><div class=\"w-btn-wrapper align_none\"><a class=\"w-btn us-btn-style_1 icon_atleft\" title=\"Schulinterner Lehrplan Sport Sekundarstufe I\" href=\"https:\/\/johanneum-lueneburg.de\/wordpress\/wp-content\/uploads\/2022\/09\/Schulinterner-Lehrplan-Sek-I-Gymnasium-Johanneum-Lueneburg-Gesamtfassung-Stand-September-2022.pdf\"><i class=\"fas fa-file-pdf\"><\/i><span class=\"w-btn-label\">Schulinterner Lehrplan Sport Sekundarstufe I<\/span><\/a><\/div><div class=\"w-btn-wrapper align_none\"><a class=\"w-btn us-btn-style_1 icon_atleft\" title=\"Schulinterner Lehrplan Sport Sekundarstufe II\" href=\"https:\/\/johanneum-lueneburg.de\/wordpress\/wp-content\/uploads\/2022\/09\/schulinterner_lehrplan_sek_ii_gymnasium_johanneum_lueneburg_gesamtfassung_stand_september_2021.pdf\"><i class=\"fas fa-file-pdf\"><\/i><span class=\"w-btn-label\">Schulinterner Lehrplan Sport Sekundarstufe II<\/span><\/a><\/div><\/div><\/div><\/div><div class=\"w-tabs-section\" id=\"e7ca\"><button class=\"w-tabs-section-header\" aria-controls=\"content-e7ca\" aria-expanded=\"false\"><div class=\"w-tabs-section-title\">Arbeitsgemeinschaften und Projekte<\/div><div class=\"w-tabs-section-control\"><\/div><\/button><div  class=\"w-tabs-section-content\" id=\"content-e7ca\"><div class=\"w-tabs-section-content-h i-cf\"><div class=\"wpb_text_column\"><div class=\"wpb_wrapper\"><ul>\n<li>\n<p class=\"tiny_p\"><a href=\"https:\/\/johanneum-lueneburg.de\/wordpress\/sponsorenlauf\/\">Sponsorenlauf<\/a><\/p>\n<\/li>\n<li>\n<p class=\"tiny_p\"><a href=\"https:\/\/johanneum-lueneburg.de\/wordpress\/akrobatik-ag\/\">Akrobatik-AG<\/a><\/p>\n<\/li>\n<li>\n<p class=\"tiny_p\"><a href=\"https:\/\/johanneum-lueneburg.de\/wordpress\/fussball-ag\/\">Fu\u00dfball-AG<\/a>\u00a0f\u00fcr Jungen und M\u00e4dchen (Jgstf. 5\/6)<\/p>\n<\/li>\n<\/ul>\n<\/div><\/div><\/div><\/div><\/div><div class=\"w-tabs-section\" id=\"q9b0\"><button class=\"w-tabs-section-header\" aria-controls=\"content-q9b0\" aria-expanded=\"false\"><div class=\"w-tabs-section-title\">Wettbewerbe<\/div><div class=\"w-tabs-section-control\"><\/div><\/button><div  class=\"w-tabs-section-content\" id=\"content-q9b0\"><div class=\"w-tabs-section-content-h i-cf\"><div class=\"wpb_text_column\"><div class=\"wpb_wrapper\"><ul>\n<li class=\"tiny_p\">\n<p class=\"tiny_p\"><strong>Jahrgangssportfeste:<\/strong><\/p>\n<table cellspacing=\"1\" cellpadding=\"1\">\n<tbody>\n<tr>\n<td>\n<p class=\"tiny_p\">5<\/p>\n<\/td>\n<td>\n<p class=\"tiny_p\">Brennball- und V\u00f6lkerballturnier<\/p>\n<\/td>\n<\/tr>\n<tr>\n<td>\n<p class=\"tiny_p\">6<\/p>\n<\/td>\n<td>\n<p class=\"tiny_p\">Unihockeyturnier<\/p>\n<\/td>\n<\/tr>\n<tr>\n<td>\n<p class=\"tiny_p\">7<\/p>\n<\/td>\n<td>\n<p class=\"tiny_p\">Sportabzeichentag<\/p>\n<\/td>\n<\/tr>\n<tr>\n<td>\n<p class=\"tiny_p\">8<\/p>\n<\/td>\n<td>\n<p class=\"tiny_p\">Basketballturnier<\/p>\n<\/td>\n<\/tr>\n<tr>\n<td>\n<p class=\"tiny_p\">10<\/p>\n<\/td>\n<td>\n<p class=\"tiny_p\">Volleyballturnier<\/p>\n<\/td>\n<\/tr>\n<\/tbody>\n<\/table>\n<\/li>\n<\/ul>\n<ul>\n<li class=\"tiny_p\">\n<p class=\"tiny_p\"><strong>Schulmannschaften:<\/strong><\/p>\n<ul>\n<li class=\"tiny_p\">\n<p class=\"tiny_p\">Jugend trainiert f\u00fcr Olympia (derzeit:\u00a0<a href=\"https:\/\/johanneum-lueneburg.de\/wordpress\/2022\/07\/12\/johanneum-hofft-auf-sommermaerchen\/\">Fu\u00dfball<\/a>, weitere Sportarten je nach aktueller Interessenlage der Sch\u00fclerschaft)<\/p>\n<\/li>\n<li class=\"tiny_p\">\n<p class=\"tiny_p\">Teilnahme an regionalen Schulvergleichswettk\u00e4mpfen (Fu\u00dfball)<\/p>\n<\/li>\n<\/ul>\n<\/li>\n<\/ul>\n<\/div><\/div><\/div><\/div><\/div><\/div><\/div><\/div><\/div><\/div><\/div><\/div><\/section>\n","protected":false},"excerpt":{"rendered":"ab Jahrgangsstufe 5 Oberstufe: zweist\u00fcndige Erg\u00e4nzungskurse f\u00fcr alle w\u00e4hrend der gesamtem Qualifikationsphase Fachobmann: Daniel Kruse Flag Football, Unihockey, Tanzen, Schwimmen, Badminton, Tischtennis und selbstverst\u00e4ndlich auch die traditionellen gro\u00dfen Sportspiele wie Handball, Fu\u00dfball oder Basketball \u2013 in all diese und noch einige weitere Sportarten erhalten unsere Sch\u00fclerinnen und Sch\u00fcler auf ihrem Weg zum Abitur einen Einblick....","protected":false},"author":1,"featured_media":0,"parent":0,"menu_order":0,"comment_status":"closed","ping_status":"closed","template":"","meta":{"footnotes":""},"class_list":["post-10577","page","type-page","status-publish","hentry"],"_links":{"self":[{"href":"https:\/\/johanneum-lueneburg.de\/wordpress\/wp-json\/wp\/v2\/pages\/10577","targetHints":{"allow":["GET"]}}],"collection":[{"href":"https:\/\/johanneum-lueneburg.de\/wordpress\/wp-json\/wp\/v2\/pages"}],"about":[{"href":"https:\/\/johanneum-lueneburg.de\/wordpress\/wp-json\/wp\/v2\/types\/page"}],"author":[{"embeddable":true,"href":"https:\/\/johanneum-lueneburg.de\/wordpress\/wp-json\/wp\/v2\/users\/1"}],"replies":[{"embeddable":true,"href":"https:\/\/johanneum-lueneburg.de\/wordpress\/wp-json\/wp\/v2\/comments?post=10577"}],"version-history":[{"count":12,"href":"https:\/\/johanneum-lueneburg.de\/wordpress\/wp-json\/wp\/v2\/pages\/10577\/revisions"}],"predecessor-version":[{"id":11334,"href":"https:\/\/johanneum-lueneburg.de\/wordpress\/wp-json\/wp\/v2\/pages\/10577\/revisions\/11334"}],"wp:attachment":[{"href":"https:\/\/johanneum-lueneburg.de\/wordpress\/wp-json\/wp\/v2\/media?parent=10577"}],"curies":[{"name":"wp","href":"https:\/\/api.w.org\/{rel}","templated":true}]}}