{"id":10462,"date":"2022-09-05T18:39:24","date_gmt":"2022-09-05T16:39:24","guid":{"rendered":"https:\/\/johanneum-lueneburg.de\/wordpress\/?page_id=10462"},"modified":"2024-09-02T22:05:23","modified_gmt":"2024-09-02T20:05:23","slug":"chor-musical-theater-klasse-5-6","status":"publish","type":"page","link":"https:\/\/johanneum-lueneburg.de\/wordpress\/chor-musical-theater-klasse-5-6\/","title":{"rendered":"Theater 5\/6"},"content":{"rendered":"<section class=\"l-section wpb_row height_auto\"><div class=\"l-section-h i-cf\"><div class=\"g-cols vc_row via_flex valign_top type_default stacking_default\"><div class=\"vc_col-sm-12 wpb_column vc_column_container\"><div class=\"vc_column-inner\"><div class=\"wpb_wrapper\"><div class=\"wpb_text_column\"><div class=\"wpb_wrapper\"><p><strong>Theater-AG der 5. und 6. Klassen<\/strong><\/p>\n<p><span style=\"font-weight: 400;\">Die ganze Welt ist eine B\u00fchne! Das wusste schon William Shakespeare. Und wenn es dich auf die B\u00fchne zieht, dann bist du in der Theater-AG genau richtig.<\/span><\/p>\n<p><span style=\"font-weight: 400;\">Hier erlernst du verschiedene Schauspieltechniken \u2013 vom Freeze \u00fcber Zeitlupe bis hin zum B\u00fchnenkampf \u2013 und wie du diese geschickt in einer Szene einsetzen kannst.<\/span><\/p>\n<p><span style=\"font-weight: 400;\">So entsteht im Laufe des Schuljahres Szene f\u00fcr Szene ein eigenes und originelles Theaterst\u00fcck, das dann am Ende des Schuljahres auf der gro\u00dfen B\u00fchne im Hauptgeb\u00e4ude des Johanneums aufgef\u00fchrt wird.<\/span><\/p>\n<p><span style=\"font-weight: 400;\">Wenn du also gern schauspielern lernen m\u00f6chtest und kreativ bist, dann komm\u2018 doch einfach vorbei.<\/span><\/p>\n<\/div><\/div><\/div><\/div><\/div><\/div><\/div><\/section><section class=\"l-section wpb_row height_auto\"><div class=\"l-section-h i-cf\"><div class=\"g-cols vc_row via_flex valign_top type_default stacking_default\"><div class=\"vc_col-sm-12 wpb_column vc_column_container\"><div class=\"vc_column-inner\"><div class=\"wpb_wrapper\"><div class=\"w-separator size_medium\"><\/div><\/div><\/div><\/div><\/div><\/div><\/section><section class=\"l-section wpb_row height_auto\"><div class=\"l-section-h i-cf\"><div class=\"g-cols vc_row via_flex valign_top type_default stacking_default\"><div class=\"vc_col-sm-12 wpb_column vc_column_container\"><div class=\"vc_column-inner\"><div class=\"wpb_wrapper\"><div class=\"wpb_text_column\"><div class=\"wpb_wrapper\"><p><strong>Bilder von der Auff\u00fchrung: Die pfiffige Eisdielencheckerbande und das gro\u00dfe Lolligejammer<\/strong><\/p>\n<div  id=\"jtg-20034\" class=\"modula modula-gallery modula-columns\" data-config=\"{&quot;tabletHeight&quot;:800,&quot;mobileHeight&quot;:800,&quot;desktopHeight&quot;:800,&quot;enableTwitter&quot;:false,&quot;enableWhatsapp&quot;:false,&quot;enableFacebook&quot;:false,&quot;enablePinterest&quot;:false,&quot;enableLinkedin&quot;:false,&quot;enableEmail&quot;:false,&quot;randomFactor&quot;:0.5,&quot;type&quot;:&quot;grid&quot;,&quot;columns&quot;:12,&quot;gutter&quot;:10,&quot;mobileGutter&quot;:10,&quot;tabletGutter&quot;:10,&quot;desktopGutter&quot;:10,&quot;enableResponsive&quot;:&quot;0&quot;,&quot;tabletColumns&quot;:2,&quot;mobileColumns&quot;:1,&quot;lazyLoad&quot;:0,&quot;lightboxOpts&quot;:{&quot;animated&quot;:true,&quot;Thumbs&quot;:{&quot;type&quot;:&quot;modern&quot;,&quot;showOnStart&quot;:false},&quot;Toolbar&quot;:{&quot;display&quot;:{&quot;right&quot;:[&quot;close&quot;]},&quot;enabled&quot;:true},&quot;Carousel&quot;:{&quot;Panzoom&quot;:{&quot;touch&quot;:true},&quot;infinite&quot;:false},&quot;keyboard&quot;:{&quot;Escape&quot;:&quot;close&quot;,&quot;Delete&quot;:&quot;close&quot;,&quot;Backspace&quot;:&quot;close&quot;,&quot;PageUp&quot;:false,&quot;PageDown&quot;:false,&quot;ArrowUp&quot;:false,&quot;ArrowDown&quot;:false,&quot;ArrowRight&quot;:false,&quot;ArrowLeft&quot;:false},&quot;touch&quot;:false,&quot;backdropClick&quot;:false,&quot;l10n&quot;:{&quot;CLOSE&quot;:&quot;Schlie\\u00dfen&quot;,&quot;NEXT&quot;:&quot;Weiter&quot;,&quot;PREV&quot;:&quot;Zur\\u00fcck&quot;,&quot;Error&quot;:&quot;Der angeforderte Inhalt kann nicht geladen werden. Bitte versuche es sp\\u00e4ter noch einmal.&quot;,&quot;PLAY_START&quot;:&quot;Slideshow starten&quot;,&quot;PLAY_STOP&quot;:&quot;Slideshow anhalten&quot;,&quot;FULL_SCREEN&quot;:&quot;Vollbild&quot;,&quot;THUMBS&quot;:&quot;Vorschaubilder&quot;,&quot;DOWNLOAD&quot;:&quot;Download&quot;,&quot;SHARE&quot;:&quot;Teilen&quot;,&quot;ZOOM&quot;:&quot;Vergr\\u00f6\\u00dfern&quot;,&quot;EMAIL&quot;:&quot;Hier ist der Link zum Bild: %%image_link%% und hier ist der Link zur Galerie: %%gallery_link%%&quot;,&quot;MODAL&quot;:&quot;Du kannst diesen Modal-Inhalt mit der ESC-Taste schlie\\u00dfen&quot;,&quot;ERROR&quot;:&quot;Es ist ein Fehler aufgetreten. Bitte versuche es sp\\u00e4ter noch einmal&quot;,&quot;IMAGE_ERROR&quot;:&quot;Bild nicht gefunden&quot;,&quot;ELEMENT_NOT_FOUND&quot;:&quot;HTML-Element nicht gefunden&quot;,&quot;AJAX_NOT_FOUND&quot;:&quot;Fehler beim Laden von AJAX: Nicht gefunden&quot;,&quot;AJAX_FORBIDDEN&quot;:&quot;Fehler beim Laden von AJAX: Zugriff verweigert&quot;,&quot;IFRAME_ERROR&quot;:&quot;Fehler beim Laden der Seite&quot;,&quot;TOGGLE_ZOOM&quot;:&quot;Zoomstufe umschalten&quot;,&quot;TOGGLE_THUMBS&quot;:&quot;Miniaturansichten ein-\\\/ausblenden&quot;,&quot;TOGGLE_SLIDESHOW&quot;:&quot;Diashow ein-\\\/ausschalten&quot;,&quot;TOGGLE_FULLSCREEN&quot;:&quot;Vollbildmodus umschalten&quot;},&quot;Images&quot;:{&quot;Panzoom&quot;:{&quot;maxScale&quot;:2}},&quot;mainClass&quot;:&quot;modula-fancybox-container modula-lightbox-jtg-20034&quot;,&quot;Html&quot;:{&quot;videoAutoplay&quot;:0,&quot;videoTpl&quot;:&quot;&lt;video class=\\&quot;fancybox__html5video\\&quot; controls muted playsinline controlsList controlsList=\\&quot;nodownload\\&quot; poster=\\&quot;{{poster}}\\&quot; src=\\&quot;{{src}}\\&quot; type=\\&quot;{{format}}\\&quot; &gt;  Sorry, your browser doesn&#039;t support embedded videos, &lt;a href=\\&quot;{{src}}\\&quot;&gt; download &lt;\\\/a&gt; and watch with your favorite video player! &lt;\\\/video&gt;&quot;}},&quot;inView&quot;:false,&quot;email_subject&quot;:&quot;Check out this awesome image !!&quot;,&quot;email_message&quot;:&quot;Here is the link to the image : %%image_link%% and this is the link to the gallery : %%gallery_link%%&quot;,&quot;grid_type&quot;:&quot;automatic&quot;,&quot;rowHeight&quot;:250,&quot;lastRow&quot;:&quot;justify&quot;,&quot;lightbox&quot;:&quot;fancybox&quot;}\">\n\n\t\n\t<div  class=\"modula-items grid-gallery\">\n\t\t<div class=\"modula-item effect-pufrobo\" >\n\t<div class=\"modula-item-overlay\"><\/div>\n\n\t<div class=\"modula-item-content\">\n\n\t\t<a data-image-id=\"20044\" role=\"button\" tabindex=\"0\" rel=\"jtg-20034\" data-caption=\"\" aria-label=\"Bilder in Lightbox \u00f6ffnen\" class=\"tile-inner modula-item-link\"><\/a><img loading=\"lazy\" decoding=\"async\" class=\"pic wp-image-20044\"  data-valign=\"middle\" data-halign=\"center\" alt=\"\" data-full=\"https:\/\/johanneum-lueneburg.de\/wordpress\/wp-content\/uploads\/2024\/09\/Bild-fuer-Tabelle.jpg\" title=\"Bild f\u00fcr Tabelle\" crop=\"\" width=\"300\" height=\"169\" src=\"https:\/\/johanneum-lueneburg.de\/wordpress\/wp-content\/uploads\/2024\/09\/Bild-fuer-Tabelle-300x169.jpg\" data-src=\"https:\/\/johanneum-lueneburg.de\/wordpress\/wp-content\/uploads\/2024\/09\/Bild-fuer-Tabelle-300x169.jpg\" data-caption=\"\" srcset=\"https:\/\/johanneum-lueneburg.de\/wordpress\/wp-content\/uploads\/2024\/09\/Bild-fuer-Tabelle.jpg 1920w, https:\/\/johanneum-lueneburg.de\/wordpress\/wp-content\/uploads\/2024\/09\/Bild-fuer-Tabelle-300x169.jpg 300w, https:\/\/johanneum-lueneburg.de\/wordpress\/wp-content\/uploads\/2024\/09\/Bild-fuer-Tabelle-1024x576.jpg 1024w, https:\/\/johanneum-lueneburg.de\/wordpress\/wp-content\/uploads\/2024\/09\/Bild-fuer-Tabelle-600x338.jpg 600w, https:\/\/johanneum-lueneburg.de\/wordpress\/wp-content\/uploads\/2024\/09\/Bild-fuer-Tabelle-206x116.jpg 206w\" sizes=\"auto, (max-width: 300px) 100vw, 300px\" \/>\n\t\t<div class=\"figc no-description\">\n\t\t\t<div class=\"figc-inner\">\n\t\t\t\t\t\t\t\t\t\t\t\t\t\t\t<\/div>\n\t\t<\/div>\n\n\t<\/div>\n\n<\/div><div class=\"modula-item effect-pufrobo\" >\n\t<div class=\"modula-item-overlay\"><\/div>\n\n\t<div class=\"modula-item-content\">\n\n\t\t<a data-image-id=\"20036\" role=\"button\" tabindex=\"0\" rel=\"jtg-20034\" data-caption=\"\" aria-label=\"Bilder in Lightbox \u00f6ffnen\" class=\"tile-inner modula-item-link\"><\/a><img loading=\"lazy\" decoding=\"async\" class=\"pic wp-image-20036\"  data-valign=\"middle\" data-halign=\"center\" alt=\"\" data-full=\"https:\/\/johanneum-lueneburg.de\/wordpress\/wp-content\/uploads\/2024\/09\/Bild-von-der-Auffuehrung-5.png\" title=\"Bild von der Auff\u00fchrung 5\" crop=\"\" width=\"300\" height=\"169\" src=\"https:\/\/johanneum-lueneburg.de\/wordpress\/wp-content\/uploads\/2024\/09\/Bild-von-der-Auffuehrung-5-300x169.png\" data-src=\"https:\/\/johanneum-lueneburg.de\/wordpress\/wp-content\/uploads\/2024\/09\/Bild-von-der-Auffuehrung-5-300x169.png\" data-caption=\"\" srcset=\"https:\/\/johanneum-lueneburg.de\/wordpress\/wp-content\/uploads\/2024\/09\/Bild-von-der-Auffuehrung-5.png 1920w, https:\/\/johanneum-lueneburg.de\/wordpress\/wp-content\/uploads\/2024\/09\/Bild-von-der-Auffuehrung-5-300x169.png 300w, https:\/\/johanneum-lueneburg.de\/wordpress\/wp-content\/uploads\/2024\/09\/Bild-von-der-Auffuehrung-5-1024x576.png 1024w, https:\/\/johanneum-lueneburg.de\/wordpress\/wp-content\/uploads\/2024\/09\/Bild-von-der-Auffuehrung-5-600x338.png 600w, https:\/\/johanneum-lueneburg.de\/wordpress\/wp-content\/uploads\/2024\/09\/Bild-von-der-Auffuehrung-5-206x116.png 206w\" sizes=\"auto, (max-width: 300px) 100vw, 300px\" \/>\n\t\t<div class=\"figc no-description\">\n\t\t\t<div class=\"figc-inner\">\n\t\t\t\t\t\t\t\t\t\t\t\t\t\t\t<\/div>\n\t\t<\/div>\n\n\t<\/div>\n\n<\/div><div class=\"modula-item effect-pufrobo\" >\n\t<div class=\"modula-item-overlay\"><\/div>\n\n\t<div class=\"modula-item-content\">\n\n\t\t<a data-image-id=\"20037\" role=\"button\" tabindex=\"0\" rel=\"jtg-20034\" data-caption=\"\" aria-label=\"Bilder in Lightbox \u00f6ffnen\" class=\"tile-inner modula-item-link\"><\/a><img loading=\"lazy\" decoding=\"async\" class=\"pic wp-image-20037\"  data-valign=\"middle\" data-halign=\"center\" alt=\"\" data-full=\"https:\/\/johanneum-lueneburg.de\/wordpress\/wp-content\/uploads\/2024\/09\/Bild-von-der-Auffuehrung-4.png\" title=\"Bild von der Auff\u00fchrung 4\" crop=\"\" width=\"300\" height=\"169\" src=\"https:\/\/johanneum-lueneburg.de\/wordpress\/wp-content\/uploads\/2024\/09\/Bild-von-der-Auffuehrung-4-300x169.png\" data-src=\"https:\/\/johanneum-lueneburg.de\/wordpress\/wp-content\/uploads\/2024\/09\/Bild-von-der-Auffuehrung-4-300x169.png\" data-caption=\"\" srcset=\"https:\/\/johanneum-lueneburg.de\/wordpress\/wp-content\/uploads\/2024\/09\/Bild-von-der-Auffuehrung-4.png 1920w, https:\/\/johanneum-lueneburg.de\/wordpress\/wp-content\/uploads\/2024\/09\/Bild-von-der-Auffuehrung-4-300x169.png 300w, https:\/\/johanneum-lueneburg.de\/wordpress\/wp-content\/uploads\/2024\/09\/Bild-von-der-Auffuehrung-4-1024x576.png 1024w, https:\/\/johanneum-lueneburg.de\/wordpress\/wp-content\/uploads\/2024\/09\/Bild-von-der-Auffuehrung-4-600x338.png 600w, https:\/\/johanneum-lueneburg.de\/wordpress\/wp-content\/uploads\/2024\/09\/Bild-von-der-Auffuehrung-4-206x116.png 206w\" sizes=\"auto, (max-width: 300px) 100vw, 300px\" \/>\n\t\t<div class=\"figc no-description\">\n\t\t\t<div class=\"figc-inner\">\n\t\t\t\t\t\t\t\t\t\t\t\t\t\t\t<\/div>\n\t\t<\/div>\n\n\t<\/div>\n\n<\/div><div class=\"modula-item effect-pufrobo\" >\n\t<div class=\"modula-item-overlay\"><\/div>\n\n\t<div class=\"modula-item-content\">\n\n\t\t<a data-image-id=\"20038\" role=\"button\" tabindex=\"0\" rel=\"jtg-20034\" data-caption=\"\" aria-label=\"Bilder in Lightbox \u00f6ffnen\" class=\"tile-inner modula-item-link\"><\/a><img loading=\"lazy\" decoding=\"async\" class=\"pic wp-image-20038\"  data-valign=\"middle\" data-halign=\"center\" alt=\"\" data-full=\"https:\/\/johanneum-lueneburg.de\/wordpress\/wp-content\/uploads\/2024\/09\/Bild-von-der-Auffuehrung-3.png\" title=\"Bild von der Auff\u00fchrung 3\" crop=\"\" width=\"300\" height=\"169\" src=\"https:\/\/johanneum-lueneburg.de\/wordpress\/wp-content\/uploads\/2024\/09\/Bild-von-der-Auffuehrung-3-300x169.png\" data-src=\"https:\/\/johanneum-lueneburg.de\/wordpress\/wp-content\/uploads\/2024\/09\/Bild-von-der-Auffuehrung-3-300x169.png\" data-caption=\"\" srcset=\"https:\/\/johanneum-lueneburg.de\/wordpress\/wp-content\/uploads\/2024\/09\/Bild-von-der-Auffuehrung-3.png 1920w, https:\/\/johanneum-lueneburg.de\/wordpress\/wp-content\/uploads\/2024\/09\/Bild-von-der-Auffuehrung-3-300x169.png 300w, https:\/\/johanneum-lueneburg.de\/wordpress\/wp-content\/uploads\/2024\/09\/Bild-von-der-Auffuehrung-3-1024x576.png 1024w, https:\/\/johanneum-lueneburg.de\/wordpress\/wp-content\/uploads\/2024\/09\/Bild-von-der-Auffuehrung-3-600x338.png 600w, https:\/\/johanneum-lueneburg.de\/wordpress\/wp-content\/uploads\/2024\/09\/Bild-von-der-Auffuehrung-3-206x116.png 206w\" sizes=\"auto, (max-width: 300px) 100vw, 300px\" \/>\n\t\t<div class=\"figc no-description\">\n\t\t\t<div class=\"figc-inner\">\n\t\t\t\t\t\t\t\t\t\t\t\t\t\t\t<\/div>\n\t\t<\/div>\n\n\t<\/div>\n\n<\/div><div class=\"modula-item effect-pufrobo\" >\n\t<div class=\"modula-item-overlay\"><\/div>\n\n\t<div class=\"modula-item-content\">\n\n\t\t<a data-image-id=\"20039\" role=\"button\" tabindex=\"0\" rel=\"jtg-20034\" data-caption=\"\" aria-label=\"Bilder in Lightbox \u00f6ffnen\" class=\"tile-inner modula-item-link\"><\/a><img loading=\"lazy\" decoding=\"async\" class=\"pic wp-image-20039\"  data-valign=\"middle\" data-halign=\"center\" alt=\"\" data-full=\"https:\/\/johanneum-lueneburg.de\/wordpress\/wp-content\/uploads\/2024\/09\/Bild-von-der-Auffuehrung-1.png\" title=\"Bild von der Auff\u00fchrung 1\" crop=\"\" width=\"300\" height=\"169\" src=\"https:\/\/johanneum-lueneburg.de\/wordpress\/wp-content\/uploads\/2024\/09\/Bild-von-der-Auffuehrung-1-300x169.png\" data-src=\"https:\/\/johanneum-lueneburg.de\/wordpress\/wp-content\/uploads\/2024\/09\/Bild-von-der-Auffuehrung-1-300x169.png\" data-caption=\"\" srcset=\"https:\/\/johanneum-lueneburg.de\/wordpress\/wp-content\/uploads\/2024\/09\/Bild-von-der-Auffuehrung-1.png 1920w, https:\/\/johanneum-lueneburg.de\/wordpress\/wp-content\/uploads\/2024\/09\/Bild-von-der-Auffuehrung-1-300x169.png 300w, https:\/\/johanneum-lueneburg.de\/wordpress\/wp-content\/uploads\/2024\/09\/Bild-von-der-Auffuehrung-1-1024x576.png 1024w, https:\/\/johanneum-lueneburg.de\/wordpress\/wp-content\/uploads\/2024\/09\/Bild-von-der-Auffuehrung-1-600x338.png 600w, https:\/\/johanneum-lueneburg.de\/wordpress\/wp-content\/uploads\/2024\/09\/Bild-von-der-Auffuehrung-1-206x116.png 206w\" sizes=\"auto, (max-width: 300px) 100vw, 300px\" \/>\n\t\t<div class=\"figc no-description\">\n\t\t\t<div class=\"figc-inner\">\n\t\t\t\t\t\t\t\t\t\t\t\t\t\t\t<\/div>\n\t\t<\/div>\n\n\t<\/div>\n\n<\/div>\t\t\n\t<\/div>\n\n\t\n\t\n\t<script type=\"application\/ld+json\">\n\t{\n\t\t\"@context\": \"http:\/\/schema.org\",\n\t\t\"@type\"   : \"ImageGallery\",\n\t\t\"id\"      : \"https:\/\/johanneum-lueneburg.de\/wordpress\/chor-musical-theater-klasse-5-6\/\",\n\t\t\"url\"     : \"https:\/\/johanneum-lueneburg.de\/wordpress\/chor-musical-theater-klasse-5-6\/\"\n\t}\n\n\t<\/script>\n\n\t\n<\/div>\n\n<\/div><\/div><\/div><\/div><\/div><\/div><\/div><\/section>\n","protected":false},"excerpt":{"rendered":"Theater-AG der 5. und 6. Klassen Die ganze Welt ist eine B\u00fchne! Das wusste schon William Shakespeare. Und wenn es dich auf die B\u00fchne zieht, dann bist du in der Theater-AG genau richtig. Hier erlernst du verschiedene Schauspieltechniken \u2013 vom Freeze \u00fcber Zeitlupe bis hin zum B\u00fchnenkampf \u2013 und wie du diese geschickt in einer...","protected":false},"author":1,"featured_media":0,"parent":0,"menu_order":0,"comment_status":"closed","ping_status":"closed","template":"","meta":{"footnotes":""},"class_list":["post-10462","page","type-page","status-publish","hentry"],"_links":{"self":[{"href":"https:\/\/johanneum-lueneburg.de\/wordpress\/wp-json\/wp\/v2\/pages\/10462","targetHints":{"allow":["GET"]}}],"collection":[{"href":"https:\/\/johanneum-lueneburg.de\/wordpress\/wp-json\/wp\/v2\/pages"}],"about":[{"href":"https:\/\/johanneum-lueneburg.de\/wordpress\/wp-json\/wp\/v2\/types\/page"}],"author":[{"embeddable":true,"href":"https:\/\/johanneum-lueneburg.de\/wordpress\/wp-json\/wp\/v2\/users\/1"}],"replies":[{"embeddable":true,"href":"https:\/\/johanneum-lueneburg.de\/wordpress\/wp-json\/wp\/v2\/comments?post=10462"}],"version-history":[{"count":4,"href":"https:\/\/johanneum-lueneburg.de\/wordpress\/wp-json\/wp\/v2\/pages\/10462\/revisions"}],"predecessor-version":[{"id":20042,"href":"https:\/\/johanneum-lueneburg.de\/wordpress\/wp-json\/wp\/v2\/pages\/10462\/revisions\/20042"}],"wp:attachment":[{"href":"https:\/\/johanneum-lueneburg.de\/wordpress\/wp-json\/wp\/v2\/media?parent=10462"}],"curies":[{"name":"wp","href":"https:\/\/api.w.org\/{rel}","templated":true}]}}