{"id":10452,"date":"2022-09-05T18:27:26","date_gmt":"2022-09-05T16:27:26","guid":{"rendered":"https:\/\/johanneum-lueneburg.de\/wordpress\/?page_id=10452"},"modified":"2022-09-13T20:25:40","modified_gmt":"2022-09-13T18:25:40","slug":"ag-veranstaltungstechnik","status":"publish","type":"page","link":"https:\/\/johanneum-lueneburg.de\/wordpress\/ag-veranstaltungstechnik\/","title":{"rendered":"AG Veranstaltungstechnik"},"content":{"rendered":"<section class=\"l-section wpb_row height_auto\"><div class=\"l-section-h i-cf\"><div class=\"g-cols vc_row via_flex valign_top type_default stacking_default\"><div class=\"vc_col-sm-6 wpb_column vc_column_container\"><div class=\"vc_column-inner\"><div class=\"wpb_wrapper\"><div class=\"wpb_text_column\"><div class=\"wpb_wrapper\"><p>Die Technik-AG trifft sich regelm\u00e4\u00dfig am ersten Mittwoch im Monat in der Aula des Johanneums. Sie wird von Lehrern betreuend unterst\u00fctzt, ist aber in der Hauptsache sch\u00fclergeleitet.<\/p>\n<p>In der AG geht es darum, sich mit dem Aufbau von Licht- und Tontechnik im Veranstaltungsbereich der Schule zu besch\u00e4ftigen.<\/p>\n<\/div><\/div><\/div><\/div><\/div><div class=\"vc_col-sm-6 wpb_column vc_column_container\"><div class=\"vc_column-inner\"><div class=\"wpb_wrapper\"><div class=\"wpb_text_column\"><div class=\"wpb_wrapper\"><p><a ref=\"magnificPopup\" href=\"https:\/\/johanneum-lueneburg.de\/wordpress\/wp-content\/uploads\/2022\/09\/veranstaltungstechnik.jpg\"><img loading=\"lazy\" decoding=\"async\" class=\"alignnone size-full wp-image-10453\" src=\"https:\/\/johanneum-lueneburg.de\/wordpress\/wp-content\/uploads\/2022\/09\/veranstaltungstechnik.jpg\" alt=\"\" width=\"900\" height=\"599\" srcset=\"https:\/\/johanneum-lueneburg.de\/wordpress\/wp-content\/uploads\/2022\/09\/veranstaltungstechnik.jpg 900w, https:\/\/johanneum-lueneburg.de\/wordpress\/wp-content\/uploads\/2022\/09\/veranstaltungstechnik-300x200.jpg 300w, https:\/\/johanneum-lueneburg.de\/wordpress\/wp-content\/uploads\/2022\/09\/veranstaltungstechnik-600x400.jpg 600w, https:\/\/johanneum-lueneburg.de\/wordpress\/wp-content\/uploads\/2022\/09\/veranstaltungstechnik-174x116.jpg 174w\" sizes=\"auto, (max-width: 900px) 100vw, 900px\" \/><\/a><\/p>\n<\/div><\/div><\/div><\/div><\/div><\/div><\/div><\/section><section class=\"l-section wpb_row height_auto\"><div class=\"l-section-h i-cf\"><div class=\"g-cols vc_row via_flex valign_top type_default stacking_default\"><div class=\"vc_col-sm-12 wpb_column vc_column_container\"><div class=\"vc_column-inner\"><div class=\"wpb_wrapper\"><div class=\"w-separator size_medium\"><\/div><\/div><\/div><\/div><\/div><\/div><\/section><section class=\"l-section wpb_row height_auto\"><div class=\"l-section-h i-cf\"><div class=\"g-cols vc_row via_flex valign_top type_default stacking_default\"><div class=\"vc_col-sm-12 wpb_column vc_column_container\"><div class=\"vc_column-inner\"><div class=\"wpb_wrapper\"><div class=\"wpb_text_column\"><div class=\"wpb_wrapper\"><p>Zum Einsatz kommt die AG zu den DS-Auff\u00fchrungen des 11. Jahrgangs, den Sommerkonzerten der Chor- und Band-AG, Sch\u00fclerpr\u00e4sentationen wie bei \u201eJohanneum geht auf die B\u00fchne\u201c, \u201eJugend debattiert\u201c, aber auch zum Weihnachtskonzert, der Abiturentlassung und anderen Gelegenheit, wo Licht und Ton ben\u00f6tigt werden.<\/p>\n<p>Herzlich willkommen ist jeder, Jungen wie M\u00e4dchen, der Lust hat, sich mit dem Aufbau, Verlegen, Verkabeln, Verschalten und Stecken von Kompressoren, Mikrophonen, Bassverst\u00e4rkern, Spots, Flutern oder LEDs auseinanderzusetzen.<\/p>\n<p>Die einzige Voraussetzung ist eine gewisse k\u00f6rperliche Kraft, um die manchmal etwas schweren Kisten, Pulte oder Fluter zu tragen. Deswegen ist die Teilnahme an der AG grunds\u00e4tzlich erst ab Klasse 9 m\u00f6glich.<\/p>\n<p>Wenn ihr Interesse habt, meldet euch gerne bei uns.<\/p>\n<p>Frau Pankoke &amp; Herr Rossow<\/p>\n<\/div><\/div><\/div><\/div><\/div><\/div><\/div><\/section>\n","protected":false},"excerpt":{"rendered":"Die Technik-AG trifft sich regelm\u00e4\u00dfig am ersten Mittwoch im Monat in der Aula des Johanneums. Sie wird von Lehrern betreuend unterst\u00fctzt, ist aber in der Hauptsache sch\u00fclergeleitet. In der AG geht es darum, sich mit dem Aufbau von Licht- und Tontechnik im Veranstaltungsbereich der Schule zu besch\u00e4ftigen. Zum Einsatz kommt die AG zu den DS-Auff\u00fchrungen...","protected":false},"author":1,"featured_media":0,"parent":0,"menu_order":0,"comment_status":"closed","ping_status":"closed","template":"","meta":{"footnotes":""},"class_list":["post-10452","page","type-page","status-publish","hentry"],"_links":{"self":[{"href":"https:\/\/johanneum-lueneburg.de\/wordpress\/wp-json\/wp\/v2\/pages\/10452","targetHints":{"allow":["GET"]}}],"collection":[{"href":"https:\/\/johanneum-lueneburg.de\/wordpress\/wp-json\/wp\/v2\/pages"}],"about":[{"href":"https:\/\/johanneum-lueneburg.de\/wordpress\/wp-json\/wp\/v2\/types\/page"}],"author":[{"embeddable":true,"href":"https:\/\/johanneum-lueneburg.de\/wordpress\/wp-json\/wp\/v2\/users\/1"}],"replies":[{"embeddable":true,"href":"https:\/\/johanneum-lueneburg.de\/wordpress\/wp-json\/wp\/v2\/comments?post=10452"}],"version-history":[{"count":4,"href":"https:\/\/johanneum-lueneburg.de\/wordpress\/wp-json\/wp\/v2\/pages\/10452\/revisions"}],"predecessor-version":[{"id":10573,"href":"https:\/\/johanneum-lueneburg.de\/wordpress\/wp-json\/wp\/v2\/pages\/10452\/revisions\/10573"}],"wp:attachment":[{"href":"https:\/\/johanneum-lueneburg.de\/wordpress\/wp-json\/wp\/v2\/media?parent=10452"}],"curies":[{"name":"wp","href":"https:\/\/api.w.org\/{rel}","templated":true}]}}