{"id":10448,"date":"2022-09-05T18:22:52","date_gmt":"2022-09-05T16:22:52","guid":{"rendered":"https:\/\/johanneum-lueneburg.de\/wordpress\/?page_id=10448"},"modified":"2024-04-09T09:18:41","modified_gmt":"2024-04-09T07:18:41","slug":"schulsanitaetsdienst","status":"publish","type":"page","link":"https:\/\/johanneum-lueneburg.de\/wordpress\/schulsanitaetsdienst\/","title":{"rendered":"Schulsanit\u00e4tsdienst"},"content":{"rendered":"<section class=\"l-section wpb_row height_auto\"><div class=\"l-section-h i-cf\"><div class=\"g-cols vc_row via_flex valign_top type_default stacking_default\"><div class=\"vc_col-sm-6 wpb_column vc_column_container\"><div class=\"vc_column-inner\"><div class=\"wpb_wrapper\"><div class=\"wpb_text_column\"><div class=\"wpb_wrapper\"><p>Seit dem Schuljahr 2018\/2019 gibt es den Schulsanit\u00e4tsdienst an unserer Schule wieder als aktive AG.<\/p>\n<p>\u00dcblicherweise treffen wir uns jede Woche mittwochs in der 7. Stunde als AG im SST-Raum, um uns in den verschiedensten Bereichen der Ersten Hilfe weiterzubilden. Wir, das sind Sch\u00fclerinnen und Sch\u00fcler aus den Jahrgangsstufen 9\u201313. Wir haben alle einen Erste-Hilfe-Kurs absolviert und lernen w\u00e4hrend unserer Treffen aber auch Dinge, die \u00fcber die normale Erste Hilfe hinausgehen.<\/p>\n<\/div><\/div><\/div><\/div><\/div><div class=\"vc_col-sm-6 wpb_column vc_column_container\"><div class=\"vc_column-inner\"><div class=\"wpb_wrapper\"><div class=\"wpb_text_column\"><div class=\"wpb_wrapper\"><p><a ref=\"magnificPopup\" href=\"https:\/\/johanneum-lueneburg.de\/wordpress\/wp-content\/uploads\/2024\/04\/Foto-1.jpg\"><img loading=\"lazy\" decoding=\"async\" class=\"alignnone wp-image-18360\" src=\"https:\/\/johanneum-lueneburg.de\/wordpress\/wp-content\/uploads\/2024\/04\/Foto-1-300x273.jpg\" alt=\"\" width=\"402\" height=\"366\" srcset=\"https:\/\/johanneum-lueneburg.de\/wordpress\/wp-content\/uploads\/2024\/04\/Foto-1-300x273.jpg 300w, https:\/\/johanneum-lueneburg.de\/wordpress\/wp-content\/uploads\/2024\/04\/Foto-1-1024x932.jpg 1024w, https:\/\/johanneum-lueneburg.de\/wordpress\/wp-content\/uploads\/2024\/04\/Foto-1-440x400.jpg 440w, https:\/\/johanneum-lueneburg.de\/wordpress\/wp-content\/uploads\/2024\/04\/Foto-1-128x116.jpg 128w, https:\/\/johanneum-lueneburg.de\/wordpress\/wp-content\/uploads\/2024\/04\/Foto-1.jpg 1600w\" sizes=\"auto, (max-width: 402px) 100vw, 402px\" \/><\/a><\/p>\n<\/div><\/div><\/div><\/div><\/div><\/div><\/div><\/section><section class=\"l-section wpb_row height_auto\"><div class=\"l-section-h i-cf\"><div class=\"g-cols vc_row via_flex valign_top type_default stacking_default\"><div class=\"vc_col-sm-12 wpb_column vc_column_container\"><div class=\"vc_column-inner\"><div class=\"wpb_wrapper\"><div class=\"w-separator size_medium\"><\/div><\/div><\/div><\/div><\/div><\/div><\/section><section class=\"l-section wpb_row height_auto\"><div class=\"l-section-h i-cf\"><div class=\"g-cols vc_row via_flex valign_top type_default stacking_default\"><div class=\"vc_col-sm-6 wpb_column vc_column_container\"><div class=\"vc_column-inner\"><div class=\"wpb_wrapper\"><div class=\"wpb_text_column\"><div class=\"wpb_wrapper\"><p><a ref=\"magnificPopup\" href=\"https:\/\/johanneum-lueneburg.de\/wordpress\/wp-content\/uploads\/2022\/09\/SSD-Plakat-scaled.jpg\"><img loading=\"lazy\" decoding=\"async\" class=\"alignnone size-full wp-image-10480\" src=\"https:\/\/johanneum-lueneburg.de\/wordpress\/wp-content\/uploads\/2022\/09\/SSD-Plakat-scaled.jpg\" alt=\"\" width=\"1809\" height=\"2560\" srcset=\"https:\/\/johanneum-lueneburg.de\/wordpress\/wp-content\/uploads\/2022\/09\/SSD-Plakat-scaled.jpg 1131w, https:\/\/johanneum-lueneburg.de\/wordpress\/wp-content\/uploads\/2022\/09\/SSD-Plakat-212x300.jpg 212w, https:\/\/johanneum-lueneburg.de\/wordpress\/wp-content\/uploads\/2022\/09\/SSD-Plakat-724x1024.jpg 724w, https:\/\/johanneum-lueneburg.de\/wordpress\/wp-content\/uploads\/2022\/09\/SSD-Plakat-283x400.jpg 283w, https:\/\/johanneum-lueneburg.de\/wordpress\/wp-content\/uploads\/2022\/09\/SSD-Plakat-82x116.jpg 82w\" sizes=\"auto, (max-width: 1809px) 100vw, 1809px\" \/><\/a><\/p>\n<\/div><\/div><\/div><\/div><\/div><div class=\"vc_col-sm-6 wpb_column vc_column_container\"><div class=\"vc_column-inner\"><div class=\"wpb_wrapper\"><div class=\"wpb_text_column\"><div class=\"wpb_wrapper\"><p>Was wir machen, ist ganz einfach: Wir \u00fcbernehmen Verantwortung f\u00fcr Sch\u00fclerinnen und Sch\u00fcler, aber auch f\u00fcr Lehrer und alle anderen Personen an unserer Schule. Wir setzen uns daf\u00fcr ein, dass bei einem Unfall oder anderen Notf\u00e4llen in der Schule ad\u00e4quate Ersthilfe geleistet wird. So sind wir jeden Tag w\u00e4hrend der Unterrichtszeit in Schichten eingeteilt und k\u00f6nnen \u00fcber eigene Handys \u00fcber das Sekretariat alarmiert werden, wenn sich Mitsch\u00fcler oder Mitsch\u00fclerinnen verletzen oder aber auch pl\u00f6tzlich bewusstlos werden. Au\u00dferdem sind wir bei Sportfesten oder Turnieren vertreten und sind dadurch sofort vor Ort, wenn etwas passiert.<\/p>\n<p>Durch die in der AG vertretenen Sanit\u00e4ter k\u00f6nnen sogar Unf\u00e4lle betreut werden, die \u00fcber die Ersthilfe hinausgehen. Seit Anfang Mai 2019 sind wir eine Kooperation mit den Johannitern (Johanniter-Unfall-Hilfe) bzw. deren Jugendverband, der Johanniter-Jugend, eingegangen. Jetzt werden wir noch viel professioneller unterst\u00fctzt und haben somit auch die M\u00f6glichkeit erhalten, unseren Schulsanit\u00e4tern anerkannte Ausbildungen anzubieten. Alle Schulsanit\u00e4ter, die das m\u00f6chten, k\u00f6nnen sich au\u00dferdem noch \u00fcber den eigentlichen Schulsanit\u00e4tsdienst hinaus weiter ausbilden lassen und an gro\u00dfen Fortbildungstagen und Erste-Hilfe- und Sanit\u00e4tswettk\u00e4mpfen teilnehmen. Auch der Dienstablauf allgemein und unsere AG-Stunden sind nun noch besser gestaltet.<\/p>\n<p>Bist Du in der 9.-13. Jahrgangsstufe, hast einen Erste-Hilfe-Kurs oder eine andere (h\u00f6here) Ausbildung oder einfach nur Interesse daran, eine Ausbildung zum Schulsanit\u00e4ter zu absolvieren und Dich f\u00fcr Deine Mitsch\u00fcler einzusetzen? Dann sprich uns in der Schule an, wir suchen st\u00e4ndig Verst\u00e4rkung!<\/p>\n<\/div><\/div><\/div><\/div><\/div><\/div><\/div><\/section>\n","protected":false},"excerpt":{"rendered":"Seit dem Schuljahr 2018\/2019 gibt es den Schulsanit\u00e4tsdienst an unserer Schule wieder als aktive AG. \u00dcblicherweise treffen wir uns jede Woche mittwochs in der 7. Stunde als AG im SST-Raum, um uns in den verschiedensten Bereichen der Ersten Hilfe weiterzubilden. Wir, das sind Sch\u00fclerinnen und Sch\u00fcler aus den Jahrgangsstufen 9\u201313. Wir haben alle einen Erste-Hilfe-Kurs...","protected":false},"author":1,"featured_media":0,"parent":0,"menu_order":0,"comment_status":"closed","ping_status":"closed","template":"","meta":{"footnotes":""},"class_list":["post-10448","page","type-page","status-publish","hentry"],"_links":{"self":[{"href":"https:\/\/johanneum-lueneburg.de\/wordpress\/wp-json\/wp\/v2\/pages\/10448","targetHints":{"allow":["GET"]}}],"collection":[{"href":"https:\/\/johanneum-lueneburg.de\/wordpress\/wp-json\/wp\/v2\/pages"}],"about":[{"href":"https:\/\/johanneum-lueneburg.de\/wordpress\/wp-json\/wp\/v2\/types\/page"}],"author":[{"embeddable":true,"href":"https:\/\/johanneum-lueneburg.de\/wordpress\/wp-json\/wp\/v2\/users\/1"}],"replies":[{"embeddable":true,"href":"https:\/\/johanneum-lueneburg.de\/wordpress\/wp-json\/wp\/v2\/comments?post=10448"}],"version-history":[{"count":7,"href":"https:\/\/johanneum-lueneburg.de\/wordpress\/wp-json\/wp\/v2\/pages\/10448\/revisions"}],"predecessor-version":[{"id":18363,"href":"https:\/\/johanneum-lueneburg.de\/wordpress\/wp-json\/wp\/v2\/pages\/10448\/revisions\/18363"}],"wp:attachment":[{"href":"https:\/\/johanneum-lueneburg.de\/wordpress\/wp-json\/wp\/v2\/media?parent=10448"}],"curies":[{"name":"wp","href":"https:\/\/api.w.org\/{rel}","templated":true}]}}