{"id":10445,"date":"2022-09-05T18:17:51","date_gmt":"2022-09-05T16:17:51","guid":{"rendered":"https:\/\/johanneum-lueneburg.de\/wordpress\/?page_id=10445"},"modified":"2023-07-07T16:58:10","modified_gmt":"2023-07-07T14:58:10","slug":"band-ag-7-13","status":"publish","type":"page","link":"https:\/\/johanneum-lueneburg.de\/wordpress\/band-ag-7-13\/","title":{"rendered":"Schulorchester-Band, Klasse 7-13 (Rs)"},"content":{"rendered":"<section class=\"l-section wpb_row height_auto\"><div class=\"l-section-h i-cf\"><div class=\"g-cols vc_row via_flex valign_top type_default stacking_default\"><div class=\"vc_col-sm-6 wpb_column vc_column_container\"><div class=\"vc_column-inner\"><div class=\"wpb_wrapper\"><div class=\"wpb_text_column\"><div class=\"wpb_wrapper\"><p><strong>Die Schulband ab Jahrgang 7<\/strong><\/p>\n<p>Jeden Mittwoch ab 14.00 Uhr beginnt im Musikbereich des Johanneums ein besonderes Gewimmel. St\u00fchle und Tische werden beiseite geschoben, Notenst\u00e4nder werden aufgebaut und Instrumente aller Art ausgepackt. Aus diesem scheinbaren Durcheinander formiert sich Woche f\u00fcr Woche die Schulband des Johanneums. Nach kurzer Aufbauzeit erklingen schlie\u00dflich die ersten T\u00f6ne &#8211; manchmal Rock oder Pop, ein anderes Mal Jazz oder Klassik und ganz regelm\u00e4\u00dfig auch Filmmusik.<\/p>\n<\/div><\/div><\/div><\/div><\/div><div class=\"vc_col-sm-6 wpb_column vc_column_container\"><div class=\"vc_column-inner\"><div class=\"wpb_wrapper\"><div class=\"wpb_text_column\"><div class=\"wpb_wrapper\"><p><a ref=\"magnificPopup\" href=\"https:\/\/johanneum-lueneburg.de\/wordpress\/wp-content\/uploads\/2022\/08\/band_skandal_in_der_mensa_pic7434.jpg\"><img loading=\"lazy\" decoding=\"async\" class=\"alignnone size-full wp-image-10164\" src=\"https:\/\/johanneum-lueneburg.de\/wordpress\/wp-content\/uploads\/2022\/08\/band_skandal_in_der_mensa_pic7434.jpg\" alt=\"\" width=\"450\" height=\"280\" srcset=\"https:\/\/johanneum-lueneburg.de\/wordpress\/wp-content\/uploads\/2022\/08\/band_skandal_in_der_mensa_pic7434.jpg 450w, https:\/\/johanneum-lueneburg.de\/wordpress\/wp-content\/uploads\/2022\/08\/band_skandal_in_der_mensa_pic7434-300x187.jpg 300w, https:\/\/johanneum-lueneburg.de\/wordpress\/wp-content\/uploads\/2022\/08\/band_skandal_in_der_mensa_pic7434-186x116.jpg 186w\" sizes=\"auto, (max-width: 450px) 100vw, 450px\" \/><\/a><\/p>\n<\/div><\/div><\/div><\/div><\/div><\/div><\/div><\/section><section class=\"l-section wpb_row height_auto\"><div class=\"l-section-h i-cf\"><div class=\"g-cols vc_row via_flex valign_top type_default stacking_default\"><div class=\"vc_col-sm-12 wpb_column vc_column_container\"><div class=\"vc_column-inner\"><div class=\"wpb_wrapper\"><div class=\"w-separator size_medium\"><\/div><\/div><\/div><\/div><\/div><\/div><\/section><section class=\"l-section wpb_row height_auto\"><div class=\"l-section-h i-cf\"><div class=\"g-cols vc_row via_flex valign_top type_default stacking_default\"><div class=\"vc_col-sm-12 wpb_column vc_column_container\"><div class=\"vc_column-inner\"><div class=\"wpb_wrapper\"><div class=\"wpb_text_column\"><div class=\"wpb_wrapper\"><p>In dieser Band kann jeder mitspielen, der \u00fcber grundlegende F\u00e4higkeiten an seinem Instrument verf\u00fcgt und Freude am gemeinsamen Musizieren hat. Und so hat sich \u00fcber die Zeit eine Band entwickelt, in der auch Oboen und Streichinstrumente zu sehen und zu h\u00f6ren sind und die sowohl Morricones \u201eGabriels Oboe\u201c als auch Thunderstruck von AC\/DC zum Besten geben kann. Und wenn es auch mal ein Gesangsst\u00fcck sein soll, dann bekommt die Band in Form von Solisten Unterst\u00fctzung <a href=\"https:\/\/johanneum-lueneburg.de\/wordpress\/chor-ag-7-13\/\">aus dem Chor<\/a>.<\/p>\n<p>Ein ganz besonderes Erlebnis ist es aber, wenn Chor und Band in der Jugendherberge in <a href=\"https:\/\/johanneum-lueneburg.de\/wordpress\/2023\/03\/11\/gemeinsam-ein-lied\/\">Hitzacker gemeinsam proben<\/a> und sich Jahr f\u00fcr Jahr auf die gemeinsamen <a href=\"https:\/\/johanneum-lueneburg.de\/wordpress\/weihnachtskonzerte\/\">gro\u00dfen Auftritte zu Weihnachten<\/a> und im Sommer vorbereiten.<\/p>\n<p>Die Musikauswahl der <a href=\"https:\/\/johanneum-lueneburg.de\/wordpress\/sommermusicals-und-konzerte\/\">Sommerkonzerte<\/a> steht dabei immer im Rahmen eines gro\u00dfen Themas, das au\u00dferdem mit Videos und Statements aus der ganzen Schulgemeinschaft erg\u00e4nzt wird \u2013 da sind viele lustige Momente vorprogrammiert \u2013 und nat\u00fcrlich auch G\u00e4nsehaut\u2026<\/p>\n<\/div><\/div><\/div><\/div><\/div><\/div><\/div><\/section>\n","protected":false},"excerpt":{"rendered":"Die Schulband ab Jahrgang 7 Jeden Mittwoch ab 14.00 Uhr beginnt im Musikbereich des Johanneums ein besonderes Gewimmel. St\u00fchle und Tische werden beiseite geschoben, Notenst\u00e4nder werden aufgebaut und Instrumente aller Art ausgepackt. Aus diesem scheinbaren Durcheinander formiert sich Woche f\u00fcr Woche die Schulband des Johanneums. Nach kurzer Aufbauzeit erklingen schlie\u00dflich die ersten T\u00f6ne &#8211; manchmal...","protected":false},"author":1,"featured_media":0,"parent":0,"menu_order":0,"comment_status":"closed","ping_status":"closed","template":"","meta":{"footnotes":""},"class_list":["post-10445","page","type-page","status-publish","hentry"],"_links":{"self":[{"href":"https:\/\/johanneum-lueneburg.de\/wordpress\/wp-json\/wp\/v2\/pages\/10445","targetHints":{"allow":["GET"]}}],"collection":[{"href":"https:\/\/johanneum-lueneburg.de\/wordpress\/wp-json\/wp\/v2\/pages"}],"about":[{"href":"https:\/\/johanneum-lueneburg.de\/wordpress\/wp-json\/wp\/v2\/types\/page"}],"author":[{"embeddable":true,"href":"https:\/\/johanneum-lueneburg.de\/wordpress\/wp-json\/wp\/v2\/users\/1"}],"replies":[{"embeddable":true,"href":"https:\/\/johanneum-lueneburg.de\/wordpress\/wp-json\/wp\/v2\/comments?post=10445"}],"version-history":[{"count":6,"href":"https:\/\/johanneum-lueneburg.de\/wordpress\/wp-json\/wp\/v2\/pages\/10445\/revisions"}],"predecessor-version":[{"id":13998,"href":"https:\/\/johanneum-lueneburg.de\/wordpress\/wp-json\/wp\/v2\/pages\/10445\/revisions\/13998"}],"wp:attachment":[{"href":"https:\/\/johanneum-lueneburg.de\/wordpress\/wp-json\/wp\/v2\/media?parent=10445"}],"curies":[{"name":"wp","href":"https:\/\/api.w.org\/{rel}","templated":true}]}}