{"id":10422,"date":"2022-09-05T17:56:24","date_gmt":"2022-09-05T15:56:24","guid":{"rendered":"https:\/\/johanneum-lueneburg.de\/wordpress\/?page_id=10422"},"modified":"2022-09-06T08:19:03","modified_gmt":"2022-09-06T06:19:03","slug":"jugend-debattiert-jaehrliche-wettbewerbsteilnahme","status":"publish","type":"page","link":"https:\/\/johanneum-lueneburg.de\/wordpress\/jugend-debattiert-jaehrliche-wettbewerbsteilnahme\/","title":{"rendered":"Jugend debattiert: J\u00e4hrliche Wettbewerbsteilnahme"},"content":{"rendered":"<section class=\"l-section wpb_row height_auto\"><div class=\"l-section-h i-cf\"><div class=\"g-cols vc_row via_flex valign_top type_default stacking_default\"><div class=\"vc_col-sm-12 wpb_column vc_column_container\"><div class=\"vc_column-inner\"><div class=\"wpb_wrapper\"><div class=\"wpb_text_column\"><div class=\"wpb_wrapper\"><p>Das Johanneum nimmt seit dem Schuljahr 2010\/11 am bundesweiten Wettbewerb Jugend debattiert teil. Jeweils im 9. Jahrgang werden im Deutschunterricht dazu die grundlegenden Methoden vermittelt und einge\u00fcbt, so dass allj\u00e4hrlich neben einem Klassenwettbewerb auch anschlie\u00dfend der Schulwettbewerb durchgef\u00fchrt wird. Einige unserer Sch\u00fcler sind inzwischen durch Siege auch auf der Regionalebene in den Landeswettbewerb eingezogen und durften zur Vorbereitung vorher an mehrt\u00e4gigen Seminaren teilnehmen, bei denen Sie vertiefende Einblicke in die Kunst der Rhetorik und die damit verbundenen F\u00e4higkeiten wie z.B. K\u00f6rpersprache erhielten.<\/p>\n<\/div><\/div><\/div><\/div><\/div><\/div><\/div><\/section><section class=\"l-section wpb_row height_auto\"><div class=\"l-section-h i-cf\"><div class=\"g-cols vc_row via_flex valign_top type_default stacking_default\"><div class=\"vc_col-sm-12 wpb_column vc_column_container\"><div class=\"vc_column-inner\"><div class=\"wpb_wrapper\"><div class=\"w-tabs layout_hor style_default switch_click has_scrolling\" style=\"--sections-title-size:1em\"><div class=\"w-tabs-list items_1 align_none\"><div class=\"w-tabs-list-h\"><button class=\"w-tabs-item active\" aria-controls=\"content-z667\" aria-expanded=\"false\"><span class=\"w-tabs-item-title\">2022 &#8211; 2020<\/span><\/button><\/div><\/div><div class=\"w-tabs-sections titles-align_none icon_chevron cpos_right\"><div class=\"w-tabs-section active\" id=\"z667\"><button class=\"w-tabs-section-header active\" aria-controls=\"content-z667\" aria-expanded=\"true\"><div class=\"w-tabs-section-title\">2022 &#8211; 2020<\/div><div class=\"w-tabs-section-control\"><\/div><\/button><div  class=\"w-tabs-section-content\" id=\"content-z667\"><div class=\"w-tabs-section-content-h i-cf\"><div class=\"g-cols wpb_row via_flex valign_top type_default stacking_default\"><div class=\"vc_col-sm-3 wpb_column vc_column_container\"><div class=\"vc_column-inner\"><div class=\"wpb_wrapper\"><div class=\"wpb_text_column\"><div class=\"wpb_wrapper\"><p>2019<\/p>\n<p><a ref=\"magnificPopup\" href=\"https:\/\/johanneum-lueneburg.de\/wordpress\/wp-content\/uploads\/2022\/09\/regionalwettbewerb_2019.jpg\"><img loading=\"lazy\" decoding=\"async\" class=\"alignnone size-full wp-image-10429\" src=\"https:\/\/johanneum-lueneburg.de\/wordpress\/wp-content\/uploads\/2022\/09\/regionalwettbewerb_2019.jpg\" alt=\"\" width=\"900\" height=\"675\" srcset=\"https:\/\/johanneum-lueneburg.de\/wordpress\/wp-content\/uploads\/2022\/09\/regionalwettbewerb_2019.jpg 900w, https:\/\/johanneum-lueneburg.de\/wordpress\/wp-content\/uploads\/2022\/09\/regionalwettbewerb_2019-300x225.jpg 300w, https:\/\/johanneum-lueneburg.de\/wordpress\/wp-content\/uploads\/2022\/09\/regionalwettbewerb_2019-533x400.jpg 533w, https:\/\/johanneum-lueneburg.de\/wordpress\/wp-content\/uploads\/2022\/09\/regionalwettbewerb_2019-155x116.jpg 155w\" sizes=\"auto, (max-width: 900px) 100vw, 900px\" \/><\/a><\/p>\n<\/div><\/div><\/div><\/div><\/div><div class=\"vc_col-sm-9 wpb_column vc_column_container\"><div class=\"vc_column-inner\"><div class=\"wpb_wrapper\"><div class=\"wpb_text_column\"><div class=\"wpb_wrapper\"><ul>\n<li><a title=\"\/news\/1\/440696\/nachrichten\/440696.html\" href=\"..\/..\/news\/1\/487185\/nachrichten\/jugend-debattiert-franca-und-huda-gewinnen-den-regionalwettbewerb.html\">Regionalwettbewerb 2019<\/a><\/li>\n<li><a title=\"\/news\/1\/430108\/nachrichten\/430108.html\" href=\"..\/..\/news\/1\/487183\/nachrichten\/jugend-debattiert-am-johanneum-%e2%80%9epraktische-lebensf%c3%bchrung%e2%80%9c.html\">Schulwettbewerb 2019<\/a><\/li>\n<\/ul>\n<\/div><\/div><\/div><\/div><\/div><\/div><div class=\"g-cols wpb_row via_flex valign_top type_default stacking_default\"><div class=\"vc_col-sm-3 wpb_column vc_column_container\"><div class=\"vc_column-inner\"><div class=\"wpb_wrapper\"><div class=\"wpb_text_column\"><div class=\"wpb_wrapper\"><p>2018<\/p>\n<p><a ref=\"magnificPopup\" href=\"https:\/\/johanneum-lueneburg.de\/wordpress\/wp-content\/uploads\/2022\/09\/jugend_debattiert_landeswettbewerb_2018.jpg\"><img loading=\"lazy\" decoding=\"async\" class=\"alignnone size-full wp-image-10428\" src=\"https:\/\/johanneum-lueneburg.de\/wordpress\/wp-content\/uploads\/2022\/09\/jugend_debattiert_landeswettbewerb_2018.jpg\" alt=\"\" width=\"720\" height=\"540\" srcset=\"https:\/\/johanneum-lueneburg.de\/wordpress\/wp-content\/uploads\/2022\/09\/jugend_debattiert_landeswettbewerb_2018.jpg 720w, https:\/\/johanneum-lueneburg.de\/wordpress\/wp-content\/uploads\/2022\/09\/jugend_debattiert_landeswettbewerb_2018-300x225.jpg 300w, https:\/\/johanneum-lueneburg.de\/wordpress\/wp-content\/uploads\/2022\/09\/jugend_debattiert_landeswettbewerb_2018-533x400.jpg 533w, https:\/\/johanneum-lueneburg.de\/wordpress\/wp-content\/uploads\/2022\/09\/jugend_debattiert_landeswettbewerb_2018-155x116.jpg 155w\" sizes=\"auto, (max-width: 720px) 100vw, 720px\" \/><\/a><\/p>\n<\/div><\/div><\/div><\/div><\/div><div class=\"vc_col-sm-9 wpb_column vc_column_container\"><div class=\"vc_column-inner\"><div class=\"wpb_wrapper\"><div class=\"wpb_text_column\"><div class=\"wpb_wrapper\"><ul>\n<li><a href=\"..\/..\/news\/1\/440696\/nachrichten\/440696.html\">Landeswettbewerb<\/a><\/li>\n<li><a href=\"..\/..\/news\/1\/430108\/nachrichten\/430108.html\">Regional- und Schulwettbewerb<\/a><\/li>\n<\/ul>\n<\/div><\/div><\/div><\/div><\/div><\/div><\/div><\/div><\/div><\/div><\/div><div class=\"w-separator size_medium\"><\/div><\/div><\/div><\/div><\/div><\/div><\/section><section class=\"l-section wpb_row height_auto\"><div class=\"l-section-h i-cf\"><div class=\"g-cols vc_row via_flex valign_top type_default stacking_default\"><div class=\"vc_col-sm-12 wpb_column vc_column_container\"><div class=\"vc_column-inner\"><div class=\"wpb_wrapper\"><\/div><\/div><\/div><\/div><\/div><\/section>\n","protected":false},"excerpt":{"rendered":"Das Johanneum nimmt seit dem Schuljahr 2010\/11 am bundesweiten Wettbewerb Jugend debattiert teil. Jeweils im 9. Jahrgang werden im Deutschunterricht dazu die grundlegenden Methoden vermittelt und einge\u00fcbt, so dass allj\u00e4hrlich neben einem Klassenwettbewerb auch anschlie\u00dfend der Schulwettbewerb durchgef\u00fchrt wird. Einige unserer Sch\u00fcler sind inzwischen durch Siege auch auf der Regionalebene in den Landeswettbewerb eingezogen und...","protected":false},"author":1,"featured_media":0,"parent":0,"menu_order":0,"comment_status":"closed","ping_status":"closed","template":"","meta":{"footnotes":""},"class_list":["post-10422","page","type-page","status-publish","hentry"],"_links":{"self":[{"href":"https:\/\/johanneum-lueneburg.de\/wordpress\/wp-json\/wp\/v2\/pages\/10422","targetHints":{"allow":["GET"]}}],"collection":[{"href":"https:\/\/johanneum-lueneburg.de\/wordpress\/wp-json\/wp\/v2\/pages"}],"about":[{"href":"https:\/\/johanneum-lueneburg.de\/wordpress\/wp-json\/wp\/v2\/types\/page"}],"author":[{"embeddable":true,"href":"https:\/\/johanneum-lueneburg.de\/wordpress\/wp-json\/wp\/v2\/users\/1"}],"replies":[{"embeddable":true,"href":"https:\/\/johanneum-lueneburg.de\/wordpress\/wp-json\/wp\/v2\/comments?post=10422"}],"version-history":[{"count":1,"href":"https:\/\/johanneum-lueneburg.de\/wordpress\/wp-json\/wp\/v2\/pages\/10422\/revisions"}],"predecessor-version":[{"id":10431,"href":"https:\/\/johanneum-lueneburg.de\/wordpress\/wp-json\/wp\/v2\/pages\/10422\/revisions\/10431"}],"wp:attachment":[{"href":"https:\/\/johanneum-lueneburg.de\/wordpress\/wp-json\/wp\/v2\/media?parent=10422"}],"curies":[{"name":"wp","href":"https:\/\/api.w.org\/{rel}","templated":true}]}}