{"id":10416,"date":"2022-09-05T16:23:59","date_gmt":"2022-09-05T14:23:59","guid":{"rendered":"https:\/\/johanneum-lueneburg.de\/wordpress\/?page_id=10416"},"modified":"2022-09-28T08:09:14","modified_gmt":"2022-09-28T06:09:14","slug":"jugend-forscht-schueler-experimentieren","status":"publish","type":"page","link":"https:\/\/johanneum-lueneburg.de\/wordpress\/jugend-forscht-schueler-experimentieren\/","title":{"rendered":"Jugend forscht &#8211; Sch\u00fcler experimentieren"},"content":{"rendered":"<section class=\"l-section wpb_row height_auto\"><div class=\"l-section-h i-cf\"><div class=\"g-cols vc_row via_flex valign_top type_default stacking_default\"><div class=\"vc_col-sm-12 wpb_column vc_column_container\"><div class=\"vc_column-inner\"><div class=\"wpb_wrapper\"><div class=\"wpb_text_column\"><div class=\"wpb_wrapper\"><div class=\"template-page template-page-effect\">\n<div class=\"row\">\n<div class=\"col-xs-12 col-sm-12 col-md-12\">\n<p class=\"tiny_p\">Das Johanneum ist stolz auf seine Vielzahl von Jungforschern, die seit Jahren an den Jugend forscht-AGs in den F\u00e4chern Physik, Chemie und Biologie teilnehmen und sich sehr h\u00e4ufig zu den Platzierten und sogar zu den Siegern auf Regional-, Landes- und sogar auf Bundesebene z\u00e4hlen d\u00fcrfen.<\/p>\n<p class=\"tiny_p\">Hier die\u00a0<strong>beeindruckende Historie<\/strong>der letzten Jahre (Seite wird derzeit \u00fcberarbeitet):<strong><br \/>\n<\/strong><\/p>\n<\/div>\n<\/div>\n<\/div>\n<\/div><\/div><\/div><\/div><\/div><\/div><\/div><\/section><section class=\"l-section wpb_row height_auto\"><div class=\"l-section-h i-cf\"><div class=\"g-cols vc_row via_flex valign_top type_default stacking_default\"><div class=\"vc_col-sm-12 wpb_column vc_column_container\"><div class=\"vc_column-inner\"><div class=\"wpb_wrapper\"><div class=\"w-tabs layout_hor style_default switch_click has_scrolling\" style=\"--sections-title-size:1em\"><div class=\"w-tabs-list items_1 align_none\"><div class=\"w-tabs-list-h\"><button class=\"w-tabs-item active\" aria-controls=\"content-g8e6\" aria-expanded=\"false\"><span class=\"w-tabs-item-title\">2022 &#8211; 2020<\/span><\/button><\/div><\/div><div class=\"w-tabs-sections titles-align_none icon_chevron cpos_right\"><div class=\"w-tabs-section active\" id=\"g8e6\"><button class=\"w-tabs-section-header active\" aria-controls=\"content-g8e6\" aria-expanded=\"true\"><div class=\"w-tabs-section-title\">2022 &#8211; 2020<\/div><div class=\"w-tabs-section-control\"><\/div><\/button><div  class=\"w-tabs-section-content\" id=\"content-g8e6\"><div class=\"w-tabs-section-content-h i-cf\"><div class=\"g-cols wpb_row via_flex valign_top type_default stacking_default\"><div class=\"vc_col-sm-3 wpb_column vc_column_container\"><div class=\"vc_column-inner\"><div class=\"wpb_wrapper\"><div class=\"wpb_text_column\"><div class=\"wpb_wrapper\"><p>2022<\/p>\n<p><a ref=\"magnificPopup\" href=\"https:\/\/johanneum-lueneburg.de\/wordpress\/wp-content\/uploads\/2022\/09\/jugend_forscht_johanneum_2022.jpg\"><img loading=\"lazy\" decoding=\"async\" class=\"alignnone size-full wp-image-10417\" src=\"https:\/\/johanneum-lueneburg.de\/wordpress\/wp-content\/uploads\/2022\/09\/jugend_forscht_johanneum_2022.jpg\" alt=\"\" width=\"1920\" height=\"1021\" srcset=\"https:\/\/johanneum-lueneburg.de\/wordpress\/wp-content\/uploads\/2022\/09\/jugend_forscht_johanneum_2022.jpg 1600w, https:\/\/johanneum-lueneburg.de\/wordpress\/wp-content\/uploads\/2022\/09\/jugend_forscht_johanneum_2022-300x160.jpg 300w, https:\/\/johanneum-lueneburg.de\/wordpress\/wp-content\/uploads\/2022\/09\/jugend_forscht_johanneum_2022-1024x545.jpg 1024w, https:\/\/johanneum-lueneburg.de\/wordpress\/wp-content\/uploads\/2022\/09\/jugend_forscht_johanneum_2022-600x319.jpg 600w, https:\/\/johanneum-lueneburg.de\/wordpress\/wp-content\/uploads\/2022\/09\/jugend_forscht_johanneum_2022-218x116.jpg 218w\" sizes=\"auto, (max-width: 1920px) 100vw, 1920px\" \/><\/a><\/p>\n<\/div><\/div><\/div><\/div><\/div><div class=\"vc_col-sm-9 wpb_column vc_column_container\"><div class=\"vc_column-inner\"><div class=\"wpb_wrapper\"><div class=\"wpb_text_column\"><div class=\"wpb_wrapper\"><p class=\"tiny_p\"><u><strong>Regionalwettbewerb<\/strong><\/u><\/p>\n<p class=\"tiny_p\">Der Jugend-forscht-Regionalwettbewerb 2022 fand am 10.\/11.02 statt, konnte aber nur online abgehalten werden. Dennoch haben 18 Sch\u00fclerinnen und Sch\u00fcler in 9 Projekten teilgenommen und waren dabei sehr erfolgreich:<\/p>\n<p class=\"tiny_p\"><strong>2\u00a0Regionalsiege,<\/strong>\u00a0<strong>2 zweite\u00a0Pl\u00e4tze<\/strong>, 3<strong>\u00a0dritte\u00a0Pl\u00e4tze<\/strong>\u00a0und\u00a0<strong>4 Sonderpreise<\/strong>. Herzlichen Gl\u00fcckwunsch!<\/p>\n<ul>\n<li class=\"tiny_p\"><a title=\"Bericht vom Regionalwettbewerb (\u00f6ffnet neues Fenster)\" href=\"..\/..\/..\/daten.verwaltungsportal.de\/dateien\/news\/7\/1\/0\/4\/3\/9\/jugend_forscht_regionalwettbewerb_2022.pdf\" target=\"_blank\" rel=\"noopener\">Bericht vom Regionalwettbewerb<\/a><\/li>\n<li class=\"tiny_p\"><a title=\"Bericht in der Landeszeitung (\u00f6ffnet neues Fenster)\" href=\"..\/..\/..\/daten2.verwaltungsportal.de\/dateien\/seitengenerator\/5d4f15f9ff7e401ab047ca36729a4492101063\/2022-02-12__lz_-_bericht_jugend_forscht_regionalwettbewerb_2022.pdf\" target=\"_blank\" rel=\"noopener\">Bericht in der Landeszeitung<\/a><\/li>\n<li class=\"tiny_p\"><a title=\"Jugend forscht 2022: Ergebnisse beim Regionalwettbewerb (\u00f6ffnet neues Fenster)\" href=\"..\/..\/..\/daten2.verwaltungsportal.de\/dateien\/seitengenerator\/5d4f15f9ff7e401ab047ca36729a4492101063\/jugend_forscht_ergebnisse_johanneum_2022.pdf\" target=\"_blank\" rel=\"noopener\">Jugend forscht 2022: Ergebnisse beim Regionalwettbewerb<\/a><\/li>\n<\/ul>\n<\/div><\/div><\/div><\/div><\/div><\/div><div class=\"g-cols wpb_row via_flex valign_top type_default stacking_default\"><div class=\"vc_col-sm-3 wpb_column vc_column_container\"><div class=\"vc_column-inner\"><div class=\"wpb_wrapper\"><div class=\"wpb_text_column\"><div class=\"wpb_wrapper\"><p>2021<\/p>\n<p>leider kein Foto &#8211; alles nur online<\/p>\n<\/div><\/div><\/div><\/div><\/div><div class=\"vc_col-sm-9 wpb_column vc_column_container\"><div class=\"vc_column-inner\"><div class=\"wpb_wrapper\"><div class=\"wpb_text_column\"><div class=\"wpb_wrapper\"><p class=\"tiny_p\"><u><strong>Regionalwettbewerb<\/strong><\/u><\/p>\n<p class=\"tiny_p\">Der Jugend-forscht-Regionalwettbewerb 2021 fand am 18.\/19.02 statt, konnte aber nur online abgehalten werden. Dennoch haben 15 Sch\u00fclerinnen und Sch\u00fcler in 8 Projekten teilgenommen und waren dabei sehr erfolgreich:<\/p>\n<p class=\"tiny_p\"><strong>3\u00a0Regionalsiege,<\/strong>\u00a0<strong>1 zweiter Platz<\/strong>,\u00a0<strong>2 dritte\u00a0Pl\u00e4tze<\/strong>\u00a0und\u00a0<strong>1\u00a0Sonderpreis<\/strong>. Herzlichen Gl\u00fcckwunsch!<\/p>\n<ul>\n<li class=\"tiny_p\"><a title=\"Bericht in der Landeszeitung (\u00f6ffnet neues Fenster)\" ref=\"magnificPopup\" href=\"..\/..\/..\/daten2.verwaltungsportal.de\/dateien\/seitengenerator\/5d4f15f9ff7e401ab047ca36729a4492101063\/jufo_lz.jpg\" target=\"_blank\" rel=\"noopener\">Bericht in der Landeszeitung<\/a><\/li>\n<li class=\"tiny_p\"><a title=\"Jugend forscht 2021: Regionalwettbewerb (\u00f6ffnet neues Fenster)\" href=\"..\/..\/..\/daten2.verwaltungsportal.de\/dateien\/seitengenerator\/5d4f15f9ff7e401ab047ca36729a4492101063\/ergebnisse_jugend_forscht_regionalwettbewerb_johanneum_1.pdf\" target=\"_blank\" rel=\"noopener\">Jugend forscht 2021: Regionalwettbewerb<\/a><\/li>\n<\/ul>\n<\/div><\/div><\/div><\/div><\/div><\/div><\/div><\/div><\/div><\/div><\/div><div class=\"w-separator size_medium\"><\/div><\/div><\/div><\/div><\/div><\/div><\/section><section class=\"l-section wpb_row height_auto\"><div class=\"l-section-h i-cf\"><div class=\"g-cols vc_row via_flex valign_top type_default stacking_default\"><div class=\"vc_col-sm-12 wpb_column vc_column_container\"><div class=\"vc_column-inner\"><div class=\"wpb_wrapper\"><\/div><\/div><\/div><\/div><\/div><\/section>\n","protected":false},"excerpt":{"rendered":"Das Johanneum ist stolz auf seine Vielzahl von Jungforschern, die seit Jahren an den Jugend forscht-AGs in den F\u00e4chern Physik, Chemie und Biologie teilnehmen und sich sehr h\u00e4ufig zu den Platzierten und sogar zu den Siegern auf Regional-, Landes- und sogar auf Bundesebene z\u00e4hlen d\u00fcrfen. Hier die\u00a0beeindruckende Historieder letzten Jahre (Seite wird derzeit \u00fcberarbeitet): 2022...","protected":false},"author":1,"featured_media":0,"parent":0,"menu_order":0,"comment_status":"closed","ping_status":"closed","template":"","meta":{"footnotes":""},"class_list":["post-10416","page","type-page","status-publish","hentry"],"_links":{"self":[{"href":"https:\/\/johanneum-lueneburg.de\/wordpress\/wp-json\/wp\/v2\/pages\/10416","targetHints":{"allow":["GET"]}}],"collection":[{"href":"https:\/\/johanneum-lueneburg.de\/wordpress\/wp-json\/wp\/v2\/pages"}],"about":[{"href":"https:\/\/johanneum-lueneburg.de\/wordpress\/wp-json\/wp\/v2\/types\/page"}],"author":[{"embeddable":true,"href":"https:\/\/johanneum-lueneburg.de\/wordpress\/wp-json\/wp\/v2\/users\/1"}],"replies":[{"embeddable":true,"href":"https:\/\/johanneum-lueneburg.de\/wordpress\/wp-json\/wp\/v2\/comments?post=10416"}],"version-history":[{"count":4,"href":"https:\/\/johanneum-lueneburg.de\/wordpress\/wp-json\/wp\/v2\/pages\/10416\/revisions"}],"predecessor-version":[{"id":10620,"href":"https:\/\/johanneum-lueneburg.de\/wordpress\/wp-json\/wp\/v2\/pages\/10416\/revisions\/10620"}],"wp:attachment":[{"href":"https:\/\/johanneum-lueneburg.de\/wordpress\/wp-json\/wp\/v2\/media?parent=10416"}],"curies":[{"name":"wp","href":"https:\/\/api.w.org\/{rel}","templated":true}]}}