{"id":10406,"date":"2022-09-05T16:02:01","date_gmt":"2022-09-05T14:02:01","guid":{"rendered":"https:\/\/johanneum-lueneburg.de\/wordpress\/?page_id=10406"},"modified":"2022-11-30T20:26:02","modified_gmt":"2022-11-30T19:26:02","slug":"ag-jojo-network-lego-roboter","status":"publish","type":"page","link":"https:\/\/johanneum-lueneburg.de\/wordpress\/ag-jojo-network-lego-roboter\/","title":{"rendered":"AG Jojo Network &#038; Lego-Roboter"},"content":{"rendered":"<section class=\"l-section wpb_row height_auto\"><div class=\"l-section-h i-cf\"><div class=\"g-cols vc_row via_flex valign_top type_default stacking_default\"><div class=\"vc_col-sm-3 wpb_column vc_column_container\"><div class=\"vc_column-inner\"><div class=\"wpb_wrapper\"><div class=\"wpb_text_column\"><div class=\"wpb_wrapper\"><p><a ref=\"magnificPopup\" href=\"https:\/\/johanneum-lueneburg.de\/wordpress\/wp-content\/uploads\/2022\/08\/network_6e3bd9d9fce404b18cd332453ec1e614_100_2056.jpg\"><img loading=\"lazy\" decoding=\"async\" class=\"alignnone size-full wp-image-10170\" src=\"https:\/\/johanneum-lueneburg.de\/wordpress\/wp-content\/uploads\/2022\/08\/network_6e3bd9d9fce404b18cd332453ec1e614_100_2056.jpg\" alt=\"\" width=\"900\" height=\"559\" srcset=\"https:\/\/johanneum-lueneburg.de\/wordpress\/wp-content\/uploads\/2022\/08\/network_6e3bd9d9fce404b18cd332453ec1e614_100_2056.jpg 900w, https:\/\/johanneum-lueneburg.de\/wordpress\/wp-content\/uploads\/2022\/08\/network_6e3bd9d9fce404b18cd332453ec1e614_100_2056-300x186.jpg 300w, https:\/\/johanneum-lueneburg.de\/wordpress\/wp-content\/uploads\/2022\/08\/network_6e3bd9d9fce404b18cd332453ec1e614_100_2056-600x373.jpg 600w, https:\/\/johanneum-lueneburg.de\/wordpress\/wp-content\/uploads\/2022\/08\/network_6e3bd9d9fce404b18cd332453ec1e614_100_2056-187x116.jpg 187w\" sizes=\"auto, (max-width: 900px) 100vw, 900px\" \/><\/a><\/p>\n<\/div><\/div><\/div><\/div><\/div><div class=\"vc_col-sm-9 wpb_column vc_column_container\"><div class=\"vc_column-inner\"><div class=\"wpb_wrapper\"><div class=\"wpb_text_column\"><div class=\"wpb_wrapper\"><p class=\"tiny_p\">Im Jojo Network haben sie (fast) alle angefangen, unsere jungen Netzwerker:innen, Programmiertalente und Computerbegeisterten&#8230;<\/p>\n<p>Diese AG ist\u00a0<strong>dein Anlaufpunkt<\/strong>, wenn du<\/p>\n<ul>\n<li class=\"tiny_p\">unsere Lego-Roboter programmieren m\u00f6chtest,<\/li>\n<li class=\"tiny_p\">mithelfen willst, unsere Computer zu aktualisieren und zu verbessern,<\/li>\n<li class=\"tiny_p\">eine Programmiersprache wie Scratch lernen m\u00f6chtest,<\/li>\n<li class=\"tiny_p\">dich f\u00fcr unsere Homepage und HTML interessierst,<\/li>\n<li class=\"tiny_p\">allgemeines Interesse an Computern hast.<\/li>\n<\/ul>\n<\/div><\/div><\/div><\/div><\/div><\/div><\/div><\/section><section class=\"l-section wpb_row height_auto\"><div class=\"l-section-h i-cf\"><div class=\"g-cols vc_row via_flex valign_top type_default stacking_default\"><div class=\"vc_col-sm-12 wpb_column vc_column_container\"><div class=\"vc_column-inner\"><div class=\"wpb_wrapper\"><div class=\"w-separator size_medium\"><\/div><div class=\"wpb_text_column\"><div class=\"wpb_wrapper\"><p>Die AG ist offen f\u00fcr alle Sch\u00fclerinnen und Sch\u00fcler ab dem f\u00fcnften Jahrgang.<\/p>\n<\/div><\/div><\/div><\/div><\/div><\/div><\/div><\/section><section class=\"l-section wpb_row height_auto\"><div class=\"l-section-h i-cf\"><div class=\"g-cols vc_row via_flex valign_top type_default stacking_default\"><div class=\"vc_col-sm-6 wpb_column vc_column_container\"><div class=\"vc_column-inner\"><div class=\"wpb_wrapper\"><div class=\"wpb_text_column\"><div class=\"wpb_wrapper\"><p><a ref=\"magnificPopup\" href=\"https:\/\/johanneum-lueneburg.de\/wordpress\/wp-content\/uploads\/2022\/09\/roboter_003.jpg\"><img loading=\"lazy\" decoding=\"async\" class=\"alignnone size-full wp-image-10407\" src=\"https:\/\/johanneum-lueneburg.de\/wordpress\/wp-content\/uploads\/2022\/09\/roboter_003.jpg\" alt=\"\" width=\"900\" height=\"842\" srcset=\"https:\/\/johanneum-lueneburg.de\/wordpress\/wp-content\/uploads\/2022\/09\/roboter_003.jpg 900w, https:\/\/johanneum-lueneburg.de\/wordpress\/wp-content\/uploads\/2022\/09\/roboter_003-300x281.jpg 300w, https:\/\/johanneum-lueneburg.de\/wordpress\/wp-content\/uploads\/2022\/09\/roboter_003-428x400.jpg 428w, https:\/\/johanneum-lueneburg.de\/wordpress\/wp-content\/uploads\/2022\/09\/roboter_003-124x116.jpg 124w\" sizes=\"auto, (max-width: 900px) 100vw, 900px\" \/><\/a><\/p>\n<\/div><\/div><div class=\"wpb_text_column\"><div class=\"wpb_wrapper\"><p><a ref=\"magnificPopup\" href=\"https:\/\/johanneum-lueneburg.de\/wordpress\/wp-content\/uploads\/2022\/09\/roboter_004.jpg\"><img loading=\"lazy\" decoding=\"async\" class=\"alignnone size-full wp-image-10408\" src=\"https:\/\/johanneum-lueneburg.de\/wordpress\/wp-content\/uploads\/2022\/09\/roboter_004.jpg\" alt=\"\" width=\"900\" height=\"721\" srcset=\"https:\/\/johanneum-lueneburg.de\/wordpress\/wp-content\/uploads\/2022\/09\/roboter_004.jpg 900w, https:\/\/johanneum-lueneburg.de\/wordpress\/wp-content\/uploads\/2022\/09\/roboter_004-300x240.jpg 300w, https:\/\/johanneum-lueneburg.de\/wordpress\/wp-content\/uploads\/2022\/09\/roboter_004-499x400.jpg 499w, https:\/\/johanneum-lueneburg.de\/wordpress\/wp-content\/uploads\/2022\/09\/roboter_004-145x116.jpg 145w\" sizes=\"auto, (max-width: 900px) 100vw, 900px\" \/><\/a><\/p>\n<\/div><\/div><\/div><\/div><\/div><div class=\"vc_col-sm-6 wpb_column vc_column_container\"><div class=\"vc_column-inner\"><div class=\"wpb_wrapper\"><div class=\"wpb_text_column\"><div class=\"wpb_wrapper\"><p>Deine M\u00f6glichkeiten, dich in dieser AG einzubringen, sind sehr vielf\u00e4ltig:<br \/>\nVor allem die j\u00fcngeren Sch\u00fclerinnen und Sch\u00fcler bauen mit Begeisterung an den Lego-Robotern herum und hauchen ihnen durch eigene Programme ein Eigenleben ein. Die \u00e4lteren Sch\u00fcler programmieren in h\u00f6heren Programmiersprachen, z.B. in Java, oder helfen, die zahlreichen Computer in der Schule am Laufen zu halten.<\/p>\n<p>Ergebnisse unserer AG-Arbeit pr\u00e4sentieren wir zu besonderen Aktionen, etwa auf dem<\/p>\n<ul>\n<li>Schulfest<\/li>\n<li>Vorstellungstag f\u00fcr die neuen f\u00fcnften Klassen<\/li>\n<\/ul>\n<p>Seit dem Schuljahr 2007\/2008 leitet Herr Springmann diese AG. Gestartet ist sie als reine Schulhomepage-AG, im Laufe der Jahre kamen all die neuen und spannenden Erweiterungen hinzu.<\/p>\n<\/div><\/div><\/div><\/div><\/div><\/div><\/div><\/section><section class=\"l-section wpb_row height_auto\"><div class=\"l-section-h i-cf\"><div class=\"g-cols vc_row via_flex valign_top type_default stacking_default\"><div class=\"vc_col-sm-12 wpb_column vc_column_container\"><div class=\"vc_column-inner\"><div class=\"wpb_wrapper\"><div class=\"w-separator size_medium\"><\/div><div class=\"wpb_text_column\"><div class=\"wpb_wrapper\"><p>Unser aktuelles Projekt: <a href=\"https:\/\/scratch.mit.edu\/projects\/769763260\/\">Scratch-Adventskalender<\/a><\/p>\n<p><a href=\"https:\/\/scratch.mit.edu\/projects\/769763260\/\"><img loading=\"lazy\" decoding=\"async\" class=\"alignnone wp-image-11016 size-full\" src=\"https:\/\/johanneum-lueneburg.de\/wordpress\/wp-content\/uploads\/2022\/11\/adventskalender.png\" alt=\"\" width=\"478\" height=\"358\" srcset=\"https:\/\/johanneum-lueneburg.de\/wordpress\/wp-content\/uploads\/2022\/11\/adventskalender.png 478w, https:\/\/johanneum-lueneburg.de\/wordpress\/wp-content\/uploads\/2022\/11\/adventskalender-300x225.png 300w, https:\/\/johanneum-lueneburg.de\/wordpress\/wp-content\/uploads\/2022\/11\/adventskalender-155x116.png 155w\" sizes=\"auto, (max-width: 478px) 100vw, 478px\" \/><\/a><\/p>\n<\/div><\/div><\/div><\/div><\/div><\/div><\/div><\/section>\n","protected":false},"excerpt":{"rendered":"Im Jojo Network haben sie (fast) alle angefangen, unsere jungen Netzwerker:innen, Programmiertalente und Computerbegeisterten&#8230; Diese AG ist\u00a0dein Anlaufpunkt, wenn du unsere Lego-Roboter programmieren m\u00f6chtest, mithelfen willst, unsere Computer zu aktualisieren und zu verbessern, eine Programmiersprache wie Scratch lernen m\u00f6chtest, dich f\u00fcr unsere Homepage und HTML interessierst, allgemeines Interesse an Computern hast. Die AG ist offen...","protected":false},"author":1,"featured_media":0,"parent":0,"menu_order":0,"comment_status":"closed","ping_status":"closed","template":"","meta":{"footnotes":""},"class_list":["post-10406","page","type-page","status-publish","hentry"],"_links":{"self":[{"href":"https:\/\/johanneum-lueneburg.de\/wordpress\/wp-json\/wp\/v2\/pages\/10406","targetHints":{"allow":["GET"]}}],"collection":[{"href":"https:\/\/johanneum-lueneburg.de\/wordpress\/wp-json\/wp\/v2\/pages"}],"about":[{"href":"https:\/\/johanneum-lueneburg.de\/wordpress\/wp-json\/wp\/v2\/types\/page"}],"author":[{"embeddable":true,"href":"https:\/\/johanneum-lueneburg.de\/wordpress\/wp-json\/wp\/v2\/users\/1"}],"replies":[{"embeddable":true,"href":"https:\/\/johanneum-lueneburg.de\/wordpress\/wp-json\/wp\/v2\/comments?post=10406"}],"version-history":[{"count":8,"href":"https:\/\/johanneum-lueneburg.de\/wordpress\/wp-json\/wp\/v2\/pages\/10406\/revisions"}],"predecessor-version":[{"id":11017,"href":"https:\/\/johanneum-lueneburg.de\/wordpress\/wp-json\/wp\/v2\/pages\/10406\/revisions\/11017"}],"wp:attachment":[{"href":"https:\/\/johanneum-lueneburg.de\/wordpress\/wp-json\/wp\/v2\/media?parent=10406"}],"curies":[{"name":"wp","href":"https:\/\/api.w.org\/{rel}","templated":true}]}}