{"id":10402,"date":"2022-09-05T14:44:31","date_gmt":"2022-09-05T12:44:31","guid":{"rendered":"https:\/\/johanneum-lueneburg.de\/wordpress\/?page_id=10402"},"modified":"2023-07-07T16:56:41","modified_gmt":"2023-07-07T14:56:41","slug":"chor-ag-7-13","status":"publish","type":"page","link":"https:\/\/johanneum-lueneburg.de\/wordpress\/chor-ag-7-13\/","title":{"rendered":"Chor, Klasse 7-13 (Pa)"},"content":{"rendered":"<section class=\"l-section wpb_row height_auto\"><div class=\"l-section-h i-cf\"><div class=\"g-cols vc_row via_flex valign_top type_default stacking_default\"><div class=\"vc_col-sm-6 wpb_column vc_column_container\"><div class=\"vc_column-inner\"><div class=\"wpb_wrapper\"><div class=\"wpb_text_column\"><div class=\"wpb_wrapper\"><p class=\"tiny_p\"><strong>Popchor?<\/strong><\/p>\n<p class=\"tiny_p\">So ganz passt das wohl nicht. Obwohl wir haupts\u00e4chlich Songs aus dem Pop-Rock-Bereich singen, mischen wir auch andere Stilrichtungen ein \u2013 je nach Lust und Laune der S\u00e4ngerinnen und S\u00e4nger (oder auch der Chorleiterin). So haben wir schon Songs von den \u00c4rzten gesungen, aber auch A-Capella-Lieder von May Be Bop oder St\u00fccke von J. Dowland oder J. S. Bach. Bei der Auswahl des Programms sind gute Ideen der Chors\u00e4nger immer willkommen \u2013 so bleibt das Programm abwechslungsreich, und es ist f\u00fcr jeden etwas dabei. Auch solistisch gibt es M\u00f6glichkeiten, sich auszutoben.<\/p>\n<\/div><\/div><\/div><\/div><\/div><div class=\"vc_col-sm-6 wpb_column vc_column_container\"><div class=\"vc_column-inner\"><div class=\"wpb_wrapper\"><div class=\"wpb_text_column\"><div class=\"wpb_wrapper\"><p><a ref=\"magnificPopup\" href=\"https:\/\/johanneum-lueneburg.de\/wordpress\/wp-content\/uploads\/2022\/08\/skandal_in_der_mensa_pic7478.jpg\"><img loading=\"lazy\" decoding=\"async\" class=\"alignnone size-full wp-image-10171\" src=\"https:\/\/johanneum-lueneburg.de\/wordpress\/wp-content\/uploads\/2022\/08\/skandal_in_der_mensa_pic7478.jpg\" alt=\"\" width=\"450\" height=\"338\" srcset=\"https:\/\/johanneum-lueneburg.de\/wordpress\/wp-content\/uploads\/2022\/08\/skandal_in_der_mensa_pic7478.jpg 450w, https:\/\/johanneum-lueneburg.de\/wordpress\/wp-content\/uploads\/2022\/08\/skandal_in_der_mensa_pic7478-300x225.jpg 300w, https:\/\/johanneum-lueneburg.de\/wordpress\/wp-content\/uploads\/2022\/08\/skandal_in_der_mensa_pic7478-154x116.jpg 154w\" sizes=\"auto, (max-width: 450px) 100vw, 450px\" \/><\/a><\/p>\n<\/div><\/div><\/div><\/div><\/div><\/div><\/div><\/section><section class=\"l-section wpb_row height_auto\"><div class=\"l-section-h i-cf\"><div class=\"g-cols vc_row via_flex valign_top type_default stacking_default\"><div class=\"vc_col-sm-12 wpb_column vc_column_container\"><div class=\"vc_column-inner\"><div class=\"wpb_wrapper\"><div class=\"w-separator size_medium\"><\/div><\/div><\/div><\/div><\/div><\/div><\/section><section class=\"l-section wpb_row height_auto\"><div class=\"l-section-h i-cf\"><div class=\"g-cols vc_row via_flex valign_top type_default stacking_default\"><div class=\"vc_col-sm-12 wpb_column vc_column_container\"><div class=\"vc_column-inner\"><div class=\"wpb_wrapper\"><div class=\"wpb_text_column\"><div class=\"wpb_wrapper\"><p>Unser Chor besteht aus ca. 30-50 S\u00e4ngerinnen und S\u00e4ngern ab Klasse 7 und probt mittwochs in der 8.\/9. Stunde in der Aula. <span class=\"\">Unsere Truppe ist wirklich bunt gemischt \u2013 tats\u00e4chlich reicht die Bandbreite von Klasse 7 bis 13 \u2013 und sogar ein paar Lehrer sind dabei, die unseren Chor toll erg\u00e4nzen.<\/span><\/p>\n<p>Ganz wichtig: Wir proben parallel zur <a href=\"https:\/\/johanneum-lueneburg.de\/wordpress\/band-ag-7-13\/\">Band<\/a>!<br \/>\nWarum das so wichtig ist? An unserer Schule gibt es eine intensive Zusammenarbeit der beiden Ensembles, die man woanders so nicht finden wird. Wir geben zusammen unsere Jahreskonzerte (<a href=\"https:\/\/johanneum-lueneburg.de\/wordpress\/weihnachtskonzerte\/\">Weihnachten<\/a> und <a href=\"https:\/\/johanneum-lueneburg.de\/wordpress\/sommermusicals-und-konzerte\/\">Sommer<\/a>), die insbesondere im Sommer ein Erlebnis der besonderen Art bieten:<br \/>\nDie Musikauswahl steht immer im Rahmen eines gro\u00dfen Themas, das au\u00dferdem mit Videos und Statements aus der ganzen Schulgemeinschaft erg\u00e4nzt wird \u2013 da sind viele lustige Momente vorprogrammiert \u2013 und nat\u00fcrlich auch G\u00e4nsehaut\u2026<\/p>\n<p>Einmal im Jahr fahren Chor und Band auch gemeinsam zu <a href=\"https:\/\/johanneum-lueneburg.de\/wordpress\/2023\/03\/11\/gemeinsam-ein-lied\/\">unseren Probentagen<\/a>, bei denen wir immer viel Spa\u00df haben und von morgens bis abends musizieren.<\/p>\n<p>Man sieht: Chor und Band geh\u00f6ren zusammen, sind aber dennoch eigene Ensemble und k\u00f6nnen auch einzeln aktiv werden.<\/p>\n<p>Der Chor hat au\u00dferdem in den letzten Jahren tolle zus\u00e4tzliche Projekte erleben d\u00fcrfen.<br \/>\nZum Beispiel haben wir <a href=\"https:\/\/johanneum-lueneburg.de\/wordpress\/musik-workshops\/\">tolle Workshops<\/a> durchgef\u00fchrt mit Gruppen wie May Be Bop oder den Wise Guys.<br \/>\nIm Schuljahr 2017\/18 durfte eine Auswahl des Chores einer <a href=\"https:\/\/johanneum-lueneburg.de\/wordpress\/beethoven-projektchor-japan\/\">Einladung nach Japan<\/a> folgen und dort bei einer Auff\u00fchrung von Beethovens 9. Sinfonie mitsingen.<br \/>\nDoch bevor wir weiter in der Vergangenheit schwelgen, schauen wir lieber nach vorne:<\/p>\n<p>Macht euch auf was gefasst \u2013 der Chor hat immer gute Pl\u00e4ne!<\/p>\n<p>&nbsp;<\/p>\n<p class=\"tiny_p\" align=\"right\">Frau Pankoke<\/p>\n<\/div><\/div><\/div><\/div><\/div><\/div><\/div><\/section>\n","protected":false},"excerpt":{"rendered":"Popchor? So ganz passt das wohl nicht. Obwohl wir haupts\u00e4chlich Songs aus dem Pop-Rock-Bereich singen, mischen wir auch andere Stilrichtungen ein \u2013 je nach Lust und Laune der S\u00e4ngerinnen und S\u00e4nger (oder auch der Chorleiterin). So haben wir schon Songs von den \u00c4rzten gesungen, aber auch A-Capella-Lieder von May Be Bop oder St\u00fccke von J....","protected":false},"author":1,"featured_media":0,"parent":0,"menu_order":0,"comment_status":"closed","ping_status":"closed","template":"","meta":{"footnotes":""},"class_list":["post-10402","page","type-page","status-publish","hentry"],"_links":{"self":[{"href":"https:\/\/johanneum-lueneburg.de\/wordpress\/wp-json\/wp\/v2\/pages\/10402","targetHints":{"allow":["GET"]}}],"collection":[{"href":"https:\/\/johanneum-lueneburg.de\/wordpress\/wp-json\/wp\/v2\/pages"}],"about":[{"href":"https:\/\/johanneum-lueneburg.de\/wordpress\/wp-json\/wp\/v2\/types\/page"}],"author":[{"embeddable":true,"href":"https:\/\/johanneum-lueneburg.de\/wordpress\/wp-json\/wp\/v2\/users\/1"}],"replies":[{"embeddable":true,"href":"https:\/\/johanneum-lueneburg.de\/wordpress\/wp-json\/wp\/v2\/comments?post=10402"}],"version-history":[{"count":7,"href":"https:\/\/johanneum-lueneburg.de\/wordpress\/wp-json\/wp\/v2\/pages\/10402\/revisions"}],"predecessor-version":[{"id":13997,"href":"https:\/\/johanneum-lueneburg.de\/wordpress\/wp-json\/wp\/v2\/pages\/10402\/revisions\/13997"}],"wp:attachment":[{"href":"https:\/\/johanneum-lueneburg.de\/wordpress\/wp-json\/wp\/v2\/media?parent=10402"}],"curies":[{"name":"wp","href":"https:\/\/api.w.org\/{rel}","templated":true}]}}