{"id":10383,"date":"2022-09-05T14:29:51","date_gmt":"2022-09-05T12:29:51","guid":{"rendered":"https:\/\/johanneum-lueneburg.de\/wordpress\/?page_id=10383"},"modified":"2023-01-08T10:39:46","modified_gmt":"2023-01-08T09:39:46","slug":"fussball-ag","status":"publish","type":"page","link":"https:\/\/johanneum-lueneburg.de\/wordpress\/fussball-ag\/","title":{"rendered":"Fu\u00dfball-AG"},"content":{"rendered":"<section class=\"l-section wpb_row height_auto\"><div class=\"l-section-h i-cf\"><div class=\"g-cols vc_row via_flex valign_top type_default stacking_default\"><div class=\"vc_col-sm-6 wpb_column vc_column_container\"><div class=\"vc_column-inner\"><div class=\"wpb_wrapper\"><div class=\"wpb_text_column\"><div class=\"wpb_wrapper\"><p class=\"tiny_p\">Egal ob Junge oder M\u00e4dchen, egal ob Vereinsspieler, Bolzplatz-Kicker oder Fu\u00dfball-Anf\u00e4nger, bei uns sind alle willkommen, die Spa\u00df am Fu\u00dfballspielen haben und sich in ihrem Spiel verbessern wollen. Teamgeist und Fairness werden bei uns gro\u00df geschrieben, sodass jeder seine St\u00e4rken einbringen kann und sich alle gegenseitig unterst\u00fctzen. Neben dem Spa\u00df, der bei uns nat\u00fcrlich nicht zu kurz kommt, trainieren wir in abwechslungsreichen \u00dcbungen Technik, Taktik und das Zusammenspiel im Team.<\/p>\n<p>Im Jahr 2022 zogen sogar zwei Teams in das Niedersachsenfinale von &#8222;Jugend trainiert f\u00fcr Olympia&#8220; in Barsinghausen ein.<\/p>\n<\/div><\/div><\/div><\/div><\/div><div class=\"vc_col-sm-6 wpb_column vc_column_container\"><div class=\"vc_column-inner\"><div class=\"wpb_wrapper\"><div class=\"wpb_text_column\"><div class=\"wpb_wrapper\"><p><a ref=\"magnificPopup\" href=\"https:\/\/johanneum-lueneburg.de\/wordpress\/wp-content\/uploads\/2022\/08\/fussball_dsc_0227_ausschnitt.jpg\"><img loading=\"lazy\" decoding=\"async\" class=\"alignnone size-full wp-image-10173\" src=\"https:\/\/johanneum-lueneburg.de\/wordpress\/wp-content\/uploads\/2022\/08\/fussball_dsc_0227_ausschnitt.jpg\" alt=\"\" width=\"644\" height=\"428\" srcset=\"https:\/\/johanneum-lueneburg.de\/wordpress\/wp-content\/uploads\/2022\/08\/fussball_dsc_0227_ausschnitt.jpg 644w, https:\/\/johanneum-lueneburg.de\/wordpress\/wp-content\/uploads\/2022\/08\/fussball_dsc_0227_ausschnitt-300x199.jpg 300w, https:\/\/johanneum-lueneburg.de\/wordpress\/wp-content\/uploads\/2022\/08\/fussball_dsc_0227_ausschnitt-600x400.jpg 600w, https:\/\/johanneum-lueneburg.de\/wordpress\/wp-content\/uploads\/2022\/08\/fussball_dsc_0227_ausschnitt-175x116.jpg 175w\" sizes=\"auto, (max-width: 644px) 100vw, 644px\" \/><\/a><\/p>\n<\/div><\/div><\/div><\/div><\/div><\/div><\/div><\/section><section class=\"l-section wpb_row height_auto\"><div class=\"l-section-h i-cf\"><div class=\"g-cols vc_row via_flex valign_top type_default stacking_default\"><div class=\"vc_col-sm-12 wpb_column vc_column_container\"><div class=\"vc_column-inner\"><div class=\"wpb_wrapper\"><div class=\"w-separator size_medium\"><\/div><\/div><\/div><\/div><\/div><\/div><\/section><section class=\"l-section wpb_row height_auto\"><div class=\"l-section-h i-cf\"><div class=\"g-cols vc_row via_flex valign_top type_default stacking_default\"><div class=\"vc_col-sm-12 wpb_column vc_column_container\"><div class=\"vc_column-inner\"><div class=\"wpb_wrapper\"><div class=\"wpb_text_column\"><div class=\"wpb_wrapper\"><p><a ref=\"magnificPopup\" href=\"https:\/\/johanneum-lueneburg.de\/wordpress\/wp-content\/uploads\/2022\/09\/Fussball-AG-Plakat-2022-scaled.jpg\"><img loading=\"lazy\" decoding=\"async\" class=\"alignnone size-full wp-image-10482\" src=\"https:\/\/johanneum-lueneburg.de\/wordpress\/wp-content\/uploads\/2022\/09\/Fussball-AG-Plakat-2022-scaled.jpg\" alt=\"\" width=\"1811\" height=\"2560\" srcset=\"https:\/\/johanneum-lueneburg.de\/wordpress\/wp-content\/uploads\/2022\/09\/Fussball-AG-Plakat-2022-scaled.jpg 1132w, https:\/\/johanneum-lueneburg.de\/wordpress\/wp-content\/uploads\/2022\/09\/Fussball-AG-Plakat-2022-212x300.jpg 212w, https:\/\/johanneum-lueneburg.de\/wordpress\/wp-content\/uploads\/2022\/09\/Fussball-AG-Plakat-2022-724x1024.jpg 724w, https:\/\/johanneum-lueneburg.de\/wordpress\/wp-content\/uploads\/2022\/09\/Fussball-AG-Plakat-2022-283x400.jpg 283w, https:\/\/johanneum-lueneburg.de\/wordpress\/wp-content\/uploads\/2022\/09\/Fussball-AG-Plakat-2022-82x116.jpg 82w\" sizes=\"auto, (max-width: 1811px) 100vw, 1811px\" \/><\/a><\/p>\n<\/div><\/div><\/div><\/div><\/div><\/div><\/div><\/section>\n","protected":false},"excerpt":{"rendered":"Egal ob Junge oder M\u00e4dchen, egal ob Vereinsspieler, Bolzplatz-Kicker oder Fu\u00dfball-Anf\u00e4nger, bei uns sind alle willkommen, die Spa\u00df am Fu\u00dfballspielen haben und sich in ihrem Spiel verbessern wollen. Teamgeist und Fairness werden bei uns gro\u00df geschrieben, sodass jeder seine St\u00e4rken einbringen kann und sich alle gegenseitig unterst\u00fctzen. Neben dem Spa\u00df, der bei uns nat\u00fcrlich nicht...","protected":false},"author":1,"featured_media":0,"parent":0,"menu_order":0,"comment_status":"closed","ping_status":"closed","template":"","meta":{"footnotes":""},"class_list":["post-10383","page","type-page","status-publish","hentry"],"_links":{"self":[{"href":"https:\/\/johanneum-lueneburg.de\/wordpress\/wp-json\/wp\/v2\/pages\/10383","targetHints":{"allow":["GET"]}}],"collection":[{"href":"https:\/\/johanneum-lueneburg.de\/wordpress\/wp-json\/wp\/v2\/pages"}],"about":[{"href":"https:\/\/johanneum-lueneburg.de\/wordpress\/wp-json\/wp\/v2\/types\/page"}],"author":[{"embeddable":true,"href":"https:\/\/johanneum-lueneburg.de\/wordpress\/wp-json\/wp\/v2\/users\/1"}],"replies":[{"embeddable":true,"href":"https:\/\/johanneum-lueneburg.de\/wordpress\/wp-json\/wp\/v2\/comments?post=10383"}],"version-history":[{"count":5,"href":"https:\/\/johanneum-lueneburg.de\/wordpress\/wp-json\/wp\/v2\/pages\/10383\/revisions"}],"predecessor-version":[{"id":11271,"href":"https:\/\/johanneum-lueneburg.de\/wordpress\/wp-json\/wp\/v2\/pages\/10383\/revisions\/11271"}],"wp:attachment":[{"href":"https:\/\/johanneum-lueneburg.de\/wordpress\/wp-json\/wp\/v2\/media?parent=10383"}],"curies":[{"name":"wp","href":"https:\/\/api.w.org\/{rel}","templated":true}]}}