{"id":10380,"date":"2022-09-05T14:25:34","date_gmt":"2022-09-05T12:25:34","guid":{"rendered":"https:\/\/johanneum-lueneburg.de\/wordpress\/?page_id=10380"},"modified":"2022-09-06T08:22:14","modified_gmt":"2022-09-06T06:22:14","slug":"koch-ag","status":"publish","type":"page","link":"https:\/\/johanneum-lueneburg.de\/wordpress\/koch-ag\/","title":{"rendered":"Koch-AG"},"content":{"rendered":"<section class=\"l-section wpb_row height_auto\"><div class=\"l-section-h i-cf\"><div class=\"g-cols vc_row via_flex valign_top type_default stacking_default\"><div class=\"vc_col-sm-6 wpb_column vc_column_container\"><div class=\"vc_column-inner\"><div class=\"wpb_wrapper\"><div class=\"wpb_text_column\"><div class=\"wpb_wrapper\"><p class=\"tiny_p\"><strong>Konzept:<\/strong><br \/>\nIn der Koch-AG lernen wir die Grundlagen des Kochens sowie Wissenswertes \u00fcber gesunde und leckere Ern\u00e4hrung. Wir verwenden fast ausschlie\u00dflich \u00f6kologisch einwandfreie Lebensmittel ohne Geschmacks- und Konservierungsstoffe. Dabei muss es aber auch g\u00fcnstig bleiben, damit ihr die Gerichte, die wir zusammen verspeisen, zuhause leicht nachkochen k\u00f6nnt. Die Rezepte k\u00f6nnt ihr in einem Ordner sammeln und eigene Rezeptideen jederzeit mitbringen. Alle von der f\u00fcnften bis zur zehnten Klasse sind herzlich willkommen! Anmeldung nur zu Beginn des Schuljahres (Aushang\/Infomonitor)!<\/p>\n<\/div><\/div><\/div><\/div><\/div><div class=\"vc_col-sm-6 wpb_column vc_column_container\"><div class=\"vc_column-inner\"><div class=\"wpb_wrapper\"><div class=\"wpb_text_column\"><div class=\"wpb_wrapper\"><p><a ref=\"magnificPopup\" href=\"https:\/\/johanneum-lueneburg.de\/wordpress\/wp-content\/uploads\/2022\/08\/koch_ag_2016_schmaler.jpg\"><img loading=\"lazy\" decoding=\"async\" class=\"alignnone wp-image-10174 size-full\" src=\"https:\/\/johanneum-lueneburg.de\/wordpress\/wp-content\/uploads\/2022\/08\/koch_ag_2016_schmaler.jpg\" alt=\"\" width=\"398\" height=\"247\" srcset=\"https:\/\/johanneum-lueneburg.de\/wordpress\/wp-content\/uploads\/2022\/08\/koch_ag_2016_schmaler.jpg 398w, https:\/\/johanneum-lueneburg.de\/wordpress\/wp-content\/uploads\/2022\/08\/koch_ag_2016_schmaler-300x186.jpg 300w, https:\/\/johanneum-lueneburg.de\/wordpress\/wp-content\/uploads\/2022\/08\/koch_ag_2016_schmaler-187x116.jpg 187w\" sizes=\"auto, (max-width: 398px) 100vw, 398px\" \/><\/a><\/p>\n<\/div><\/div><\/div><\/div><\/div><\/div><\/div><\/section><section class=\"l-section wpb_row height_auto\"><div class=\"l-section-h i-cf\"><div class=\"g-cols vc_row via_flex valign_top type_default stacking_default\"><div class=\"vc_col-sm-12 wpb_column vc_column_container\"><div class=\"vc_column-inner\"><div class=\"wpb_wrapper\"><div class=\"w-separator size_medium\"><\/div><\/div><\/div><\/div><\/div><\/div><\/section><section class=\"l-section wpb_row height_auto\"><div class=\"l-section-h i-cf\"><div class=\"g-cols vc_row via_flex valign_top type_default stacking_default\"><div class=\"vc_col-sm-12 wpb_column vc_column_container\"><div class=\"vc_column-inner\"><div class=\"wpb_wrapper\"><div class=\"wpb_text_column\"><div class=\"wpb_wrapper\"><p class=\"tiny_p\"><strong>Ablauf:<br \/>\n<\/strong>Ihr erfahrt zuerst etwas zu den Lebensmitteln, die wir verwenden und dazu, was sie mit und in unserem K\u00f6rper anstellen.<br \/>\nIn kleinen Gruppen kochen wir anschlie\u00dfend eine (Vor-, eine) Haupt- und eine Nachspeise. Dabei helfen wir uns gegenseitig, k\u00f6nnen aber auch immer Herrn Mennen dazu holen. Nach dem Kochen essen wir zusammen und \u00fcberlegen, was uns geschmeckt hat und was wir beim n\u00e4chsten Mal anders machen m\u00f6chten. So werden wir immer besser und das Essen schmeckt der Gruppe immer mehr. Zum Schluss muss nat\u00fcrlich auch aufger\u00e4umt werden, wir sind schlie\u00dflich (noch) keine Sternek\u00f6che.<\/p>\n<\/div><\/div><\/div><\/div><\/div><\/div><\/div><\/section>\n","protected":false},"excerpt":{"rendered":"Konzept: In der Koch-AG lernen wir die Grundlagen des Kochens sowie Wissenswertes \u00fcber gesunde und leckere Ern\u00e4hrung. Wir verwenden fast ausschlie\u00dflich \u00f6kologisch einwandfreie Lebensmittel ohne Geschmacks- und Konservierungsstoffe. Dabei muss es aber auch g\u00fcnstig bleiben, damit ihr die Gerichte, die wir zusammen verspeisen, zuhause leicht nachkochen k\u00f6nnt. Die Rezepte k\u00f6nnt ihr in einem Ordner sammeln...","protected":false},"author":1,"featured_media":0,"parent":0,"menu_order":0,"comment_status":"closed","ping_status":"closed","template":"","meta":{"footnotes":""},"class_list":["post-10380","page","type-page","status-publish","hentry"],"_links":{"self":[{"href":"https:\/\/johanneum-lueneburg.de\/wordpress\/wp-json\/wp\/v2\/pages\/10380","targetHints":{"allow":["GET"]}}],"collection":[{"href":"https:\/\/johanneum-lueneburg.de\/wordpress\/wp-json\/wp\/v2\/pages"}],"about":[{"href":"https:\/\/johanneum-lueneburg.de\/wordpress\/wp-json\/wp\/v2\/types\/page"}],"author":[{"embeddable":true,"href":"https:\/\/johanneum-lueneburg.de\/wordpress\/wp-json\/wp\/v2\/users\/1"}],"replies":[{"embeddable":true,"href":"https:\/\/johanneum-lueneburg.de\/wordpress\/wp-json\/wp\/v2\/comments?post=10380"}],"version-history":[{"count":1,"href":"https:\/\/johanneum-lueneburg.de\/wordpress\/wp-json\/wp\/v2\/pages\/10380\/revisions"}],"predecessor-version":[{"id":10381,"href":"https:\/\/johanneum-lueneburg.de\/wordpress\/wp-json\/wp\/v2\/pages\/10380\/revisions\/10381"}],"wp:attachment":[{"href":"https:\/\/johanneum-lueneburg.de\/wordpress\/wp-json\/wp\/v2\/media?parent=10380"}],"curies":[{"name":"wp","href":"https:\/\/api.w.org\/{rel}","templated":true}]}}