{"id":10329,"date":"2022-09-02T22:39:52","date_gmt":"2022-09-02T20:39:52","guid":{"rendered":"https:\/\/johanneum-lueneburg.de\/wordpress\/?page_id=10329"},"modified":"2022-09-02T22:41:28","modified_gmt":"2022-09-02T20:41:28","slug":"ueber","status":"publish","type":"page","link":"https:\/\/johanneum-lueneburg.de\/wordpress\/ueber\/","title":{"rendered":"Das Gymnasium Johanneum in L\u00fcneburg"},"content":{"rendered":"<section class=\"l-section wpb_row height_auto\"><div class=\"l-section-h i-cf\"><div class=\"g-cols vc_row via_flex valign_top type_default stacking_default\"><div class=\"vc_col-sm-4 wpb_column vc_column_container\"><div class=\"vc_column-inner\"><div class=\"wpb_wrapper\"><div class=\"w-image align_none\"><div class=\"w-image-h\"><img loading=\"lazy\" decoding=\"async\" width=\"450\" height=\"338\" src=\"https:\/\/johanneum-lueneburg.de\/wordpress\/wp-content\/uploads\/2022\/03\/schulleitung_li.jpeg\" class=\"attachment-large size-large\" alt=\"\" srcset=\"https:\/\/johanneum-lueneburg.de\/wordpress\/wp-content\/uploads\/2022\/03\/schulleitung_li.jpeg 450w, https:\/\/johanneum-lueneburg.de\/wordpress\/wp-content\/uploads\/2022\/03\/schulleitung_li-300x225.jpeg 300w, https:\/\/johanneum-lueneburg.de\/wordpress\/wp-content\/uploads\/2022\/03\/schulleitung_li-154x116.jpeg 154w\" sizes=\"auto, (max-width: 450px) 100vw, 450px\" \/><\/div><\/div><\/div><\/div><\/div><div class=\"vc_col-sm-8 wpb_column vc_column_container\"><div class=\"vc_column-inner\"><div class=\"wpb_wrapper\"><div class=\"wpb_text_column\"><div class=\"wpb_wrapper\"><p>Unsere Schule besteht seit \u00fcber 600 Jahren und ist das \u00e4lteste Gymnasium L\u00fcneburgs. Wir sind heute mit \u00fcber 1000 Sch\u00fclerinnen und Sch\u00fclern und ca. 100 Lehrkr\u00e4ften so lebendig und aktiv wie eh und je. Gemeinsam gestalten wir lernend und lehrend unsere Schulgemeinschaft und sind dabei unserem Leitbild <em><strong>Doctrinae, Virtuti et Humanitati<\/strong><\/em> verpflichtet:<\/p>\n<p><strong>Doctrinae:<\/strong> Wir st\u00e4rken, f\u00f6rdern und fordern mit unserem gymnasialen F\u00e4cherangebot und vielf\u00e4ltigen Arbeitsgemeinschaften die F\u00e4higkeiten und Fertigkeiten unserer Sch\u00fclerinnen und Sch\u00fcler.<\/p>\n<p><strong>Virtuti:<\/strong> Wir bilden unsere Sch\u00fclerinnen und Sch\u00fcler nicht nur fachlich aus, sondern erziehen sie zu selbstbewussten und verantwortungsvollen Pers\u00f6nlichkeiten, die sich f\u00fcr die Gemeinschaft engagieren.<\/p>\n<p><strong>Humanitati:<\/strong> Wir arbeiten und leben als Schulgemeinschaft miteinander und schulen so t\u00e4glich unsere Mitmenschlichkeit und Toleranz ebenso wie unsere Hilfsbereitschaft und Teamf\u00e4higkeit.<\/p>\n<p>Ich hei\u00dfe euch und Sie sehr herzlich willkommen am Gymnasium Johanneum!<\/p>\n<p>Eure und Ihre Ulrike Lindemann<br \/>\nSchulleiterin<\/p>\n<\/div><\/div><\/div><\/div><\/div><\/div><\/div><\/section>\n","protected":false},"excerpt":{"rendered":"Unsere Schule besteht seit \u00fcber 600 Jahren und ist das \u00e4lteste Gymnasium L\u00fcneburgs. Wir sind heute mit \u00fcber 1000 Sch\u00fclerinnen und Sch\u00fclern und ca. 100 Lehrkr\u00e4ften so lebendig und aktiv wie eh und je. Gemeinsam gestalten wir lernend und lehrend unsere Schulgemeinschaft und sind dabei unserem Leitbild Doctrinae, Virtuti et Humanitati verpflichtet: Doctrinae: Wir st\u00e4rken,...","protected":false},"author":2,"featured_media":0,"parent":0,"menu_order":0,"comment_status":"closed","ping_status":"closed","template":"","meta":{"footnotes":""},"class_list":["post-10329","page","type-page","status-publish","hentry"],"_links":{"self":[{"href":"https:\/\/johanneum-lueneburg.de\/wordpress\/wp-json\/wp\/v2\/pages\/10329","targetHints":{"allow":["GET"]}}],"collection":[{"href":"https:\/\/johanneum-lueneburg.de\/wordpress\/wp-json\/wp\/v2\/pages"}],"about":[{"href":"https:\/\/johanneum-lueneburg.de\/wordpress\/wp-json\/wp\/v2\/types\/page"}],"author":[{"embeddable":true,"href":"https:\/\/johanneum-lueneburg.de\/wordpress\/wp-json\/wp\/v2\/users\/2"}],"replies":[{"embeddable":true,"href":"https:\/\/johanneum-lueneburg.de\/wordpress\/wp-json\/wp\/v2\/comments?post=10329"}],"version-history":[{"count":4,"href":"https:\/\/johanneum-lueneburg.de\/wordpress\/wp-json\/wp\/v2\/pages\/10329\/revisions"}],"predecessor-version":[{"id":10335,"href":"https:\/\/johanneum-lueneburg.de\/wordpress\/wp-json\/wp\/v2\/pages\/10329\/revisions\/10335"}],"wp:attachment":[{"href":"https:\/\/johanneum-lueneburg.de\/wordpress\/wp-json\/wp\/v2\/media?parent=10329"}],"curies":[{"name":"wp","href":"https:\/\/api.w.org\/{rel}","templated":true}]}}