{"id":10190,"date":"2022-08-23T19:56:08","date_gmt":"2022-08-23T17:56:08","guid":{"rendered":"https:\/\/johanneum-lueneburg.de\/wordpress\/?page_id=10190"},"modified":"2024-02-06T08:56:08","modified_gmt":"2024-02-06T07:56:08","slug":"datenschutzerklaerung","status":"publish","type":"page","link":"https:\/\/johanneum-lueneburg.de\/wordpress\/datenschutzerklaerung\/","title":{"rendered":"Datenschutzerkl\u00e4rung"},"content":{"rendered":"<p>Die Betreiber dieser Seite nehmen den Schutz Ihrer pers\u00f6nlichen Daten sehr ernst und handeln entsprechend der gesetzlichen Datenschutzvorschriften sowie dieser Datenschutzerkl\u00e4rung.<\/p>\n<p>Der Datenschutzbeauftragte des Betreibers ist <a href=\"&#x6d;&#x61;&#x69;&#x6c;&#x74;&#x6f;&#x3a;&#x73;&#x76;&#x65;&#x6e;&#x2e;&#x64;&#x72;&#x61;&#x65;&#x67;&#x65;&#x72;&#x40;&#x6a;&#x6f;&#x68;&#x61;&#x6e;&#x6e;&#x65;&#x75;&#x6d;&#x2d;&#x6c;&#x67;&#x2e;&#x64;&#x65;\">Herr Sven Dr\u00e4ger<\/a>.<\/p>\n<p><strong>Server-Log-Files<\/strong><br \/>\nBei jedem Zugriff auf das Internetangebot und bei jedem Abruf einer Datei werden Daten \u00fcber diesen Vorgang in einer Protokolldatei gespeichert und verarbeitet, die Ihr Browser automatisch \u00fcbermittelt. Server-Logs werden aus Sicherheitsgr\u00fcnden f\u00fcr 48 Stunden vorgehalten (anschlie\u00dfend verworfen).<\/p>\n<p>Im Einzelnen werden \u00fcber jeden Zugriff\/Abruf folgende Daten gespeichert:<\/p>\n<ul>\n<li>angefragte Seite<\/li>\n<li>Referrer URL<\/li>\n<li>Datum und Uhrzeit der Serveranfrage<\/li>\n<li>Status der Serverabfrage<\/li>\n<li>\u00fcbertragende Datenmenge<\/li>\n<li>IP-Adresse<\/li>\n<li>User-Agent (Browser &amp; Betriebssystem)<\/li>\n<\/ul>\n<p>Server-Logs werden nicht mit anderen Datenquellen zusammengef\u00fchrt, nicht f\u00fcr statistische Zwecke verarbeitet und nur gepr\u00fcft, wenn Anhaltspunkte f\u00fcr eine rechtswidrige Nutzung vorliegen.<\/p>\n<p><strong>Cookies<\/strong><br \/>\nDas System nutzt tempor\u00e4re Cookies (kleine Textdateien), um die Webseite nutzerfreundlich und effektiver zu machen (insbesondere Men\u00fcf\u00fchrung, Spracheinstellungen, men\u00fcbezogene Bannerbilder, Schriftgr\u00f6\u00dfeneinstellung, etc.) Diese Session-Cookies beinhalten keine personenbezogenen Daten, haben in der Regel eine Lebensdauer von maximal 24 Stunden und werden nicht zur Identifizierung von Besuchern genutzt.<\/p>\n<p><strong>Kontaktformular<\/strong><br \/>\nWenn Sie uns \u00fcber das Kontaktformular erreichen, werden die von Ihnen angegebenen pers\u00f6nlichen Daten ausschlie\u00dflich zur Bearbeitung Ihres Anliegens bzw. Ihres Antrages verwendet. Eine Weitergabe an Dritte erfolgt nicht.<\/p>\n<p><strong>Hinweis zu Google Analytics<\/strong><br \/>\nWir nutzen auf unserer Webseite keine Dienste von Google Analytics. Auch die von Google bereitgestellten Schriftarten (Google Fonts) nutzen wir nicht. Zu statistischen Zwecken nutzen wir auf dieser Webseite das WordPress-Plugin <a href=\"https:\/\/de.wordpress.org\/plugins\/statify\/\">Statify<\/a>. Dieses speichert in anonymisierter Form &#8211; insbesondere ohne Erhebung der IP-Adresse &#8211; Zugriffszahlen auf der Webseite.<\/p>\n<p><strong>Auskunft, L\u00f6schung, Sperrung<\/strong><br \/>\nSie haben jederzeit das Recht auf Auskunft \u00fcber Ihre gespeicherten personenbezogenen Daten, deren Herkunft und Empf\u00e4nger und den Zweck der Datenverarbeitung sowie ein Recht auf Berichtigung, Sperrung oder L\u00f6schung dieser Daten.<\/p>\n<p><strong>SSL-Verschl\u00fcsselung<\/strong><br \/>\nWenn die SSL-Verschl\u00fcsselung dieser Webseite aktiviert ist, k\u00f6nnen sensible Daten, die Sie \u00fcber diese Webseite (z. B. per Kontaktformular) an uns \u00fcbermitteln, nicht von Dritten mitgelesen werden. Eine aktive Verschl\u00fcsselung erkennen Sie daran, dass in der Adresszeile des Browsers nicht &#8222;http:\/\/&#8220; sondern &#8222;https:\/\/&#8220; steht und ein Schloss-Symbol in der Browserzeile angezeigt wird.<\/p>\n","protected":false},"excerpt":{"rendered":"<p>Die Betreiber dieser Seite nehmen den Schutz Ihrer pers\u00f6nlichen Daten sehr ernst und handeln entsprechend der gesetzlichen Datenschutzvorschriften sowie dieser Datenschutzerkl\u00e4rung. Der Datenschutzbeauftragte des Betreibers ist Herr Sven Dr\u00e4ger. Server-Log-Files Bei jedem Zugriff auf das Internetangebot und bei jedem Abruf einer Datei werden Daten \u00fcber diesen Vorgang in einer Protokolldatei gespeichert und verarbeitet, die Ihr&#8230;<\/p>\n","protected":false},"author":1,"featured_media":0,"parent":0,"menu_order":0,"comment_status":"closed","ping_status":"closed","template":"","meta":{"footnotes":""},"class_list":["post-10190","page","type-page","status-publish","hentry"],"_links":{"self":[{"href":"https:\/\/johanneum-lueneburg.de\/wordpress\/wp-json\/wp\/v2\/pages\/10190","targetHints":{"allow":["GET"]}}],"collection":[{"href":"https:\/\/johanneum-lueneburg.de\/wordpress\/wp-json\/wp\/v2\/pages"}],"about":[{"href":"https:\/\/johanneum-lueneburg.de\/wordpress\/wp-json\/wp\/v2\/types\/page"}],"author":[{"embeddable":true,"href":"https:\/\/johanneum-lueneburg.de\/wordpress\/wp-json\/wp\/v2\/users\/1"}],"replies":[{"embeddable":true,"href":"https:\/\/johanneum-lueneburg.de\/wordpress\/wp-json\/wp\/v2\/comments?post=10190"}],"version-history":[{"count":3,"href":"https:\/\/johanneum-lueneburg.de\/wordpress\/wp-json\/wp\/v2\/pages\/10190\/revisions"}],"predecessor-version":[{"id":17325,"href":"https:\/\/johanneum-lueneburg.de\/wordpress\/wp-json\/wp\/v2\/pages\/10190\/revisions\/17325"}],"wp:attachment":[{"href":"https:\/\/johanneum-lueneburg.de\/wordpress\/wp-json\/wp\/v2\/media?parent=10190"}],"curies":[{"name":"wp","href":"https:\/\/api.w.org\/{rel}","templated":true}]}}