{"id":10156,"date":"2022-08-22T21:36:19","date_gmt":"2022-08-22T19:36:19","guid":{"rendered":"https:\/\/johanneum-lueneburg.de\/wordpress\/?page_id=10156"},"modified":"2025-09-04T13:29:07","modified_gmt":"2025-09-04T11:29:07","slug":"ags-der-nachmittag","status":"publish","type":"page","link":"https:\/\/johanneum-lueneburg.de\/wordpress\/ags-der-nachmittag\/","title":{"rendered":"AGs &#8211; Der Nachmittag"},"content":{"rendered":"<section class=\"l-section wpb_row height_auto\"><div class=\"l-section-h i-cf\"><div class=\"g-cols vc_row via_flex valign_top type_default stacking_default\"><div class=\"vc_col-sm-12 wpb_column vc_column_container\"><div class=\"vc_column-inner\"><div class=\"wpb_wrapper\"><div class=\"wpb_text_column\"><div class=\"wpb_wrapper\"><p class=\"tiny_p\">Der Unterricht am Johanneum in den j\u00fcngeren Jahrg\u00e4ngen endet in der Regel um 13.20 Uhr nach der 6. Stunde. Im Anschluss k\u00f6nnen die Sch\u00fclerinnen und Sch\u00fcler in der Mensa zu Mittag essen.<\/p>\n<\/div><\/div><div class=\"w-separator size_medium\"><\/div><\/div><\/div><\/div><\/div><\/div><\/section><section class=\"l-section wpb_row height_auto\"><div class=\"l-section-h i-cf\"><div class=\"g-cols vc_row via_flex valign_top type_default stacking_default\"><div class=\"vc_col-sm-12 wpb_column vc_column_container\"><div class=\"vc_column-inner\"><div class=\"wpb_wrapper\"><div class=\"w-tabs style_default switch_click accordion has_scrolling\" style=\"--sections-title-size:inherit\"><div class=\"w-tabs-sections titles-align_none icon_chevron cpos_right\"><div class=\"w-tabs-section active\" id=\"l5ed\"><button class=\"w-tabs-section-header active\" aria-controls=\"content-l5ed\" aria-expanded=\"true\"><div class=\"w-tabs-section-title\">Arbeitsgemeinschaften<\/div><div class=\"w-tabs-section-control\"><\/div><\/button><div  class=\"w-tabs-section-content\" id=\"content-l5ed\"><div class=\"w-tabs-section-content-h i-cf\"><div class=\"wpb_text_column\"><div class=\"wpb_wrapper\"><p class=\"tiny_p\">Im Rahmen des Ganztags-Angebotes bietet unsere Schule ihren Sch\u00fclerinnen und Sch\u00fclern montags bis donnerstags viele\u00a0<strong>Arbeitsgemeinschaften<\/strong> an, die \u00fcblicherweise jeweils in der 8. und 9. Stunde stattfinden (14.15 \u2013 15.50 Uhr).<\/p>\n<p>Sch\u00fclerinnen und Sch\u00fcler, die ein AG-Angebot sehr interessiert, gehen bitte zum ersten AG-Termin. \u00dcblicherweise starten die AGs in jedem Schuljahr in der 2. vollen Unterrichtswoche (in diesem Schuljahr ab dem 05.09.2022).<br \/>\n<strong>Nach dem dritten Termin<\/strong> sollte mit der AG-Lehrkraft besprochen werden, ob eine regelm\u00e4\u00dfige Teilnahme w\u00e4hrend des Schuljahres m\u00f6glich ist.<\/p>\n<p>Um auch den \u00e4lteren Sch\u00fclerinnen und Sch\u00fclern zu erm\u00f6glichen, an einer AG teilzunehmen, finden zahlreiche Arbeitsgemeinschaften an unserem (haupts\u00e4chlichen) AG-Nachmittag am Mittwoch statt.<\/p>\n<div id=\"bg-left\" class=\"col-xs-12 col-sm-12 col-md-9\">\n<div id=\"content\">\n<div class=\"template-page template-page-effect\">\n<div class=\"row\">\n<div class=\"col-xs-12 col-sm-12 col-md-12\">\n<table border=\"1\" cellspacing=\"0\" cellpadding=\"5\">\n<tbody>\n<tr>\n<td class=\"tiny_td\"><a ref=\"magnificPopup\" href=\"https:\/\/johanneum-lueneburg.de\/wordpress\/wp-content\/uploads\/2022\/08\/astro_20170403_204130.jpg\"><img loading=\"lazy\" decoding=\"async\" class=\"alignnone wp-image-10176 size-thumbnail\" src=\"https:\/\/johanneum-lueneburg.de\/wordpress\/wp-content\/uploads\/2022\/08\/astro_20170403_204130-150x150.jpg\" alt=\"\" width=\"150\" height=\"150\" \/><\/a><\/td>\n<td class=\"tiny_td\">\n<ul>\n<li><a href=\"https:\/\/johanneum-lueneburg.de\/wordpress\/astronomie-ag\/\">Astronomie am Johanneum<\/a><br \/>\n&#8222;Jugend forscht&#8220;-Raum<br \/>\n<strong>ab dem 2. Halbjahr<\/strong><\/li>\n<\/ul>\n<\/td>\n<td class=\"tiny_td\">Freitag<br \/>\n14:15-15:50<\/td>\n<td class=\"tiny_td\">8-13<\/td>\n<td class=\"tiny_td\">Herr Sievering<\/td>\n<\/tr>\n<tr>\n<td class=\"tiny_td\"><a ref=\"magnificPopup\" href=\"https:\/\/johanneum-lueneburg.de\/wordpress\/wp-content\/uploads\/2025\/08\/Screenshot-2025-08-18-21.08.14.png\"><img loading=\"lazy\" decoding=\"async\" class=\"alignnone wp-image-23655 size-thumbnail\" src=\"https:\/\/johanneum-lueneburg.de\/wordpress\/wp-content\/uploads\/2025\/08\/Screenshot-2025-08-18-21.08.14-150x150.png\" alt=\"\" width=\"150\" height=\"150\" \/><\/a><\/td>\n<td class=\"tiny_td\">\n<ul>\n<li><a href=\"https:\/\/johanneum-lueneburg.de\/wordpress\/wp-content\/uploads\/2025\/08\/AushangChor5-6_2025.pdf\" target=\"_blank\" rel=\"noopener\">Chor-AG Jg. 5\/6<\/a><br \/>\nMusikraum Neubau<\/li>\n<\/ul>\n<\/td>\n<td class=\"tiny_td\">Montag<br \/>\n14:00-15:00<\/td>\n<td class=\"tiny_td\">5-6<\/td>\n<td class=\"tiny_td\">Frau Pankoke<\/td>\n<\/tr>\n<tr>\n<td class=\"tiny_td\"><a ref=\"magnificPopup\" href=\"https:\/\/johanneum-lueneburg.de\/wordpress\/wp-content\/uploads\/2022\/08\/koch_ag_2016_schmaler.jpg\"><img loading=\"lazy\" decoding=\"async\" class=\"alignnone wp-image-10174 size-thumbnail\" src=\"https:\/\/johanneum-lueneburg.de\/wordpress\/wp-content\/uploads\/2022\/08\/koch_ag_2016_schmaler-150x150.jpg\" alt=\"\" width=\"150\" height=\"150\" \/><\/a><\/td>\n<td class=\"tiny_td\">\n<ul>\n<li><a href=\"https:\/\/johanneum-lueneburg.de\/wordpress\/koch-ag\/\">Koch-AG<\/a><br \/>\nK\u00fcche Neubau<\/li>\n<\/ul>\n<\/td>\n<td class=\"tiny_td\">Donnerstag<br \/>\n13:30-15:50<\/td>\n<td class=\"tiny_td\">5-8<\/td>\n<td class=\"tiny_td\">Frau Stier<\/td>\n<\/tr>\n<tr>\n<td class=\"tiny_td\"><a ref=\"magnificPopup\" href=\"https:\/\/johanneum-lueneburg.de\/wordpress\/wp-content\/uploads\/2025\/08\/Screenshot-2025-08-18-21.10.11.png\"><img loading=\"lazy\" decoding=\"async\" class=\"alignnone wp-image-23656 size-thumbnail\" src=\"https:\/\/johanneum-lueneburg.de\/wordpress\/wp-content\/uploads\/2025\/08\/Screenshot-2025-08-18-21.10.11-150x150.png\" alt=\"\" width=\"150\" height=\"150\" \/><\/a><\/td>\n<td class=\"tiny_td\">\n<ul>\n<li><a href=\"https:\/\/johanneum-lueneburg.de\/wordpress\/wp-content\/uploads\/2025\/08\/AushangChor5-6_2025.pdf\" target=\"_blank\" rel=\"noopener\">Band-AG Jg. 5\/6<\/a><br \/>\nMu1 Hauptgeb\u00e4ude<\/li>\n<\/ul>\n<\/td>\n<td class=\"tiny_td\">Montag<br \/>\n14:00-15:00<\/td>\n<td class=\"tiny_td\">5-6<\/td>\n<td class=\"tiny_td\">Herr Rossow<\/td>\n<\/tr>\n<tr>\n<td class=\"tiny_td\"><a ref=\"magnificPopup\" href=\"https:\/\/johanneum-lueneburg.de\/wordpress\/wp-content\/uploads\/2022\/08\/fussball_dsc_0227_ausschnitt.jpg\"><img loading=\"lazy\" decoding=\"async\" class=\"alignnone wp-image-10173 size-thumbnail\" src=\"https:\/\/johanneum-lueneburg.de\/wordpress\/wp-content\/uploads\/2022\/08\/fussball_dsc_0227_ausschnitt-150x150.jpg\" alt=\"\" width=\"150\" height=\"150\" \/><\/a><\/td>\n<td class=\"tiny_td\">\n<ul>\n<li><a href=\"https:\/\/johanneum-lueneburg.de\/wordpress\/fussball-ag\/\">Fu\u00dfball-AG f\u00fcr Jungen<\/a><br \/>\nSporthalle<\/li>\n<\/ul>\n<\/td>\n<td class=\"tiny_td\">\n<p class=\"tiny_p\">Dienstag<\/p>\n<p class=\"tiny_p\">14:00-15:30<\/p>\n<\/td>\n<td class=\"tiny_td\">5-6<\/td>\n<td class=\"tiny_td\">Herr Sembritzki<\/td>\n<\/tr>\n<tr>\n<td class=\"tiny_td\"><a ref=\"magnificPopup\" href=\"https:\/\/johanneum-lueneburg.de\/wordpress\/wp-content\/uploads\/2022\/08\/fussball_dsc_0227_ausschnitt.jpg\"><img loading=\"lazy\" decoding=\"async\" class=\"alignnone wp-image-10173 size-thumbnail\" src=\"https:\/\/johanneum-lueneburg.de\/wordpress\/wp-content\/uploads\/2022\/08\/fussball_dsc_0227_ausschnitt-150x150.jpg\" alt=\"\" width=\"150\" height=\"150\" \/><\/a><\/td>\n<td class=\"tiny_td\">\n<ul>\n<li><a href=\"https:\/\/johanneum-lueneburg.de\/wordpress\/fussball-ag\/\">Fu\u00dfball-AG f\u00fcr M\u00e4dchen<\/a><br \/>\nSporthalle<\/li>\n<\/ul>\n<\/td>\n<td class=\"tiny_td\">\n<p class=\"tiny_p\">ab 2. Halbjahr<\/p>\n<\/td>\n<td class=\"tiny_td\"><\/td>\n<td class=\"tiny_td\">Frau Stasch<\/td>\n<\/tr>\n<tr>\n<td class=\"tiny_td\"><a ref=\"magnificPopup\" href=\"https:\/\/johanneum-lueneburg.de\/wordpress\/wp-content\/uploads\/2022\/08\/akrobatik_titel.jpg\"><img loading=\"lazy\" decoding=\"async\" class=\"alignnone size-thumbnail wp-image-10172\" src=\"https:\/\/johanneum-lueneburg.de\/wordpress\/wp-content\/uploads\/2022\/08\/akrobatik_titel-150x150.jpg\" alt=\"\" width=\"150\" height=\"150\" \/><\/a><\/td>\n<td class=\"tiny_td\">\n<ul>\n<li><a href=\"https:\/\/johanneum-lueneburg.de\/wordpress\/akrobatik-ag\/\">Akrobatik-AG<\/a><br \/>\nSporthalle<\/li>\n<\/ul>\n<\/td>\n<td class=\"tiny_td\">\n<p class=\"tiny_p\">Mittwoch<\/p>\n<p class=\"tiny_p\">14:00-15:30<\/p>\n<\/td>\n<td class=\"tiny_td\">5-7<\/td>\n<td class=\"tiny_td\">Herr Kruse<br \/>\nFrau Reuter<\/td>\n<\/tr>\n<tr>\n<td class=\"tiny_td\"><a ref=\"magnificPopup\" href=\"https:\/\/johanneum-lueneburg.de\/wordpress\/wp-content\/uploads\/2022\/08\/skandal_in_der_mensa_pic7478.jpg\"><img loading=\"lazy\" decoding=\"async\" class=\"alignnone size-thumbnail wp-image-10171\" src=\"https:\/\/johanneum-lueneburg.de\/wordpress\/wp-content\/uploads\/2022\/08\/skandal_in_der_mensa_pic7478-150x150.jpg\" alt=\"\" width=\"150\" height=\"150\" \/><\/a><\/td>\n<td class=\"tiny_td\">\n<ul>\n<li><a href=\"https:\/\/johanneum-lueneburg.de\/wordpress\/chor-ag-7-13\/\">Chor<\/a><br \/>\nAula Hauptgeb\u00e4ude<\/li>\n<\/ul>\n<\/td>\n<td class=\"tiny_td\">\n<p class=\"tiny_p\">Mittwoch<\/p>\n<p class=\"tiny_p\">14:15-15:50<\/p>\n<\/td>\n<td class=\"tiny_td\">7-13<\/td>\n<td class=\"tiny_td\">Frau Pankoke<\/td>\n<\/tr>\n<tr>\n<td class=\"tiny_td\"><a ref=\"magnificPopup\" href=\"https:\/\/johanneum-lueneburg.de\/wordpress\/wp-content\/uploads\/2022\/08\/network_6e3bd9d9fce404b18cd332453ec1e614_100_2056.jpg\"><img loading=\"lazy\" decoding=\"async\" class=\"alignnone size-thumbnail wp-image-10170\" src=\"https:\/\/johanneum-lueneburg.de\/wordpress\/wp-content\/uploads\/2022\/08\/network_6e3bd9d9fce404b18cd332453ec1e614_100_2056-150x150.jpg\" alt=\"\" width=\"150\" height=\"150\" \/><\/a><\/td>\n<td class=\"tiny_td\">\n<ul>\n<li><a href=\"https:\/\/johanneum-lueneburg.de\/wordpress\/ag-jojo-network-lego-roboter\/\">Programmier- und Robotik-AG<\/a><br \/>\nInf 1 Hauptgeb\u00e4ude<\/li>\n<\/ul>\n<\/td>\n<td class=\"tiny_td\">\n<p class=\"tiny_p\">Mittwoch<\/p>\n<p class=\"tiny_p\">14:15-15:45<\/p>\n<\/td>\n<td class=\"tiny_td\">5-13<\/td>\n<td class=\"tiny_td\">Herr Dr\u00e4ger<\/td>\n<\/tr>\n<tr>\n<td class=\"tiny_td\" colspan=\"1\" rowspan=\"3\"><a ref=\"magnificPopup\" href=\"https:\/\/johanneum-lueneburg.de\/wordpress\/wp-content\/uploads\/2022\/08\/jugend_forscht_klein.jpg\"><img loading=\"lazy\" decoding=\"async\" class=\"alignnone size-thumbnail wp-image-10177\" src=\"https:\/\/johanneum-lueneburg.de\/wordpress\/wp-content\/uploads\/2022\/08\/jugend_forscht_klein-150x150.jpg\" alt=\"\" width=\"150\" height=\"150\" srcset=\"https:\/\/johanneum-lueneburg.de\/wordpress\/wp-content\/uploads\/2022\/08\/jugend_forscht_klein-150x150.jpg 150w, https:\/\/johanneum-lueneburg.de\/wordpress\/wp-content\/uploads\/2022\/08\/jugend_forscht_klein-300x300.jpg 300w, https:\/\/johanneum-lueneburg.de\/wordpress\/wp-content\/uploads\/2022\/08\/jugend_forscht_klein-400x400.jpg 400w, https:\/\/johanneum-lueneburg.de\/wordpress\/wp-content\/uploads\/2022\/08\/jugend_forscht_klein-116x116.jpg 116w, https:\/\/johanneum-lueneburg.de\/wordpress\/wp-content\/uploads\/2022\/08\/jugend_forscht_klein.jpg 450w\" sizes=\"auto, (max-width: 150px) 100vw, 150px\" \/><\/a><\/td>\n<td class=\"tiny_td\">\n<ul>\n<li><a href=\"https:\/\/johanneum-lueneburg.de\/wordpress\/naturphaenomene-entdecken\/\">Natur und Technik<\/a><br \/>\nN7<\/li>\n<\/ul>\n<\/td>\n<td class=\"tiny_td\">Mittwoch<br \/>\n14:15-15:50<\/td>\n<td class=\"tiny_td\">5-6<\/td>\n<td class=\"tiny_td\">Herr Petersen<br \/>\nHerr Tegtmeier<br \/>\nFrau Gallikowski<\/td>\n<\/tr>\n<tr>\n<td class=\"tiny_td\">\n<ul>\n<li><a href=\"https:\/\/johanneum-lueneburg.de\/wordpress\/jugend-forscht-schueler-experimentieren\/\">Jugend forscht (Chemie)<\/a><br \/>\nN4 Hauptgeb\u00e4ude<\/li>\n<\/ul>\n<\/td>\n<td class=\"tiny_td\">\n<p class=\"tiny_p\">Mittwoch<\/p>\n<p class=\"tiny_p\">14:15-15:50<\/p>\n<\/td>\n<td class=\"tiny_td\">7-13<\/td>\n<td class=\"tiny_td\">Frau Sp\u00e4the<\/td>\n<\/tr>\n<tr>\n<td class=\"tiny_td\">\n<ul>\n<li><a href=\"https:\/\/johanneum-lueneburg.de\/wordpress\/jugend-forscht-schueler-experimentieren\/\">Jugend forscht (Physik und Technik)<\/a><br \/>\n&#8222;Jugend forscht&#8220;-Raum<\/li>\n<\/ul>\n<\/td>\n<td class=\"tiny_td\">\n<p class=\"tiny_p\">Mittwoch<\/p>\n<p class=\"tiny_p\">14:15-15:50<\/p>\n<\/td>\n<td class=\"tiny_td\">7-12<\/td>\n<td class=\"tiny_td\">Herr Sievering<br \/>\nHerr Bresser<\/td>\n<\/tr>\n<tr>\n<td class=\"tiny_td\"><a ref=\"magnificPopup\" href=\"https:\/\/johanneum-lueneburg.de\/wordpress\/wp-content\/uploads\/2023\/01\/nachhaltig_ag.jpg\"><img loading=\"lazy\" decoding=\"async\" class=\"alignnone wp-image-10168 size-thumbnail\" src=\"https:\/\/johanneum-lueneburg.de\/wordpress\/wp-content\/uploads\/2023\/01\/nachhaltig_ag.jpg\" alt=\"\" width=\"150\" height=\"150\" \/><\/a><\/td>\n<td class=\"tiny_td\">\n<ul>\n<li><a href=\"https:\/\/johanneum-lueneburg.de\/wordpress\/wp-content\/uploads\/2025\/08\/Flyer-BNE-AG-neu.pdf\" target=\"_blank\" rel=\"noopener\">AG f\u00fcr nachhaltige Entwicklung<\/a><\/li>\n<\/ul>\n<\/td>\n<td class=\"tiny_td\">Mittwoch, 14:00-15:30h<\/td>\n<td class=\"tiny_td\">5-8<\/td>\n<td class=\"tiny_td\">Frau Lindhorst<\/td>\n<\/tr>\n<tr>\n<td class=\"tiny_td\"><a ref=\"magnificPopup\" href=\"https:\/\/johanneum-lueneburg.de\/wordpress\/wp-content\/uploads\/2022\/08\/jugend_debattiert_logo.jpg\"><img loading=\"lazy\" decoding=\"async\" class=\"alignnone wp-image-10168 size-thumbnail\" src=\"https:\/\/johanneum-lueneburg.de\/wordpress\/wp-content\/uploads\/2022\/08\/jugend_debattiert_logo-150x150.jpg\" alt=\"\" width=\"150\" height=\"150\" \/><\/a><\/td>\n<td class=\"tiny_td\">\n<ul>\n<li><a href=\"https:\/\/johanneum-lueneburg.de\/wordpress\/jugend-debattiert-jaehrliche-wettbewerbsteilnahme\/\">Jugend debattiert<\/a><\/li>\n<\/ul>\n<\/td>\n<td class=\"tiny_td\">findet zur Zeit<br \/>\nnicht statt<\/td>\n<td class=\"tiny_td\">10-13<\/td>\n<td class=\"tiny_td\"><\/td>\n<\/tr>\n<tr>\n<td class=\"tiny_td\"><a ref=\"magnificPopup\" href=\"https:\/\/johanneum-lueneburg.de\/wordpress\/wp-content\/uploads\/2022\/08\/kunst__was__ist__das_.._3_klein.jpg\"><img loading=\"lazy\" decoding=\"async\" class=\"alignnone size-thumbnail wp-image-10167\" src=\"https:\/\/johanneum-lueneburg.de\/wordpress\/wp-content\/uploads\/2022\/08\/kunst__was__ist__das_.._3_klein-150x150.jpg\" alt=\"\" width=\"150\" height=\"150\" \/><\/a><\/td>\n<td class=\"tiny_td\">\n<ul>\n<li><a href=\"https:\/\/johanneum-lueneburg.de\/wordpress\/kunst-ag\/\"><strong>Kunst-AG<\/strong><\/a><br \/>\nKU1 Hauptgeb\u00e4ude<\/li>\n<\/ul>\n<\/td>\n<td class=\"tiny_td\">Mittwoch<br \/>\n14:15-15:50<\/td>\n<td class=\"tiny_td\">6-13<\/td>\n<td class=\"tiny_td\">Frau Dombrowski<\/td>\n<\/tr>\n<tr>\n<td class=\"tiny_td\"><a ref=\"magnificPopup\" href=\"https:\/\/johanneum-lueneburg.de\/wordpress\/wp-content\/uploads\/2022\/08\/band_skandal_in_der_mensa_pic7434.jpg\"><img loading=\"lazy\" decoding=\"async\" class=\"alignnone size-thumbnail wp-image-10164\" src=\"https:\/\/johanneum-lueneburg.de\/wordpress\/wp-content\/uploads\/2022\/08\/band_skandal_in_der_mensa_pic7434-150x150.jpg\" alt=\"\" width=\"150\" height=\"150\" \/><\/a><\/td>\n<td class=\"tiny_td\">\n<ul>\n<li><a href=\"https:\/\/johanneum-lueneburg.de\/wordpress\/band-ag-7-13\/\">Schulorchesterband<\/a><br \/>\nMU 1 Hauptgeb\u00e4ude<\/li>\n<\/ul>\n<\/td>\n<td class=\"tiny_td\">Mittwoch<br \/>\n14:15-15:50<\/td>\n<td class=\"tiny_td\">7-13<\/td>\n<td class=\"tiny_td\">Herr Dr. Rossow<\/td>\n<\/tr>\n<tr>\n<td class=\"tiny_td\"><a ref=\"magnificPopup\" href=\"https:\/\/johanneum-lueneburg.de\/wordpress\/wp-content\/uploads\/2022\/09\/SSD-Foto.jpeg\"><img loading=\"lazy\" decoding=\"async\" class=\"alignnone wp-image-10478 size-thumbnail\" src=\"https:\/\/johanneum-lueneburg.de\/wordpress\/wp-content\/uploads\/2022\/09\/SSD-Foto-150x150.jpeg\" alt=\"\" width=\"150\" height=\"150\" \/><\/a><\/td>\n<td class=\"tiny_td\">\n<ul>\n<li><a href=\"https:\/\/johanneum-lueneburg.de\/wordpress\/schulsanitaetsdienst\/\">Schulsanit\u00e4tsdienst<\/a><br \/>\nSST-Raum Hauptgeb\u00e4ude<\/li>\n<\/ul>\n<\/td>\n<td class=\"tiny_td\">Mittwoch<br \/>\n13:25-14:15<\/td>\n<td class=\"tiny_td\">9\u201313<\/td>\n<td class=\"tiny_td\">Herr Schr\u00f6der<\/td>\n<\/tr>\n<tr>\n<td class=\"tiny_td\"><a ref=\"magnificPopup\" href=\"https:\/\/johanneum-lueneburg.de\/wordpress\/wp-content\/uploads\/2022\/08\/technik-ag.jpg\"><img loading=\"lazy\" decoding=\"async\" class=\"alignnone size-thumbnail wp-image-10162\" src=\"https:\/\/johanneum-lueneburg.de\/wordpress\/wp-content\/uploads\/2022\/08\/technik-ag-150x150.jpg\" alt=\"\" width=\"150\" height=\"150\" \/><\/a><\/td>\n<td class=\"tiny_td\">\n<ul>\n<li><a href=\"https:\/\/johanneum-lueneburg.de\/wordpress\/ag-veranstaltungstechnik\/\">(Veranstaltungs-)Technik<\/a><br \/>\nAula Hauptgeb\u00e4ude<\/li>\n<\/ul>\n<\/td>\n<td class=\"tiny_td\">Mittwoch<br \/>\n16:00-17:30<\/td>\n<td class=\"tiny_td\">9-13<\/td>\n<td class=\"tiny_td\">Frau Pankoke, Herr Dr. Rossow<\/td>\n<\/tr>\n<tr>\n<td class=\"tiny_td\"><a ref=\"magnificPopup\" href=\"https:\/\/johanneum-lueneburg.de\/wordpress\/wp-content\/uploads\/2024\/09\/Bild-von-der-Auffuehrung-1.png\"><img loading=\"lazy\" decoding=\"async\" class=\"alignnone wp-image-20039 size-thumbnail\" src=\"https:\/\/johanneum-lueneburg.de\/wordpress\/wp-content\/uploads\/2024\/09\/Bild-von-der-Auffuehrung-1-150x150.png\" alt=\"\" width=\"150\" height=\"150\" \/><\/a><\/td>\n<td class=\"tiny_td\">\n<ul>\n<li><a href=\"https:\/\/johanneum-lueneburg.de\/wordpress\/chor-musical-theater-klasse-5-6\/\">Theater<\/a><br \/>\nAula Hauptgeb\u00e4ude<\/li>\n<\/ul>\n<\/td>\n<td class=\"tiny_td\">\n<p class=\"tiny_p\">Donnerstag<br \/>\n14:15-15:45<\/p>\n<\/td>\n<td class=\"tiny_td\">5-6<\/td>\n<td class=\"tiny_td\">Frau Starck<\/td>\n<\/tr>\n<tr>\n<td class=\"tiny_td\"><a ref=\"magnificPopup\" href=\"https:\/\/johanneum-lueneburg.de\/wordpress\/wp-content\/uploads\/2022\/09\/jojo-times.jpg\"><img loading=\"lazy\" decoding=\"async\" class=\"alignnone wp-image-10354 size-thumbnail\" src=\"https:\/\/johanneum-lueneburg.de\/wordpress\/wp-content\/uploads\/2022\/09\/jojo-times-150x150.jpg\" alt=\"\" width=\"150\" height=\"150\" srcset=\"https:\/\/johanneum-lueneburg.de\/wordpress\/wp-content\/uploads\/2022\/09\/jojo-times-150x150.jpg 150w, https:\/\/johanneum-lueneburg.de\/wordpress\/wp-content\/uploads\/2022\/09\/jojo-times-300x300.jpg 300w, https:\/\/johanneum-lueneburg.de\/wordpress\/wp-content\/uploads\/2022\/09\/jojo-times-400x400.jpg 400w, https:\/\/johanneum-lueneburg.de\/wordpress\/wp-content\/uploads\/2022\/09\/jojo-times-116x116.jpg 116w, https:\/\/johanneum-lueneburg.de\/wordpress\/wp-content\/uploads\/2022\/09\/jojo-times.jpg 416w\" sizes=\"auto, (max-width: 150px) 100vw, 150px\" \/><\/a><\/td>\n<td class=\"tiny_td\">\n<ul>\n<li><a title=\"\/seite\/226383\/sch%C3%BClerzeitung.html\" href=\"http:\/\/www.jojotimes.de\">Sch\u00fclerzeitung Jojo Times<\/a><br \/>\nInf 1 (Hauptgeb\u00e4ude)<\/li>\n<li>Neue Homepage <a href=\"http:\/\/www.jojotimes.de\">www.jojotimes.de<\/a><\/li>\n<\/ul>\n<\/td>\n<td class=\"tiny_td\">Mittwoch<br \/>\n13:25-14:10<\/td>\n<td class=\"tiny_td\">5-13<\/td>\n<td class=\"tiny_td\">Herr Dr. Wulf<\/td>\n<\/tr>\n<tr>\n<td class=\"tiny_td\"><a ref=\"magnificPopup\" href=\"https:\/\/johanneum-lueneburg.de\/wordpress\/wp-content\/uploads\/2024\/09\/checkmate-1511866_640.jpg\"><img loading=\"lazy\" decoding=\"async\" class=\"alignnone wp-image-20177 size-thumbnail\" src=\"https:\/\/johanneum-lueneburg.de\/wordpress\/wp-content\/uploads\/2024\/09\/checkmate-1511866_640-150x150.jpg\" alt=\"\" width=\"150\" height=\"150\" \/><\/a><\/td>\n<td class=\"tiny_td\">\n<ul>\n<li>Schach<\/li>\n<li>Informatikraum 2 (1. OG, Hauptgeb\u00e4ude)<\/li>\n<\/ul>\n<\/td>\n<td class=\"tiny_td\">\n<p class=\"tiny_p\">Mittwoch<br \/>\n14:15-15:45<\/p>\n<\/td>\n<td class=\"tiny_td\">5-13<\/td>\n<td class=\"tiny_td\">Herr Dr\u00e4ger<\/td>\n<\/tr>\n<tr>\n<td class=\"tiny_td\"><a ref=\"magnificPopup\" href=\"https:\/\/johanneum-lueneburg.de\/wordpress\/wp-content\/uploads\/2025\/01\/Erfolgreiche-Mediation-an-Schulen.jpg\"><img loading=\"lazy\" decoding=\"async\" class=\"alignnone wp-image-21391 size-thumbnail\" src=\"https:\/\/johanneum-lueneburg.de\/wordpress\/wp-content\/uploads\/2025\/01\/Erfolgreiche-Mediation-an-Schulen-150x150.jpg\" alt=\"\" width=\"150\" height=\"150\" \/><\/a><\/td>\n<td class=\"tiny_td\">\n<ul>\n<li><strong>Paten- und Mediatoren AG<\/strong><br \/>\nRaum 108, Hauptgeb\u00e4ude<\/li>\n<\/ul>\n<\/td>\n<td class=\"tiny_td\">Mittwoch<br \/>\n15:00-16:30<\/td>\n<td class=\"tiny_td\">7-8<\/td>\n<td class=\"tiny_td\">Frau Sucker<\/td>\n<\/tr>\n<\/tbody>\n<\/table>\n<p class=\"tiny_p\">\n<\/div>\n<\/div>\n<\/div>\n<\/div>\n<\/div>\n<\/div><\/div><\/div><\/div><\/div><div class=\"w-tabs-section\" id=\"u73e\"><button class=\"w-tabs-section-header\" aria-controls=\"content-u73e\" aria-expanded=\"false\"><div class=\"w-tabs-section-title\">Verl\u00e4sslicher Nachmittag<\/div><div class=\"w-tabs-section-control\"><\/div><\/button><div  class=\"w-tabs-section-content\" id=\"content-u73e\"><div class=\"w-tabs-section-content-h i-cf\"><div class=\"wpb_text_column\"><div class=\"wpb_wrapper\"><p class=\"tiny_p\">Parallel zu den AGs bieten wir als offene Ganztagsschule grunds\u00e4tzlich unseren Sch\u00fclerinnen und Sch\u00fclern der Klassen 5 und 6 Montags, Dienstags und Mittwochs bei Bedarf auch den \u201e<strong>Verl\u00e4sslichen Nachmittag<\/strong>\u201c\u00a0 an.\u00a0 Die Kinder k\u00f6nnen unter Aufsicht einer Lehrerin\/eines Lehrers z.B. die anfallenden Hausaufgaben bearbeiten und sich auf den Unterricht vorbereiten. Die Betreuung der Kinder bis 15.50 Uhr ist gew\u00e4hrleistet.\u00a0 Zum \u201eVerl\u00e4sslichen Nachmittag\u201c, der weder F\u00f6rderunterricht noch \u201eNachhilfe\u201c ersetzen kann, werden die Kinder verbindlich f\u00fcr ein halbes Jahr angemeldet.<\/p>\n<p style=\"font-weight: 400;\"><strong>Achtung<\/strong>: Seit dem 01.01.2025 findet f\u00fcr die Sch\u00fclerinnen und Sch\u00fcler der Jahrg\u00e4nge 5 und 6 kein \u201eVerl\u00e4sslicher Nachmittag\u201c statt.<\/p>\n<p style=\"font-weight: 400;\">Die Sch\u00fclerinnen und Sch\u00fcler haben aber die M\u00f6glichkeit, \u00a0aus dem umfangreichen Angebot der am Nachmittag stattfindenden Arbeitsgemeinschaften zu w\u00e4hlen und teilzunehmen.<\/p>\n<p><strong>\u00a0<\/strong><\/p>\n<p><strong>Grundlegender Ablauf:<\/strong><br \/>\nZu Beginn des Schuljahres werden alle angemeldeten Kinder zun\u00e4chst im Rahmen des \u201eVerl\u00e4sslichen Nachmittags\u201c betreut. Wenn die Arbeitsgemeinschaften sich in den ersten Schulwochen konstituiert haben, k\u00f6nnen die angemeldeten Sch\u00fclerinnen und Sch\u00fcler bei\u00a0 Interesse problemlos vom \u201eVerl\u00e4sslichen Nachmittag\u201c in eine Arbeitsgemeinschaft wechseln. Sollte die Arbeitsgemeinschaft dann einmal aus organisatorischen Gr\u00fcnden ausfallen, werden die angemeldeten Kinder bis 15.50 Uhr in der Schule betreut.<\/p>\n<p class=\"tiny_p\">Selbstverst\u00e4ndlich k\u00f6nnen auch Sch\u00fclerinnen und Sch\u00fcler, die nicht zur Ganztagsschule angemeldet sind, die Arbeitsgemeinschaften besuchen.<\/p>\n<\/div><\/div><\/div><\/div><\/div><\/div><\/div><\/div><\/div><\/div><\/div><\/div><\/section>\n","protected":false},"excerpt":{"rendered":"Der Unterricht am Johanneum in den j\u00fcngeren Jahrg\u00e4ngen endet in der Regel um 13.20 Uhr nach der 6. Stunde. Im Anschluss k\u00f6nnen die Sch\u00fclerinnen und Sch\u00fcler in der Mensa zu Mittag essen. ArbeitsgemeinschaftenIm Rahmen des Ganztags-Angebotes bietet unsere Schule ihren Sch\u00fclerinnen und Sch\u00fclern montags bis donnerstags viele\u00a0Arbeitsgemeinschaften an, die \u00fcblicherweise jeweils in der 8. und...","protected":false},"author":1,"featured_media":0,"parent":0,"menu_order":0,"comment_status":"closed","ping_status":"closed","template":"","meta":{"footnotes":""},"class_list":["post-10156","page","type-page","status-publish","hentry"],"_links":{"self":[{"href":"https:\/\/johanneum-lueneburg.de\/wordpress\/wp-json\/wp\/v2\/pages\/10156","targetHints":{"allow":["GET"]}}],"collection":[{"href":"https:\/\/johanneum-lueneburg.de\/wordpress\/wp-json\/wp\/v2\/pages"}],"about":[{"href":"https:\/\/johanneum-lueneburg.de\/wordpress\/wp-json\/wp\/v2\/types\/page"}],"author":[{"embeddable":true,"href":"https:\/\/johanneum-lueneburg.de\/wordpress\/wp-json\/wp\/v2\/users\/1"}],"replies":[{"embeddable":true,"href":"https:\/\/johanneum-lueneburg.de\/wordpress\/wp-json\/wp\/v2\/comments?post=10156"}],"version-history":[{"count":46,"href":"https:\/\/johanneum-lueneburg.de\/wordpress\/wp-json\/wp\/v2\/pages\/10156\/revisions"}],"predecessor-version":[{"id":23922,"href":"https:\/\/johanneum-lueneburg.de\/wordpress\/wp-json\/wp\/v2\/pages\/10156\/revisions\/23922"}],"wp:attachment":[{"href":"https:\/\/johanneum-lueneburg.de\/wordpress\/wp-json\/wp\/v2\/media?parent=10156"}],"curies":[{"name":"wp","href":"https:\/\/api.w.org\/{rel}","templated":true}]}}